{"id":21,"date":"2024-03-09T14:16:07","date_gmt":"2024-03-09T13:16:07","guid":{"rendered":"https:\/\/diamondspa.sk\/cart\/"},"modified":"2024-03-11T11:02:44","modified_gmt":"2024-03-11T10:02:44","slug":"kosik","status":"publish","type":"page","link":"https:\/\/diamondspa.sk\/sk\/kosik\/","title":{"rendered":"Ko\u0161\u00edk"},"content":{"rendered":"\n<div data-block-name=\"woocommerce\/cart\" class=\"wp-block-woocommerce-cart alignwide is-loading\">\n<div data-block-name=\"woocommerce\/filled-cart-block\" class=\"wp-block-woocommerce-filled-cart-block\">\n<div data-block-name=\"woocommerce\/cart-items-block\" class=\"wp-block-woocommerce-cart-items-block\">\n<div data-block-name=\"woocommerce\/cart-line-items-block\" class=\"wp-block-woocommerce-cart-line-items-block\"><\/div>\n\n\n\n<div data-block-name=\"woocommerce\/cart-cross-sells-block\" class=\"wp-block-woocommerce-cart-cross-sells-block\">\n<h2 class=\"wp-block-heading has-large-font-size\">You may be interested in\u2026<\/h2>\n\n\n\n<div data-block-name=\"woocommerce\/cart-cross-sells-products-block\" class=\"wp-block-woocommerce-cart-cross-sells-products-block\"><\/div>\n<\/div>\n<\/div>\n\n\n\n<div data-block-name=\"woocommerce\/cart-totals-block\" class=\"wp-block-woocommerce-cart-totals-block\">\n<div data-block-name=\"woocommerce\/cart-order-summary-block\" class=\"wp-block-woocommerce-cart-order-summary-block\">\n<div data-block-name=\"woocommerce\/cart-order-summary-heading-block\" class=\"wp-block-woocommerce-cart-order-summary-heading-block\"><\/div><div data-block-name=\"woocommerce\/cart-order-summary-coupon-form-block\" class=\"wp-block-woocommerce-cart-order-summary-coupon-form-block\"><\/div><div data-block-name=\"woocommerce\/cart-order-summary-totals-block\" class=\"wp-block-woocommerce-cart-order-summary-totals-block\">\n<div data-block-name=\"woocommerce\/cart-order-summary-subtotal-block\" class=\"wp-block-woocommerce-cart-order-summary-subtotal-block\"><\/div>\n<div data-block-name=\"woocommerce\/cart-order-summary-discount-block\" class=\"wp-block-woocommerce-cart-order-summary-discount-block\"><\/div>\n<div data-block-name=\"woocommerce\/cart-order-summary-fee-block\" class=\"wp-block-woocommerce-cart-order-summary-fee-block\"><\/div>\n<div data-block-name=\"woocommerce\/cart-order-summary-shipping-block\" class=\"wp-block-woocommerce-cart-order-summary-shipping-block\"><\/div>\n<div data-block-name=\"woocommerce\/cart-order-summary-taxes-block\" class=\"wp-block-woocommerce-cart-order-summary-taxes-block\"><\/div><\/div>\n<\/div>\n\n\n\n<div data-block-name=\"woocommerce\/cart-express-payment-block\" class=\"wp-block-woocommerce-cart-express-payment-block\"><\/div>\n\n\n\n<div data-block-name=\"woocommerce\/proceed-to-checkout-block\" class=\"wp-block-woocommerce-proceed-to-checkout-block\"><\/div>\n\n\n\n<div data-block-name=\"woocommerce\/cart-accepted-payment-methods-block\" class=\"wp-block-woocommerce-cart-accepted-payment-methods-block\"><\/div>\n<\/div>\n<\/div>\n\n\n\n<div data-block-name=\"woocommerce\/empty-cart-block\" class=\"wp-block-woocommerce-empty-cart-block\">\n<h2 class=\"wp-block-heading has-text-align-center with-empty-cart-icon wc-block-cart__empty-cart__title\">Your cart is currently empty!<\/h2>\n\n\n\n<hr class=\"wp-block-separator has-alpha-channel-opacity is-style-dots\"\/>\n\n\n\n<h2 class=\"wp-block-heading has-text-align-center\">New in store<\/h2>\n\n\n<div data-block-name=\"woocommerce\/product-new\" data-columns=\"4\" data-rows=\"1\" class=\"wc-block-grid wp-block-product-new wp-block-woocommerce-product-new wc-block-product-new has-4-columns\"><ul class=\"wc-block-grid__products\"><li class=\"wc-block-grid__product\">\n\t\t\t\t<a href=\"https:\/\/diamondspa.sk\/sk\/produkt\/kompletny-sprchovy-kut-miami-s-rychlou-montazou-90-x-90-x-215-cm\/\" class=\"wc-block-grid__product-link\">\n\t\t\t\t\t\n\t\t\t\t\t<div class=\"wc-block-grid__product-image\"><img fetchpriority=\"high\" decoding=\"async\" width=\"300\" height=\"231\" src=\"https:\/\/diamondspa.sk\/wp-content\/uploads\/2025\/08\/vyr_43302_file-10-scaled-300x231.png\" class=\"attachment-woocommerce_thumbnail size-woocommerce_thumbnail\" alt=\"Kompletn\u00fd sprchov\u00fd k\u00fat MIAMI - s r\u00fdchlou mont\u00e1\u017eou 90 x 90 x 215 cm\" srcset=\"https:\/\/diamondspa.sk\/wp-content\/uploads\/2025\/08\/vyr_43302_file-10-300x231.png 300w, https:\/\/diamondspa.sk\/wp-content\/uploads\/2025\/08\/vyr_43302_file-10-scaled-150x116.png 150w, https:\/\/diamondspa.sk\/wp-content\/uploads\/2025\/08\/vyr_43302_file-10-scaled-800x616.png 800w, https:\/\/diamondspa.sk\/wp-content\/uploads\/2025\/08\/vyr_43302_file-10-1024x789.png 1024w, https:\/\/diamondspa.sk\/wp-content\/uploads\/2025\/08\/vyr_43302_file-10-768x592.png 768w, https:\/\/diamondspa.sk\/wp-content\/uploads\/2025\/08\/vyr_43302_file-10-1536x1183.png 1536w, https:\/\/diamondspa.sk\/wp-content\/uploads\/2025\/08\/vyr_43302_file-10-2048x1578.png 2048w, https:\/\/diamondspa.sk\/wp-content\/uploads\/2025\/08\/vyr_43302_file-10-990x763.png 990w, https:\/\/diamondspa.sk\/wp-content\/uploads\/2025\/08\/vyr_43302_file-10-441x340.png 441w, https:\/\/diamondspa.sk\/wp-content\/uploads\/2025\/08\/vyr_43302_file-10-24x18.png 24w, https:\/\/diamondspa.sk\/wp-content\/uploads\/2025\/08\/vyr_43302_file-10-36x28.png 36w, https:\/\/diamondspa.sk\/wp-content\/uploads\/2025\/08\/vyr_43302_file-10-48x37.png 48w\" sizes=\"(max-width: 360px) 147px, (max-width: 300px) 100vw, 300px\" \/><\/div>\n\t\t\t\t\t<div class=\"wc-block-grid__product-title\">Kompletn\u00fd sprchov\u00fd k\u00fat MIAMI &#8211; s r\u00fdchlou mont\u00e1\u017eou 90 x 90 x 215 cm<\/div>\n\t\t\t\t<\/a>\n\t\t\t\t<div class=\"wc-block-grid__product-price price\"><span class=\"woocommerce-Price-amount amount\">23.016,00&nbsp;<span class=\"woocommerce-Price-currencySymbol\">&euro;<\/span><\/span><\/div>\n\t\t\t\t\n\t\t\t\t<div class=\"wp-block-button wc-block-grid__product-add-to-cart\"><a href=\"https:\/\/diamondspa.sk\/sk\/produkt\/kompletny-sprchovy-kut-miami-s-rychlou-montazou-90-x-90-x-215-cm\/\" aria-label=\"Zistite viac o &ldquo;Kompletn\u00fd sprchov\u00fd k\u00fat MIAMI - s r\u00fdchlou mont\u00e1\u017eou 90 x 90 x 215 cm&rdquo;\" data-quantity=\"1\" data-product_id=\"57039\" data-product_sku=\"CL21\" data-price=\"23016\" rel=\"nofollow\" class=\"wp-block-button__link  add_to_cart_button\">Viac info<\/a><\/div>\n\t\t\t<\/li><li class=\"wc-block-grid__product\">\n\t\t\t\t<a href=\"https:\/\/diamondspa.sk\/sk\/produkt\/kompletny-sprchovy-kut-austin-cierny-s-rychlou-montazou-90-x-90-x-215-cm\/\" class=\"wc-block-grid__product-link\">\n\t\t\t\t\t\n\t\t\t\t\t<div class=\"wc-block-grid__product-image\"><img decoding=\"async\" width=\"300\" height=\"231\" src=\"https:\/\/diamondspa.sk\/wp-content\/uploads\/2025\/08\/vyr_43301_CL20B-Photoroom-300x231.png\" class=\"attachment-woocommerce_thumbnail size-woocommerce_thumbnail\" alt=\"Kompletn\u00fd sprchov\u00fd k\u00fat AUSTIN \u010dierny s r\u00fdchlou mont\u00e1\u017eou 90 x 90 x 215 cm\" srcset=\"https:\/\/diamondspa.sk\/wp-content\/uploads\/2025\/08\/vyr_43301_CL20B-Photoroom-300x231.png 300w, https:\/\/diamondspa.sk\/wp-content\/uploads\/2025\/08\/vyr_43301_CL20B-Photoroom-150x116.png 150w, https:\/\/diamondspa.sk\/wp-content\/uploads\/2025\/08\/vyr_43301_CL20B-Photoroom-800x616.png 800w, https:\/\/diamondspa.sk\/wp-content\/uploads\/2025\/08\/vyr_43301_CL20B-Photoroom-1024x789.png 1024w, https:\/\/diamondspa.sk\/wp-content\/uploads\/2025\/08\/vyr_43301_CL20B-Photoroom-768x592.png 768w, https:\/\/diamondspa.sk\/wp-content\/uploads\/2025\/08\/vyr_43301_CL20B-Photoroom-990x763.png 990w, https:\/\/diamondspa.sk\/wp-content\/uploads\/2025\/08\/vyr_43301_CL20B-Photoroom-441x340.png 441w, https:\/\/diamondspa.sk\/wp-content\/uploads\/2025\/08\/vyr_43301_CL20B-Photoroom-24x18.png 24w, https:\/\/diamondspa.sk\/wp-content\/uploads\/2025\/08\/vyr_43301_CL20B-Photoroom-36x28.png 36w, https:\/\/diamondspa.sk\/wp-content\/uploads\/2025\/08\/vyr_43301_CL20B-Photoroom-48x37.png 48w, https:\/\/diamondspa.sk\/wp-content\/uploads\/2025\/08\/vyr_43301_CL20B-Photoroom.png 1280w\" sizes=\"(max-width: 360px) 147px, (max-width: 300px) 100vw, 300px\" \/><\/div>\n\t\t\t\t\t<div class=\"wc-block-grid__product-title\">Kompletn\u00fd sprchov\u00fd k\u00fat AUSTIN \u010dierny s r\u00fdchlou mont\u00e1\u017eou 90 x 90 x 215 cm<\/div>\n\t\t\t\t<\/a>\n\t\t\t\t<div class=\"wc-block-grid__product-price price\"><span class=\"woocommerce-Price-amount amount\">23.016,00&nbsp;<span class=\"woocommerce-Price-currencySymbol\">&euro;<\/span><\/span><\/div>\n\t\t\t\t\n\t\t\t\t<div class=\"wp-block-button wc-block-grid__product-add-to-cart\"><a href=\"https:\/\/diamondspa.sk\/sk\/produkt\/kompletny-sprchovy-kut-austin-cierny-s-rychlou-montazou-90-x-90-x-215-cm\/\" aria-label=\"Zistite viac o &ldquo;Kompletn\u00fd sprchov\u00fd k\u00fat AUSTIN \u010dierny s r\u00fdchlou mont\u00e1\u017eou 90 x 90 x 215 cm&rdquo;\" data-quantity=\"1\" data-product_id=\"57025\" data-product_sku=\"CL20B\" data-price=\"23016\" rel=\"nofollow\" class=\"wp-block-button__link  add_to_cart_button\">Viac info<\/a><\/div>\n\t\t\t<\/li><li class=\"wc-block-grid__product\">\n\t\t\t\t<a href=\"https:\/\/diamondspa.sk\/sk\/produkt\/kompletny-sprchovy-kut-austin-s-rychlou-montazou-90-x-90-x-215-cm\/\" class=\"wc-block-grid__product-link\">\n\t\t\t\t\t\n\t\t\t\t\t<div class=\"wc-block-grid__product-image\"><img decoding=\"async\" width=\"300\" height=\"240\" src=\"https:\/\/diamondspa.sk\/wp-content\/uploads\/2025\/08\/11zon_cropped-3-300x240.png\" class=\"attachment-woocommerce_thumbnail size-woocommerce_thumbnail\" alt=\"Kompletn\u00fd sprchov\u00fd k\u00fat AUSTIN - s r\u00fdchlou mont\u00e1\u017eou 90 x 90 x 215 cm\" srcset=\"https:\/\/diamondspa.sk\/wp-content\/uploads\/2025\/08\/11zon_cropped-3-300x240.png 300w, https:\/\/diamondspa.sk\/wp-content\/uploads\/2025\/08\/11zon_cropped-3-150x120.png 150w, https:\/\/diamondspa.sk\/wp-content\/uploads\/2025\/08\/11zon_cropped-3-441x353.png 441w, https:\/\/diamondspa.sk\/wp-content\/uploads\/2025\/08\/11zon_cropped-3-24x19.png 24w, https:\/\/diamondspa.sk\/wp-content\/uploads\/2025\/08\/11zon_cropped-3-36x29.png 36w, https:\/\/diamondspa.sk\/wp-content\/uploads\/2025\/08\/11zon_cropped-3-48x38.png 48w, https:\/\/diamondspa.sk\/wp-content\/uploads\/2025\/08\/11zon_cropped-3.png 500w\" sizes=\"(max-width: 360px) 147px, (max-width: 300px) 100vw, 300px\" \/><\/div>\n\t\t\t\t\t<div class=\"wc-block-grid__product-title\">Kompletn\u00fd sprchov\u00fd k\u00fat AUSTIN &#8211; s r\u00fdchlou mont\u00e1\u017eou 90 x 90 x 215 cm<\/div>\n\t\t\t\t<\/a>\n\t\t\t\t<div class=\"wc-block-grid__product-price price\"><span class=\"woocommerce-Price-amount amount\">23.016,00&nbsp;<span class=\"woocommerce-Price-currencySymbol\">&euro;<\/span><\/span><\/div>\n\t\t\t\t\n\t\t\t\t<div class=\"wp-block-button wc-block-grid__product-add-to-cart\"><a href=\"https:\/\/diamondspa.sk\/sk\/produkt\/kompletny-sprchovy-kut-austin-s-rychlou-montazou-90-x-90-x-215-cm\/\" aria-label=\"Zistite viac o &ldquo;Kompletn\u00fd sprchov\u00fd k\u00fat AUSTIN - s r\u00fdchlou mont\u00e1\u017eou 90 x 90 x 215 cm&rdquo;\" data-quantity=\"1\" data-product_id=\"57011\" data-product_sku=\"CL20\" data-price=\"23016\" rel=\"nofollow\" class=\"wp-block-button__link  add_to_cart_button\">Viac info<\/a><\/div>\n\t\t\t<\/li><li class=\"wc-block-grid__product\">\n\t\t\t\t<a href=\"https:\/\/diamondspa.sk\/sk\/produkt\/kompletny-sprchovy-kut-miami-cierny-s-rychlou-montazou-90-x-90-x-215-cm\/\" class=\"wc-block-grid__product-link\">\n\t\t\t\t\t\n\t\t\t\t\t<div class=\"wc-block-grid__product-image\"><img loading=\"lazy\" decoding=\"async\" width=\"300\" height=\"231\" src=\"https:\/\/diamondspa.sk\/wp-content\/uploads\/2025\/08\/vyr_41495_file-11-scaled-300x231.png\" class=\"attachment-woocommerce_thumbnail size-woocommerce_thumbnail\" alt=\"Kompletn\u00fd sprchov\u00fd k\u00fat MIAMI \u010dierny s r\u00fdchlou mont\u00e1\u017eou 90 x 90 x 215 cm\" srcset=\"https:\/\/diamondspa.sk\/wp-content\/uploads\/2025\/08\/vyr_41495_file-11-300x231.png 300w, https:\/\/diamondspa.sk\/wp-content\/uploads\/2025\/08\/vyr_41495_file-11-scaled-150x116.png 150w, https:\/\/diamondspa.sk\/wp-content\/uploads\/2025\/08\/vyr_41495_file-11-scaled-800x616.png 800w, https:\/\/diamondspa.sk\/wp-content\/uploads\/2025\/08\/vyr_41495_file-11-1024x789.png 1024w, https:\/\/diamondspa.sk\/wp-content\/uploads\/2025\/08\/vyr_41495_file-11-768x592.png 768w, https:\/\/diamondspa.sk\/wp-content\/uploads\/2025\/08\/vyr_41495_file-11-1536x1183.png 1536w, https:\/\/diamondspa.sk\/wp-content\/uploads\/2025\/08\/vyr_41495_file-11-2048x1578.png 2048w, https:\/\/diamondspa.sk\/wp-content\/uploads\/2025\/08\/vyr_41495_file-11-990x763.png 990w, https:\/\/diamondspa.sk\/wp-content\/uploads\/2025\/08\/vyr_41495_file-11-441x340.png 441w, https:\/\/diamondspa.sk\/wp-content\/uploads\/2025\/08\/vyr_41495_file-11-24x18.png 24w, https:\/\/diamondspa.sk\/wp-content\/uploads\/2025\/08\/vyr_41495_file-11-36x28.png 36w, https:\/\/diamondspa.sk\/wp-content\/uploads\/2025\/08\/vyr_41495_file-11-48x37.png 48w\" sizes=\"(max-width: 360px) 147px, (max-width: 300px) 100vw, 300px\" \/><\/div>\n\t\t\t\t\t<div class=\"wc-block-grid__product-title\">Kompletn\u00fd sprchov\u00fd k\u00fat MIAMI \u010dierny s r\u00fdchlou mont\u00e1\u017eou 90 x 90 x 215 cm<\/div>\n\t\t\t\t<\/a>\n\t\t\t\t<div class=\"wc-block-grid__product-price price\"><span class=\"woocommerce-Price-amount amount\">23.016,00&nbsp;<span class=\"woocommerce-Price-currencySymbol\">&euro;<\/span><\/span><\/div>\n\t\t\t\t\n\t\t\t\t<div class=\"wp-block-button wc-block-grid__product-add-to-cart\"><a href=\"https:\/\/diamondspa.sk\/sk\/produkt\/kompletny-sprchovy-kut-miami-cierny-s-rychlou-montazou-90-x-90-x-215-cm\/\" aria-label=\"Zistite viac o &ldquo;Kompletn\u00fd sprchov\u00fd k\u00fat MIAMI \u010dierny s r\u00fdchlou mont\u00e1\u017eou 90 x 90 x 215 cm&rdquo;\" data-quantity=\"1\" data-product_id=\"56994\" data-product_sku=\"CL21B\" data-price=\"23016\" rel=\"nofollow\" class=\"wp-block-button__link  add_to_cart_button\">Viac info<\/a><\/div>\n\t\t\t<\/li><\/ul><\/div><\/div>\n<\/div>\n","protected":false},"excerpt":{"rendered":"","protected":false},"author":1,"featured_media":0,"parent":0,"menu_order":0,"comment_status":"closed","ping_status":"closed","template":"","meta":{"footnotes":""},"class_list":["post-21","page","type-page","status-publish","hentry"],"_links":{"self":[{"href":"https:\/\/diamondspa.sk\/sk\/wp-json\/wp\/v2\/pages\/21","targetHints":{"allow":["GET"]}}],"collection":[{"href":"https:\/\/diamondspa.sk\/sk\/wp-json\/wp\/v2\/pages"}],"about":[{"href":"https:\/\/diamondspa.sk\/sk\/wp-json\/wp\/v2\/types\/page"}],"author":[{"embeddable":true,"href":"https:\/\/diamondspa.sk\/sk\/wp-json\/wp\/v2\/users\/1"}],"replies":[{"embeddable":true,"href":"https:\/\/diamondspa.sk\/sk\/wp-json\/wp\/v2\/comments?post=21"}],"version-history":[{"count":1,"href":"https:\/\/diamondspa.sk\/sk\/wp-json\/wp\/v2\/pages\/21\/revisions"}],"predecessor-version":[{"id":24836,"href":"https:\/\/diamondspa.sk\/sk\/wp-json\/wp\/v2\/pages\/21\/revisions\/24836"}],"wp:attachment":[{"href":"https:\/\/diamondspa.sk\/sk\/wp-json\/wp\/v2\/media?parent=21"}],"curies":[{"name":"wp","href":"https:\/\/api.w.org\/{rel}","templated":true}]}}