{"id":24844,"date":"2024-03-11T11:06:00","date_gmt":"2024-03-11T10:06:00","guid":{"rendered":"https:\/\/diamondspa.sk\/?page_id=24844"},"modified":"2024-03-11T11:06:01","modified_gmt":"2024-03-11T10:06:01","slug":"o-nas","status":"publish","type":"page","link":"https:\/\/diamondspa.sk\/sk\/o-nas\/","title":{"rendered":"O n\u00e1s"},"content":{"rendered":"\n<p><strong>V\u00e1\u017een\u00ed priatelia!<\/strong><\/p>\n\n\n\n<p>Prer\u00e1bate byt, dom, hotel alebo in\u00fa nehnute\u013enos\u0165? Sme tu pre v\u00e1s u\u017e 6 rokov. Vyu\u017eite na\u0161e odborn\u00e9 poradenstvo pri v\u00fdbere sanity a&nbsp;doplnkov pre va\u0161u nov\u00fa k\u00fape\u013e\u0148u. Sme pripraven\u00fd splni\u0165 ak\u00e9ko\u013evek va\u0161e o\u010dak\u00e1vania. Je jedno \u010di pl\u00e1nujete luxusn\u00fa k\u00fape\u013e\u0148u, k\u00fape\u013e\u0148u snov, alebo h\u013ead\u00e1te jednoduch\u00fa a&nbsp;\u00fa\u010deln\u00fa k\u00fape\u013e\u0148u. Z&nbsp;na\u0161ej \u0161irokej ponuky sa v\u00e1m mo\u017eno zato\u010d\u00ed hlava, ale nie va\u0161a pe\u0148a\u017eenka. Na\u0161e ceny s\u00fa v\u010faka minimaliz\u00e1cii n\u00e1kladov skuto\u010dne najv\u00fdhodnej\u0161ie!<\/p>\n\n\n\n<p><strong>Pom\u00e1hame v\u00e1m realizova\u0165 va\u0161e sny a&nbsp;predstavy pri pl\u00e1novan\u00ed novej k\u00fape\u013ene.<\/strong><\/p>\n\n\n\n<p>Neust\u00e1le obmie\u0148ame sortiment presne tak, aby ste v&nbsp;ponuke na\u0161li produkty, ktor\u00e9 bud\u00fa presne zapada\u0165 do konceptu v\u00e1\u0161ho nov\u00e9ho b\u00fdvania.<\/p>\n\n\n\n<p>V pr\u00edpade potreby V\u00e1m m\u00f4\u017eeme poskytn\u00fa\u0165 detailn\u00e9 odborn\u00e9 poradenstvo pri v\u00fdbere ak\u00e9hoko\u013evek komponentu.<\/p>\n\n\n\n<p>Pr\u00e1ve d\u00f4raz na kvalitu, ale aj snaha pom\u00f4c\u0165 na\u0161im klientom, n\u00e1s radi medzi \u0161pi\u010dkov\u00fdch predajcov sanity a&nbsp;k\u00fape\u013e\u0148ov\u00e9ho pr\u00edslu\u0161enstva. Od n\u00e1s m\u00f4\u017eete skuto\u010dne o\u010dak\u00e1va\u0165 maximum v&nbsp;ka\u017edom oh\u013eade. Pridajte sa k&nbsp;na\u0161im spokojn\u00fdm klientom.<\/p>\n\n\n\n<p>Budeme radi, ak n\u00e1m zver\u00edte d\u00f4veru a&nbsp;spolu s&nbsp;nami si vytvor\u00edte k\u00fape\u013e\u0148u, \u010do ok\u00fazli va\u0161e zmysli.<\/p>\n\n\n\n<p>Sme v\u00e1m k&nbsp;dispoz\u00edcii kedyko\u013evek to potrebujete a&nbsp;o\u010dak\u00e1vate.<\/p>\n","protected":false},"excerpt":{"rendered":"<p>V\u00e1\u017een\u00ed priatelia! Prer\u00e1bate byt, dom, hotel alebo in\u00fa nehnute\u013enos\u0165? Sme tu pre v\u00e1s u\u017e 6 rokov. Vyu\u017eite na\u0161e odborn\u00e9 poradenstvo pri v\u00fdbere sanity a&nbsp;doplnkov pre va\u0161u nov\u00fa k\u00fape\u013e\u0148u. Sme pripraven\u00fd splni\u0165 ak\u00e9ko\u013evek va\u0161e o\u010dak\u00e1vania. Je jedno \u010di pl\u00e1nujete luxusn\u00fa k\u00fape\u013e\u0148u, k\u00fape\u013e\u0148u snov, alebo h\u013ead\u00e1te jednoduch\u00fa a&nbsp;\u00fa\u010deln\u00fa k\u00fape\u013e\u0148u. Z&nbsp;na\u0161ej \u0161irokej ponuky sa v\u00e1m mo\u017eno zato\u010d\u00ed hlava, [&hellip;]<\/p>\n","protected":false},"author":1,"featured_media":0,"parent":0,"menu_order":0,"comment_status":"closed","ping_status":"closed","template":"","meta":{"footnotes":""},"class_list":["post-24844","page","type-page","status-publish","hentry"],"_links":{"self":[{"href":"https:\/\/diamondspa.sk\/sk\/wp-json\/wp\/v2\/pages\/24844","targetHints":{"allow":["GET"]}}],"collection":[{"href":"https:\/\/diamondspa.sk\/sk\/wp-json\/wp\/v2\/pages"}],"about":[{"href":"https:\/\/diamondspa.sk\/sk\/wp-json\/wp\/v2\/types\/page"}],"author":[{"embeddable":true,"href":"https:\/\/diamondspa.sk\/sk\/wp-json\/wp\/v2\/users\/1"}],"replies":[{"embeddable":true,"href":"https:\/\/diamondspa.sk\/sk\/wp-json\/wp\/v2\/comments?post=24844"}],"version-history":[{"count":1,"href":"https:\/\/diamondspa.sk\/sk\/wp-json\/wp\/v2\/pages\/24844\/revisions"}],"predecessor-version":[{"id":24845,"href":"https:\/\/diamondspa.sk\/sk\/wp-json\/wp\/v2\/pages\/24844\/revisions\/24845"}],"wp:attachment":[{"href":"https:\/\/diamondspa.sk\/sk\/wp-json\/wp\/v2\/media?parent=24844"}],"curies":[{"name":"wp","href":"https:\/\/api.w.org\/{rel}","templated":true}]}}