{"id":24846,"date":"2024-03-11T11:06:39","date_gmt":"2024-03-11T10:06:39","guid":{"rendered":"https:\/\/diamondspa.sk\/?page_id=24846"},"modified":"2024-03-11T11:06:40","modified_gmt":"2024-03-11T10:06:40","slug":"podmienky-registracie","status":"publish","type":"page","link":"https:\/\/diamondspa.sk\/sk\/podmienky-registracie\/","title":{"rendered":"Podmienky registr\u00e1cie"},"content":{"rendered":"\n<p><strong>1. Prev\u00e1dzkovate\u013e:<\/strong><\/p>\n\n\n\n<p>Prev\u00e1dzkovate\u013eom internetov\u00e9ho obchodu&nbsp;<a href=\"https:\/\/www.renovuj.sk\/\" target=\"_blank\" rel=\"noreferrer noopener\">www.renovuj.sk<\/a>&nbsp;je Andrej Liktor<\/p>\n\n\n\n<p>I\u010cO:&nbsp;46729381<\/p>\n\n\n\n<p>I\u010c DPH: SK1079397264<\/p>\n\n\n\n<p><strong>2. Registr\u00e1cia a osobn\u00e9 \u00fadaje:<\/strong><\/p>\n\n\n\n<p>Registr\u00e1cia u\u017e\u00edvate\u013ea nie je povinn\u00e1, pokia\u013e sa v\u0161ak u\u017e\u00edvate\u013e rozhodne zaregistrova\u0165, mus\u00ed poskytn\u00fa\u0165 inform\u00e1cie, ktor\u00e9 s\u00fa v s\u00falade so skuto\u010dnos\u0165ou. V pr\u00edpade zistenia nepravdiv\u00fdch \u00fadajov si prev\u00e1dzkovate\u013e internetov\u00e9ho obchodu vyhradzuje pr\u00e1vo na okam\u017eit\u00e9 zru\u0161enie u\u017e\u00edvate\u013esk\u00e9ho profilu.<\/p>\n\n\n\n<p>Poskytnutie osobn\u00fdch \u00fadajov, s v\u00fdnimkou povinn\u00fdch \u00fadajov, je dobrovo\u013en\u00e9.<\/p>\n\n\n\n<p>S\u00fahlas so spracovan\u00edm osobn\u00fdch \u00fadajov poskytuje u\u017e\u00edvate\u013e na vopred neur\u010den\u00fa dobu a je mo\u017en\u00e9 ho kedyko\u013evek odvola\u0165 p\u00edsomne na emailovej adrese prev\u00e1dzkovate\u013ea:&nbsp;<a href=\"mailto:renovuj@gmail.com\">info@renovuj.sk<\/a><\/p>\n\n\n\n<p>Prev\u00e1dzkovate\u013e sa zav\u00e4zuje osobn\u00e9 \u00fadaje u\u017e\u00edvate\u013ea neposkytn\u00fa\u0165 tretej osobe bez jeho v\u00fdslovn\u00e9ho s\u00fahlasu.<\/p>\n\n\n\n<p>Emailov\u00e1 adresa, ktor\u00fa u\u017e\u00edvate\u013e pri registr\u00e1cii uvedie, sl\u00fa\u017ei pre identifik\u00e1ciu, posielanie registra\u010dn\u00e9ho linku, pr\u00edpadne nov\u00e9ho hesla, posielanie pon\u00fak prev\u00e1dzkovate\u013ea a jeho partnerov a pravideln\u00e9ho mailingu.<\/p>\n\n\n\n<p>Prev\u00e1dzkovate\u013e nenesie zodpovednos\u0165 za ak\u00e9ko\u013evek n\u00e1sledky alebo \u0161kodu sp\u00f4soben\u00fa zabudnut\u00edm prihlasovac\u00edch \u00fadajov u\u017e\u00edvate\u013eom, pr\u00edpadne zneu\u017eit\u00edm t\u00fdchto prihlasovac\u00edch \u00fadajov tre\u0165ou osobou.<\/p>\n\n\n\n<p>Prev\u00e1dzkovate\u013e sa z\u00e1rove\u0148 zav\u00e4zuje neposkytn\u00fa\u0165 prihlasovacie \u00fadaje jednotliv\u00fdch u\u017e\u00edvate\u013eov tret\u00edm osob\u00e1m.<\/p>\n\n\n\n<p><strong>3. U\u017e\u00edvate\u013esk\u00fd profil:<\/strong><\/p>\n\n\n\n<p>Prev\u00e1dzkovate\u013e port\u00e1lu nenesie zodpovednos\u0165 za \u00fadaje poskytnut\u00e9 u\u017e\u00edvate\u013emi.<\/p>\n\n\n\n<p>Prev\u00e1dzkovate\u013e si vyhradzuje pr\u00e1vo z\u00e1sahu do obsahu u\u017e\u00edvate\u013esk\u00e9ho profilu.<\/p>\n\n\n\n<p>Prev\u00e1dzkovate\u013e port\u00e1lu prehlasuje, \u017ee na po\u017eiadanie \u00fa\u010dastn\u00edka m\u00f4\u017ee vykona\u0165 zmenu \u00fadajov uveden\u00fdch v jeho profile. \u017diadosti o vykonanie zmien je potrebn\u00e9 adresova\u0165 na emailov\u00fa adresu prev\u00e1dzkovate\u013ea:<a href=\"mailto:renovuj@gmail.com\">info@renovuj.sk<\/a><\/p>\n\n\n\n<p>Ka\u017ed\u00fd u\u017e\u00edvate\u013e m\u00f4\u017ee ma\u0165 vytvoren\u00fd len jeden u\u017e\u00edvate\u013esk\u00fd profil. V pr\u00edpade zistenia opaku m\u00f4\u017eu by\u0165 profily u\u017e\u00edvate\u013ea bez upozornenia prev\u00e1dzkovate\u013eom zmazan\u00e9.<\/p>\n\n\n\n<p><strong>4. Diskusia a hodnotenia:<\/strong><\/p>\n\n\n\n<p>Zaregistrovan\u00fd u\u017e\u00edvate\u013e m\u00f4\u017ee hodnoti\u0165 produkty. Vykon\u00e1vanie uveden\u00fdch \u010dinnost\u00ed je dobrovo\u013en\u00e9 a bez n\u00e1roku na honor\u00e1r. U\u017e\u00edvatelia sa t\u00fdmto zav\u00e4zuj\u00fa, \u017ee ich spr\u00e1vy a koment\u00e1re nebud\u00fa ma\u0165 charakter spr\u00e1v, ktor\u00e9 s\u00fa vulg\u00e1rne, ur\u00e1\u017eliv\u00e9, poburuj\u00face, obsc\u00e9nne, vz\u0165ahuj\u00face sa k propag\u00e1cii resp. priamo propaguj\u00face n\u00e1silie, rasizmus, fa\u0161izmus, alebo in\u00e9 hnutia a ideol\u00f3gie smeruj\u00face k potla\u010deniu pr\u00e1v a slob\u00f4d ob\u010danov, nebud\u00fa komer\u010dn\u00e9ho charakteru a nebud\u00fa podnecova\u0165 k p\u00e1chaniu trestnej \u010dinnosti alebo poru\u0161ovaniu pr\u00e1vneho poriadku SR.<\/p>\n\n\n\n<p>Prev\u00e1dzkovate\u013e tohto inetrnetov\u00e9ho obchodu nezodpoved\u00e1 za obsah spr\u00e1v umiestnen\u00fdch u\u017e\u00edvate\u013emi, ani za obsah pr\u00edspevkov do koment\u00e1rov, taktie\u017e nezodpovedaj\u00fa za poru\u0161ovanie pr\u00e1v du\u0161evn\u00e9ho vlastn\u00edctva, ani in\u00fdch pr\u00e1v u\u017e\u00edvate\u013emi.<\/p>\n\n\n\n<p>Prev\u00e1dzkovate\u013e si z\u00e1rove\u0148 vyhradzuje pr\u00e1vo z\u00e1sahu do u\u017e\u00edvate\u013esk\u00e9ho profilu, ako aj pr\u00e1vo na odstr\u00e1nenie koment\u00e1rov, pokia\u013e poru\u0161uj\u00fa tieto pravidl\u00e1, dobr\u00e9 mravy alebo z\u00e1kony SR.<\/p>\n\n\n\n<p>Upozornenie: prev\u00e1dzkovate\u013e m\u00e1 pr\u00e1vo na selekciu u\u017e\u00edvate\u013eov. Prev\u00e1dzkovate\u013e si vyhradzuje pr\u00e1vo aj na zru\u0161enie u\u017e\u00edvate\u013esk\u00e9ho profilu bez udania d\u00f4vodu.<\/p>\n\n\n\n<p><strong>5. Zru\u0161enie profilu:<\/strong><\/p>\n\n\n\n<p>Prev\u00e1dzkovate\u013e si vyhradzuje pr\u00e1vo na zru\u0161enie u\u017e\u00edvate\u013esk\u00e9ho profilu v nasledovn\u00fdch pr\u00edpadoch:<\/p>\n\n\n\n<ul class=\"wp-block-list\">\n<li>\u00fadaje poskytnut\u00e9 pri registr\u00e1cii u\u017e\u00edvate\u013ea s\u00fa nepravdiv\u00e9<\/li>\n\n\n\n<li>u\u017e\u00edvate\u013e m\u00e1 viac ako jeden profil<\/li>\n\n\n\n<li>u\u017e\u00edvate\u013e ani po v\u00fdzve prev\u00e1dzkovate\u013ea neupustil od umiest\u0148ovania koment\u00e1rov, ktor\u00e9 s\u00fa v rozpore s pravidlami port\u00e1lu &#8211; v uvedenom pr\u00edpade bude zru\u0161enie u\u017e\u00edvate\u013esk\u00e9ho profilu definit\u00edvne a u\u017e\u00edvate\u013eovi nebude umo\u017enen\u00e9 vytvorenie nov\u00e9ho profilu<\/li>\n<\/ul>\n\n\n\n<p>U\u017e\u00edvate\u013e m\u00e1 pr\u00e1vo po\u017eiada\u0165 o zru\u0161enie u\u017e\u00edvate\u013esk\u00e9ho profilu zaslan\u00edm emailu na&nbsp;<a href=\"mailto:renovuj@gmail.com\">info@renovuj.sk<\/a><\/p>\n\n\n\n<p><strong>6. V\u0161eobecn\u00e9:<\/strong><\/p>\n\n\n\n<p>Roz\u0161irovanie ak\u00fdchko\u013evek d\u00e1t nach\u00e1dzaj\u00facich sa na port\u00e1li je mo\u017en\u00e9 len s predch\u00e1dzaj\u00facim p\u00edsomn\u00fdm s\u00fahlasom prev\u00e1dzkovate\u013ea.<\/p>\n\n\n\n<p>Prev\u00e1dzkovate\u013e si vyhradzuje pr\u00e1vo kedyko\u013evek upravi\u0165 uveden\u00e9 podmienky a pravidl\u00e1 port\u00e1lu a u\u017e\u00edvatelia sa zav\u00e4zuj\u00fa tieto podmienky a pravidl\u00e1 na\u010falej dodr\u017eiava\u0165. V pr\u00edpade, \u017ee s nov\u00fdmi podmienkami a pravidlami nebude u\u017e\u00edvate\u013e s\u00fahlasi\u0165, prestane port\u00e1l pou\u017e\u00edva\u0165.<\/p>\n\n\n\n<p>Prev\u00e1dzkovate\u013e si vyhradzuje pr\u00e1vo kedyko\u013evek odstavi\u0165 internetov\u00fd obchod i bez upozornenia u\u017e\u00edvate\u013eov.<\/p>\n\n\n\n<p>Prev\u00e1dzkovate\u013e nenesie zodpovednos\u0165 za d\u00e1ta ulo\u017een\u00e9 na internetovom obchode, pokia\u013e d\u00f4jde k ak\u00e9muko\u013evek \u00fatoku na server.<\/p>\n\n\n\n<p>Prev\u00e1dzkovate\u013e taktie\u017e nenesie zodpovednos\u0165 za ak\u00e9ko\u013evek n\u00e1sledky, ktor\u00e9 m\u00f4\u017eu u\u017e\u00edvate\u013eom vznikn\u00fa\u0165 v d\u00f4sledku pou\u017e\u00edvania tohto internetov\u00e9ho obchodu.<\/p>\n\n\n\n<p><strong>Vykonan\u00edm registr\u00e1cie prejavuje u\u017e\u00edvate\u013e s\u00fahlas s horeuveden\u00fdmi pravidlami a zav\u00e4zuje sa ich v plnom rozsahu dodr\u017eiava\u0165.<\/strong><\/p>\n","protected":false},"excerpt":{"rendered":"<p>1. Prev\u00e1dzkovate\u013e: Prev\u00e1dzkovate\u013eom internetov\u00e9ho obchodu&nbsp;www.renovuj.sk&nbsp;je Andrej Liktor I\u010cO:&nbsp;46729381 I\u010c DPH: SK1079397264 2. Registr\u00e1cia a osobn\u00e9 \u00fadaje: Registr\u00e1cia u\u017e\u00edvate\u013ea nie je povinn\u00e1, pokia\u013e sa v\u0161ak u\u017e\u00edvate\u013e rozhodne zaregistrova\u0165, mus\u00ed poskytn\u00fa\u0165 inform\u00e1cie, ktor\u00e9 s\u00fa v s\u00falade so skuto\u010dnos\u0165ou. V pr\u00edpade zistenia nepravdiv\u00fdch \u00fadajov si prev\u00e1dzkovate\u013e internetov\u00e9ho obchodu vyhradzuje pr\u00e1vo na okam\u017eit\u00e9 zru\u0161enie u\u017e\u00edvate\u013esk\u00e9ho profilu. Poskytnutie osobn\u00fdch \u00fadajov, [&hellip;]<\/p>\n","protected":false},"author":1,"featured_media":0,"parent":0,"menu_order":0,"comment_status":"closed","ping_status":"closed","template":"","meta":{"footnotes":""},"class_list":["post-24846","page","type-page","status-publish","hentry"],"_links":{"self":[{"href":"https:\/\/diamondspa.sk\/sk\/wp-json\/wp\/v2\/pages\/24846","targetHints":{"allow":["GET"]}}],"collection":[{"href":"https:\/\/diamondspa.sk\/sk\/wp-json\/wp\/v2\/pages"}],"about":[{"href":"https:\/\/diamondspa.sk\/sk\/wp-json\/wp\/v2\/types\/page"}],"author":[{"embeddable":true,"href":"https:\/\/diamondspa.sk\/sk\/wp-json\/wp\/v2\/users\/1"}],"replies":[{"embeddable":true,"href":"https:\/\/diamondspa.sk\/sk\/wp-json\/wp\/v2\/comments?post=24846"}],"version-history":[{"count":1,"href":"https:\/\/diamondspa.sk\/sk\/wp-json\/wp\/v2\/pages\/24846\/revisions"}],"predecessor-version":[{"id":24847,"href":"https:\/\/diamondspa.sk\/sk\/wp-json\/wp\/v2\/pages\/24846\/revisions\/24847"}],"wp:attachment":[{"href":"https:\/\/diamondspa.sk\/sk\/wp-json\/wp\/v2\/media?parent=24846"}],"curies":[{"name":"wp","href":"https:\/\/api.w.org\/{rel}","templated":true}]}}