{"id":24848,"date":"2024-03-11T11:07:14","date_gmt":"2024-03-11T10:07:14","guid":{"rendered":"https:\/\/diamondspa.sk\/?page_id=24848"},"modified":"2024-03-11T11:07:42","modified_gmt":"2024-03-11T10:07:42","slug":"doprava-a-platba","status":"publish","type":"page","link":"https:\/\/diamondspa.sk\/sk\/doprava-a-platba\/","title":{"rendered":"Doprava a platba"},"content":{"rendered":"\n<p><strong><em>Ak\u00fdm sp\u00f4sobom v\u00e1m doru\u010d\u00edme v\u00e1\u0161 tovar?&nbsp;<\/em><\/strong><strong><\/strong><\/p>\n\n\n\n<p>Ke\u010f\u017ee n\u00e1m naozaj z\u00e1le\u017e\u00ed na va\u0161ej spokojnosti, tovar v\u00e4\u010d\u0161\u00edch rozmerov a vy\u0161\u0161ej ceny sa sna\u017e\u00edme doru\u010dova\u0165 osobne. <strong>Nariek vy\u0161\u0161\u00edm n\u00e1kladom, ktor\u00e9 vznikaj\u00fa pri doru\u010dovan\u00ed nadrozmern\u00e9ho a \u0165a\u017ek\u00e9ho tovaru sme sa rozhodli, \u017ee pri objedn\u00e1vkach nad 600\u20ac v\u00e1m tovar v r\u00e1mci SR doru\u010d\u00edme zadarmo. <\/strong>Rob\u00edme tak preto, aby sme V\u00e1m zaru\u010dili maxim\u00e1lny komfort a minimum starost\u00ed.<\/p>\n\n\n\n<p>Ak je tovar ni\u017e\u0161ej hodnoty, alebo ho nevieme doru\u010di\u0165, pou\u017eijeme overen\u00fa prepravn\u00fa spolo\u010dnos\u0165 Geis SK s.r.o. , pr\u00edpadne bal\u00edk posielame Slovenskou po\u0161tou. Vieme sa v\u0161ak dohodn\u00fa\u0165 aj na inom prepravcovi, pod\u013ea va\u0161ich po\u017eiadaviek &#8211; sta\u010d\u00ed n\u00e1s kontaktova\u0165 vopred.<\/p>\n\n\n\n<p>Samozrejme, je mo\u017en\u00fd aj osobn\u00fd odber na na\u0161om odbernom mieste.<\/p>\n\n\n\n<p><strong>Ceny dopravy v SR<\/strong><\/p>\n\n\n\n<figure class=\"wp-block-table\"><table><tbody><tr><td>Objedn\u00e1vka mal\u00fdch rozmerov (napr. vodovodn\u00e1 bat\u00e9ria)<\/td><td>&nbsp;&nbsp;<\/td><td><strong>10\u20ac<\/strong><\/td><\/tr><tr><td>Objedn\u00e1vka v\u00e4\u010d\u0161\u00edch rozmerov (napr. mas\u00e1\u017eny sprchov\u00fd box)<\/td><td>&nbsp;&nbsp;<\/td><td><strong>20\u20ac<\/strong><\/td><\/tr><tr><td>Ka\u017ed\u00e1 objedn\u00e1vka nad 600\u20ac<\/td><td>&nbsp;<\/td><td><strong>doprava ZDARMA!<\/strong><\/td><\/tr><\/tbody><\/table><\/figure>\n\n\n\n<p><strong>Ceny dopravy do \u010cR<\/strong><\/p>\n\n\n\n<p>Pri doprave na\u0161ich produktov do \u010ceskej republiky plat\u00ed nasleduj\u00faci cenn\u00edk:<\/p>\n\n\n\n<figure class=\"wp-block-table\"><table><tbody><tr><td>Objedn\u00e1vka men\u0161\u00edch rozmerov (napr. vodovodn\u00e1 bat\u00e9ria, um\u00fdvadlo)<\/td><td>&nbsp;&nbsp;<\/td><td><strong>20\u20ac<\/strong><\/td><\/tr><tr><td>Objedn\u00e1vka v\u00e4\u010d\u0161\u00edch rozmerov (napr. mas\u00e1\u017eny sprchov\u00fd box, va\u0148a)<\/td><td>&nbsp;&nbsp;<\/td><td><strong>50\u20ac<\/strong><\/td><\/tr><tr><td>Nadrozmern\u00e1 objedn\u00e1vka (napr. Sauna, Jacuzzi)<\/td><td>&nbsp;<\/td><td><strong>200\u20ac<\/strong><\/td><\/tr><\/tbody><\/table><\/figure>\n\n\n\n<p><strong><em><br>Ak\u00fdm sp\u00f4sobom za v\u00e1\u0161 tovar zaplat\u00edte? <\/em><\/strong><strong><\/strong><\/p>\n\n\n\n<p>Moment\u00e1lne m\u00f4\u017eete za svoj tovar plati\u0165 dobierkou &#8211; teda pri doru\u010den\u00ed k v\u00e1m domov, bankov\u00fdm prevodom a platobnou kartou.&nbsp; V\u0161etko preto, aby bol v\u00e1\u0161 n\u00e1kup u n\u00e1s pohodln\u00fd a bezpe\u010dn\u00fd.&nbsp;<\/p>\n\n\n\n<p>Pri platbe bankov\u00fdm prevodom uv\u00e1dzajte ako <strong>variabiln\u00fd symbol \u010d\u00edslo objedn\u00e1vky.<\/strong> \u010eakujeme.<br><br>Platbu m\u00f4\u017eete zrealizova\u0165 na \u00fa\u010det&nbsp;v mene <strong>EUR<\/strong>:<br><strong>V\u00daB a.s.<\/strong> 3091174754\/0200<br><strong>IBAN : SK08 0200 0000 0030 9117 4754<\/strong> &nbsp; &nbsp; SWIFT k\u00f3d: SUBASKBX<br>alebo<br><strong>UniCredit Bank<\/strong> 1586453000\/1111<br><strong>IBAN : SK14 1111 0000 0015 8645 3000<\/strong> &nbsp; &nbsp; SWIFT k\u00f3d: UNCRSKBX<\/p>\n\n\n\n<p><br><strong>Platba kartou<\/strong><\/p>\n\n\n\n<p>Ke\u010f si zvol\u00edte mo\u017enos\u0165 platby kartou, budete presmerovan\u00ed na platobn\u00fa br\u00e1nu ComGate, kde vypln\u00edte \u00fadaje z karty. Ak vyu\u017e\u00edvate zabezpe\u010den\u00fa kartu, budete e\u0161te vyzvan\u00fd pre autoriz\u00e1ciu platby na internete prostredn\u00edctvom hesla pr\u00edpadne SMS k\u00f3du. Nakoniec budete presmerovan\u00ed na str\u00e1nky n\u00e1\u0161ho obchodu, kde z\u00edskate inform\u00e1ciu o \u00faspe\u0161nosti Va\u0161ej platby.<\/p>\n\n\n\n<p><strong>V na\u0161om eshope nevy\u017eadujeme platbu vopred a pokojne si m\u00f4\u017eete zvoli\u0165 sp\u00f4sob platby, ak\u00fd v\u00e1m vyhovuje najviac.<\/strong><\/p>\n\n\n\n<p>Ak syst\u00e9m nepotvrd\u00ed \u00faspe\u0161nos\u0165 Va\u0161ej platby, pravdepodobne sa stalo nie\u010do z nasledovn\u00e9ho:<\/p>\n\n\n\n<ul class=\"wp-block-list\">\n<li>nespr\u00e1vne vyplnen\u00e9 \u00fadaje o platobnej karte<\/li>\n\n\n\n<li>nedostatok prostriedkov na karte pre zrealizovanie platby<\/li>\n\n\n\n<li>va\u0161ou kartou nie je mo\u017en\u00e9 plati\u0165 online, je nutn\u00e9 obr\u00e1ti\u0165 sa na va\u0161u banku<\/li>\n<\/ul>\n\n\n\n<p>Ak va\u0161a platba kartou nebola \u00faspe\u0161n\u00e1, nevad\u00ed. Va\u0161u objedn\u00e1vku st\u00e1le registrujeme v syst\u00e9me. Do 48 hod\u00edn v\u00e1m budeme vola\u0165 oh\u013eadom dostupnosti a term\u00ednu doru\u010denia Va\u0161ej objedn\u00e1vky a po\u010das tohto telefon\u00e1tu sa m\u00f4\u017eeme dohodn\u00fa\u0165 aj na zmene sp\u00f4sobu platby.&nbsp;<\/p>\n\n\n\n<p><a href=\"https:\/\/www.comgate.cz\/cz\/platebni-brana\" target=\"_blank\" rel=\"noreferrer noopener\">ComGate<\/a> je internetov\u00e1 platobn\u00e1 br\u00e1na, ktor\u00e1 umo\u017e\u0148uje elektronick\u00fdm obchodom prij\u00edma\u0165 platby uskuto\u010dnen\u00e9 platobn\u00fdmi kartami asoci\u00e1cii VISA a MasterCard v online prostred\u00ed. ComGate plne podporuje \u0161tandard 3D- Secure a bezpe\u010dnostn\u00e9 programy.<\/p>\n\n\n\n<p>Syst\u00e9m 3D-Secure zais\u0165uje bezpe\u010dnos\u0165 t\u00fdm, \u017ee \u00fadaje o Va\u0161ej karte neposkytuje obchodn\u00edkovi (teda n\u00e1m), ale priamo banke.<\/p>\n\n\n\n<p>Prenos inform\u00e1cii o karte prebieha pomocou HTTPS protokolu, ktor\u00fd Va\u0161e \u00fadaje zak\u00f3duje tak, \u017ee nikto okrem banky si \u00fadaje nem\u00f4\u017ee pre\u010d\u00edta\u0165.&nbsp;<\/p>\n\n\n\n<p>N\u00e1\u0161 syst\u00e9m podporuje tieto mo\u017enosti platby:&nbsp;<\/p>\n\n\n\n<figure class=\"wp-block-table\"><table><tbody><tr><td><\/td><td>&nbsp;<\/td><td>&nbsp;<\/td><\/tr><tr><td>Platobn\u00e9 karty<\/td><td>Tatra Banka internet banking<\/td><td>Slovensk\u00e9 sporite\u013e\u0148a internet banking<\/td><\/tr><tr><td><\/td><td><\/td><td><\/td><\/tr><tr><td>V\u00daB Banka internet Banking<\/td><td>\u010cSOB internet banking<\/td><td>Po\u0161tov\u00e1 banka internet banking<\/td><\/tr><\/tbody><\/table><\/figure>\n\n\n\n<p><em>V pr\u00edpade probl\u00e9mov s va\u0161ou transakciou n\u00e1s kontaktujte na 0908 254 407, pr\u00edpadne priamo spolo\u010dnos\u0165 Comgate:<br><br><\/em>ComGate Payments, a.s.<br>Go\u010d\u00e1rova t\u0159\u00edda 1754 \/ 48b, Hradec Kr\u00e1lov\u00e9<br>E-mail:&nbsp;<a href=\"mailto:platby-podpora@comgate.cz\" target=\"_blank\" rel=\"noreferrer noopener\">platby-podpora@comgate.cz<\/a><br>Tel: +420 228 224 267<\/p>\n\n\n\n<p><strong><em>Kedy V\u00e1m doru\u010d\u00edme Va\u0161u objedn\u00e1vku?<\/em><\/strong><strong><\/strong><\/p>\n\n\n\n<p><br>V\u00e4\u010d\u0161inu produktov m\u00e1me skladom u extern\u00e9ho dod\u00e1vate\u013ea. Doba doru\u010denia sa preto pohybuje medzi 5 &#8211; 10 pracovn\u00fdmi d\u0148ami od zadania objedn\u00e1vky. Ak si potrebujete overi\u0165 dostupnos\u0165 produktu, nap\u00ed\u0161te n\u00e1m alebo zavolajte.<\/p>\n\n\n\n<p>V pr\u00edpade nejasnost\u00ed sme V\u00e1m k dispoz\u00edcii:<\/p>\n\n\n\n<ul class=\"wp-block-list\">\n<li>e-mail: <a href=\"mailto:info@renovuj.sk\"><strong>info@renovuj.sk<\/strong><\/a>,<\/li>\n\n\n\n<li><a href=\"https:\/\/m.me\/renovuj.sk\" target=\"_blank\" rel=\"noreferrer noopener\">facebook messenger<\/a>,<\/li>\n\n\n\n<li>telefonicky (aj whatsapp) na: <a href=\"https:\/\/www.renovuj.sk\/+421908254407\"><strong>+421 908 254 407<\/strong><\/a><\/li>\n<\/ul>\n\n\n\n<p><strong><em>Ako je to s doru\u010den\u00edm v predviano\u010dnom zhone?<\/em><\/strong><strong><\/strong><\/p>\n\n\n\n<p>V\u00e4\u010d\u0161ina prepravcov za\u017e\u00edva pred Vianocami ve\u013emi ru\u0161n\u00e9 obdobie. Pr\u00e1ve preto v\u00e1m chceme poskytn\u00fa\u0165 \u010do najviac inform\u00e1ci\u00ed, aby ste si stihli tovar objedna\u0165 v\u010das a pri\u0161iel v\u00e1m do Vianoc. Ak si tovar objedn\u00e1te do 16.decembra do 12:00, garantujeme, \u017ee tovar dod\u00e1me do Vianoc. Po tomto d\u00e1tume to bohu\u017eia\u013e zaru\u010di\u0165 nevieme. Doru\u010dujeme v\u0161ak aj medzi sviatkami, tak\u017ee tovar objednan\u00fd nesk\u00f4r bude doru\u010den\u00fd priebe\u017ene pod\u013ea na\u0161ich \u0161tandardn\u00fdch dodac\u00edch term\u00ednov.<\/p>\n","protected":false},"excerpt":{"rendered":"<p>Ak\u00fdm sp\u00f4sobom v\u00e1m doru\u010d\u00edme v\u00e1\u0161 tovar?&nbsp; Ke\u010f\u017ee n\u00e1m naozaj z\u00e1le\u017e\u00ed na va\u0161ej spokojnosti, tovar v\u00e4\u010d\u0161\u00edch rozmerov a vy\u0161\u0161ej ceny sa sna\u017e\u00edme doru\u010dova\u0165 osobne. Nariek vy\u0161\u0161\u00edm n\u00e1kladom, ktor\u00e9 vznikaj\u00fa pri doru\u010dovan\u00ed nadrozmern\u00e9ho a \u0165a\u017ek\u00e9ho tovaru sme sa rozhodli, \u017ee pri objedn\u00e1vkach nad 600\u20ac v\u00e1m tovar v r\u00e1mci SR doru\u010d\u00edme zadarmo. Rob\u00edme tak preto, aby sme V\u00e1m [&hellip;]<\/p>\n","protected":false},"author":1,"featured_media":0,"parent":0,"menu_order":0,"comment_status":"closed","ping_status":"closed","template":"","meta":{"footnotes":""},"class_list":["post-24848","page","type-page","status-publish","hentry"],"_links":{"self":[{"href":"https:\/\/diamondspa.sk\/sk\/wp-json\/wp\/v2\/pages\/24848","targetHints":{"allow":["GET"]}}],"collection":[{"href":"https:\/\/diamondspa.sk\/sk\/wp-json\/wp\/v2\/pages"}],"about":[{"href":"https:\/\/diamondspa.sk\/sk\/wp-json\/wp\/v2\/types\/page"}],"author":[{"embeddable":true,"href":"https:\/\/diamondspa.sk\/sk\/wp-json\/wp\/v2\/users\/1"}],"replies":[{"embeddable":true,"href":"https:\/\/diamondspa.sk\/sk\/wp-json\/wp\/v2\/comments?post=24848"}],"version-history":[{"count":2,"href":"https:\/\/diamondspa.sk\/sk\/wp-json\/wp\/v2\/pages\/24848\/revisions"}],"predecessor-version":[{"id":24850,"href":"https:\/\/diamondspa.sk\/sk\/wp-json\/wp\/v2\/pages\/24848\/revisions\/24850"}],"wp:attachment":[{"href":"https:\/\/diamondspa.sk\/sk\/wp-json\/wp\/v2\/media?parent=24848"}],"curies":[{"name":"wp","href":"https:\/\/api.w.org\/{rel}","templated":true}]}}