{"id":11837,"date":"2024-03-09T23:46:11","date_gmt":"2024-03-09T22:46:11","guid":{"rendered":"https:\/\/diamondspa.sk\/product\/m-spa-7-miestna-zahradna-virivka-jacuzzi-222-x-222-x-100-cm\/"},"modified":"2025-08-15T08:37:35","modified_gmt":"2025-08-15T06:37:35","slug":"m-spa-7-miestna-zahradna-virivka-jacuzzi-222-x-222-x-100-cm","status":"publish","type":"product","link":"https:\/\/diamondspa.sk\/sk\/produkt\/m-spa-7-miestna-zahradna-virivka-jacuzzi-222-x-222-x-100-cm\/","title":{"rendered":"M-SPA &#8211; 7-miestna z\u00e1hradn\u00e1 v\u00edrivka Jacuzzi &#8211; 222 x 222 x 100 cm"},"content":{"rendered":"<p>Na\u0161e v\u00edrivky s\u00fa vyr\u00e1ban\u00e9 z vysoko kvalitn\u00fdch komponentov od kvalitn\u00fdch dod\u00e1vate\u013eov. T\u00e1to unik\u00e1tna v\u00edrivka je vybaven\u00e1 v\u00fdkonn\u00fdmi tryskami a ergonomick\u00fdmi sedadlami, \u013eahko pou\u017eite\u013en\u00fdm riadiacim syst\u00e9mom a \u010fal\u0161\u00edmi funkciami. \u0160etrite energiu a zapnite si v\u00edrivku po cel\u00fd rok a vychutnajte si tepl\u00fd k\u00fape\u013e, kedyko\u013evek budete chcie\u0165.<br \/>\nPovrch v\u00edrivky je vyroben\u00fd z najlep\u0161\u00edch materi\u00e1lov dostupn\u00fdch na trhu. Sp\u00f4sob v\u00fdroby Nami pon\u00fakan\u00fdch v\u00edriviek poch\u00e1dza z USA. Izola\u010dn\u00e1 pena s uzavret\u00fdmi bunkami pom\u00e1ha udr\u017ea\u0165 v\u00edrivku nepretr\u017eite pri rovnakej teplote bez straty tepla. \u0160etrite energiu a zapnite si v\u00edrivku po cel\u00fd rok a vychutnajte si tepl\u00fd k\u00fape\u013e, kedyko\u013evek budete chcie\u0165.<br \/>\nV\u00edrivka M-SPA model 308 s prelivov\u00fdm \u017e\u013eabom je ur\u010den\u00e1 pre s\u00fakromn\u00e9 \u200b\u200baj verejn\u00e9 prev\u00e1dzkovanie. V\u010faka \u0161peci\u00e1lnej v\u00fdbave a technol\u00f3gii vo vn\u00fatri v\u00edrivky automaticky udr\u017euje hladinu vody vo v\u00fd\u0161ke prepadov\u00e9ho \u017e\u013eabu a pretekaj\u00faca voda cirkuluje cez vyrovn\u00e1vaciu n\u00e1dr\u017e a filter sp\u00e4\u0165 do v\u00edrivky. V\u00fdhodou tohto syst\u00e9mu je st\u00e1le rovnak\u00e1 hladina vody vo v\u00edrivke a r\u00fdchly odtok ne\u010dist\u00f4t z hladiny do filtra\u010dn\u00e9ho syst\u00e9mu.<br \/>\nPOPIS PRODUKTU:<\/p>\n<p>Nap\u00e1janie: 380 ~ 400 V\/50 Hz &#8211; trojf\u00e1zov\u00e9 nap\u00e1janie<br \/>\nPovrch: Akryl Aristech USA<br \/>\nTepeln\u00e1 izol\u00e1cia: penov\u00fd n\u00e1strek skeletu vane (vysok\u00e1 hustota peny) &#8211; za pr\u00edplatok<br \/>\nVodn\u00e9 trysky: 37 ks vr\u00e1tane:<br \/>\nmal\u00e9 vodn\u00e9 trysky smerov\u00e9 (2\u2033): 24 ks<br \/>\nve\u013ek\u00e9 vodn\u00e9 trysky (3,5\u2033): 13 ks (z toho 5 oto\u010dn\u00fdch)<br \/>\nVodn\u00e9 \u010derpadlo 3HP \/ 2,25 kW: 1 ks<br \/>\nObehov\u00e9 \u010derpadlo: 0,35 HP \/ 0,25 kW: 1 ks<br \/>\nVzduchov\u00e9 trysky (1,5\u2033): 12 ks<br \/>\nVzduchov\u00e9 \u010derpadlo 0,9HP\/0,7 kW: 1 ks<br \/>\nOpierky hlavy: 4 ks<br \/>\nSPA osvetlenie: 1 ks\u00a0<br \/>\nGener\u00e1tor oz\u00f3nu: \u00e1no<br \/>\n3 KW ohrieva\u010d(Balboa): 1 ks<br \/>\nPrevzdu\u0161\u0148ovacie ventily: 2 ks (Easy-Flow Air Venturi)<br \/>\nNas\u00e1vacie ventily: \u00e1no<br \/>\nVstupn\u00e9 ventily: \u00e1no<br \/>\nTrysky zapusten\u00e9 v akryle: \u00e1no<br \/>\nTrysky z nehrdzavej\u00facej ocele: \u00e1no<br \/>\nStabiln\u00e1 kon\u0161trukcia z nerezovej ocele: \u00e1no<br \/>\nKartu\u0161ov\u00fd filter: 1 ks<br \/>\nSenzor teploty: \u00e1no<br \/>\nProti\u0161mykov\u00e9 dno: \u00e1no<br \/>\nOvl\u00e1dac\u00ed panel BALBOA: \u00e1no (Balboa TP-600 alebo VL801D) v cena , mo\u017enos\u0165 za pr\u00edplatok zak\u00fapi\u0165 SpaTouch ST2<\/p>\n<p>\u00a0<br \/>\n\u00a0FARBY VONKAJ\u0160IEHO OBLO\u017dENIA:<br \/>\n\u00a0<br \/>\n \u00a0 \u010ciena \u00a0 \u00a0 \u00a0 \u00a0\u00a0 \u00a0  \u00a0 \u010cokol\u00e1da\u00a0  \u00a0\u00a0 \u0160ed\u00e1<br \/>\n\u00a0 Svetl\u00fd grafit \u00a0 \u00a0 Tmav\u00fd grafit<br \/>\nPR\u00cdSLU\u0160ENSTVO ZA PR\u00cdPLATOK :<br \/>\n\u00a0<\/p>\n<p>\u00a0\u00dapln\u00e9 zateplenie v\u00edrivky vr\u00e1tanie vonkaj\u0161ieho oblo\u017eenia: 1020 \u20ac<br \/>\n\u00a0Schod\u00edky: 1 \u20ac<br \/>\n\u00a0Termoizola\u010dn\u00fd kryt: 980\u20ac<br \/>\n\u00a0UV lampa: 499 \u20ac<br \/>\n\u00a0Panel Balboa touch ST2: 619 \u20ac<br \/>\n\u00a0Modul Balboa Wi-Fi: 499 \u20ac<br \/>\n\u00a0Bluetooth Balboa + 2 reproduktory: 859 \u20ac<br \/>\n\u00a0Funkcia Microsilk: 2259 \u20ac<br \/>\nTepeln\u00e9 \u010derpadlo Balboa CLIM8ZONE: 2499 \u20ac<\/p>\n<p>\u00a0<br \/>\nAktu\u00e1lne dostupn\u00e9 verzie:<br \/>\nAkryl Mramor, Vonkaj\u0161ie oblo\u017eenie \u010dierne\u00a0\u00a0\u00a0\u00a0\u00a0\u00a0\u00a0\u00a0\u00a0\u00a0\u00a0\u00a0\u00a0 1 ks skladom na strane u dod\u00e1vate\u013ea (potrebn\u00e9 prezisti\u0165 skladov\u00e9 z\u00e1soby na po\u017eiadanie)<br \/>\nAkryl Biely, Vonkaj\u0161ie oblo\u017eenie tmav\u00fd Grafit \u00a0\u00a0\u00a0\u00a0\u00a0\u00a0\u00a0 1 ks skladom na strane u dod\u00e1vate\u013ea (potrebn\u00e9 prezisti\u0165 skladov\u00e9 z\u00e1soby na po\u017eiadanie)<br \/>\nAkryl Biely,\u00a0 Vonkaj\u0161ie oblo\u017eenie \u010dokol\u00e1da\u00a0\u00a0\u00a0\u00a0\u00a0\u00a0\u00a0\u00a0\u00a0\u00a0\u00a0\u00a0 1 ks skladom na strane u dod\u00e1vate\u013ea (potrebn\u00e9 prezisti\u0165 skladov\u00e9 z\u00e1soby na po\u017eiadanie)<br \/>\n\u00a0<\/p>\n<p>\u00a0<\/p>\n<p>\u00a0<\/p>\n<p>\u00a0<\/p>\n<p>\u00a0<\/p>\n<p>\u00a0<\/p>\n<p>\u00a0<\/p>\n<p>\u00a0<\/p>\n","protected":false},"excerpt":{"rendered":"<p>Na\u0161e v\u00edrivky s\u00fa vyr\u00e1ban\u00e9 z vysoko kvalitn\u00fdch komponentov od kvalitn\u00fdch dod\u00e1vate\u013eov. T\u00e1to unik\u00e1tna v\u00edrivka je vybaven\u00e1 v\u00fdkonn\u00fdmi tryskami a ergonomick\u00fdmi sedadlami, \u013eahko pou\u017eite\u013en\u00fdm riadiacim syst\u00e9mom a \u010fal\u0161\u00edmi funkciami. \u0160etrite energiu a zapnite si v\u00edrivku po cel\u00fd rok a vychutnajte si tepl\u00fd k\u00fape\u013e, kedyko\u013evek budete chcie\u0165. Povrch v\u00edrivky je vyroben\u00fd z najlep\u0161\u00edch materi\u00e1lov dostupn\u00fdch na trhu. [&hellip;]<\/p>\n","protected":false},"featured_media":11838,"comment_status":"closed","ping_status":"open","template":"","meta":[],"product_brand":[2536],"product_cat":[415],"product_tag":[],"class_list":{"0":"post-11837","1":"product","2":"type-product","3":"status-publish","4":"has-post-thumbnail","6":"product_brand-m-spa","7":"product_cat-zahradne-virivky-jacuzzi","8":"pa_pocet-miest-418","9":"pa_pocet-trysiek-434","10":"pa_vyrobca-m-spa","11":"pa_vyska-100-cm","12":"pa_zaruka-2-roky","14":"first","15":"instock","16":"sold-individually","17":"taxable","18":"shipping-taxable","19":"purchasable","20":"product-type-simple"},"_links":{"self":[{"href":"https:\/\/diamondspa.sk\/sk\/wp-json\/wp\/v2\/product\/11837","targetHints":{"allow":["GET"]}}],"collection":[{"href":"https:\/\/diamondspa.sk\/sk\/wp-json\/wp\/v2\/product"}],"about":[{"href":"https:\/\/diamondspa.sk\/sk\/wp-json\/wp\/v2\/types\/product"}],"replies":[{"embeddable":true,"href":"https:\/\/diamondspa.sk\/sk\/wp-json\/wp\/v2\/comments?post=11837"}],"wp:featuredmedia":[{"embeddable":true,"href":"https:\/\/diamondspa.sk\/sk\/wp-json\/wp\/v2\/media\/11838"}],"wp:attachment":[{"href":"https:\/\/diamondspa.sk\/sk\/wp-json\/wp\/v2\/media?parent=11837"}],"wp:term":[{"taxonomy":"product_brand","embeddable":true,"href":"https:\/\/diamondspa.sk\/sk\/wp-json\/wp\/v2\/product_brand?post=11837"},{"taxonomy":"product_cat","embeddable":true,"href":"https:\/\/diamondspa.sk\/sk\/wp-json\/wp\/v2\/product_cat?post=11837"},{"taxonomy":"product_tag","embeddable":true,"href":"https:\/\/diamondspa.sk\/sk\/wp-json\/wp\/v2\/product_tag?post=11837"}],"curies":[{"name":"wp","href":"https:\/\/api.w.org\/{rel}","templated":true}]}}