{"id":12664,"date":"2024-03-10T00:17:33","date_gmt":"2024-03-09T23:17:33","guid":{"rendered":"https:\/\/diamondspa.sk\/product\/sanotechnik-tango-stvrtkruhovy-sprchovaci-box-s-hydromasazou-90x90x215-cm-cire-sklo-cl03\/"},"modified":"2025-08-26T21:35:48","modified_gmt":"2025-08-26T19:35:48","slug":"sanotechnik-tango-stvrtkruhovy-sprchovaci-box-s-hydromasazou-90x90x215-cm-cire-sklo-cl03","status":"publish","type":"product","link":"https:\/\/diamondspa.sk\/sk\/produkt\/sanotechnik-tango-stvrtkruhovy-sprchovaci-box-s-hydromasazou-90x90x215-cm-cire-sklo-cl03\/","title":{"rendered":"Sanotechnik &#8211; TANGO \u0160tvr\u0165kruhov\u00fd sprchovac\u00ed box s hydromas\u00e1\u017eou, 90x90x215 cm, \u010d\u00edre sklo CL03"},"content":{"rendered":"<p><strong>Sprchov\u00fd box QuickLine SANOTECHNIK Tango<\/strong> predstavuje excelentn\u00e9 rie\u0161enie.<\/p>\n<p>In\u0161tal\u00e1cia je jednoduch\u00e1, r\u00fdchla a \u010dist\u00e1, bez potreby pou\u017eitia silik\u00f3nu. Komponenty s dlhodobou \u017eivotnos\u0165ou a kon\u0161trukcia mas\u00edvneho charakteru s v\u00fdraznou d\u00f4razom na kvalitu vytv\u00e1raj\u00fa dokonal\u00fd produkt.<\/p>\n<p><span style=\"font-size: 12pt; color: #000000;\">Tis\u00edce spokojn\u00fdch z\u00e1kazn\u00edkov po celej Eur\u00f3pe = kvalita, na ktor\u00fa sa m\u00f4\u017eete spo\u013eahn\u00fa\u0165.<\/span><\/p>\n<h2><span style=\"font-size: 12pt; color: #000000;\"><strong>Vybavenie modelu SANOTECHNIK QuickLine<\/strong> <strong>Tango<\/strong><\/span><\/h2>\n<ul>\n<li><span style=\"color: #000000;\"><span style=\"font-size: 12pt;\"><strong>Rozmery: 90 x 90 x 215 cm<br \/><\/strong><\/span><\/span><\/li>\n<li><span style=\"color: #000000;\"><span style=\"font-size: 12pt;\">Farba: biela<br \/><\/span><\/span><\/li>\n<li><span style=\"color: #000000;\"><span style=\"font-size: 12pt;\">Posuvn\u00e9 dvere z 5 mm bezpe\u010dnostn\u00e9ho skla<br \/><\/span><\/span><\/li>\n<li><span style=\"color: #000000;\"><span style=\"font-size: 12pt;\">Dvojit\u00e9 kolieska<br \/><\/span><\/span><\/li>\n<li><span style=\"color: #000000;\"><span style=\"font-size: 12pt;\">Hlinikov\u00e9 profily, farba chr\u00f3m<br \/><\/span><\/span><\/li>\n<li><span style=\"color: #000000;\"><span style=\"font-size: 12pt;\">Hlavov\u00e1 sprcha<br \/><\/span><\/span><\/li>\n<li><span style=\"color: #000000;\"><span style=\"font-size: 12pt;\">Ru\u010dn\u00e1 sprcha<br \/><\/span><\/span><\/li>\n<li><span style=\"color: #000000;\"><span style=\"font-size: 12pt;\">3 trysky<br \/><\/span><\/span><\/li>\n<li><span style=\"color: #000000;\"><span style=\"font-size: 12pt;\">Sklenen\u00e1 poli\u010dka<br \/><\/span><\/span><\/li>\n<li><span style=\"color: #000000;\"><span style=\"font-size: 12pt;\">Akryl\u00e1tov\u00e1 vani\u010dka s kvalitnou kovovou v\u00fdstu\u017eou s 5-timi nastavite\u013en\u00fdmi no\u017ei\u010dkami<br \/><\/span><\/span><\/li>\n<li><span style=\"color: #000000;\"><span style=\"font-size: 12pt;\">V\u00fd\u0161ka samotnej vani\u010dky je 14,3 cm<br \/><\/span><\/span><\/li>\n<li><span style=\"color: #000000;\"><span style=\"font-size: 12pt;\">Celkov\u00e1 v\u00fd\u0161ka vani\u010dky so spodnou vodiacou li\u0161tou je 18 cm<\/span><\/span><\/li>\n<\/ul>\n<h2><span style=\"color: #000000; font-size: 12pt;\"><strong style=\"font-size: 12pt;\">Viac o SANOTECHNIK &#8211; QuickLine<\/strong><\/span><\/h2>\n<p><span style=\"font-size: 12pt; color: #000000;\"><strong style=\"font-size: 12pt;\">Sprchov\u00e9 boxy SANOTECHNIK\u00a0<\/strong>modelovej rady QuickLine s\u00fa\u00a0 jedine\u010dn\u00e9 v\u010faka patentovanej kon\u0161trukcii bezsilik\u00f3novej mont\u00e1\u017ee. Zabudnite na zlo\u017eit\u00fa mont\u00e1\u017e a plese\u0148. Box jednoducho zmontujete svojpomocne. V balen\u00ed n\u00e1jdete n\u00e1vod a ni\u017e\u0161ie v popise produktu s\u00fa vide\u00e1 z mont\u00e1\u017ee.<\/span><\/p>\n<p><span style=\"font-size: 12pt; color: #000000;\">V ponuke rady QuickLine n\u00e1jdete a\u017e 24 modelov, ktor\u00e9 sa l\u00ed\u0161ia iba rozmermi, farbou a v\u00fdbavou.<\/span><\/p>\n<p><span style=\"font-size: 12pt; color: #000000;\"><strong>Kvalitn\u00e1 r\u00e1mov\u00e1 ALU kon\u0161trukcia<\/strong> zais\u0165uje stabilitu a dlh\u00fa \u017eivotnos\u0165. Bezpe\u010dnostn\u00e9 skl\u00e1 na zadn\u00fdch a predn\u00fdch sten\u00e1ch ako aj dvere boli testovan\u00e9 na odolnos\u0165 vo\u010di n\u00e1razu a\u017e 80 kg.<\/span><\/p>\n<p><span style=\"font-size: 12pt; color: #000000;\">Sprchov\u00e1 vani\u010dka s r\u00e1movou oce\u013eovou kon\u0161trukciou je pevn\u00e1 a stabiln\u00e1. Nosnos\u0165 vani\u010dky je viac ako 100 kg, max 120 kg.<\/span><\/p>\n<p><span style=\"font-size: 12pt; color: #000000;\"><strong>Horn\u00e9 pojazdov\u00e9 kolieska<\/strong> s\u00fa zdvojen\u00e9, spodn\u00e9 s\u00fa vycvak\u00e1vacie pre <strong>jednoduch\u00fa \u00fadr\u017ebu a plynul\u00fd, tich\u00fd chod dvier.<\/strong><\/p>\n<p><strong>Hydromas\u00e1\u017ene trysky a da\u017e\u010fov\u00e1 &#8211; hlavov\u00e1 sprcha<\/strong> spravia z va\u0161ej k\u00fape\u013eni o\u00e1zu relax\u00e1cie a k\u013eudu.<\/span><\/p>\n<p><span style=\"font-size: 12pt; color: #000000;\">Hydromas\u00e1\u017e uvo\u013en\u00ed ubolen\u00fd chrb\u00e1t a hlavov\u00e1 sprcha navod\u00ed pocit letn\u00e9ho da\u017e\u010fa kedyko\u013evek budete potrebova\u0165.<\/span><\/p>\n<p><span style=\"font-size: 12pt; color: #000000;\">Sprchov\u00e9 boxy SANOTECHNIK QuickLine s\u00fa skvelou alternat\u00edvou k sprchov\u00fdm k\u00fatom. Uplatnenie nach\u00e1dzaj\u00fa taktie\u017e v drevostavb\u00e1ch, na chat\u00e1ch a chalup\u00e1ch, v hoteloch \u010di penzi\u00f3noch, a to v\u010faka svojej praktickosti, kvalite a jednoduchej mont\u00e1\u017ei. S\u00fa skvelou mo\u017enos\u0165ou ako dopria\u0165 ka\u017edej dom\u00e1cnosti wellness v\u00fdbavu za rozumn\u00fa cenu.<\/span><\/p>\n<p><span style=\"font-size: 12pt; color: #000000;\">Rak\u00faska spolo\u010dnos\u0165 <strong>SANOTECHNIK <\/strong>u\u017e viac ako 30 rokov prin\u00e1\u0161a kvalitn\u00e9 k\u00fape\u013e\u0148ov\u00e9 a wellness vybavenie z\u00e1kazn\u00edkom po celej Eur\u00f3pe.<\/span><\/p>\n<p><span style=\"font-size: 12pt; color: #000000;\"><strong>Vo vlastn\u00fdch v\u00fdrobn\u00fdch z\u00e1vodoch vyr\u00e1ba:<\/strong><br \/><\/span><\/p>\n<ul>\n<li><span style=\"font-size: 12pt; color: #000000;\">\u00a0sprchov\u00e9 k\u00faty<br \/><\/span><\/li>\n<li><span style=\"font-size: 12pt; color: #000000;\">\u00a0akryl\u00e1tovan\u00e9 vane, sprchov\u00e9 vani\u010dky, v\u00edrivky<br \/><\/span><\/li>\n<li><span style=\"font-size: 12pt; color: #000000;\">\u00a0k\u00fape\u013e\u0148ov\u00fd n\u00e1bytok<\/span><\/li>\n<\/ul>\n<p><span style=\"color: #000000;\"><span style=\"font-size: 12pt;\">S\u00eddlo spolo\u010dnosti, centr\u00e1lne sklady pre Eur\u00f3pu n\u00e1jdete v Rak\u00fasku ne\u010faleko Viedni.<\/span>\u00a0<\/span><\/p>\n<h2><span style=\"font-size: 12pt; color: #000000;\"><strong>Pre\u010do rak\u00fasky SANOTECHNIK?<\/strong><\/span><\/h2>\n<p><span style=\"font-size: 12pt; color: #000000;\"><strong>30 ro\u010dn\u00e1 trad\u00edcia zna\u010dky<\/strong><\/span><br \/><span style=\"font-size: 12pt; color: #000000;\">&#8211; zast\u00fapenie <strong>v 19tich krajin\u00e1ch<\/strong> sveta<\/span><br \/><span style=\"font-size: 12pt; color: #000000;\">&#8211; <strong>vlastn\u00e9 v\u00fdrobn\u00e9 z\u00e1vody<\/strong> pre sprch. k\u00faty\/dvere\/z\u00e1steny, vani\u010dky, vane a n\u00e1bytok<\/span><br \/><span style=\"font-size: 12pt; color: #000000;\">&#8211; dov\u00e1\u017eame tovar priamo z Rak\u00faska ku v\u00e1m domov<\/span><br \/><span style=\"font-size: 12pt; color: #000000;\">&#8211; <strong>priamy dovoz<\/strong> = n\u00edzka cena, r\u00fdchle dodanie<\/span><\/p>\n<p><strong>Katal\u00f3g:<\/strong><\/p>\n<p><a href=\"\/fotky1950\/Katal%C3%B3gy\/shower_DE2023.pdf\" target=\"_blank\" rel=\"noopener\"><img fetchpriority=\"high\" decoding=\"async\" src=\"https:\/\/diamondspa.sk\/wp-content\/uploads\/2024\/03\/titulka.png\" width=\"462\" height=\"654\" alt=\"\" style=\"display: block; margin-left: auto; margin-right: auto;\"><\/a><\/p>\n<p><strong><span style=\"font-size: 12pt; color: #000000;\">\u00a0Video k mont\u00e1\u017ei:<\/span><\/strong><\/p>\n<p><span style=\"font-size: 12pt; color: #000000;\"><iframe width=\"560\" height=\"314\" src=\"https:\/\/www.youtube.com\/embed\/HtnBkH_XxVI\" allowfullscreen=\"allowfullscreen\"><\/iframe><\/span><\/p>\n","protected":false},"excerpt":{"rendered":"<p>Sprchov\u00fd box QuickLine SANOTECHNIK Tango predstavuje excelentn\u00e9 rie\u0161enie. In\u0161tal\u00e1cia je jednoduch\u00e1, r\u00fdchla a \u010dist\u00e1, bez potreby pou\u017eitia silik\u00f3nu. Komponenty s dlhodobou \u017eivotnos\u0165ou a kon\u0161trukcia mas\u00edvneho charakteru s v\u00fdraznou d\u00f4razom na kvalitu vytv\u00e1raj\u00fa dokonal\u00fd produkt. Tis\u00edce spokojn\u00fdch z\u00e1kazn\u00edkov po celej Eur\u00f3pe = kvalita, na ktor\u00fa sa m\u00f4\u017eete spo\u013eahn\u00fa\u0165. Vybavenie modelu SANOTECHNIK QuickLine Tango Rozmery: 90 x [&hellip;]<\/p>\n","protected":false},"featured_media":12665,"comment_status":"closed","ping_status":"open","template":"","meta":[],"product_brand":[2703],"product_cat":[111],"product_tag":[],"class_list":{"0":"post-12664","1":"product","2":"type-product","3":"status-publish","4":"has-post-thumbnail","6":"product_brand-sanotechnik","7":"product_cat-masazne-sprchove-boxy","8":"pa_pocet-trysiek-588","9":"pa_sirka-90-cm","10":"pa_umiestnenie-do-rohu","11":"pa_vaha-909-kg","12":"pa_vyrobca-sanotechnik-rakusko","13":"pa_vyska-215-cm","14":"pa_zaruka-2-roky","16":"first","17":"outofstock","18":"sale","19":"taxable","20":"shipping-taxable","21":"purchasable","22":"product-type-simple"},"_links":{"self":[{"href":"https:\/\/diamondspa.sk\/sk\/wp-json\/wp\/v2\/product\/12664","targetHints":{"allow":["GET"]}}],"collection":[{"href":"https:\/\/diamondspa.sk\/sk\/wp-json\/wp\/v2\/product"}],"about":[{"href":"https:\/\/diamondspa.sk\/sk\/wp-json\/wp\/v2\/types\/product"}],"replies":[{"embeddable":true,"href":"https:\/\/diamondspa.sk\/sk\/wp-json\/wp\/v2\/comments?post=12664"}],"wp:featuredmedia":[{"embeddable":true,"href":"https:\/\/diamondspa.sk\/sk\/wp-json\/wp\/v2\/media\/12665"}],"wp:attachment":[{"href":"https:\/\/diamondspa.sk\/sk\/wp-json\/wp\/v2\/media?parent=12664"}],"wp:term":[{"taxonomy":"product_brand","embeddable":true,"href":"https:\/\/diamondspa.sk\/sk\/wp-json\/wp\/v2\/product_brand?post=12664"},{"taxonomy":"product_cat","embeddable":true,"href":"https:\/\/diamondspa.sk\/sk\/wp-json\/wp\/v2\/product_cat?post=12664"},{"taxonomy":"product_tag","embeddable":true,"href":"https:\/\/diamondspa.sk\/sk\/wp-json\/wp\/v2\/product_tag?post=12664"}],"curies":[{"name":"wp","href":"https:\/\/api.w.org\/{rel}","templated":true}]}}