{"id":12671,"date":"2024-03-10T00:17:33","date_gmt":"2024-03-09T23:17:33","guid":{"rendered":"https:\/\/diamondspa.sk\/product\/sanotechnik-twist-2-rohovy-sprchovaci-kut-s-hydromasazou-90x90x210-cm\/"},"modified":"2025-08-26T21:35:48","modified_gmt":"2025-08-26T19:35:48","slug":"sanotechnik-twist-2-rohovy-sprchovaci-kut-s-hydromasazou-90x90x210-cm","status":"publish","type":"product","link":"https:\/\/diamondspa.sk\/sk\/produkt\/sanotechnik-twist-2-rohovy-sprchovaci-kut-s-hydromasazou-90x90x210-cm\/","title":{"rendered":"Sanotechnik &#8211; TWIST 2 &#8211; Rohov\u00fd sprchovac\u00ed k\u00fat s hydromas\u00e1\u017eou 90x90x210 cm"},"content":{"rendered":"<pre id=\"tw-target-text\" class=\"tw-data-text tw-text-large XcVN5d tw-ta\" dir=\"ltr\" data-placeholder=\"Preklad\"><span lang=\"sk\" style=\"font-family: arial, helvetica, sans-serif;\">TWIST 2 Rohov\u00fd sprchovac\u00ed k\u00fat s hydromas\u00e1\u017eou 90x90x210 cm CL06\nHydromas\u00e1\u017e je zn\u00e1ma svojimi relaxa\u010dn\u00fdmi a zdravotn\u00fdmi v\u00fdhodami u\u017e mnoho rokov. <br>Zlep\u0161uje krvn\u00fd obeh a upokojuje bo\u013eav\u00e9 svaly.\nKab\u00edna m\u00e1 strechu, ktor\u00e1 minimalizuje mno\u017estvo vodnej pary usadzovanej na strope k\u00fape\u013ene <br>a zabra\u0148uje tak tvorbe napr. Plesn\u00ed.\nPohodlie pri k\u00fapan\u00ed zvy\u0161uj\u00fa dva typy sprchy (ru\u010dn\u00e1 a horn\u00e1).\nKab\u00edna je ide\u00e1lna ako do malej k\u00fape\u013ene, tak aj na letn\u00fa chatu alebo drevenice. Bal\u00ed\u010dek all inclusive <br>obsahuje v\u0161etko potrebn\u00e9 pr\u00edslu\u0161enstvo, tak\u017ee nie s\u00fa potrebn\u00e9 \u010fal\u0161ie v\u00fddavky.\nUnik\u00e1tny syst\u00e9m Quick Line umo\u017e\u0148uje samostatn\u00fa mont\u00e1\u017e bez pou\u017eitia silik\u00f3nov a nutnosti <br>zn\u00e1\u0161a\u0165 \u010fal\u0161ie n\u00e1klady spojen\u00e9 so zamestnan\u00edm \u0161pecialistu.\n<strong>Syst\u00e9m Quick Line\n<\/strong>\nTo nielen \u0161etr\u00ed n\u00e1klady <br>na zamestnanie \u010fal\u0161ieho \u0161pecialistu, ale aj u\u013eah\u010duje \u00fadr\u017ebu - syst\u00e9m Quick Line je zalo\u017een\u00fd <br>na in\u0161tal\u00e1cii bez pou\u017eitia silik\u00f3nu a pri zabezpe\u010den\u00ed trvalej tesnosti kab\u00edny.<br>\n<strong>Sada obsahuje:\n<\/strong><\/span><\/pre>\n<ul>\n<li class=\"tw-data-text tw-text-large XcVN5d tw-ta\" dir=\"ltr\" data-placeholder=\"Preklad\"><span lang=\"sk\" style=\"font-family: arial, helvetica, sans-serif;\">zadn\u00e9 panely vyroben\u00e9 z op\u00e1lov\u00e9ho bezpe\u010dnostn\u00e9ho skla <\/span><\/li>\n<li class=\"tw-data-text tw-text-large XcVN5d tw-ta\" dir=\"ltr\" data-placeholder=\"Preklad\"><span lang=\"sk\" style=\"font-family: arial, helvetica, sans-serif;\">5 mm bezpe\u010dnostn\u00e9 sklo, \u010dist\u00e9 <\/span><\/li>\n<li class=\"tw-data-text tw-text-large XcVN5d tw-ta\" dir=\"ltr\" data-placeholder=\"Preklad\"><span lang=\"sk\" style=\"font-family: arial, helvetica, sans-serif;\">posuvn\u00e9 dvere <\/span><\/li>\n<li class=\"tw-data-text tw-text-large XcVN5d tw-ta\" dir=\"ltr\" data-placeholder=\"Preklad\"><span lang=\"sk\" style=\"font-family: arial, helvetica, sans-serif;\">3 mas\u00e1\u017ene trysky v sprchovom st\u013ape <\/span><\/li>\n<li class=\"tw-data-text tw-text-large XcVN5d tw-ta\" dir=\"ltr\" data-placeholder=\"Preklad\"><span lang=\"sk\" style=\"font-family: arial, helvetica, sans-serif;\">hlin\u00edkov\u00e9 profily <\/span><\/li>\n<li class=\"tw-data-text tw-text-large XcVN5d tw-ta\" dir=\"ltr\" data-placeholder=\"Preklad\"><span lang=\"sk\" style=\"font-family: arial, helvetica, sans-serif;\">ru\u010dn\u00e1 a stropn\u00e1 sprcha <\/span><\/li>\n<li class=\"tw-data-text tw-text-large XcVN5d tw-ta\" dir=\"ltr\" data-placeholder=\"Preklad\"><span lang=\"sk\" style=\"font-family: arial, helvetica, sans-serif;\">strecha <\/span><\/li>\n<li class=\"tw-data-text tw-text-large XcVN5d tw-ta\" dir=\"ltr\" data-placeholder=\"Preklad\"><span lang=\"sk\" style=\"font-family: arial, helvetica, sans-serif;\">jednoduch\u00fd mix\u00e9r a prep\u00edna\u010d <\/span><\/li>\n<li class=\"tw-data-text tw-text-large XcVN5d tw-ta\" dir=\"ltr\" data-placeholder=\"Preklad\"><span lang=\"sk\" style=\"font-family: arial, helvetica, sans-serif;\">polica na kozmetiku <\/span><\/li>\n<li class=\"tw-data-text tw-text-large XcVN5d tw-ta\" dir=\"ltr\" data-placeholder=\"Preklad\"><span lang=\"sk\" style=\"font-family: arial, helvetica, sans-serif;\">sprchov\u00e1 vani\u010dka so sif\u00f3nom a predn\u00fdm panelom <\/span><\/li>\n<li class=\"tw-data-text tw-text-large XcVN5d tw-ta\" dir=\"ltr\" data-placeholder=\"Preklad\"><span lang=\"sk\" style=\"font-family: arial, helvetica, sans-serif;\">sif\u00f3n v cene <\/span><\/li>\n<li class=\"tw-data-text tw-text-large XcVN5d tw-ta\" dir=\"ltr\" data-placeholder=\"Preklad\"><span lang=\"sk\" style=\"font-family: arial, helvetica, sans-serif;\">dvojit\u00e9 val\u010deky <\/span><\/li>\n<\/ul>\n<p><span lang=\"sk\" style=\"font-family: arial, helvetica, sans-serif;\">In\u0161tal\u00e1cia kab\u00edny nikdy nebola tak\u00e1 \u013eahk\u00e1 a r\u00fdchla.<\/span><\/p>\n<p><strong>Katal\u00f3g:<\/strong><\/p>\n<p><a href=\"\/fotky1950\/Katal%C3%B3gy\/shower_DE2023.pdf\" target=\"_blank\" rel=\"noopener\"><img fetchpriority=\"high\" decoding=\"async\" src=\"https:\/\/diamondspa.sk\/wp-content\/uploads\/2024\/03\/titulka.png\" width=\"462\" height=\"654\" alt=\"\" style=\"display: block; margin-left: auto; margin-right: auto;\"><\/a><\/p>\n<p><span lang=\"sk\" style=\"font-family: arial, helvetica, sans-serif;\">Ako zostavi\u0165 kab\u00ednu? <br \/><\/span><span lang=\"sk\" style=\"font-family: arial, helvetica, sans-serif;\">Proces mont\u00e1\u017ee je uveden\u00fd vo videu ni\u017e\u0161ie. In\u0161trukt\u00e1\u017ene video na zostavenie podobnej kab\u00edny:<\/span><\/p>\n<p><span lang=\"sk\" style=\"font-family: arial, helvetica, sans-serif;\"><iframe width=\"560\" height=\"314\" src=\"https:\/\/www.youtube.com\/embed\/HtnBkH_XxVI\" allowfullscreen=\"allowfullscreen\"><\/iframe><\/span><\/p>\n","protected":false},"excerpt":{"rendered":"<p>TWIST 2 Rohov\u00fd sprchovac\u00ed k\u00fat s hydromas\u00e1\u017eou 90x90x210 cm CL06 Hydromas\u00e1\u017e je zn\u00e1ma svojimi relaxa\u010dn\u00fdmi a zdravotn\u00fdmi v\u00fdhodami u\u017e mnoho rokov. Zlep\u0161uje krvn\u00fd obeh a upokojuje bo\u013eav\u00e9 svaly. Kab\u00edna m\u00e1 strechu, ktor\u00e1 minimalizuje mno\u017estvo vodnej pary usadzovanej na strope k\u00fape\u013ene a zabra\u0148uje tak tvorbe napr. Plesn\u00ed. Pohodlie pri k\u00fapan\u00ed zvy\u0161uj\u00fa dva typy sprchy (ru\u010dn\u00e1 a [&hellip;]<\/p>\n","protected":false},"featured_media":12672,"comment_status":"closed","ping_status":"open","template":"","meta":[],"product_brand":[2703],"product_cat":[111],"product_tag":[],"class_list":{"0":"post-12671","1":"product","2":"type-product","3":"status-publish","4":"has-post-thumbnail","6":"product_brand-sanotechnik","7":"product_cat-masazne-sprchove-boxy","8":"pa_umiestnenie-do-rohu","9":"pa_vaha-8750-kg","10":"pa_vyrobca-sanotechnik-rakusko","11":"pa_vyska-210-cm","12":"pa_zaruka-2-roky","14":"first","15":"outofstock","16":"sale","17":"taxable","18":"shipping-taxable","19":"purchasable","20":"product-type-simple"},"_links":{"self":[{"href":"https:\/\/diamondspa.sk\/sk\/wp-json\/wp\/v2\/product\/12671","targetHints":{"allow":["GET"]}}],"collection":[{"href":"https:\/\/diamondspa.sk\/sk\/wp-json\/wp\/v2\/product"}],"about":[{"href":"https:\/\/diamondspa.sk\/sk\/wp-json\/wp\/v2\/types\/product"}],"replies":[{"embeddable":true,"href":"https:\/\/diamondspa.sk\/sk\/wp-json\/wp\/v2\/comments?post=12671"}],"wp:featuredmedia":[{"embeddable":true,"href":"https:\/\/diamondspa.sk\/sk\/wp-json\/wp\/v2\/media\/12672"}],"wp:attachment":[{"href":"https:\/\/diamondspa.sk\/sk\/wp-json\/wp\/v2\/media?parent=12671"}],"wp:term":[{"taxonomy":"product_brand","embeddable":true,"href":"https:\/\/diamondspa.sk\/sk\/wp-json\/wp\/v2\/product_brand?post=12671"},{"taxonomy":"product_cat","embeddable":true,"href":"https:\/\/diamondspa.sk\/sk\/wp-json\/wp\/v2\/product_cat?post=12671"},{"taxonomy":"product_tag","embeddable":true,"href":"https:\/\/diamondspa.sk\/sk\/wp-json\/wp\/v2\/product_tag?post=12671"}],"curies":[{"name":"wp","href":"https:\/\/api.w.org\/{rel}","templated":true}]}}