{"id":12676,"date":"2024-03-10T00:17:33","date_gmt":"2024-03-09T23:17:33","guid":{"rendered":"https:\/\/diamondspa.sk\/product\/sanotechnik-quickline-punto-sprchovy-box-stvrtkruh-90x90x215cm\/"},"modified":"2025-08-15T08:38:24","modified_gmt":"2025-08-15T06:38:24","slug":"sanotechnik-quickline-punto-sprchovy-box-stvrtkruh-90x90x215cm","status":"publish","type":"product","link":"https:\/\/diamondspa.sk\/sk\/produkt\/sanotechnik-quickline-punto-sprchovy-box-stvrtkruh-90x90x215cm\/","title":{"rendered":"Sanotechnik &#8211; QuickLine Punto &#8211; sprchov\u00fd box \u0161tvr\u0165kruh &#8211; 90x90x215cm"},"content":{"rendered":"<p><span style=\"color: #000000;\"><span style=\"font-size: 12pt;\"><strong>POPIS<\/strong><\/span><\/span><\/p>\n<ul>\n<li><span style=\"color: #000000;\"><span style=\"font-size: 12pt;\">Posuvn\u00e9 dvere z 4 mm bezpe\u010dnostn\u00e9ho skla<\/span><\/span><\/li>\n<li><span style=\"color: #000000;\"><span style=\"font-size: 12pt;\">Dvojit\u00e9 kolieska<\/span><\/span><\/li>\n<li><span style=\"color: #000000;\"><span style=\"font-size: 12pt;\">Hlavov\u00e1 sprcha<\/span><\/span><\/li>\n<li><span style=\"color: #000000;\"><span style=\"font-size: 12pt;\">Ru\u010dn\u00e1 sprcha<\/span><\/span><\/li>\n<li><span style=\"color: #000000;\"><span style=\"font-size: 12pt;\">6 trysiek<\/span><\/span><\/li>\n<li><span style=\"color: #000000;\"><span style=\"font-size: 12pt;\">Sklenen\u00e1 polica<\/span><\/span><\/li>\n<li><span style=\"color: #000000;\"><span style=\"font-size: 12pt;\">Akryl\u00e1tov\u00e1 vani\u010dka s kvalitnou kovovou v\u00fdstu\u017eou s 5-timi nastavite\u013en\u00fdmi no\u017ei\u010dkami<\/span><\/span><\/li>\n<li><span style=\"color: #000000;\"><span style=\"font-size: 12pt;\">V\u00fd\u0161ka samotnej vani\u010dky je 14,3 cm<\/span><\/span><\/li>\n<li><span style=\"color: #000000;\"><span style=\"font-size: 12pt;\">Celkov\u00e1 v\u00fd\u0161ka vani\u010dky so spodnou vodiacou li\u0161tou je 18 cm<\/span><\/span><\/li>\n<\/ul>\n<p><span style=\"font-size: 12pt;\"><strong>FAREBNOS\u0164<\/strong><br \/><strong>\u010dierny<\/strong> &#8211; dod\u00e1 va\u0161ej k\u00fape\u013eni vysok\u00fa eleganciu<\/span><\/p>\n<p><span style=\"font-size: 12pt;\"><strong>OSTATN\u00c9 V\u00ddHODY<\/strong><br \/>V\u010faka syst\u00e9mu QuickLine <strong>mont\u00e1\u017e zvl\u00e1dnete aj sami<\/strong> a <strong>u\u0161etr\u00edte <\/strong>peniaze <strong>za technika<\/strong><br \/>\u017eiaden silik\u00f3n &#8211; <strong>\u017eiadne plesne<\/strong> okolo boxu<br \/><strong>Dvojit\u00e9 kolieska<\/strong> zabeze\u010dia <strong>\u013eah\u0161\u00ed chod dver\u00ed<\/strong> a vydr\u017eia dlh\u0161ie<br \/><strong>Samonosn\u00e1 kon\u0161trukcia<\/strong> &#8211;<strong> \u017eiadne vrtanie <\/strong>do stien, sta\u010d\u00ed zlo\u017ei\u0165 a zasun\u00fa\u0165 do rohu<br \/>Stre\u0161n\u00e1 sprcha &#8211; <strong>vy\u0161\u00ed komfort pri sprchovan\u00ed<\/strong><br \/>Bez sed\u00e1tka &#8211; <strong>viac priestoru na sprchovanie<\/strong><br \/><strong>Nizka cena<\/strong> &#8211; ni\u017e\u0161ia cena oproti k\u00fatu s vani\u010dkou, bat\u00e9riou a sprchou<\/span><\/p>\n<p><span style=\"font-size: 12pt;\"><strong><strong>PRE\u010cO RAK\u00daSKY SANOTECHNIK?<br \/><\/strong>&#8211; 30 ro\u010dn\u00e1 trad\u00edcia zna\u010dky<br \/><\/strong>&#8211; zast\u00fapenie<strong> v 19tich krajin\u00e1ch<\/strong> sveta<strong><br \/>&#8211; vlastn\u00e9 v\u00fdrobn\u00e9 z\u00e1vody<\/strong> pre sprch. k\u00faty\/dvere\/z\u00e1steny, vani\u010dky, vane a n\u00e1bytok<strong><br \/><\/strong>&#8211; dov\u00e1\u017eame tovar priamo z Rak\u00faska ku v\u00e1m domov<br \/><strong>&#8211; priamy dovoz<\/strong> = n\u00edzka cena, r\u00fdchle dodanie a najlep\u0161ie servisn\u00e9 slu\u017eby<strong><br \/><\/strong><\/span><\/p>\n<p><span style=\"font-size: 12pt;\"><strong><strong>RAK\u00daSKY PATENTOVAN\u00dd SYST\u00c9M MONT\u00c1\u017dE &#8222;QUICKLINE &#8211; R\u00ddCHLA MONT\u00c1\u017d&#8220;<\/strong><br \/><\/strong>Tento syst\u00e9m pre sprchov\u00e9 boxy je <strong>najnov\u0161ou inov\u00e1ciou<\/strong> od <strong>rak\u00faskej spolo\u010dnosti Sanotechnik<\/strong>. Pracuje <strong>bez silik\u00f3nov a bez pou\u017eitia n\u00e1strojov<\/strong>. Predmontovan\u00e9 \u010dasti do seba \u013eahko zapadn\u00fa, tak\u017ee <strong>mont\u00e1\u017e zvl\u00e1dnete aj sami<\/strong> a u\u0161etr\u00edte peniaze za technika. <strong>Unik\u00e1tny hlin\u00edkov\u00fd profil zabezpe\u010duje 100% stabiln\u00fa r\u00e1mov\u00fa kon\u0161trukciu<\/strong>. \u010dasti do seba prec\u00edzne zapadaj\u00fa a tak s\u00fa <strong>\u00faplne vodotesn\u00e9<\/strong>, tak\u017ee nie je potrebn\u00fd <strong>\u017eiaden silik\u00f3n<\/strong>, a teda <strong>vyhnete sa plesniam v k\u00fape\u013eni<\/strong>.<\/span><\/p>\n<p><strong>Katal\u00f3g:<\/strong><\/p>\n<p><a href=\"\/fotky1950\/Katal%C3%B3gy\/shower_DE2023.pdf\" target=\"_blank\" rel=\"noopener\"><img fetchpriority=\"high\" decoding=\"async\" src=\"https:\/\/diamondspa.sk\/wp-content\/uploads\/2024\/03\/titulka.png\" width=\"462\" height=\"654\" alt=\"\" style=\"display: block; margin-left: auto; margin-right: auto;\"><\/a><\/p>\n<p><strong>Video k mont\u00e1\u017ei:<\/strong><\/p>\n<p><span style=\"font-size: 12pt;\"><iframe width=\"560\" height=\"314\" src=\"https:\/\/www.youtube.com\/embed\/HtnBkH_XxVI\" allowfullscreen=\"allowfullscreen\"><\/iframe><\/span><\/p>\n","protected":false},"excerpt":{"rendered":"<p>POPIS Posuvn\u00e9 dvere z 4 mm bezpe\u010dnostn\u00e9ho skla Dvojit\u00e9 kolieska Hlavov\u00e1 sprcha Ru\u010dn\u00e1 sprcha 6 trysiek Sklenen\u00e1 polica Akryl\u00e1tov\u00e1 vani\u010dka s kvalitnou kovovou v\u00fdstu\u017eou s 5-timi nastavite\u013en\u00fdmi no\u017ei\u010dkami V\u00fd\u0161ka samotnej vani\u010dky je 14,3 cm Celkov\u00e1 v\u00fd\u0161ka vani\u010dky so spodnou vodiacou li\u0161tou je 18 cm FAREBNOS\u0164\u010dierny &#8211; dod\u00e1 va\u0161ej k\u00fape\u013eni vysok\u00fa eleganciu OSTATN\u00c9 V\u00ddHODYV\u010faka syst\u00e9mu QuickLine [&hellip;]<\/p>\n","protected":false},"featured_media":12677,"comment_status":"closed","ping_status":"open","template":"","meta":[],"product_brand":[2703],"product_cat":[111],"product_tag":[],"class_list":{"0":"post-12676","1":"product","2":"type-product","3":"status-publish","4":"has-post-thumbnail","6":"product_brand-sanotechnik","7":"product_cat-masazne-sprchove-boxy","8":"pa_sirka-90-cm","9":"pa_umiestnenie-do-rohu","10":"pa_vaha-9070-kg","11":"pa_vyrobca-sanotechnik-rakusko","12":"pa_vyska-215-cm","13":"pa_zaruka-2-roky","15":"first","16":"outofstock","17":"sale","18":"taxable","19":"shipping-taxable","20":"purchasable","21":"product-type-simple"},"_links":{"self":[{"href":"https:\/\/diamondspa.sk\/sk\/wp-json\/wp\/v2\/product\/12676","targetHints":{"allow":["GET"]}}],"collection":[{"href":"https:\/\/diamondspa.sk\/sk\/wp-json\/wp\/v2\/product"}],"about":[{"href":"https:\/\/diamondspa.sk\/sk\/wp-json\/wp\/v2\/types\/product"}],"replies":[{"embeddable":true,"href":"https:\/\/diamondspa.sk\/sk\/wp-json\/wp\/v2\/comments?post=12676"}],"wp:featuredmedia":[{"embeddable":true,"href":"https:\/\/diamondspa.sk\/sk\/wp-json\/wp\/v2\/media\/12677"}],"wp:attachment":[{"href":"https:\/\/diamondspa.sk\/sk\/wp-json\/wp\/v2\/media?parent=12676"}],"wp:term":[{"taxonomy":"product_brand","embeddable":true,"href":"https:\/\/diamondspa.sk\/sk\/wp-json\/wp\/v2\/product_brand?post=12676"},{"taxonomy":"product_cat","embeddable":true,"href":"https:\/\/diamondspa.sk\/sk\/wp-json\/wp\/v2\/product_cat?post=12676"},{"taxonomy":"product_tag","embeddable":true,"href":"https:\/\/diamondspa.sk\/sk\/wp-json\/wp\/v2\/product_tag?post=12676"}],"curies":[{"name":"wp","href":"https:\/\/api.w.org\/{rel}","templated":true}]}}