{"id":12686,"date":"2024-03-10T00:17:33","date_gmt":"2024-03-09T23:17:33","guid":{"rendered":"https:\/\/diamondspa.sk\/product\/sanotechnik-quickline-comfort-sprchovy-box-stvrtkruh-100-x-100-x-215-cm\/"},"modified":"2025-08-15T08:38:24","modified_gmt":"2025-08-15T06:38:24","slug":"sanotechnik-quickline-comfort-sprchovy-box-stvrtkruh-100-x-100-x-215-cm","status":"publish","type":"product","link":"https:\/\/diamondspa.sk\/sk\/produkt\/sanotechnik-quickline-comfort-sprchovy-box-stvrtkruh-100-x-100-x-215-cm\/","title":{"rendered":"Sanotechnik &#8211; QuickLine Comfort &#8211; sprchov\u00fd box \u0161tvr\u0165kruh 100 x 100 x 215 cm"},"content":{"rendered":"<h2><span class=\"page-name\" style=\"font-size: 12pt;\"> COMFORT \u0160tvr\u0165kruhov\u00fd hydromas\u00e1\u017eny sprchovac\u00ed box 100x100x215 cm CL100 <\/span><\/h2>\n<p>Sprchovac\u00ed box COMFORT je skvel\u00fdm n\u00e1strojom pre hydroterapiu. Starostlivo umiestnen\u00e9 trysky znamenaj\u00fa, \u017ee ka\u017ed\u00fd k\u00fape\u013e m\u00e1 \u0161ancu zlep\u0161i\u0165 krvn\u00fd obeh a zmierni\u0165 boles\u0165 svalov. Schopnos\u0165 ovl\u00e1da\u0165 osvetlenie pomocou \u0161peci\u00e1lneho panelu zais\u0165uje pr\u00edjemn\u00fa a relaxa\u010dn\u00fa atmosf\u00e9ru a \u010fal\u0161ia v\u00fdhoda v podobe r\u00e1dia upokojuje zmysly hudbou. <br \/>Box je vhodn\u00fd ako do malej k\u00fape\u013ene, tak do alt\u00e1nku alebo drevenice. V\u0161etko potrebn\u00e9 pr\u00edslu\u0161enstvo je s\u00fa\u010das\u0165ou sady. <br \/>Unik\u00e1tny syst\u00e9m <strong> Quick Line <\/strong> umo\u017e\u0148uje samostatn\u00fa mont\u00e1\u017e bez pou\u017eitia silik\u00f3nov a nutnosti zn\u00e1\u0161a\u0165 \u010fal\u0161ie n\u00e1klady spojen\u00e9 so zamestn\u00e1van\u00edm \u0161pecialistu. <strong> <br \/><\/strong><\/p>\n<p><strong> Syst\u00e9m Quick Line <\/p>\n<p>Jedin\u00fd syst\u00e9m r\u00fdchlej mont\u00e1\u017ee Quick Line v\u00e1m umo\u017en\u00ed zostavi\u0165 si n\u00e1\u0161 box svojpomocne bez nutnosti v\u0155tania alebo zne\u010distenia silik\u00f3nom. To nielen \u0161etr\u00ed n\u00e1klady na zamestnanie \u010fal\u0161ieho \u0161pecialistu, ale aj u\u013eah\u010duje \u00fadr\u017ebu &#8211; syst\u00e9m Quick Line je zalo\u017een\u00fd na in\u0161tal\u00e1cii bez pou\u017eitia silik\u00f3nu a pri zabezpe\u010den\u00ed trvalej tesnosti boxu. <\/strong><\/p>\n<p><strong>Rozmery: 100 x 100 x 215 cm <\/strong><\/p>\n<ul>\n<li>predn\u00e9 steny a posuvn\u00e9 dvere z prieh\u013eadn\u00e9ho bezpe\u010dnostn\u00e9ho skla 5 mm (tvrden\u00e9)<\/li>\n<li>zadn\u00e9 strany z \u010dierneho tvrden\u00e9ho skla<\/li>\n<li>dvojit\u00e9 posuvn\u00e9 dvere<\/li>\n<li>6 mas\u00e1\u017enych trysiek na sprchovom paneli<\/li>\n<li>hlin\u00edkov\u00fd profil<\/li>\n<li>poli\u010dka na kozmetiku<\/li>\n<li>ru\u010dn\u00e1 a stropn\u00e1 sprcha<\/li>\n<li>sklopn\u00e9 sedadlo<\/li>\n<li>elektronick\u00fd ovl\u00e1dac\u00ed panel<\/li>\n<li>panel s LED osvetlen\u00edm<\/li>\n<li><strong> sprchov\u00e1 vani\u010dka s predn\u00fdm panelom (vr\u00e1tane sif\u00f3nu) <\/strong><\/li>\n<li><span class=\"underline\"> r\u00e1dio + reproduktor <\/span><\/li>\n<li>spodn\u00e9 val\u010deky s r\u00fdchloup\u00ednac\u00edm syst\u00e9mom dver\u00ed pre \u013eahk\u00e9 \u010distenie kab\u00edny<\/li>\n<\/ul>\n<p>In\u0161tal\u00e1cia boxu nikdy nebola tak\u00e1 \u013eahk\u00e1 a r\u00fdchla.<\/p>\n<p><strong>Katal\u00f3g:<\/strong><\/p>\n<p><a href=\"\/fotky1950\/Katal%C3%B3gy\/shower_DE2023.pdf\" target=\"_blank\" rel=\"noopener\"><img fetchpriority=\"high\" decoding=\"async\" src=\"https:\/\/diamondspa.sk\/wp-content\/uploads\/2024\/03\/titulka.png\" width=\"462\" height=\"654\" alt=\"\" style=\"display: block; margin-left: auto; margin-right: auto;\"><\/a><br \/>Ako zostavi\u0165 box? Proces mont\u00e1\u017ee je uveden\u00fd vo videu ni\u017e\u0161ie.<\/p>\n<p class=\"center\"><iframe width=\"560\" height=\"315\" src=\"https:\/\/www.youtube.com\/embed\/JQzRWu74eyQ?rel=0&amp;showinfo=0\" frameborder=\"0\" allowfullscreen=\"allowfullscreen\"> <\/iframe><\/p>\n","protected":false},"excerpt":{"rendered":"<p>COMFORT \u0160tvr\u0165kruhov\u00fd hydromas\u00e1\u017eny sprchovac\u00ed box 100x100x215 cm CL100 Sprchovac\u00ed box COMFORT je skvel\u00fdm n\u00e1strojom pre hydroterapiu. Starostlivo umiestnen\u00e9 trysky znamenaj\u00fa, \u017ee ka\u017ed\u00fd k\u00fape\u013e m\u00e1 \u0161ancu zlep\u0161i\u0165 krvn\u00fd obeh a zmierni\u0165 boles\u0165 svalov. Schopnos\u0165 ovl\u00e1da\u0165 osvetlenie pomocou \u0161peci\u00e1lneho panelu zais\u0165uje pr\u00edjemn\u00fa a relaxa\u010dn\u00fa atmosf\u00e9ru a \u010fal\u0161ia v\u00fdhoda v podobe r\u00e1dia upokojuje zmysly hudbou. Box je vhodn\u00fd [&hellip;]<\/p>\n","protected":false},"featured_media":12687,"comment_status":"closed","ping_status":"open","template":"","meta":[],"product_brand":[2703],"product_cat":[111],"product_tag":[],"class_list":{"0":"post-12686","1":"product","2":"type-product","3":"status-publish","4":"has-post-thumbnail","6":"product_brand-sanotechnik","7":"product_cat-masazne-sprchove-boxy","8":"pa_sirka-100-cm","9":"pa_umiestnenie-do-rohu","10":"pa_vaha-105-kg","11":"pa_vyrobca-sanotechnik-rakusko","12":"pa_vyska-215-cm","13":"pa_zaruka-2-roky","15":"first","16":"instock","17":"sale","18":"taxable","19":"shipping-taxable","20":"purchasable","21":"product-type-simple"},"_links":{"self":[{"href":"https:\/\/diamondspa.sk\/sk\/wp-json\/wp\/v2\/product\/12686","targetHints":{"allow":["GET"]}}],"collection":[{"href":"https:\/\/diamondspa.sk\/sk\/wp-json\/wp\/v2\/product"}],"about":[{"href":"https:\/\/diamondspa.sk\/sk\/wp-json\/wp\/v2\/types\/product"}],"replies":[{"embeddable":true,"href":"https:\/\/diamondspa.sk\/sk\/wp-json\/wp\/v2\/comments?post=12686"}],"wp:featuredmedia":[{"embeddable":true,"href":"https:\/\/diamondspa.sk\/sk\/wp-json\/wp\/v2\/media\/12687"}],"wp:attachment":[{"href":"https:\/\/diamondspa.sk\/sk\/wp-json\/wp\/v2\/media?parent=12686"}],"wp:term":[{"taxonomy":"product_brand","embeddable":true,"href":"https:\/\/diamondspa.sk\/sk\/wp-json\/wp\/v2\/product_brand?post=12686"},{"taxonomy":"product_cat","embeddable":true,"href":"https:\/\/diamondspa.sk\/sk\/wp-json\/wp\/v2\/product_cat?post=12686"},{"taxonomy":"product_tag","embeddable":true,"href":"https:\/\/diamondspa.sk\/sk\/wp-json\/wp\/v2\/product_tag?post=12686"}],"curies":[{"name":"wp","href":"https:\/\/api.w.org\/{rel}","templated":true}]}}