{"id":12698,"date":"2024-03-10T00:17:33","date_gmt":"2024-03-09T23:17:33","guid":{"rendered":"https:\/\/diamondspa.sk\/product\/sanotechnik-quickline-scala-sprchovy-box-stvrtkruh-90x90x215-cm-biely\/"},"modified":"2025-08-15T08:38:23","modified_gmt":"2025-08-15T06:38:23","slug":"sanotechnik-quickline-scala-sprchovy-box-stvrtkruh-90x90x215-cm-biely","status":"publish","type":"product","link":"https:\/\/diamondspa.sk\/sk\/produkt\/sanotechnik-quickline-scala-sprchovy-box-stvrtkruh-90x90x215-cm-biely\/","title":{"rendered":"Sanotechnik &#8211; QuickLine Scala &#8211; sprchov\u00fd box \u0161tvr\u0165kruh 90x90x215 cm &#8211; biely"},"content":{"rendered":"<p>Sprchov\u00fd box z kolekcie QuickLine od SANOTECHNIK Scala predstavuje excelentn\u00e9 rie\u0161enie.<\/p>\n<p>R\u00fdchla, jednoduch\u00e1 a bezchybn\u00e1 in\u0161tal\u00e1cia bez potreby pou\u017eitia silik\u00f3nu, spo\u013eahliv\u00e9 komponenty s dlhodobou \u017eivotnos\u0165ou a robustn\u00e1 kon\u0161trukcia so z\u00e1rukou vysok\u00e9ho \u0161tandardu kvality.<\/p>\n<p><span style=\"color: #000000;\"><span style=\"font-size: 12pt;\"><strong>POPIS<\/strong><\/span><\/span><\/p>\n<ul>\n<li><span style=\"font-size: 12pt;\">Posuvn\u00e9 dvere z 5 mm bezpe\u010dnostn\u00e9ho skla<br \/><\/span><\/li>\n<li><span style=\"font-size: 12pt;\">Dvojit\u00e9 kolieska<br \/><\/span><\/li>\n<li><span style=\"font-size: 12pt;\">Hlinikov\u00e9 profily<br \/><\/span><\/li>\n<li><span style=\"font-size: 12pt;\">Hlavov\u00e1 sprcha <br \/><\/span><\/li>\n<li><span style=\"font-size: 12pt;\">Ru\u010dn\u00e1 sprcha<br \/><\/span><\/li>\n<li><span style=\"font-size: 12pt;\">6 trysiek<br \/><\/span><\/li>\n<li><span style=\"font-size: 12pt;\">Sklenen\u00e1 polica<br \/><\/span><\/li>\n<li><span style=\"font-size: 12pt;\">R\u00e1dio<br \/><\/span><\/li>\n<li><span style=\"font-size: 12pt;\">Ventil\u00e1tor<br \/><\/span><\/li>\n<li><span style=\"font-size: 12pt;\">LED osvetlenie<br \/><\/span><\/li>\n<li><span style=\"font-size: 12pt;\">Skl\u00e1pate\u013en\u00e9 sed\u00e1tko<br \/><\/span><\/li>\n<li><span style=\"font-size: 12pt;\">Akryl\u00e1tov\u00e1 vani\u010dka s kvalitnou kovovou v\u00fdstu\u017eou s 5-timi nastavite\u013en\u00fdmi no\u017ei\u010dkami<br \/><\/span><\/li>\n<li><span style=\"font-size: 12pt;\">V\u00fd\u0161ka samotnej vani\u010dky je 14,3 cm<br \/><\/span><\/li>\n<li><span style=\"font-size: 12pt;\">Celkov\u00e1 v\u00fd\u0161ka vani\u010dky so spodnou vodiacou li\u0161tou je 18 cm <br \/><\/span><\/li>\n<\/ul>\n<p><span style=\"font-size: 12pt;\"><strong>OSTATN\u00c9 V\u00ddHODY<\/strong><br \/>V\u010faka syst\u00e9mu QuickLine <strong>mont\u00e1\u017e zvl\u00e1dnete aj sami <\/strong>a u\u0161etr\u00edte peniaze za technika<br \/><strong>\u017diaden silik\u00f3n &#8211; \u017eiadne plesne<\/strong> okolo boxu<br \/><strong>Dvojit\u00e9 kolieska<\/strong> zabeze\u010dia<strong> \u013eah\u0161\u00ed chod dver\u00ed<\/strong> a vydr\u017eia dlh\u0161ie<br \/>Samonosn\u00e1 kon\u0161trukcia &#8211; \u017eiadne vrtanie do stien, sta\u010d\u00ed zlo\u017ei\u0165 a zasun\u00fa\u0165 do rohu<br \/><strong>Sed\u00e1tko <\/strong>V\u00e1m <strong>zabezpe\u010d\u00ed oddych pri sprchovan\u00ed<\/strong> po n\u00e1ro\u010dnom dni<br \/><strong>Stre\u0161n\u00e1 sprcha &#8211; zvy\u0161uje komfort<\/strong> pri sprchovan\u00ed<\/span><\/p>\n<p><span style=\"font-size: 12pt;\"><strong>PRE\u010cO RAK\u00daSKY SANOTECHNIK?<\/strong><\/span><\/p>\n<ul>\n<li><span style=\"font-size: 12pt;\"><strong>30 ro\u010dn\u00e1 trad\u00edcia zna\u010dky<\/strong><br \/><\/span><\/li>\n<li><span style=\"font-size: 12pt;\">\u00a0zast\u00fapenie <strong>v 19tich krajin\u00e1ch<\/strong> sveta<br \/><\/span><\/li>\n<li><span style=\"font-size: 12pt;\"><strong>vlastn\u00e9 v\u00fdrobn\u00e9 z\u00e1vody<\/strong> pre sprch. k\u00faty\/dvere\/z\u00e1steny, vani\u010dky, vane a n\u00e1bytok<br \/><\/span><\/li>\n<li><span style=\"font-size: 12pt;\">dov\u00e1\u017eame tovar priamo z Rak\u00faska ku v\u00e1m domov<br \/><\/span><\/li>\n<li><span style=\"font-size: 12pt;\"><strong>priamy dovoz<\/strong> = n\u00edzka cena, r\u00fdchle dodanie a najlep\u0161ie servisn\u00e9 slu\u017eby<br \/><\/span><\/li>\n<\/ul>\n<p><span style=\"font-size: 12pt;\"><strong>RAK\u00daSKY PATENTOVAN\u00dd SYST\u00c9M MONT\u00c1\u017dE &#8222;QUICKLINE &#8211; R\u00ddCHLA MONT\u00c1\u017d&#8220;<\/strong><br \/>Tento syst\u00e9m pre sprchov\u00e9 boxy je <strong>najnov\u0161ou inov\u00e1ciou<\/strong> od rak\u00faskej spolo\u010dnosti<strong> Sanotechnik<\/strong>. Pracuje<strong> bez silik\u00f3nov a bez pou\u017eitia n\u00e1strojov<\/strong>. Predmontovan\u00e9 \u010dasti do seba \u013eahko zapadn\u00fa, tak\u017ee <strong>mont\u00e1\u017e zvl\u00e1dnete aj sami<\/strong> a u\u0161etr\u00edte peniaze za technika. Unik\u00e1tny hlin\u00edkov\u00fd profil zabezpe\u010duje 100% stabiln\u00fa r\u00e1mov\u00fa kon\u0161trukciu. \u010dasti do seba prec\u00edzne zapadaj\u00fa a tak s\u00fa<strong> <\/strong>\u00faplne vodotesn\u00e9, tak\u017ee nie je potrebn\u00fd<strong> \u017eiaden silik\u00f3n<\/strong>, a teda vyhnete sa plesniam v k\u00fape\u013eni<strong>.<\/strong><\/span><\/p>\n<p><strong>Katal\u00f3g:<\/strong><\/p>\n<p><a href=\"\/fotky1950\/Katal%C3%B3gy\/shower_DE2023.pdf\" target=\"_blank\" rel=\"noopener\"><img fetchpriority=\"high\" decoding=\"async\" src=\"https:\/\/diamondspa.sk\/wp-content\/uploads\/2024\/03\/titulka.png\" width=\"462\" height=\"654\" alt=\"\" style=\"display: block; margin-left: auto; margin-right: auto;\"><\/a><\/p>\n<p><strong>Video k mont\u00e1\u017ei:<\/strong><\/p>\n<p><span style=\"font-size: 12pt;\"><strong><iframe width=\"560\" height=\"314\" src=\"https:\/\/www.youtube.com\/embed\/HtnBkH_XxVI\" allowfullscreen=\"allowfullscreen\"><\/iframe><\/strong><\/span><\/p>\n","protected":false},"excerpt":{"rendered":"<p>Sprchov\u00fd box z kolekcie QuickLine od SANOTECHNIK Scala predstavuje excelentn\u00e9 rie\u0161enie. R\u00fdchla, jednoduch\u00e1 a bezchybn\u00e1 in\u0161tal\u00e1cia bez potreby pou\u017eitia silik\u00f3nu, spo\u013eahliv\u00e9 komponenty s dlhodobou \u017eivotnos\u0165ou a robustn\u00e1 kon\u0161trukcia so z\u00e1rukou vysok\u00e9ho \u0161tandardu kvality. POPIS Posuvn\u00e9 dvere z 5 mm bezpe\u010dnostn\u00e9ho skla Dvojit\u00e9 kolieska Hlinikov\u00e9 profily Hlavov\u00e1 sprcha Ru\u010dn\u00e1 sprcha 6 trysiek Sklenen\u00e1 polica R\u00e1dio Ventil\u00e1tor [&hellip;]<\/p>\n","protected":false},"featured_media":12699,"comment_status":"closed","ping_status":"open","template":"","meta":[],"product_brand":[2703],"product_cat":[111],"product_tag":[],"class_list":{"0":"post-12698","1":"product","2":"type-product","3":"status-publish","4":"has-post-thumbnail","6":"product_brand-sanotechnik","7":"product_cat-masazne-sprchove-boxy","8":"pa_sirka-90-cm","9":"pa_umiestnenie-do-rohu","10":"pa_vaha-9120-kg","11":"pa_vyrobca-sanotechnik-rakusko","12":"pa_vyska-215-cm","13":"pa_zaruka-2-roky","15":"first","16":"instock","17":"sale","18":"taxable","19":"shipping-taxable","20":"purchasable","21":"product-type-simple"},"_links":{"self":[{"href":"https:\/\/diamondspa.sk\/sk\/wp-json\/wp\/v2\/product\/12698","targetHints":{"allow":["GET"]}}],"collection":[{"href":"https:\/\/diamondspa.sk\/sk\/wp-json\/wp\/v2\/product"}],"about":[{"href":"https:\/\/diamondspa.sk\/sk\/wp-json\/wp\/v2\/types\/product"}],"replies":[{"embeddable":true,"href":"https:\/\/diamondspa.sk\/sk\/wp-json\/wp\/v2\/comments?post=12698"}],"wp:featuredmedia":[{"embeddable":true,"href":"https:\/\/diamondspa.sk\/sk\/wp-json\/wp\/v2\/media\/12699"}],"wp:attachment":[{"href":"https:\/\/diamondspa.sk\/sk\/wp-json\/wp\/v2\/media?parent=12698"}],"wp:term":[{"taxonomy":"product_brand","embeddable":true,"href":"https:\/\/diamondspa.sk\/sk\/wp-json\/wp\/v2\/product_brand?post=12698"},{"taxonomy":"product_cat","embeddable":true,"href":"https:\/\/diamondspa.sk\/sk\/wp-json\/wp\/v2\/product_cat?post=12698"},{"taxonomy":"product_tag","embeddable":true,"href":"https:\/\/diamondspa.sk\/sk\/wp-json\/wp\/v2\/product_tag?post=12698"}],"curies":[{"name":"wp","href":"https:\/\/api.w.org\/{rel}","templated":true}]}}