{"id":12706,"date":"2024-03-10T00:17:33","date_gmt":"2024-03-09T23:17:33","guid":{"rendered":"https:\/\/diamondspa.sk\/product\/sanotechnik-sky-1-stvrtkruhovy-sprchovaci-kut-s-hydromasazou-90x90x225-cm\/"},"modified":"2025-08-15T08:38:23","modified_gmt":"2025-08-15T06:38:23","slug":"sanotechnik-sky-1-stvrtkruhovy-sprchovaci-kut-s-hydromasazou-90x90x225-cm","status":"publish","type":"product","link":"https:\/\/diamondspa.sk\/sk\/produkt\/sanotechnik-sky-1-stvrtkruhovy-sprchovaci-kut-s-hydromasazou-90x90x225-cm\/","title":{"rendered":"Sanotechnik &#8211; SKY 1 &#8211; \u0160tvr\u0165kruhov\u00fd sprchovac\u00ed k\u00fat s hydromas\u00e1\u017eou, 90x90x225 cm"},"content":{"rendered":"<pre id=\"tw-target-text\" class=\"tw-data-text tw-text-large XcVN5d tw-ta\" dir=\"ltr\" data-placeholder=\"Preklad\"><span lang=\"sk\" style=\"font-family: arial, helvetica, sans-serif;\">SKY 1 \u0160tvr\u0165kruhov\u00fd sprchovac\u00ed k\u00fat s hydromas\u00e1\u017eou, 90x90x225 cm CL73\nUnik\u00e1tny syst\u00e9m Quick Line umo\u017e\u0148uje samostatn\u00fa mont\u00e1\u017e bez pou\u017eitia silik\u00f3nov a nutnosti <br>zn\u00e1\u0161a\u0165 \u010fal\u0161ie n\u00e1klady spojen\u00e9 so zamestnan\u00edm \u0161pecialistu.\n<strong>Syst\u00e9m Quick Line\n<\/strong>\n<\/span><\/pre>\n<ul>\n<li class=\"tw-data-text tw-text-large XcVN5d tw-ta\" dir=\"ltr\" data-placeholder=\"Preklad\"><span lang=\"sk\" style=\"font-family: arial, helvetica, sans-serif;\">dvojit\u00e9 posuvn\u00e9 dvere <\/span><\/li>\n<li class=\"tw-data-text tw-text-large XcVN5d tw-ta\" dir=\"ltr\" data-placeholder=\"Preklad\"><span lang=\"sk\" style=\"font-family: arial, helvetica, sans-serif;\">bo\u010dn\u00e9 a zadn\u00e9 steny z bezpe\u010dnostn\u00e9ho skla <\/span><\/li>\n<li class=\"tw-data-text tw-text-large XcVN5d tw-ta\" dir=\"ltr\" data-placeholder=\"Preklad\"><span lang=\"sk\" style=\"font-family: arial, helvetica, sans-serif;\">sklenen\u00fd panel s 3-funk\u010dn\u00fdmi sp\u00edna\u010dmi s mas\u00e1\u017enymi tryskami <\/span><\/li>\n<li class=\"tw-data-text tw-text-large XcVN5d tw-ta\" dir=\"ltr\" data-placeholder=\"Preklad\"><span lang=\"sk\" style=\"font-family: arial, helvetica, sans-serif;\">panel pokryt\u00fd \u010diernou nehrdzavej\u00facou oce\u013eou <\/span><\/li>\n<li class=\"tw-data-text tw-text-large XcVN5d tw-ta\" dir=\"ltr\" data-placeholder=\"Preklad\"><span lang=\"sk\" style=\"font-family: arial, helvetica, sans-serif;\">\u010dierne matn\u00e9 hlin\u00edkov\u00e9 profily <\/span><\/li>\n<li class=\"tw-data-text tw-text-large XcVN5d tw-ta\" dir=\"ltr\" data-placeholder=\"Preklad\"><span lang=\"sk\" style=\"font-family: arial, helvetica, sans-serif;\">Rukov\u00e4te ABS v \u010diernej farbe <\/span><\/li>\n<li class=\"tw-data-text tw-text-large XcVN5d tw-ta\" dir=\"ltr\" data-placeholder=\"Preklad\"><span lang=\"sk\" style=\"font-family: arial, helvetica, sans-serif;\">dvojit\u00e9 \u010dierne rolky <\/span><\/li>\n<li class=\"tw-data-text tw-text-large XcVN5d tw-ta\" dir=\"ltr\" data-placeholder=\"Preklad\"><span lang=\"sk\" style=\"font-family: arial, helvetica, sans-serif;\">detsk\u00fd baz\u00e9nik so sif\u00f3nom <\/span><\/li>\n<li class=\"tw-data-text tw-text-large XcVN5d tw-ta\" dir=\"ltr\" data-placeholder=\"Preklad\"><span lang=\"sk\" style=\"font-family: arial, helvetica, sans-serif;\">strecha s ve\u013ek\u00fdmi zr\u00e1\u017ekami <\/span><\/li>\n<li class=\"tw-data-text tw-text-large XcVN5d tw-ta\" dir=\"ltr\" data-placeholder=\"Preklad\"><span lang=\"sk\" style=\"font-family: arial, helvetica, sans-serif;\">\u010dierna sprchov\u00e1 hadica \u010dierna <\/span><\/li>\n<li class=\"tw-data-text tw-text-large XcVN5d tw-ta\" dir=\"ltr\" data-placeholder=\"Preklad\"><span lang=\"sk\" style=\"font-family: arial, helvetica, sans-serif;\">3funk\u010dn\u00e1 ru\u010dn\u00e1 sprcha <\/span><\/li>\n<li class=\"tw-data-text tw-text-large XcVN5d tw-ta\" dir=\"ltr\" data-placeholder=\"Preklad\"><span lang=\"sk\" style=\"font-family: arial, helvetica, sans-serif;\">sklenen\u00e1 polica na kozmetiku<\/span><\/li>\n<\/ul>\n<p><span lang=\"sk\" style=\"font-family: arial, helvetica, sans-serif;\">Ako zostavi\u0165 kab\u00ednu? In\u0161tal\u00e1cia kab\u00edny nikdy nebola tak\u00e1 \u013eahk\u00e1 a r\u00fdchla. <\/span><\/p>\n<p><strong>Katal\u00f3g:<\/strong><\/p>\n<p><a href=\"\/fotky1950\/Katal%C3%B3gy\/shower_DE2023.pdf\" target=\"_blank\" rel=\"noopener\"><img fetchpriority=\"high\" decoding=\"async\" src=\"https:\/\/diamondspa.sk\/wp-content\/uploads\/2024\/03\/titulka.png\" width=\"462\" height=\"654\" alt=\"\" style=\"display: block; margin-left: auto; margin-right: auto;\"><\/a><\/p>\n","protected":false},"excerpt":{"rendered":"<p>SKY 1 \u0160tvr\u0165kruhov\u00fd sprchovac\u00ed k\u00fat s hydromas\u00e1\u017eou, 90x90x225 cm CL73 Unik\u00e1tny syst\u00e9m Quick Line umo\u017e\u0148uje samostatn\u00fa mont\u00e1\u017e bez pou\u017eitia silik\u00f3nov a nutnosti zn\u00e1\u0161a\u0165 \u010fal\u0161ie n\u00e1klady spojen\u00e9 so zamestnan\u00edm \u0161pecialistu. Syst\u00e9m Quick Line dvojit\u00e9 posuvn\u00e9 dvere bo\u010dn\u00e9 a zadn\u00e9 steny z bezpe\u010dnostn\u00e9ho skla sklenen\u00fd panel s 3-funk\u010dn\u00fdmi sp\u00edna\u010dmi s mas\u00e1\u017enymi tryskami panel pokryt\u00fd \u010diernou nehrdzavej\u00facou oce\u013eou [&hellip;]<\/p>\n","protected":false},"featured_media":12707,"comment_status":"closed","ping_status":"open","template":"","meta":[],"product_brand":[2703],"product_cat":[111],"product_tag":[],"class_list":{"0":"post-12706","1":"product","2":"type-product","3":"status-publish","4":"has-post-thumbnail","6":"product_brand-sanotechnik","7":"product_cat-masazne-sprchove-boxy","8":"pa_sirka-90-cm","9":"pa_umiestnenie-do-rohu","10":"pa_vaha-93-kg","11":"pa_vyrobca-sanotechnik-rakusko","12":"pa_vyska-225-cm","13":"pa_zaruka-2-roky","15":"first","16":"instock","17":"sale","18":"taxable","19":"shipping-taxable","20":"purchasable","21":"product-type-simple"},"_links":{"self":[{"href":"https:\/\/diamondspa.sk\/sk\/wp-json\/wp\/v2\/product\/12706","targetHints":{"allow":["GET"]}}],"collection":[{"href":"https:\/\/diamondspa.sk\/sk\/wp-json\/wp\/v2\/product"}],"about":[{"href":"https:\/\/diamondspa.sk\/sk\/wp-json\/wp\/v2\/types\/product"}],"replies":[{"embeddable":true,"href":"https:\/\/diamondspa.sk\/sk\/wp-json\/wp\/v2\/comments?post=12706"}],"wp:featuredmedia":[{"embeddable":true,"href":"https:\/\/diamondspa.sk\/sk\/wp-json\/wp\/v2\/media\/12707"}],"wp:attachment":[{"href":"https:\/\/diamondspa.sk\/sk\/wp-json\/wp\/v2\/media?parent=12706"}],"wp:term":[{"taxonomy":"product_brand","embeddable":true,"href":"https:\/\/diamondspa.sk\/sk\/wp-json\/wp\/v2\/product_brand?post=12706"},{"taxonomy":"product_cat","embeddable":true,"href":"https:\/\/diamondspa.sk\/sk\/wp-json\/wp\/v2\/product_cat?post=12706"},{"taxonomy":"product_tag","embeddable":true,"href":"https:\/\/diamondspa.sk\/sk\/wp-json\/wp\/v2\/product_tag?post=12706"}],"curies":[{"name":"wp","href":"https:\/\/api.w.org\/{rel}","templated":true}]}}