{"id":12720,"date":"2024-03-10T00:17:33","date_gmt":"2024-03-09T23:17:33","guid":{"rendered":"https:\/\/diamondspa.sk\/product\/sanotechnik-quickline-sky-3-sprchovy-box-obdlznik-120x80x225cm\/"},"modified":"2025-08-15T08:38:23","modified_gmt":"2025-08-15T06:38:23","slug":"sanotechnik-quickline-sky-3-sprchovy-box-obdlznik-120x80x225cm","status":"publish","type":"product","link":"https:\/\/diamondspa.sk\/sk\/produkt\/sanotechnik-quickline-sky-3-sprchovy-box-obdlznik-120x80x225cm\/","title":{"rendered":"Sanotechnik &#8211; QuickLine SKY 3 &#8211; sprchov\u00fd box obd\u013a\u017enik &#8211; 120x80x225cm"},"content":{"rendered":"<h2><span class=\"page-name\" style=\"font-size: 12pt;\"> SKY 3 Obd\u013a\u017enikov\u00fd sprchovac\u00ed k\u00fat s hydromas\u00e1\u017eou 120x80x225 cm CL75 <\/span><\/h2>\n<p class=\"text-left\">Unik\u00e1tny syst\u00e9m <strong> Quick Line <\/strong> umo\u017e\u0148uje samostatn\u00fa mont\u00e1\u017e bez pou\u017eitia silik\u00f3nov a nutnosti zn\u00e1\u0161a\u0165 \u010fal\u0161ie n\u00e1klady spojen\u00e9 so zamestn\u00e1van\u00edm \u0161pecialistu.<\/p>\n<h3>Syst\u00e9m Quick Line<\/h3>\n<p><strong> Jedin\u00fd syst\u00e9m r\u00fdchlej mont\u00e1\u017ee Quick Line <\/strong>v\u00e1m umo\u017e\u0148uje zostavi\u0165 si na\u0161u kab\u00ednu svojpomocne, bez v\u0155tania a zne\u010distenia silik\u00f3nom. To nielen \u0161etr\u00ed n\u00e1klady na zamestnanie \u010fal\u0161ieho \u0161pecialistu, ale aj u\u013eah\u010duje \u00fadr\u017ebu.<\/p>\n<p><span style=\"color: #000000;\"><span style=\"font-size: 12pt;\">Predn\u00e9 dvere &#8211; fixn\u00e9 sklo a posuvn\u00e9 dvere je mo\u017en\u00e9 zameni\u0165, tj otv\u00e1ranie do\u013eava alebo doprava<\/span><\/span>.<\/p>\n<h3>ROZMERY:<\/h3>\n<ul>\n<li>5 mm bezpe\u010dnostn\u00e9 sklo<\/li>\n<li>Rozmery: 120x80x225 cm<\/li>\n<\/ul>\n<h3>PODROBNOSTI O PRODUKTE:<\/h3>\n<ul>\n<li>posuvn\u00e9 dvere<\/li>\n<li>bo\u010dn\u00e9 a zadn\u00e9 steny vyroben\u00e9 z bezpe\u010dnostn\u00e9ho skla<\/li>\n<li>sklenen\u00fd panel s 3-funk\u010dn\u00fdmi sp\u00edna\u010dmi s mas\u00e1\u017enymi tryskami<\/li>\n<li>panel pokryt\u00fd \u010diernou nehrdzavej\u00facou oce\u013eou<\/li>\n<li>matn\u00e9 \u010dierne hlin\u00edkov\u00e9 profily<\/li>\n<li>Rukov\u00e4te ABS v \u010diernej farbe<\/li>\n<li>dvojit\u00e9 \u010dierne ro\u017eky<\/li>\n<li>brodzik z syfonem<\/li>\n<li>strecha s ve\u013ekou da\u017e\u010fovou vodou<\/li>\n<li>\u010dierna sprchov\u00e1 hadica<\/li>\n<li>\u010dierna 3funk\u010dn\u00e1 ru\u010dn\u00e1 sprcha<\/li>\n<li>sklenen\u00e1 polica na kozmetiku<\/li>\n<\/ul>\n<p>Ako postavi\u0165 sprchov\u00fd box? In\u0161tal\u00e1cia nikdy nebola tak\u00e1 \u013eahk\u00e1 a r\u00fdchla. Proces mont\u00e1\u017ee je uveden\u00fd vo videu ni\u017e\u0161ie.<\/p>\n<p><strong>Katal\u00f3g:<\/strong><\/p>\n<p><a href=\"\/fotky1950\/Katal%C3%B3gy\/shower_DE2023.pdf\" target=\"_blank\" rel=\"noopener\"><img fetchpriority=\"high\" decoding=\"async\" src=\"https:\/\/diamondspa.sk\/wp-content\/uploads\/2024\/03\/titulka.png\" width=\"462\" height=\"654\" alt=\"\" style=\"display: block; margin-left: auto; margin-right: auto;\"><\/a><\/p>\n<p class=\"center\"><em>In\u0161trukt\u00e1\u017ene video na zostavenie podobnej kab\u00edny <\/em><\/p>\n<p class=\"center\"><iframe width=\"560\" height=\"315\" src=\"https:\/\/www.youtube.com\/embed\/JQzRWu74eyQ\" frameborder=\"0\" allowfullscreen=\"allowfullscreen\"> &lt;\/ iframe&gt;   <\/p>\n<h3> Z\u00c1RUKA V\u00ddROBCA: <\/h3>\n<ul>\n<li> 2 roky <\/li>\n<\/ul>\n<p> Z\u00e1ru\u010dn\u00fd list v \u010dasti <a href=\"\/Complaints-i- returns\"> <span class=\"underline\"> Reklam\u00e1cie a vr\u00e1tenie <\/span>. <\/a> <\/p>\n<p><\/iframe><\/p>\n","protected":false},"excerpt":{"rendered":"<p>SKY 3 Obd\u013a\u017enikov\u00fd sprchovac\u00ed k\u00fat s hydromas\u00e1\u017eou 120x80x225 cm CL75 Unik\u00e1tny syst\u00e9m Quick Line umo\u017e\u0148uje samostatn\u00fa mont\u00e1\u017e bez pou\u017eitia silik\u00f3nov a nutnosti zn\u00e1\u0161a\u0165 \u010fal\u0161ie n\u00e1klady spojen\u00e9 so zamestn\u00e1van\u00edm \u0161pecialistu. Syst\u00e9m Quick Line Jedin\u00fd syst\u00e9m r\u00fdchlej mont\u00e1\u017ee Quick Line v\u00e1m umo\u017e\u0148uje zostavi\u0165 si na\u0161u kab\u00ednu svojpomocne, bez v\u0155tania a zne\u010distenia silik\u00f3nom. To nielen \u0161etr\u00ed n\u00e1klady na [&hellip;]<\/p>\n","protected":false},"featured_media":12721,"comment_status":"closed","ping_status":"open","template":"","meta":[],"product_brand":[2703],"product_cat":[111],"product_tag":[],"class_list":{"0":"post-12720","1":"product","2":"type-product","3":"status-publish","4":"has-post-thumbnail","6":"product_brand-sanotechnik","7":"product_cat-masazne-sprchove-boxy","8":"pa_umiestnenie-do-rohu","9":"pa_vaha-120-kg","10":"pa_vyrobca-sanotechnik-rakusko","11":"pa_vyska-225-cm","12":"pa_zaruka-2-roky","14":"first","15":"outofstock","16":"sale","17":"taxable","18":"shipping-taxable","19":"purchasable","20":"product-type-simple"},"_links":{"self":[{"href":"https:\/\/diamondspa.sk\/sk\/wp-json\/wp\/v2\/product\/12720","targetHints":{"allow":["GET"]}}],"collection":[{"href":"https:\/\/diamondspa.sk\/sk\/wp-json\/wp\/v2\/product"}],"about":[{"href":"https:\/\/diamondspa.sk\/sk\/wp-json\/wp\/v2\/types\/product"}],"replies":[{"embeddable":true,"href":"https:\/\/diamondspa.sk\/sk\/wp-json\/wp\/v2\/comments?post=12720"}],"wp:featuredmedia":[{"embeddable":true,"href":"https:\/\/diamondspa.sk\/sk\/wp-json\/wp\/v2\/media\/12721"}],"wp:attachment":[{"href":"https:\/\/diamondspa.sk\/sk\/wp-json\/wp\/v2\/media?parent=12720"}],"wp:term":[{"taxonomy":"product_brand","embeddable":true,"href":"https:\/\/diamondspa.sk\/sk\/wp-json\/wp\/v2\/product_brand?post=12720"},{"taxonomy":"product_cat","embeddable":true,"href":"https:\/\/diamondspa.sk\/sk\/wp-json\/wp\/v2\/product_cat?post=12720"},{"taxonomy":"product_tag","embeddable":true,"href":"https:\/\/diamondspa.sk\/sk\/wp-json\/wp\/v2\/product_tag?post=12720"}],"curies":[{"name":"wp","href":"https:\/\/api.w.org\/{rel}","templated":true}]}}