{"id":12736,"date":"2024-03-10T00:17:33","date_gmt":"2024-03-09T23:17:33","guid":{"rendered":"https:\/\/diamondspa.sk\/product\/sanotechnik-quickline-epic-1-sprchovy-box-ctvrtkruhovy-90-x-90-x-235-cm\/"},"modified":"2025-08-15T08:38:24","modified_gmt":"2025-08-15T06:38:24","slug":"sanotechnik-quickline-epic-1-sprchovy-box-ctvrtkruhovy-90-x-90-x-235-cm","status":"publish","type":"product","link":"https:\/\/diamondspa.sk\/sk\/produkt\/sanotechnik-quickline-epic-1-sprchovy-box-ctvrtkruhovy-90-x-90-x-235-cm\/","title":{"rendered":"Sanotechnik &#8211; QuickLine EPIC 1 &#8211; Sprchov\u00fd box \u010dtvrtkruhov\u00fd &#8211; 90 x 90 x 235 cm"},"content":{"rendered":"<ul>\n<li>Posuvn\u00e9 dvere z 5 mm bezpe\u010dnostn\u00e9ho skla<\/li>\n<li>Hlin\u00edkov\u00e9 profily<\/li>\n<li>Sprchov\u00fd panel s \u010diernou ru\u010dnou sprchou a \u010diernou hlavovou sprchou<\/li>\n<li>Ru\u010dn\u00e1 sprcha s 3 funkciami<\/li>\n<li>\u010cierne madl\u00e1<\/li>\n<li>\u010cierne dvojit\u00e9 kolieska (hore, dole)<\/li>\n<li>Akryl\u00e1tov\u00e1 sprchov\u00e1 vani\u010dka so sif\u00f3nom<\/li>\n<li>Bez strie\u0161ky<\/li>\n<\/ul>\n<p><strong>FARBA<\/strong><br \/>\u010cierny dizajn profilu\/r\u00e1mu &#8211; dod\u00e1 va\u0161ej k\u00fape\u013eni vysok\u00fa eleganciu<\/p>\n<p><strong>\u010eAL\u0160IE V\u00ddHODY<\/strong><br \/>V\u010faka syst\u00e9mu QuickLine zvl\u00e1dnete in\u0161tal\u00e1ciu sami a u\u0161etr\u00edte peniaze za techniky<br \/>\u017diadny silik\u00f3n &#8211; \u017eiadne plesne okolo krabice<br \/>Dvojit\u00e9 kolieska zais\u0165uj\u00fa \u013eah\u0161ie ovl\u00e1danie a dlh\u0161iu \u017eivotnos\u0165 dvierok<br \/>Samonosn\u00e1 kon\u0161trukcia &#8211; \u017eiadne v\u0155tanie do steny, sta\u010d\u00ed zlo\u017ei\u0165 a zasun\u00fa\u0165 do rohu<br \/>Stre\u0161n\u00e1 sprcha &#8211; zvy\u0161uje komfort pri sprchovan\u00ed<\/p>\n<p><strong>PRE\u010cO RAKUSK\u00dd SANOTECHNIK?<\/strong><br \/>&#8211; 30 rokov trad\u00edcie zna\u010dky<br \/>&#8211; Zast\u00fapenie v 19 krajin\u00e1ch sveta<br \/>&#8211; vlastn\u00e9 v\u00fdrobn\u00e9 z\u00e1vody na v\u00fdrobu sprchovac\u00edch k\u00fatov\/dver\u00ed\/sten, van\u00ed, vani\u010diek a n\u00e1bytku<br \/>&#8211; dov\u00e1\u017eame tovar priamo z Rak\u00faska a\u017e k v\u00e1m domov<br \/>&#8211; priamy dovoz = n\u00edzka cena, r\u00fdchle dodanie a najlep\u0161ie slu\u017eby<\/p>\n<p><strong>RAKUSK\u00dd PATENTOVAN\u00dd MONT\u00c1\u017dNY SYST\u00c9M &#8222;QUICKLINE &#8211; R\u00ddCHLA MONT\u00c1\u017d&#8220;<\/strong><br \/>Tento syst\u00e9m pre sprchov\u00e9 k\u00faty je najnov\u0161ou inov\u00e1ciou rak\u00faskej spolo\u010dnosti Sanotechnik. Funguje bez silik\u00f3nov a bez pou\u017eitia n\u00e1radia. Predmontovan\u00e9 diely do seba \u013eahko zapadaj\u00fa, tak\u017ee mont\u00e1\u017e zvl\u00e1dnete sami a u\u0161etr\u00edte peniaze za technika. Unik\u00e1tny hlin\u00edkov\u00fd profil zais\u0165uje 100% stabiln\u00fa kon\u0161trukciu r\u00e1mu. diely do seba presne zapadaj\u00fa, a s\u00fa tak \u00faplne vodotesn\u00e9, tak\u017ee nie je potrebn\u00fd \u017eiadny silik\u00f3n a vy sa tak vyhnete plesniam v k\u00fape\u013eni.<\/p>\n<p><strong>Katal\u00f3g:<\/strong><\/p>\n<p><a href=\"\/fotky1950\/Katal%C3%B3gy\/shower_DE2023.pdf\" target=\"_blank\" rel=\"noopener\"><img fetchpriority=\"high\" decoding=\"async\" src=\"https:\/\/diamondspa.sk\/wp-content\/uploads\/2024\/03\/titulka.png\" width=\"462\" height=\"654\" alt=\"\" style=\"display: block; margin-left: auto; margin-right: auto;\"><\/a><\/p>\n","protected":false},"excerpt":{"rendered":"<p>Posuvn\u00e9 dvere z 5 mm bezpe\u010dnostn\u00e9ho skla Hlin\u00edkov\u00e9 profily Sprchov\u00fd panel s \u010diernou ru\u010dnou sprchou a \u010diernou hlavovou sprchou Ru\u010dn\u00e1 sprcha s 3 funkciami \u010cierne madl\u00e1 \u010cierne dvojit\u00e9 kolieska (hore, dole) Akryl\u00e1tov\u00e1 sprchov\u00e1 vani\u010dka so sif\u00f3nom Bez strie\u0161ky FARBA\u010cierny dizajn profilu\/r\u00e1mu &#8211; dod\u00e1 va\u0161ej k\u00fape\u013eni vysok\u00fa eleganciu \u010eAL\u0160IE V\u00ddHODYV\u010faka syst\u00e9mu QuickLine zvl\u00e1dnete in\u0161tal\u00e1ciu sami a [&hellip;]<\/p>\n","protected":false},"featured_media":12737,"comment_status":"closed","ping_status":"open","template":"","meta":[],"product_brand":[2703],"product_cat":[111],"product_tag":[],"class_list":{"0":"post-12736","1":"product","2":"type-product","3":"status-publish","4":"has-post-thumbnail","6":"product_brand-sanotechnik","7":"product_cat-masazne-sprchove-boxy","8":"pa_sirka-90-cm","9":"pa_umiestnenie-do-rohu","10":"pa_vaha-94-kg","11":"pa_vyrobca-sanotechnik-rakusko","12":"pa_vyska-235-cm","13":"pa_zaruka-2-roky","15":"first","16":"instock","17":"sale","18":"taxable","19":"shipping-taxable","20":"purchasable","21":"product-type-simple"},"_links":{"self":[{"href":"https:\/\/diamondspa.sk\/sk\/wp-json\/wp\/v2\/product\/12736","targetHints":{"allow":["GET"]}}],"collection":[{"href":"https:\/\/diamondspa.sk\/sk\/wp-json\/wp\/v2\/product"}],"about":[{"href":"https:\/\/diamondspa.sk\/sk\/wp-json\/wp\/v2\/types\/product"}],"replies":[{"embeddable":true,"href":"https:\/\/diamondspa.sk\/sk\/wp-json\/wp\/v2\/comments?post=12736"}],"wp:featuredmedia":[{"embeddable":true,"href":"https:\/\/diamondspa.sk\/sk\/wp-json\/wp\/v2\/media\/12737"}],"wp:attachment":[{"href":"https:\/\/diamondspa.sk\/sk\/wp-json\/wp\/v2\/media?parent=12736"}],"wp:term":[{"taxonomy":"product_brand","embeddable":true,"href":"https:\/\/diamondspa.sk\/sk\/wp-json\/wp\/v2\/product_brand?post=12736"},{"taxonomy":"product_cat","embeddable":true,"href":"https:\/\/diamondspa.sk\/sk\/wp-json\/wp\/v2\/product_cat?post=12736"},{"taxonomy":"product_tag","embeddable":true,"href":"https:\/\/diamondspa.sk\/sk\/wp-json\/wp\/v2\/product_tag?post=12736"}],"curies":[{"name":"wp","href":"https:\/\/api.w.org\/{rel}","templated":true}]}}