{"id":12743,"date":"2024-03-10T00:20:14","date_gmt":"2024-03-09T23:20:14","guid":{"rendered":"https:\/\/diamondspa.sk\/product\/sanotechnik-quickline-epic-2-sprchovy-box-stvorec-90x90x235cm\/"},"modified":"2025-08-15T08:38:22","modified_gmt":"2025-08-15T06:38:22","slug":"sanotechnik-quickline-epic-2-sprchovy-box-stvorec-90x90x235cm","status":"publish","type":"product","link":"https:\/\/diamondspa.sk\/sk\/produkt\/sanotechnik-quickline-epic-2-sprchovy-box-stvorec-90x90x235cm\/","title":{"rendered":"Sanotechnik &#8211; QuickLine EPIC 2 &#8211; sprchov\u00fd box \u0161tvorec &#8211; 90x90x235cm"},"content":{"rendered":"<p><span style=\"color: #000000;\"><span style=\"font-size: 12pt;\"><strong>POPIS<\/strong><\/span><\/span><\/p>\n<ul>\n<li><span style=\"font-size: 12pt;\">Posuvn\u00e9 dvere z 5 mm bezpe\u010dnostn\u00e9ho skla<\/span><\/li>\n<li><span style=\"font-size: 12pt;\">Hlinikov\u00e9 profily<\/span><\/li>\n<li><span style=\"font-size: 12pt;\">Sprchov\u00fd panel s \u010diernou ru\u010dnou sprchou a s \u010diernou hlavovou sprchou<\/span><\/li>\n<li><span style=\"font-size: 12pt;\">Ru\u010dn\u00e1 sprcha s 3-mi funkciami<\/span><\/li>\n<li><span style=\"font-size: 12pt;\">\u010dierne madl\u00e1<\/span><\/li>\n<li><span style=\"font-size: 12pt;\">\u010dierne dvojit\u00e9 kolieska (hore, dole)<\/span><\/li>\n<li><span style=\"font-size: 12pt;\">Akryl\u00e1tov\u00e1 sprchov\u00e1 vani\u010dka so sifonom<\/span><\/li>\n<li><span style=\"font-size: 12pt;\"><strong>Bez strechy<\/strong><\/span><\/li>\n<\/ul>\n<p><span style=\"font-size: 12pt;\"><strong>FAREBNOS\u0164<\/strong><\/span><br \/><span style=\"font-size: 12pt;\"><strong>\u010dierny dizajn profilov \/ r\u00e1mov<\/strong> &#8211; dod\u00e1 va\u0161ej k\u00fape\u013eni vysok\u00fa eleganciu<\/span><\/p>\n<p><span style=\"font-size: 12pt;\"><strong>OSTATN\u00c9 V\u00ddHODY<\/strong><\/span><br \/><span style=\"font-size: 12pt;\">V\u010faka syst\u00e9mu QuickLine <strong>mont\u00e1\u017e zvl\u00e1dnete aj sami <\/strong>a <strong>u\u0161etr\u00edte <\/strong>peniaze <strong>za technika<\/strong><\/span><br \/><span style=\"font-size: 12pt;\"><strong>\u017diaden silik\u00f3n &#8211; \u017eiadne plesne <\/strong>okolo boxu<\/span><br \/><span style=\"font-size: 12pt;\"> <strong>Dvojit\u00e9 kolieska <\/strong>zabeze\u010dia <strong>\u013eah\u0161\u00ed chod dver\u00ed <\/strong>a vydr\u017eia dlh\u0161ie<\/span><br \/><span style=\"font-size: 12pt;\"> <strong>Samonosn\u00e1 kon\u0161trukcia &#8211; \u017eiadne vrtanie<\/strong> do stien, sta\u010d\u00ed zlo\u017ei\u0165 a zasun\u00fa\u0165 do rohu<\/span><br \/><span style=\"font-size: 12pt;\"><strong>Stre\u0161n\u00e1 sprcha &#8211; zvy\u0161uje komfort pri sprchovan\u00ed<\/strong><\/span><\/p>\n<p><span style=\"font-size: 12pt;\"><strong>PRE\u010cO RAK\u00daSKY SANOTECHNIK?<br \/><\/strong>&#8211; <strong>30 ro\u010dn\u00e1 trad\u00edcia zna\u010dky<\/strong><\/span><br \/><span style=\"font-size: 12pt;\">&#8211; zast\u00fapenie <strong>v 19tich krajin\u00e1ch<\/strong> sveta<\/span><br \/><span style=\"font-size: 12pt;\">&#8211; <strong>vlastn\u00e9 v\u00fdrobn\u00e9 z\u00e1vody<\/strong> pre sprch. k\u00faty\/dvere\/z\u00e1steny, vani\u010dky, vane a n\u00e1bytok<\/span><br \/><span style=\"font-size: 12pt;\">&#8211; dov\u00e1\u017eame tovar priamo z Rak\u00faska ku v\u00e1m domov<\/span><br \/><span style=\"font-size: 12pt;\">&#8211; <strong>priamy dovoz<\/strong> = n\u00edzka cena, r\u00fdchle dodanie a najlep\u0161ie servisn\u00e9 slu\u017eby<\/span><\/p>\n<p><span style=\"font-size: 12pt;\"><strong>RAK\u00daSKY PATENTOVAN\u00dd SYST\u00c9M MONT\u00c1\u017dE &#8222;QUICKLINE &#8211; R\u00ddCHLA MONT\u00c1\u017d&#8220;<\/strong><\/span><br \/><span style=\"font-size: 12pt;\"> Tento syst\u00e9m pre sprchov\u00e9 boxy je <strong>najnov\u0161ou inov\u00e1ciou<\/strong> od <strong>rak\u00faskej spolo\u010dnosti Sanotechnik<\/strong>. Pracuje<strong> bez silik\u00f3nov a bez pou\u017eitia n\u00e1strojov<\/strong>. Predmontovan\u00e9 \u010dasti do seba \u013eahko zapadn\u00fa, tak\u017ee <strong>mont\u00e1\u017e zvl\u00e1dnete aj sami<\/strong> a u\u0161etr\u00edte peniaze za technika. <strong>Unik\u00e1tny hlin\u00edkov\u00fd profil zabezpe\u010duje 100% stabiln\u00fa r\u00e1mov\u00fa kon\u0161trukciu<\/strong>. \u010dasti do seba prec\u00edzne zapadaj\u00fa a tak s\u00fa<strong> \u00faplne vodotesn\u00e9<\/strong>, tak\u017ee nie je potrebn\u00fd<strong> \u017eiaden silik\u00f3n<\/strong>, a teda <strong>vyhnete sa plesniam v k\u00fape\u013eni.<\/strong><\/span><\/p>\n<p><strong>Katal\u00f3g:<\/strong><\/p>\n<p><a href=\"\/fotky1950\/Katal%C3%B3gy\/shower_DE2023.pdf\" target=\"_blank\" rel=\"noopener\"><img fetchpriority=\"high\" decoding=\"async\" src=\"https:\/\/diamondspa.sk\/wp-content\/uploads\/2024\/03\/titulka.png\" width=\"462\" height=\"654\" alt=\"\" style=\"display: block; margin-left: auto; margin-right: auto;\"><\/a><\/p>\n","protected":false},"excerpt":{"rendered":"<p>POPIS Posuvn\u00e9 dvere z 5 mm bezpe\u010dnostn\u00e9ho skla Hlinikov\u00e9 profily Sprchov\u00fd panel s \u010diernou ru\u010dnou sprchou a s \u010diernou hlavovou sprchou Ru\u010dn\u00e1 sprcha s 3-mi funkciami \u010dierne madl\u00e1 \u010dierne dvojit\u00e9 kolieska (hore, dole) Akryl\u00e1tov\u00e1 sprchov\u00e1 vani\u010dka so sifonom Bez strechy FAREBNOS\u0164\u010dierny dizajn profilov \/ r\u00e1mov &#8211; dod\u00e1 va\u0161ej k\u00fape\u013eni vysok\u00fa eleganciu OSTATN\u00c9 V\u00ddHODYV\u010faka syst\u00e9mu QuickLine [&hellip;]<\/p>\n","protected":false},"featured_media":12744,"comment_status":"closed","ping_status":"open","template":"","meta":[],"product_brand":[2703],"product_cat":[111],"product_tag":[],"class_list":{"0":"post-12743","1":"product","2":"type-product","3":"status-publish","4":"has-post-thumbnail","6":"product_brand-sanotechnik","7":"product_cat-masazne-sprchove-boxy","8":"pa_sirka-90-cm","9":"pa_umiestnenie-do-rohu","10":"pa_vaha-101-kg","11":"pa_vyrobca-sanotechnik-rakusko","12":"pa_vyska-235-cm","13":"pa_zaruka-2-roky","15":"first","16":"instock","17":"sale","18":"taxable","19":"shipping-taxable","20":"purchasable","21":"product-type-simple"},"_links":{"self":[{"href":"https:\/\/diamondspa.sk\/sk\/wp-json\/wp\/v2\/product\/12743","targetHints":{"allow":["GET"]}}],"collection":[{"href":"https:\/\/diamondspa.sk\/sk\/wp-json\/wp\/v2\/product"}],"about":[{"href":"https:\/\/diamondspa.sk\/sk\/wp-json\/wp\/v2\/types\/product"}],"replies":[{"embeddable":true,"href":"https:\/\/diamondspa.sk\/sk\/wp-json\/wp\/v2\/comments?post=12743"}],"wp:featuredmedia":[{"embeddable":true,"href":"https:\/\/diamondspa.sk\/sk\/wp-json\/wp\/v2\/media\/12744"}],"wp:attachment":[{"href":"https:\/\/diamondspa.sk\/sk\/wp-json\/wp\/v2\/media?parent=12743"}],"wp:term":[{"taxonomy":"product_brand","embeddable":true,"href":"https:\/\/diamondspa.sk\/sk\/wp-json\/wp\/v2\/product_brand?post=12743"},{"taxonomy":"product_cat","embeddable":true,"href":"https:\/\/diamondspa.sk\/sk\/wp-json\/wp\/v2\/product_cat?post=12743"},{"taxonomy":"product_tag","embeddable":true,"href":"https:\/\/diamondspa.sk\/sk\/wp-json\/wp\/v2\/product_tag?post=12743"}],"curies":[{"name":"wp","href":"https:\/\/api.w.org\/{rel}","templated":true}]}}