{"id":12749,"date":"2024-03-10T00:20:14","date_gmt":"2024-03-09T23:20:14","guid":{"rendered":"https:\/\/diamondspa.sk\/product\/sanotechnik-relax-sprchovy-box-stvrtkruh-90x90x207cm-cierny\/"},"modified":"2025-08-15T08:38:22","modified_gmt":"2025-08-15T06:38:22","slug":"sanotechnik-relax-sprchovy-box-stvrtkruh-90x90x207cm-cierny","status":"publish","type":"product","link":"https:\/\/diamondspa.sk\/sk\/produkt\/sanotechnik-relax-sprchovy-box-stvrtkruh-90x90x207cm-cierny\/","title":{"rendered":"Sanotechnik &#8211; Relax &#8211; sprchov\u00fd box \u0161tvr\u0165kruh 90x90x207cm, \u010dierny"},"content":{"rendered":"<p><span style=\"font-size: 12pt;\"><span style=\"color: #000000;\"><strong>POPIS<br \/><\/strong><\/span><\/span><\/p>\n<ul>\n<li><span style=\"font-size: 12pt;\"><span style=\"color: #000000;\">Posuvn\u00e9 dvere z 4 mm bezpe\u010dnostn\u00e9ho skla<br \/><\/span><\/span><\/li>\n<li><span style=\"font-size: 12pt;\"><span style=\"color: #000000;\">Hlin\u00edkov\u00e9 profily<br \/><\/span><\/span><\/li>\n<li><span style=\"font-size: 12pt;\"><span style=\"color: #000000;\">Dvojit\u00e9 kolieska<br \/><\/span><\/span><\/li>\n<li><span style=\"font-size: 12pt;\"><span style=\"color: #000000;\">Hlavov\u00e1 sprcha<br \/><\/span><\/span><\/li>\n<li><span style=\"font-size: 12pt;\"><span style=\"color: #000000;\">Ru\u010dn\u00e1 sprcha<br \/><\/span><\/span><\/li>\n<li><span style=\"font-size: 12pt;\"><span style=\"color: #000000;\">6 trysiek<br \/><\/span><\/span><\/li>\n<\/ul>\n<p><span style=\"font-size: 12pt;\"><span style=\"color: #000000;\"><strong>FAREBNOS\u0164<\/strong><br \/><strong>\u010dierny<\/strong> &#8211; dod\u00e1 va\u0161ej k\u00fape\u013eni vysok\u00fa eleganciu<\/span><\/span><span style=\"color: #000000; font-size: 12pt;\"><br \/>Odpor\u00fa\u010dan\u00e1 minim\u00e1lna v\u00fd\u0161ka miestonosti: 230 cm<\/span><\/p>\n<p>\u00a0<\/p>\n<p><span style=\"color: #000000; font-size: 12pt;\"><strong>PRE\u010cO RAK\u00daSKY SANOTECHNIK?<br \/><\/strong>&#8211; <strong>30 ro\u010dn\u00e1 trad\u00edcia zna\u010dky<\/strong><\/span><br \/><span style=\"color: #000000; font-size: 12pt;\">&#8211; zast\u00fapenie <strong>v 19tich krajin\u00e1ch<\/strong> sveta<\/span><br \/><span style=\"color: #000000; font-size: 12pt;\">&#8211; <strong>vlastn\u00e9 v\u00fdrobn\u00e9 z\u00e1vody<\/strong> pre sprch. k\u00faty\/dvere\/z\u00e1steny, vani\u010dky, vane a n\u00e1bytok<\/span><br \/><span style=\"color: #000000; font-size: 12pt;\">&#8211; dov\u00e1\u017eame tovar priamo z Rak\u00faska ku v\u00e1m domov<\/span><br \/><span style=\"color: #000000; font-size: 12pt;\">&#8211; <strong>priamy dovoz<\/strong> = n\u00edzka cena, r\u00fdchle dodanie a najlep\u0161ie servisn\u00e9 slu\u017eby<\/span><\/p>\n<p><strong>Katal\u00f3g:<\/strong><\/p>\n<p><a href=\"\/fotky1950\/Katal%C3%B3gy\/shower_DE2023.pdf\" target=\"_blank\" rel=\"noopener\"><img fetchpriority=\"high\" decoding=\"async\" src=\"https:\/\/diamondspa.sk\/wp-content\/uploads\/2024\/03\/titulka.png\" width=\"462\" height=\"654\" alt=\"\" style=\"display: block; margin-left: auto; margin-right: auto;\"><\/a><\/p>\n","protected":false},"excerpt":{"rendered":"<p>POPIS Posuvn\u00e9 dvere z 4 mm bezpe\u010dnostn\u00e9ho skla Hlin\u00edkov\u00e9 profily Dvojit\u00e9 kolieska Hlavov\u00e1 sprcha Ru\u010dn\u00e1 sprcha 6 trysiek FAREBNOS\u0164\u010dierny &#8211; dod\u00e1 va\u0161ej k\u00fape\u013eni vysok\u00fa eleganciuOdpor\u00fa\u010dan\u00e1 minim\u00e1lna v\u00fd\u0161ka miestonosti: 230 cm \u00a0 PRE\u010cO RAK\u00daSKY SANOTECHNIK?&#8211; 30 ro\u010dn\u00e1 trad\u00edcia zna\u010dky&#8211; zast\u00fapenie v 19tich krajin\u00e1ch sveta&#8211; vlastn\u00e9 v\u00fdrobn\u00e9 z\u00e1vody pre sprch. k\u00faty\/dvere\/z\u00e1steny, vani\u010dky, vane a n\u00e1bytok&#8211; dov\u00e1\u017eame tovar [&hellip;]<\/p>\n","protected":false},"featured_media":12750,"comment_status":"closed","ping_status":"open","template":"","meta":[],"product_brand":[2703],"product_cat":[111],"product_tag":[],"class_list":{"0":"post-12749","1":"product","2":"type-product","3":"status-publish","4":"has-post-thumbnail","6":"product_brand-sanotechnik","7":"product_cat-masazne-sprchove-boxy","8":"pa_sirka-90-cm","9":"pa_umiestnenie-do-rohu","10":"pa_vaha-81-kg","11":"pa_vyrobca-sanotechnik-rakusko","12":"pa_vyska-207-cm","13":"pa_zaruka-2-roky","15":"first","16":"instock","17":"sale","18":"taxable","19":"shipping-taxable","20":"purchasable","21":"product-type-simple"},"_links":{"self":[{"href":"https:\/\/diamondspa.sk\/sk\/wp-json\/wp\/v2\/product\/12749","targetHints":{"allow":["GET"]}}],"collection":[{"href":"https:\/\/diamondspa.sk\/sk\/wp-json\/wp\/v2\/product"}],"about":[{"href":"https:\/\/diamondspa.sk\/sk\/wp-json\/wp\/v2\/types\/product"}],"replies":[{"embeddable":true,"href":"https:\/\/diamondspa.sk\/sk\/wp-json\/wp\/v2\/comments?post=12749"}],"wp:featuredmedia":[{"embeddable":true,"href":"https:\/\/diamondspa.sk\/sk\/wp-json\/wp\/v2\/media\/12750"}],"wp:attachment":[{"href":"https:\/\/diamondspa.sk\/sk\/wp-json\/wp\/v2\/media?parent=12749"}],"wp:term":[{"taxonomy":"product_brand","embeddable":true,"href":"https:\/\/diamondspa.sk\/sk\/wp-json\/wp\/v2\/product_brand?post=12749"},{"taxonomy":"product_cat","embeddable":true,"href":"https:\/\/diamondspa.sk\/sk\/wp-json\/wp\/v2\/product_cat?post=12749"},{"taxonomy":"product_tag","embeddable":true,"href":"https:\/\/diamondspa.sk\/sk\/wp-json\/wp\/v2\/product_tag?post=12749"}],"curies":[{"name":"wp","href":"https:\/\/api.w.org\/{rel}","templated":true}]}}