{"id":12756,"date":"2024-03-10T00:20:14","date_gmt":"2024-03-09T23:20:14","guid":{"rendered":"https:\/\/diamondspa.sk\/product\/sanotechnik-rio-1-sprchovy-box-stvrtkruhovy-bez-strechy-90x90x204-cm\/"},"modified":"2025-08-15T08:38:22","modified_gmt":"2025-08-15T06:38:22","slug":"sanotechnik-rio-1-sprchovy-box-stvrtkruhovy-bez-strechy-90x90x204-cm","status":"publish","type":"product","link":"https:\/\/diamondspa.sk\/sk\/produkt\/sanotechnik-rio-1-sprchovy-box-stvrtkruhovy-bez-strechy-90x90x204-cm\/","title":{"rendered":"Sanotechnik &#8211; RIO 1 &#8211; sprchov\u00fd box &#8211; \u0161tvr\u0165kruhov\u00fd bez strechy &#8211; 90x90x204 cm"},"content":{"rendered":"<p><span style=\"font-size: 12pt;\"><span style=\"color: #000000;\"><strong>POPIS<\/strong><\/span><\/span><\/p>\n<ul>\n<li><span style=\"font-size: 12pt;\"><span style=\"color: #000000;\">Posuvn\u00e9 dvere z 4 mm bezpe\u010dnostn\u00e9ho skla<br \/><\/span><\/span><\/li>\n<li><span style=\"font-size: 12pt;\"><span style=\"color: #000000;\">Hlin\u00edkov\u00e9 profily<br \/><\/span><\/span><\/li>\n<li><span style=\"font-size: 12pt;\"><span style=\"color: #000000;\">Dvojit\u00e9 kolieska<br \/><\/span><\/span><\/li>\n<li><span style=\"font-size: 12pt;\"><span style=\"color: #000000;\">Ru\u010dn\u00e1 sprcha &#8211; nastavite\u013en\u00e1 (maxim\u00e1lna v\u00fd\u0161ka je 180cm)<br \/><\/span><\/span><\/li>\n<li><span style=\"font-size: 12pt;\"><span style=\"color: #000000;\">Sprchov\u00e1 ty\u010d<br \/><\/span><\/span><\/li>\n<li><span style=\"font-size: 12pt;\"><span style=\"color: #000000;\">Sklenen\u00e1 poli\u010dka<br \/><\/span><\/span><\/li>\n<li><span style=\"font-size: 12pt;\"><span style=\"color: #000000;\"><strong>Bez strechy<\/strong><\/span><\/span><\/li>\n<\/ul>\n<p><span style=\"font-size: 12pt;\"><span style=\"color: #000000;\"><strong>FAREBNOS\u0164<\/strong><br \/><strong>Biely<\/strong> &#8211; jednoduch\u0161ia \u00fadr\u017eba, predn\u00e9 skl\u00e1 \u010d\u00edre, zadn\u00e9 skl\u00e1 mlie\u010dne<\/span><\/span><\/p>\n<p><span style=\"color: #000000; font-size: 12pt;\"><strong>PRE\u010cO RAK\u00daSKY SANOTECHNIK?<br \/><\/strong>&#8211; <strong>30 ro\u010dn\u00e1 trad\u00edcia zna\u010dky<\/strong><\/span><br \/><span style=\"color: #000000; font-size: 12pt;\">&#8211; zast\u00fapenie <strong>v 19tich krajin\u00e1ch<\/strong> sveta<\/span><br \/><span style=\"color: #000000; font-size: 12pt;\">&#8211; <strong>vlastn\u00e9 v\u00fdrobn\u00e9 z\u00e1vody<\/strong> pre sprch. k\u00faty\/dvere\/z\u00e1steny, vani\u010dky, vane a n\u00e1bytok<\/span><br \/><span style=\"color: #000000; font-size: 12pt;\">&#8211; dov\u00e1\u017eame tovar priamo z Rak\u00faska ku v\u00e1m domov<\/span><br \/><span style=\"color: #000000; font-size: 12pt;\">&#8211; <strong>priamy dovoz<\/strong> = n\u00edzka cena, r\u00fdchle dodanie a najlep\u0161ie servisn\u00e9 slu\u017eby<\/span><\/p>\n<p><strong>Katal\u00f3g:<\/strong><\/p>\n<p><a href=\"\/fotky1950\/Katal%C3%B3gy\/shower_DE2023.pdf\" target=\"_blank\" rel=\"noopener\"><img fetchpriority=\"high\" decoding=\"async\" src=\"https:\/\/diamondspa.sk\/wp-content\/uploads\/2024\/03\/titulka.png\" width=\"462\" height=\"654\" alt=\"\" style=\"display: block; margin-left: auto; margin-right: auto;\"><\/a><\/p>\n","protected":false},"excerpt":{"rendered":"<p>POPIS Posuvn\u00e9 dvere z 4 mm bezpe\u010dnostn\u00e9ho skla Hlin\u00edkov\u00e9 profily Dvojit\u00e9 kolieska Ru\u010dn\u00e1 sprcha &#8211; nastavite\u013en\u00e1 (maxim\u00e1lna v\u00fd\u0161ka je 180cm) Sprchov\u00e1 ty\u010d Sklenen\u00e1 poli\u010dka Bez strechy FAREBNOS\u0164Biely &#8211; jednoduch\u0161ia \u00fadr\u017eba, predn\u00e9 skl\u00e1 \u010d\u00edre, zadn\u00e9 skl\u00e1 mlie\u010dne PRE\u010cO RAK\u00daSKY SANOTECHNIK?&#8211; 30 ro\u010dn\u00e1 trad\u00edcia zna\u010dky&#8211; zast\u00fapenie v 19tich krajin\u00e1ch sveta&#8211; vlastn\u00e9 v\u00fdrobn\u00e9 z\u00e1vody pre sprch. k\u00faty\/dvere\/z\u00e1steny, vani\u010dky, [&hellip;]<\/p>\n","protected":false},"featured_media":12757,"comment_status":"closed","ping_status":"open","template":"","meta":[],"product_brand":[2703],"product_cat":[111],"product_tag":[],"class_list":{"0":"post-12756","1":"product","2":"type-product","3":"status-publish","4":"has-post-thumbnail","6":"product_brand-sanotechnik","7":"product_cat-masazne-sprchove-boxy","8":"pa_sirka-90-cm","9":"pa_umiestnenie-do-rohu","10":"pa_vaha-81-kg","11":"pa_vyrobca-sanotechnik-rakusko","12":"pa_vyska-204-cm","13":"pa_zaruka-2-roky","15":"first","16":"instock","17":"sale","18":"taxable","19":"shipping-taxable","20":"purchasable","21":"product-type-simple"},"_links":{"self":[{"href":"https:\/\/diamondspa.sk\/sk\/wp-json\/wp\/v2\/product\/12756","targetHints":{"allow":["GET"]}}],"collection":[{"href":"https:\/\/diamondspa.sk\/sk\/wp-json\/wp\/v2\/product"}],"about":[{"href":"https:\/\/diamondspa.sk\/sk\/wp-json\/wp\/v2\/types\/product"}],"replies":[{"embeddable":true,"href":"https:\/\/diamondspa.sk\/sk\/wp-json\/wp\/v2\/comments?post=12756"}],"wp:featuredmedia":[{"embeddable":true,"href":"https:\/\/diamondspa.sk\/sk\/wp-json\/wp\/v2\/media\/12757"}],"wp:attachment":[{"href":"https:\/\/diamondspa.sk\/sk\/wp-json\/wp\/v2\/media?parent=12756"}],"wp:term":[{"taxonomy":"product_brand","embeddable":true,"href":"https:\/\/diamondspa.sk\/sk\/wp-json\/wp\/v2\/product_brand?post=12756"},{"taxonomy":"product_cat","embeddable":true,"href":"https:\/\/diamondspa.sk\/sk\/wp-json\/wp\/v2\/product_cat?post=12756"},{"taxonomy":"product_tag","embeddable":true,"href":"https:\/\/diamondspa.sk\/sk\/wp-json\/wp\/v2\/product_tag?post=12756"}],"curies":[{"name":"wp","href":"https:\/\/api.w.org\/{rel}","templated":true}]}}