{"id":12764,"date":"2024-03-10T00:20:14","date_gmt":"2024-03-09T23:20:14","guid":{"rendered":"https:\/\/diamondspa.sk\/product\/sanotechnik-trend-stvrtkruhovy-hydromasazny-sprchovaci-box-90x90x225-cm-cl70\/"},"modified":"2025-08-15T08:38:21","modified_gmt":"2025-08-15T06:38:21","slug":"sanotechnik-trend-stvrtkruhovy-hydromasazny-sprchovaci-box-90x90x225-cm-cl70","status":"publish","type":"product","link":"https:\/\/diamondspa.sk\/sk\/produkt\/sanotechnik-trend-stvrtkruhovy-hydromasazny-sprchovaci-box-90x90x225-cm-cl70\/","title":{"rendered":"Sanotechnik &#8211; TREND &#8211; \u0160tvr\u0165kruhov\u00fd hydromas\u00e1\u017eny sprchovac\u00ed box 90x90x225 cm CL70"},"content":{"rendered":"<pre id=\"tw-target-text\" class=\"tw-data-text tw-text-large XcVN5d tw-ta\" dir=\"ltr\" data-placeholder=\"Preklad\"><span lang=\"sk\" style=\"font-family: arial, helvetica, sans-serif;\">TREND \u0160tvr\u0165kruhov\u00fd hydromas\u00e1\u017eny sprchovac\u00ed k\u00fat 90 x 90 x 225 cm CL70\nKab\u00edna s\u00e9rie TREND je skvel\u00fdm n\u00e1strojom pre hydroterapiu. V\u010faka spr\u00e1vne usporiadan\u00fdm <br>sprchov\u00fdm trysk\u00e1m umiestnen\u00fdm v sklenenom paneli umiestnenom v doske z nehrdzavej\u00facej <br>ocele k\u00fape\u013e, ktor\u00fd u\u017e\u00edvate, zlep\u0161\u00ed krvn\u00fd obeh a ut\u00ed\u0161i boles\u0165 svalov. Modern\u00fd dotykov\u00fd ovl\u00e1dac\u00ed <br>panel umo\u017e\u0148uje pripoji\u0165 telef\u00f3n pomocou technol\u00f3gie Bluetooth a pri odpo\u010dinku po\u010d\u00fava\u0165 ob\u013e\u00faben\u00fd <br>zoznam skladieb.\nKab\u00edna m\u00e1 strechu, ktor\u00e1 spolu s ventil\u00e1torom minimalizuje mno\u017estvo vodnej pary usadzovanej <br>na strope k\u00fape\u013ene, \u010d\u00edm zabra\u0148uje tvorbe napr\u00edklad plesn\u00ed.\nDa\u017e\u010fov\u00e1 sprcha je vyroben\u00e1 z nehrdzavej\u00facej ocele a je obohaten\u00e1 o LED osvetlenie. <br>Zvy\u0161uje komfort k\u00fapania.\nKab\u00edna je ide\u00e1lna ako do malej k\u00fape\u013ene, tak aj na letn\u00fa chatu alebo drevenice. Bal\u00ed\u010dek all inclusive <br>obsahuje v\u0161etko potrebn\u00e9 pr\u00edslu\u0161enstvo, tak\u017ee nie s\u00fa potrebn\u00e9 \u010fal\u0161ie v\u00fddavky.\nUnik\u00e1tny syst\u00e9m Quick Line umo\u017e\u0148uje samostatn\u00fa mont\u00e1\u017e bez pou\u017eitia silik\u00f3nov a nutnosti zn\u00e1\u0161a\u0165 <br>\u010fal\u0161ie n\u00e1klady spojen\u00e9 so zamestnan\u00edm \u0161pecialistu.\n<strong>Syst\u00e9m Quick Line<\/strong>\n<\/span><\/pre>\n<ul>\n<li class=\"tw-data-text tw-text-large XcVN5d tw-ta\" dir=\"ltr\" data-placeholder=\"Preklad\"><span lang=\"sk\" style=\"font-family: arial, helvetica, sans-serif;\">posuvn\u00e9 dvere s pevn\u00fdmi stenami <\/span><\/li>\n<li class=\"tw-data-text tw-text-large XcVN5d tw-ta\" dir=\"ltr\" data-placeholder=\"Preklad\"><span lang=\"sk\" style=\"font-family: arial, helvetica, sans-serif;\">vyroben\u00e9 z 5 mm bezpe\u010dnostn\u00e9ho skla (tvrden\u00e9); \u010d\u00edre sklo (prieh\u013eadn\u00e9) <\/span><\/li>\n<li class=\"tw-data-text tw-text-large XcVN5d tw-ta\" dir=\"ltr\" data-placeholder=\"Preklad\"><span lang=\"sk\" style=\"font-family: arial, helvetica, sans-serif;\">zadn\u00e9 panely v \u010diernom skle <\/span><\/li>\n<li class=\"tw-data-text tw-text-large XcVN5d tw-ta\" dir=\"ltr\" data-placeholder=\"Preklad\"><span lang=\"sk\" style=\"font-family: arial, helvetica, sans-serif;\">4 mm dvojit\u00e9 posuvn\u00e9 dvere <\/span><\/li>\n<li class=\"tw-data-text tw-text-large XcVN5d tw-ta\" dir=\"ltr\" data-placeholder=\"Preklad\"><span lang=\"sk\" style=\"font-family: arial, helvetica, sans-serif;\">panel z \u010dierneho skla s hydromas\u00e1\u017enymi tryskami v doske z nehrdzavej\u00facej ocele <\/span><\/li>\n<li class=\"tw-data-text tw-text-large XcVN5d tw-ta\" dir=\"ltr\" data-placeholder=\"Preklad\"><span lang=\"sk\" style=\"font-family: arial, helvetica, sans-serif;\">nerezov\u00e1 da\u017e\u010fov\u00e1 sprcha s LED osvetlen\u00edm <\/span><\/li>\n<li class=\"tw-data-text tw-text-large XcVN5d tw-ta\" dir=\"ltr\" data-placeholder=\"Preklad\"><span lang=\"sk\" style=\"font-family: arial, helvetica, sans-serif;\">hlin\u00edkov\u00fd profil <\/span><\/li>\n<li class=\"tw-data-text tw-text-large XcVN5d tw-ta\" dir=\"ltr\" data-placeholder=\"Preklad\"><span lang=\"sk\" style=\"font-family: arial, helvetica, sans-serif;\">p\u00e1kov\u00e1 zmie\u0161avacia bat\u00e9ria<\/span><\/li>\n<li class=\"tw-data-text tw-text-large XcVN5d tw-ta\" dir=\"ltr\" data-placeholder=\"Preklad\"><span lang=\"sk\" style=\"font-family: arial, helvetica, sans-serif;\">polica na kozmetiku <\/span><\/li>\n<li class=\"tw-data-text tw-text-large XcVN5d tw-ta\" dir=\"ltr\" data-placeholder=\"Preklad\"><span lang=\"sk\" style=\"font-family: arial, helvetica, sans-serif;\">3-funk\u010dn\u00e1 ru\u010dn\u00e1 sprcha <\/span><\/li>\n<li class=\"tw-data-text tw-text-large XcVN5d tw-ta\" dir=\"ltr\" data-placeholder=\"Preklad\"><span lang=\"sk\" style=\"font-family: arial, helvetica, sans-serif;\">elektronick\u00fd ovl\u00e1dac\u00ed panel &#8211; dotykov\u00e1 obrazovka <\/span><\/li>\n<li class=\"tw-data-text tw-text-large XcVN5d tw-ta\" dir=\"ltr\" data-placeholder=\"Preklad\"><span lang=\"sk\" style=\"font-family: arial, helvetica, sans-serif;\">sprchov\u00e1 vani\u010dka s predn\u00fdm panelom <\/span><\/li>\n<li class=\"tw-data-text tw-text-large XcVN5d tw-ta\" dir=\"ltr\" data-placeholder=\"Preklad\"><span lang=\"sk\" style=\"font-family: arial, helvetica, sans-serif;\">sif\u00f3n v cene <\/span><\/li>\n<li class=\"tw-data-text tw-text-large XcVN5d tw-ta\" dir=\"ltr\" data-placeholder=\"Preklad\"><span lang=\"sk\" style=\"font-family: arial, helvetica, sans-serif;\">ventil\u00e1tor <\/span><\/li>\n<li class=\"tw-data-text tw-text-large XcVN5d tw-ta\" dir=\"ltr\" data-placeholder=\"Preklad\"><span lang=\"sk\" style=\"font-family: arial, helvetica, sans-serif;\">r\u00e1dio + reproduktor + Bluetooth <\/span><\/li>\n<li class=\"tw-data-text tw-text-large XcVN5d tw-ta\" dir=\"ltr\" data-placeholder=\"Preklad\"><span lang=\"sk\" style=\"font-family: arial, helvetica, sans-serif;\">dvojit\u00e9 val\u010deky s r\u00fdchloup\u00ednac\u00edm syst\u00e9mom dver\u00ed pre \u013eahk\u00e9 \u010distenie kab\u00edny <\/span><\/li>\n<\/ul>\n<p><span lang=\"sk\" style=\"font-family: arial, helvetica, sans-serif;\">In\u0161tal\u00e1cia kab\u00edny nikdy nebola tak\u00e1 \u013eahk\u00e1 a r\u00fdchla.\u00a0<\/span><\/p>\n<p><strong>Katal\u00f3g:<\/strong><\/p>\n<p><a href=\"\/fotky1950\/Katal%C3%B3gy\/shower_DE2023.pdf\" target=\"_blank\" rel=\"noopener\"><img fetchpriority=\"high\" decoding=\"async\" src=\"https:\/\/diamondspa.sk\/wp-content\/uploads\/2024\/03\/titulka.png\" width=\"462\" height=\"654\" alt=\"\" style=\"display: block; margin-left: auto; margin-right: auto;\"><\/a><\/p>\n","protected":false},"excerpt":{"rendered":"<p>TREND \u0160tvr\u0165kruhov\u00fd hydromas\u00e1\u017eny sprchovac\u00ed k\u00fat 90 x 90 x 225 cm CL70 Kab\u00edna s\u00e9rie TREND je skvel\u00fdm n\u00e1strojom pre hydroterapiu. V\u010faka spr\u00e1vne usporiadan\u00fdm sprchov\u00fdm trysk\u00e1m umiestnen\u00fdm v sklenenom paneli umiestnenom v doske z nehrdzavej\u00facej ocele k\u00fape\u013e, ktor\u00fd u\u017e\u00edvate, zlep\u0161\u00ed krvn\u00fd obeh a ut\u00ed\u0161i boles\u0165 svalov. Modern\u00fd dotykov\u00fd ovl\u00e1dac\u00ed panel umo\u017e\u0148uje pripoji\u0165 telef\u00f3n pomocou technol\u00f3gie Bluetooth [&hellip;]<\/p>\n","protected":false},"featured_media":12765,"comment_status":"closed","ping_status":"open","template":"","meta":[],"product_brand":[2703],"product_cat":[111],"product_tag":[],"class_list":{"0":"post-12764","1":"product","2":"type-product","3":"status-publish","4":"has-post-thumbnail","6":"product_brand-sanotechnik","7":"product_cat-masazne-sprchove-boxy","8":"pa_sirka-90-cm","9":"pa_umiestnenie-do-rohu","10":"pa_vaha-9460-kg","11":"pa_vyrobca-sanotechnik-rakusko","12":"pa_vyska-210-cm","13":"pa_zaruka-2-roky","15":"first","16":"instock","17":"sale","18":"taxable","19":"shipping-taxable","20":"purchasable","21":"product-type-simple"},"_links":{"self":[{"href":"https:\/\/diamondspa.sk\/sk\/wp-json\/wp\/v2\/product\/12764","targetHints":{"allow":["GET"]}}],"collection":[{"href":"https:\/\/diamondspa.sk\/sk\/wp-json\/wp\/v2\/product"}],"about":[{"href":"https:\/\/diamondspa.sk\/sk\/wp-json\/wp\/v2\/types\/product"}],"replies":[{"embeddable":true,"href":"https:\/\/diamondspa.sk\/sk\/wp-json\/wp\/v2\/comments?post=12764"}],"wp:featuredmedia":[{"embeddable":true,"href":"https:\/\/diamondspa.sk\/sk\/wp-json\/wp\/v2\/media\/12765"}],"wp:attachment":[{"href":"https:\/\/diamondspa.sk\/sk\/wp-json\/wp\/v2\/media?parent=12764"}],"wp:term":[{"taxonomy":"product_brand","embeddable":true,"href":"https:\/\/diamondspa.sk\/sk\/wp-json\/wp\/v2\/product_brand?post=12764"},{"taxonomy":"product_cat","embeddable":true,"href":"https:\/\/diamondspa.sk\/sk\/wp-json\/wp\/v2\/product_cat?post=12764"},{"taxonomy":"product_tag","embeddable":true,"href":"https:\/\/diamondspa.sk\/sk\/wp-json\/wp\/v2\/product_tag?post=12764"}],"curies":[{"name":"wp","href":"https:\/\/api.w.org\/{rel}","templated":true}]}}