{"id":12775,"date":"2024-03-10T00:20:14","date_gmt":"2024-03-09T23:20:14","guid":{"rendered":"https:\/\/diamondspa.sk\/product\/sanotechnik-quickline-trend-sprchovy-box-obdlznik-120x80x210cm\/"},"modified":"2025-08-15T08:38:20","modified_gmt":"2025-08-15T06:38:20","slug":"sanotechnik-quickline-trend-sprchovy-box-obdlznik-120x80x210cm","status":"publish","type":"product","link":"https:\/\/diamondspa.sk\/sk\/produkt\/sanotechnik-quickline-trend-sprchovy-box-obdlznik-120x80x210cm\/","title":{"rendered":"Sanotechnik &#8211; QuickLine Trend &#8211; sprchov\u00fd box obd\u013a\u017enik &#8211; 120x80x210cm"},"content":{"rendered":"<p class=\"text-left\"><strong> <span style=\"font-size: 12pt;\"> <span class=\"page-name\"> TREND Obd\u013a\u017enikov\u00fd sprchovac\u00ed k\u00fat s hydromas\u00e1\u017eou 80x120x210 cm CL72\u00a0<\/span><\/span><\/strong><\/p>\n<p class=\"text-left\">Kab\u00edna s\u00e9rie TREND je skvel\u00fdm hydroterapeutick\u00fdm n\u00e1strojom. V\u010faka spr\u00e1vne usporiadan\u00fdm sprchov\u00fdm d\u00fdzam, ktor\u00e9 s\u00fa umiestnen\u00e9 v paneli z nehrdzavej\u00facej ocele, k\u00fape\u013e, ktor\u00fd u\u017e\u00edvate, zlep\u0161\u00ed krvn\u00fd obeh a zmierni boles\u0165 svalov. Modern\u00fd dotykov\u00fd ovl\u00e1dac\u00ed panel umo\u017e\u0148uje pripoji\u0165 telef\u00f3n pomocou technol\u00f3gie <strong> Bluetooth <\/strong> a pri odpo\u010dinku po\u010d\u00fava\u0165 ob\u013e\u00faben\u00fa hudbu. <br \/>Kab\u00edna m\u00e1 strechu, ktor\u00e1 spolu s ventil\u00e1torom minimalizuje mno\u017estvo vodnej pary usadzovanej na strope k\u00fape\u013ene a zabra\u0148uje tak tvorbe napr\u00edklad plesn\u00ed. <br \/>Vyroben\u00e9 z nehrdzavej\u00facej ocele a obohaten\u00e9 o LED osvetlenie, da\u017e\u010fov\u00e1 sprcha a 3funk\u010dn\u00e1 ru\u010dn\u00e1 sprcha zvy\u0161uj\u00fa komfort a pote\u0161enie z k\u00fapania. <br \/>Kab\u00edna je ide\u00e1lna ako do malej k\u00fape\u013ene, tak aj na letn\u00fa chatu alebo drevenice. V\u0161etky potrebn\u00e9 doplnky s\u00fa s\u00fa\u010das\u0165ou bal\u00edka all inclusive, tak\u017ee nie s\u00fa potrebn\u00e9 \u010fal\u0161ie v\u00fddavky. <br \/>Unik\u00e1tny syst\u00e9m <strong> Quick Line <\/strong> umo\u017e\u0148uje samostatn\u00fa mont\u00e1\u017e bez pou\u017eitia silik\u00f3nov a nutnosti zn\u00e1\u0161a\u0165 \u010fal\u0161ie n\u00e1klady spojen\u00e9 so zamestn\u00e1van\u00edm \u0161pecialistu.\u00a0<\/p>\n<p><strong> Syst\u00e9m Quick Line <\/p>\n<p><\/strong> Jedine syst\u00e9m r\u00fdchlej mont\u00e1\u017ee Quick Line v\u00e1m umo\u017en\u00ed zostavi\u0165 si na\u0161u kab\u00ednu svojpomocne, bez nutnosti v\u0155tania a zne\u010distenia silik\u00f3nom. To nielen \u0161etr\u00ed n\u00e1klady na zamestnanie \u010fal\u0161ieho \u0161pecialistu, ale aj u\u013eah\u010duje \u00fadr\u017ebu &#8211; syst\u00e9m Quick Line je zalo\u017een\u00fd na in\u0161tal\u00e1cii bez pou\u017eitia silik\u00f3nu a pri zabezpe\u010den\u00ed trvalej tesnosti kab\u00edny.<\/p>\n<p><strong> S\u00faprava obsahuje: <br \/><\/strong><\/p>\n<ul>\n<li>posuvn\u00e9 dvere s pevn\u00fdmi stenami vyroben\u00e9 z 5 mm bezpe\u010dnostn\u00e9ho skla (tvrden\u00e9); \u010d\u00edre (prieh\u013eadn\u00e9) sklo<\/li>\n<li>zadn\u00e9 panely zo 4mm \u010dierneho skla<\/li>\n<li>jednoduch\u00e9 posuvn\u00e9 dvere<\/li>\n<li>zadn\u00e1 stena s plechom z nehrdzavej\u00facej ocele<\/li>\n<li>postrekova\u010d z nehrdzavej\u00facej ocele s LED osvetlen\u00edm<\/li>\n<li>hlin\u00edkov\u00fd profil<\/li>\n<li>p\u00e1kov\u00e1 zmie\u0161avacia bat\u00e9ria<\/li>\n<li>polica na kozmetiku<\/li>\n<li>ru\u010dn\u00e1 sprcha s 3 funkciami<\/li>\n<li>elektronick\u00fd ovl\u00e1dac\u00ed panel &#8211; dotknite sa<\/li>\n<li>sprchov\u00e1 vani\u010dka s predn\u00fdm panelom<\/li>\n<li>s\u00fa\u010das\u0165ou sif\u00f3nu<\/li>\n<li>fan\u00fa\u0161ik<\/li>\n<li>r\u00e1dio + reproduktor + Bluetooth<\/li>\n<li>dvojit\u00e9 val\u010deky s r\u00fdchloup\u00ednac\u00edm syst\u00e9mom dver\u00ed pre \u013eahk\u00e9 \u010distenie kab\u00edny\n<p><strong> Rozmery: 80x120x210 cm <\/strong><\/li>\n<\/ul>\n<p>Mont\u00e1\u017e kab\u00edny nikdy nebola tak\u00e1 \u013eahk\u00e1 a r\u00fdchla. <\/p>\n<p>Ako zostavi\u0165 kab\u00ednu? Proces mont\u00e1\u017ee je uveden\u00fd vo videu ni\u017e\u0161ie.<\/p>\n<p><strong>Katal\u00f3g:<\/strong><\/p>\n<p><a href=\"\/fotky1950\/Katal%C3%B3gy\/shower_DE2023.pdf\" target=\"_blank\" rel=\"noopener\"><img fetchpriority=\"high\" decoding=\"async\" src=\"https:\/\/diamondspa.sk\/wp-content\/uploads\/2024\/03\/titulka.png\" width=\"462\" height=\"654\" alt=\"\" style=\"display: block; margin-left: auto; margin-right: auto;\"><\/a><\/p>\n<p class=\"center\"><em> In\u0161trukt\u00e1\u017ene video na zostavenie podobnej kab\u00edny <\/em><\/p>\n<p class=\"center\"><iframe width=\"560\" height=\"315\" src=\"https:\/\/www.youtube.com\/embed\/JQzRWu74eyQ?rel=0&amp;showinfo=0\" frameborder=\"0\" allowfullscreen=\"allowfullscreen\"> <\/iframe><\/p>\n","protected":false},"excerpt":{"rendered":"<p>TREND Obd\u013a\u017enikov\u00fd sprchovac\u00ed k\u00fat s hydromas\u00e1\u017eou 80x120x210 cm CL72\u00a0 Kab\u00edna s\u00e9rie TREND je skvel\u00fdm hydroterapeutick\u00fdm n\u00e1strojom. V\u010faka spr\u00e1vne usporiadan\u00fdm sprchov\u00fdm d\u00fdzam, ktor\u00e9 s\u00fa umiestnen\u00e9 v paneli z nehrdzavej\u00facej ocele, k\u00fape\u013e, ktor\u00fd u\u017e\u00edvate, zlep\u0161\u00ed krvn\u00fd obeh a zmierni boles\u0165 svalov. Modern\u00fd dotykov\u00fd ovl\u00e1dac\u00ed panel umo\u017e\u0148uje pripoji\u0165 telef\u00f3n pomocou technol\u00f3gie Bluetooth a pri odpo\u010dinku po\u010d\u00fava\u0165 ob\u013e\u00faben\u00fa hudbu. [&hellip;]<\/p>\n","protected":false},"featured_media":12776,"comment_status":"closed","ping_status":"open","template":"","meta":[],"product_brand":[2703],"product_cat":[111],"product_tag":[],"class_list":{"0":"post-12775","1":"product","2":"type-product","3":"status-publish","4":"has-post-thumbnail","6":"product_brand-sanotechnik","7":"product_cat-masazne-sprchove-boxy","8":"pa_sirka-120-cm","9":"pa_umiestnenie-na-rovnu-stenu","10":"pa_vaha-11720-kg","11":"pa_vyrobca-sanotechnik-rakusko","12":"pa_vyska-210-cm","13":"pa_zaruka-2-roky","15":"first","16":"instock","17":"sale","18":"taxable","19":"shipping-taxable","20":"purchasable","21":"product-type-simple"},"_links":{"self":[{"href":"https:\/\/diamondspa.sk\/sk\/wp-json\/wp\/v2\/product\/12775","targetHints":{"allow":["GET"]}}],"collection":[{"href":"https:\/\/diamondspa.sk\/sk\/wp-json\/wp\/v2\/product"}],"about":[{"href":"https:\/\/diamondspa.sk\/sk\/wp-json\/wp\/v2\/types\/product"}],"replies":[{"embeddable":true,"href":"https:\/\/diamondspa.sk\/sk\/wp-json\/wp\/v2\/comments?post=12775"}],"wp:featuredmedia":[{"embeddable":true,"href":"https:\/\/diamondspa.sk\/sk\/wp-json\/wp\/v2\/media\/12776"}],"wp:attachment":[{"href":"https:\/\/diamondspa.sk\/sk\/wp-json\/wp\/v2\/media?parent=12775"}],"wp:term":[{"taxonomy":"product_brand","embeddable":true,"href":"https:\/\/diamondspa.sk\/sk\/wp-json\/wp\/v2\/product_brand?post=12775"},{"taxonomy":"product_cat","embeddable":true,"href":"https:\/\/diamondspa.sk\/sk\/wp-json\/wp\/v2\/product_cat?post=12775"},{"taxonomy":"product_tag","embeddable":true,"href":"https:\/\/diamondspa.sk\/sk\/wp-json\/wp\/v2\/product_tag?post=12775"}],"curies":[{"name":"wp","href":"https:\/\/api.w.org\/{rel}","templated":true}]}}