{"id":12777,"date":"2024-03-10T00:20:14","date_gmt":"2024-03-09T23:20:14","guid":{"rendered":"https:\/\/diamondspa.sk\/product\/sanotechnik-salsa-sprchovy-box-s-vanou-stvrtkruh-120x120x228cm\/"},"modified":"2025-08-15T08:38:21","modified_gmt":"2025-08-15T06:38:21","slug":"sanotechnik-salsa-sprchovy-box-s-vanou-stvrtkruh-120x120x228cm","status":"publish","type":"product","link":"https:\/\/diamondspa.sk\/sk\/produkt\/sanotechnik-salsa-sprchovy-box-s-vanou-stvrtkruh-120x120x228cm\/","title":{"rendered":"Sanotechnik &#8211; Salsa &#8211; sprchov\u00fd box s va\u0148ou \u0161tvr\u0165kruh 120x120x228cm"},"content":{"rendered":"<p><span style=\"color: #000000;\"><span style=\"font-size: 12pt;\"><strong>POPIS<\/strong><\/span><\/span><\/p>\n<ul>\n<li><span style=\"font-size: 12pt;\">5 mm bezpe\u010dnostn\u00e9 sklo<\/span><br \/><span style=\"font-size: 12pt;\"> <\/span><\/li>\n<li><span style=\"font-size: 12pt;\">Zadn\u00e9 sklo \u010dierne, predn\u00e9 sklo t\u00f3novan\u00e9<\/span><\/li>\n<li><span style=\"font-size: 12pt;\">4 trysky na mas\u00e1\u017enom sprchovom paneli<\/span><\/li>\n<li><span style=\"font-size: 12pt;\">4 bedrov\u00e9 trysky<\/span><\/li>\n<li><span style=\"font-size: 12pt;\">Panel s LED osvetlen\u00edm<\/span><\/li>\n<li><span style=\"font-size: 12pt;\">Hlin\u00edkov\u00e9 profily striebornej farby<\/span><\/li>\n<li><span style=\"font-size: 12pt;\">Dvojit\u00e9 kolie\u010dka<\/span><\/li>\n<li><span style=\"font-size: 12pt;\">P\u00e1kov\u00e9 prep\u00ednanie<\/span><\/li>\n<li><span style=\"font-size: 12pt;\">Ru\u010dn\u00e1 sprcha<\/span><\/li>\n<li><span style=\"font-size: 12pt;\">Horn\u00e1 sprcha s integrovan\u00fdm LED farebn\u00fdm svetlom<\/span><\/li>\n<li><span style=\"font-size: 12pt;\">Madlo, ve\u0161iaky<\/span><\/li>\n<li><span style=\"font-size: 12pt;\">Elektronick\u00fd ovl\u00e1dac\u00ed panel s dotykovou obrazovkou<\/span><\/li>\n<li><span style=\"font-size: 12pt;\">Ventil\u00e1tor<\/span><\/li>\n<li><span style=\"font-size: 12pt;\">R\u00e1dio + reproduktory<\/span><\/li>\n<li><span style=\"font-size: 12pt;\">Osvetlenie so 7 farbami<\/span><\/li>\n<li><span style=\"font-size: 12pt;\">1 podhlavn\u00edk<\/span><\/li>\n<li><span style=\"font-size: 12pt;\">Sn\u00edmate\u013en\u00fd \u010deln\u00fd panel vane<\/span><\/li>\n<li><span style=\"font-size: 12pt;\">Mas\u00e1\u017e n\u00f4h<\/span><\/li>\n<li><span style=\"font-size: 12pt;\">Akryl\u00e1tov\u00e1 hlbok\u00e1 va\u0148a (vn\u00fatorn\u00e1 h\u013abka cca. 38cm)<\/span><\/li>\n<\/ul>\n<p><span style=\"font-size: 12pt;\"><strong>FAREBNOS\u0164<\/strong><\/span><br \/><span style=\"font-size: 12pt;\"><strong>\u010dierny <\/strong>&#8211; dod\u00e1 va\u0161ej k\u00fape\u013eni vysok\u00fa eleganciu<\/span><\/p>\n<p><span style=\"font-size: 12pt;\"><strong>OSTATN\u00c9 V\u00ddHODY<\/strong><\/span><br \/><span style=\"font-size: 12pt;\">Dvojit\u00e9 kolieska zabeze\u010dia \u013eah\u0161\u00ed chod dver\u00ed a vydr\u017eia dlh\u0161ie<\/span><br \/><span style=\"font-size: 12pt;\">Dvojit\u00e9 osvetlenie (na paneli aj zo stropu)<\/span><br \/><span style=\"font-size: 12pt;\">Mas\u00e1\u017e n\u00f4h pre zv\u00fd\u0161en\u00fd relax<\/span><br \/><span style=\"font-size: 12pt;\">Sn\u00edmate\u013en\u00fd \u010deln\u00fd panel vane &#8211; jednoduch\u00fd pr\u00edstup v pr\u00edpade servisu<\/span><br \/><span style=\"font-size: 12pt;\">R\u00e1dio a sed\u00e1tko V\u00e1m zabezpe\u010dnia relax po n\u00e1ro\u010dnom dni<\/span><\/p>\n<p><span style=\"font-size: 12pt;\"><strong>PRE\u010cO RAK\u00daSKY SANOTECHNIK?<br \/><\/strong><\/span><span style=\"font-size: 12pt;\">&#8211; <strong>30 ro\u010dn\u00e1 trad\u00edcia zna\u010dky<\/strong><\/span><br \/><span style=\"font-size: 12pt;\">&#8211; zast\u00fapenie <strong>v 19tich krajin\u00e1ch<\/strong> sveta<\/span><br \/><span style=\"font-size: 12pt;\">&#8211; <strong>vlastn\u00e9 v\u00fdrobn\u00e9 z\u00e1vody<\/strong> pre sprch. k\u00faty\/dvere\/z\u00e1steny, vani\u010dky, vane a n\u00e1bytok<\/span><br \/><span style=\"font-size: 12pt;\">&#8211; dov\u00e1\u017eame tovar priamo z Rak\u00faska ku v\u00e1m domov<\/span><br \/><span style=\"font-size: 12pt;\">&#8211; <strong>priamy dovoz<\/strong> = n\u00edzka cena, r\u00fdchle dodanie a najlep\u0161ie servisn\u00e9 slu\u017eby<\/span><\/p>\n<p><img fetchpriority=\"high\" decoding=\"async\" src=\"https:\/\/diamondspa.sk\/wp-content\/uploads\/2024\/03\/Sanotechnik-salsa-sprchovy-box-s-vanou-stvrtkruh-120-x-120-x-215-cm-TR20-002.jpg\" alt=\"\" width=\"1000\" height=\"1505\"><\/p>\n<p><img decoding=\"async\" src=\"https:\/\/diamondspa.sk\/wp-content\/uploads\/2024\/03\/Sanotechnik-salsa-sprchovy-box-s-vanou-stvrtkruh-120-x-120-x-215-cm-TR20-003.jpg\" alt=\"\" width=\"1000\" height=\"664\"><\/p>\n<p>\u00a0<\/p>\n<p><img decoding=\"async\" src=\"https:\/\/diamondspa.sk\/wp-content\/uploads\/2024\/03\/Sanotechnik-salsa-sprchovy-box-s-vanou-stvrtkruh-120-x-120-x-215-cm-TR20-005.jpg\" alt=\"\" width=\"1000\" height=\"1272\"><\/p>\n<p><img loading=\"lazy\" decoding=\"async\" src=\"https:\/\/diamondspa.sk\/wp-content\/uploads\/2024\/03\/Sanotechnik-salsa-sprchovy-box-s-vanou-stvrtkruh-120-x-120-x-215-cm-TR20-006.jpg\" alt=\"\" width=\"1000\" height=\"664\"><\/p>\n<p><img loading=\"lazy\" decoding=\"async\" src=\"https:\/\/diamondspa.sk\/wp-content\/uploads\/2024\/03\/Sanotechnik-salsa-sprchovy-box-s-vanou-stvrtkruh-120-x-120-x-215-cm-TR20-007.jpg\" alt=\"\" width=\"1000\" height=\"664\"><\/p>\n<p><img loading=\"lazy\" decoding=\"async\" src=\"https:\/\/diamondspa.sk\/wp-content\/uploads\/2024\/03\/Sanotechnik-salsa-sprchovy-box-s-vanou-stvrtkruh-120-x-120-x-215-cm-TR20-008.jpg\" alt=\"\" width=\"1000\" height=\"1505\"><\/p>\n<p><img loading=\"lazy\" decoding=\"async\" src=\"https:\/\/diamondspa.sk\/wp-content\/uploads\/2024\/03\/Sanotechnik-salsa-sprchovy-box-s-vanou-stvrtkruh-120-x-120-x-215-cm-TR20-009.jpg\" alt=\"\" width=\"1000\" height=\"664\"><\/p>\n<p><img loading=\"lazy\" decoding=\"async\" src=\"https:\/\/diamondspa.sk\/wp-content\/uploads\/2024\/03\/Sanotechnik-salsa-sprchovy-box-s-vanou-stvrtkruh-120-x-120-x-215-cm-TR20-010.jpg\" alt=\"\" width=\"1000\" height=\"664\"><\/p>\n<p><img loading=\"lazy\" decoding=\"async\" src=\"https:\/\/diamondspa.sk\/wp-content\/uploads\/2024\/03\/Sanotechnik-salsa-sprchovy-box-s-vanou-stvrtkruh-120-x-120-x-215-cm-TR20-011.jpg\" alt=\"\" width=\"1000\" height=\"1610\"><\/p>\n<p><img loading=\"lazy\" decoding=\"async\" src=\"https:\/\/diamondspa.sk\/wp-content\/uploads\/2024\/03\/Sanotechnik-salsa-sprchovy-box-s-vanou-stvrtkruh-120-x-120-x-215-cm-TR20-012.jpg\" alt=\"\" width=\"1000\" height=\"666\"><\/p>\n<p><img loading=\"lazy\" decoding=\"async\" src=\"https:\/\/diamondspa.sk\/wp-content\/uploads\/2024\/03\/Sanotechnik-salsa-sprchovy-box-s-vanou-stvrtkruh-120-x-120-x-215-cm-TR20-013.jpg\" alt=\"\" width=\"1000\" height=\"852\"><\/p>\n<p><img loading=\"lazy\" decoding=\"async\" src=\"https:\/\/diamondspa.sk\/wp-content\/uploads\/2024\/03\/Sanotechnik-salsa-sprchovy-box-s-vanou-stvrtkruh-120-x-120-x-215-cm-TR20-014.jpg\" alt=\"\" width=\"1000\" height=\"1888\"><\/p>\n<p><img loading=\"lazy\" decoding=\"async\" src=\"https:\/\/diamondspa.sk\/wp-content\/uploads\/2024\/03\/Sanotechnik-salsa-sprchovy-box-s-vanou-stvrtkruh-120-x-120-x-215-cm-TR20-015.jpg\" alt=\"\" width=\"1328\" height=\"952\"><\/p>\n<p><strong>Katal\u00f3g:<\/strong><\/p>\n<p><a href=\"\/fotky1950\/Katal%C3%B3gy\/shower_DE2023.pdf\" target=\"_blank\" rel=\"noopener\"><img loading=\"lazy\" decoding=\"async\" src=\"https:\/\/diamondspa.sk\/wp-content\/uploads\/2024\/03\/titulka.png\" width=\"462\" height=\"654\" alt=\"\" style=\"display: block; margin-left: auto; margin-right: auto;\"><\/a><\/p>\n","protected":false},"excerpt":{"rendered":"<p>POPIS 5 mm bezpe\u010dnostn\u00e9 sklo Zadn\u00e9 sklo \u010dierne, predn\u00e9 sklo t\u00f3novan\u00e9 4 trysky na mas\u00e1\u017enom sprchovom paneli 4 bedrov\u00e9 trysky Panel s LED osvetlen\u00edm Hlin\u00edkov\u00e9 profily striebornej farby Dvojit\u00e9 kolie\u010dka P\u00e1kov\u00e9 prep\u00ednanie Ru\u010dn\u00e1 sprcha Horn\u00e1 sprcha s integrovan\u00fdm LED farebn\u00fdm svetlom Madlo, ve\u0161iaky Elektronick\u00fd ovl\u00e1dac\u00ed panel s dotykovou obrazovkou Ventil\u00e1tor R\u00e1dio + reproduktory Osvetlenie so [&hellip;]<\/p>\n","protected":false},"featured_media":12778,"comment_status":"closed","ping_status":"open","template":"","meta":[],"product_brand":[2703],"product_cat":[111],"product_tag":[],"class_list":{"0":"post-12777","1":"product","2":"type-product","3":"status-publish","4":"has-post-thumbnail","6":"product_brand-sanotechnik","7":"product_cat-masazne-sprchove-boxy","8":"pa_sirka-120-cm","9":"pa_umiestnenie-do-rohu","10":"pa_vaha-133-kg","11":"pa_vyrobca-sanotechnik-rakusko","12":"pa_vyska-288-cm","13":"pa_zaruka-2-roky","15":"first","16":"instock","17":"sale","18":"taxable","19":"shipping-taxable","20":"purchasable","21":"product-type-simple"},"_links":{"self":[{"href":"https:\/\/diamondspa.sk\/sk\/wp-json\/wp\/v2\/product\/12777","targetHints":{"allow":["GET"]}}],"collection":[{"href":"https:\/\/diamondspa.sk\/sk\/wp-json\/wp\/v2\/product"}],"about":[{"href":"https:\/\/diamondspa.sk\/sk\/wp-json\/wp\/v2\/types\/product"}],"replies":[{"embeddable":true,"href":"https:\/\/diamondspa.sk\/sk\/wp-json\/wp\/v2\/comments?post=12777"}],"wp:featuredmedia":[{"embeddable":true,"href":"https:\/\/diamondspa.sk\/sk\/wp-json\/wp\/v2\/media\/12778"}],"wp:attachment":[{"href":"https:\/\/diamondspa.sk\/sk\/wp-json\/wp\/v2\/media?parent=12777"}],"wp:term":[{"taxonomy":"product_brand","embeddable":true,"href":"https:\/\/diamondspa.sk\/sk\/wp-json\/wp\/v2\/product_brand?post=12777"},{"taxonomy":"product_cat","embeddable":true,"href":"https:\/\/diamondspa.sk\/sk\/wp-json\/wp\/v2\/product_cat?post=12777"},{"taxonomy":"product_tag","embeddable":true,"href":"https:\/\/diamondspa.sk\/sk\/wp-json\/wp\/v2\/product_tag?post=12777"}],"curies":[{"name":"wp","href":"https:\/\/api.w.org\/{rel}","templated":true}]}}