{"id":12780,"date":"2024-03-10T00:20:14","date_gmt":"2024-03-09T23:20:14","guid":{"rendered":"https:\/\/diamondspa.sk\/product\/sanotechnik-cuba-sprchovy-box-s-vanou-stvrtkruh-130x130x228cm\/"},"modified":"2025-08-15T08:38:21","modified_gmt":"2025-08-15T06:38:21","slug":"sanotechnik-cuba-sprchovy-box-s-vanou-stvrtkruh-130x130x228cm","status":"publish","type":"product","link":"https:\/\/diamondspa.sk\/sk\/produkt\/sanotechnik-cuba-sprchovy-box-s-vanou-stvrtkruh-130x130x228cm\/","title":{"rendered":"Sanotechnik &#8211; Cuba &#8211; sprchov\u00fd box s va\u0148ou \u0161tvr\u0165kruh 130x130x228cm"},"content":{"rendered":"<p><span style=\"color: #000000;\"><span style=\"font-size: 12pt;\"><strong>POPIS<\/strong><\/span><\/span><\/p>\n<ul>\n<li>5 mm bezpe\u010dnostn\u00e9 sklo<\/li>\n<li>Zadn\u00e9 sklo \u010dierne, predn\u00e9 sklo t\u00f3novan\u00e9<\/li>\n<li>4 trysky na mas\u00e1\u017enom sprchovom paneli<\/li>\n<li>4 bedrov\u00e9 trysky<\/li>\n<li>Panel s LED osvetlen\u00edm<\/li>\n<li>Hlin\u00edkov\u00e9 profily striebornej farby<\/li>\n<li>Dvojit\u00e9 kolie\u010dka<\/li>\n<li>P\u00e1kov\u00e9 prep\u00ednanie<\/li>\n<li>Ru\u010dn\u00e1 sprcha<\/li>\n<li>Horn\u00e1 sprcha s integrovan\u00fdm LED farebn\u00fdm svetlom<\/li>\n<li>Madlo, ve\u0161iaky<\/li>\n<li>Elektronick\u00fd ovl\u00e1dac\u00ed panel s dotykovou obrazovkou<\/li>\n<li>Ventil\u00e1tor<\/li>\n<li>R\u00e1dio + reproduktory<\/li>\n<li>Osvetlenie so 7 farbami<\/li>\n<li>1 podhlavn\u00edk<\/li>\n<li>Sn\u00edmate\u013en\u00fd \u010deln\u00fd panel vane<\/li>\n<li>Mas\u00e1\u017e n\u00f4h<\/li>\n<li>Akryl\u00e1tov\u00e1 hlbok\u00e1 va\u00f2a (vn\u00fatorn\u00e1 h\u00e5bka cca. 38cm)<\/li>\n<\/ul>\n<p><strong>FAREBNOS\u0164<\/strong><br \/><strong>\u010dierny <\/strong>&#8211; dod\u00e1 va\u0161ej k\u00fape\u013eni vysok\u00fa eleganciu<\/p>\n<p><strong>OSTATN\u00c9 V\u00ddHODY<\/strong><\/p>\n<ul>\n<li>Dvojit\u00e9 kolieska zabeze\u010dia \u013eah\u0161\u00ed chod dver\u00ed a vydr\u017eia dlh\u0161ie<\/li>\n<li>Dvojit\u00e9 osvetlenie (na paneli aj zo stropu)<\/li>\n<li>Mas\u00e1\u017e n\u00f4h pre zv\u00fd\u0161en\u00fd relax<\/li>\n<li>Sn\u00edmate\u013en\u00fd \u010deln\u00fd panel vane &#8211; jednoduch\u00fd pr\u00edstup v pr\u00edpade servisu<\/li>\n<li>R\u00e1dio a sed\u00e1tko V\u00e1m zabezpe\u010dnia relax po n\u00e1ro\u010dnom dni<\/li>\n<\/ul>\n<p><strong>PRE\u010cO RAK\u00daSKY SANOTECHNIK?<br \/><\/strong>&#8211; <strong>30 ro\u010dn\u00e1 trad\u00edcia zna\u010dky<\/strong><br \/>&#8211; zast\u00fapenie <strong>v 19tich krajin\u00e1ch<\/strong> sveta<br \/>&#8211; <strong>vlastn\u00e9 v\u00fdrobn\u00e9 z\u00e1vody<\/strong> pre sprch. k\u00faty\/dvere\/z\u00e1steny, vani\u010dky, vane a n\u00e1bytok<br \/>&#8211; dov\u00e1\u017eame tovar priamo z Rak\u00faska ku v\u00e1m domov<br \/>&#8211; <strong>priamy dovoz<\/strong> = n\u00edzka cena, r\u00fdchle dodanie a najlep\u0161ie servisn\u00e9 slu\u017eby<\/p>\n<p><strong>Katal\u00f3g:<\/strong><\/p>\n<p><a href=\"\/fotky1950\/Katal%C3%B3gy\/shower_DE2023.pdf\" target=\"_blank\" rel=\"noopener\"><img fetchpriority=\"high\" decoding=\"async\" src=\"https:\/\/diamondspa.sk\/wp-content\/uploads\/2024\/03\/titulka.png\" width=\"462\" height=\"654\" alt=\"\" style=\"display: block; margin-left: auto; margin-right: auto;\"><\/a><\/p>\n<p><img decoding=\"async\" src=\"https:\/\/diamondspa.sk\/wp-content\/uploads\/2024\/03\/Sanotechnik-salsa-sprchovy-box-s-vanou-stvrtkruh-120-x-120-x-215-cm-TR20-002.jpg\" alt=\"\" width=\"1000\" height=\"1505\"><\/p>\n<p><img decoding=\"async\" src=\"https:\/\/diamondspa.sk\/wp-content\/uploads\/2024\/03\/Sanotechnik-salsa-sprchovy-box-s-vanou-stvrtkruh-120-x-120-x-215-cm-TR20-003.jpg\" alt=\"\" width=\"1000\" height=\"664\"><\/p>\n<p><img loading=\"lazy\" decoding=\"async\" src=\"https:\/\/diamondspa.sk\/wp-content\/uploads\/2024\/03\/Sanotechnik-salsa-sprchovy-box-s-vanou-stvrtkruh-120-x-120-x-215-cm-TR20-004.jpg\" alt=\"\" width=\"1000\" height=\"1506\"><\/p>\n<p><img loading=\"lazy\" decoding=\"async\" src=\"https:\/\/diamondspa.sk\/wp-content\/uploads\/2024\/03\/Sanotechnik-salsa-sprchovy-box-s-vanou-stvrtkruh-120-x-120-x-215-cm-TR20-005.jpg\" alt=\"\" width=\"1000\" height=\"1272\"><\/p>\n<p><img loading=\"lazy\" decoding=\"async\" src=\"https:\/\/diamondspa.sk\/wp-content\/uploads\/2024\/03\/Sanotechnik-salsa-sprchovy-box-s-vanou-stvrtkruh-120-x-120-x-215-cm-TR20-006.jpg\" alt=\"\" width=\"1000\" height=\"664\"><\/p>\n<p><img loading=\"lazy\" decoding=\"async\" src=\"https:\/\/diamondspa.sk\/wp-content\/uploads\/2024\/03\/Sanotechnik-salsa-sprchovy-box-s-vanou-stvrtkruh-120-x-120-x-215-cm-TR20-007.jpg\" alt=\"\" width=\"1000\" height=\"664\"><\/p>\n<p><img loading=\"lazy\" decoding=\"async\" src=\"https:\/\/diamondspa.sk\/wp-content\/uploads\/2024\/03\/Sanotechnik-salsa-sprchovy-box-s-vanou-stvrtkruh-120-x-120-x-215-cm-TR20-008.jpg\" alt=\"\" width=\"1000\" height=\"1505\"><\/p>\n<p><img loading=\"lazy\" decoding=\"async\" src=\"https:\/\/diamondspa.sk\/wp-content\/uploads\/2024\/03\/Sanotechnik-salsa-sprchovy-box-s-vanou-stvrtkruh-120-x-120-x-215-cm-TR20-009.jpg\" alt=\"\" width=\"1000\" height=\"664\"><\/p>\n<p><img loading=\"lazy\" decoding=\"async\" src=\"https:\/\/diamondspa.sk\/wp-content\/uploads\/2024\/03\/Sanotechnik-salsa-sprchovy-box-s-vanou-stvrtkruh-120-x-120-x-215-cm-TR20-010.jpg\" alt=\"\" width=\"1000\" height=\"664\"><\/p>\n<p><img loading=\"lazy\" decoding=\"async\" src=\"https:\/\/diamondspa.sk\/wp-content\/uploads\/2024\/03\/Sanotechnik-salsa-sprchovy-box-s-vanou-stvrtkruh-120-x-120-x-215-cm-TR20-011.jpg\" alt=\"\" width=\"1000\" height=\"1610\"><\/p>\n<p><img loading=\"lazy\" decoding=\"async\" src=\"https:\/\/diamondspa.sk\/wp-content\/uploads\/2024\/03\/Sanotechnik-salsa-sprchovy-box-s-vanou-stvrtkruh-120-x-120-x-215-cm-TR20-012.jpg\" alt=\"\" width=\"1000\" height=\"666\"><\/p>\n<p><img loading=\"lazy\" decoding=\"async\" src=\"https:\/\/diamondspa.sk\/wp-content\/uploads\/2024\/03\/Sanotechnik-salsa-sprchovy-box-s-vanou-stvrtkruh-120-x-120-x-215-cm-TR20-013.jpg\" alt=\"\" width=\"1000\" height=\"852\"><\/p>\n<p><img loading=\"lazy\" decoding=\"async\" src=\"https:\/\/diamondspa.sk\/wp-content\/uploads\/2024\/03\/Sanotechnik-salsa-sprchovy-box-s-vanou-stvrtkruh-120-x-120-x-215-cm-TR20-014.jpg\" alt=\"\" width=\"1000\" height=\"1888\"><\/p>\n<p><img loading=\"lazy\" decoding=\"async\" src=\"https:\/\/diamondspa.sk\/wp-content\/uploads\/2024\/03\/Sanotechnik-cuba-sprchovy-box-s-vanou-stvrtkruh-130-x-130-x-cm-TR25-vykres.jpg\" alt=\"\" width=\"1317\" height=\"1002\"><\/p>\n<p>\u00a0<\/p>\n","protected":false},"excerpt":{"rendered":"<p>POPIS 5 mm bezpe\u010dnostn\u00e9 sklo Zadn\u00e9 sklo \u010dierne, predn\u00e9 sklo t\u00f3novan\u00e9 4 trysky na mas\u00e1\u017enom sprchovom paneli 4 bedrov\u00e9 trysky Panel s LED osvetlen\u00edm Hlin\u00edkov\u00e9 profily striebornej farby Dvojit\u00e9 kolie\u010dka P\u00e1kov\u00e9 prep\u00ednanie Ru\u010dn\u00e1 sprcha Horn\u00e1 sprcha s integrovan\u00fdm LED farebn\u00fdm svetlom Madlo, ve\u0161iaky Elektronick\u00fd ovl\u00e1dac\u00ed panel s dotykovou obrazovkou Ventil\u00e1tor R\u00e1dio + reproduktory Osvetlenie so [&hellip;]<\/p>\n","protected":false},"featured_media":12781,"comment_status":"closed","ping_status":"open","template":"","meta":[],"product_brand":[2703],"product_cat":[111],"product_tag":[],"class_list":{"0":"post-12780","1":"product","2":"type-product","3":"status-publish","4":"has-post-thumbnail","6":"product_brand-sanotechnik","7":"product_cat-masazne-sprchove-boxy","8":"pa_sirka-130-cm","9":"pa_umiestnenie-do-rohu","10":"pa_vaha-140-kg","11":"pa_vyrobca-sanotechnik-rakusko","12":"pa_vyska-228-cm","13":"pa_zaruka-2-roky","15":"first","16":"outofstock","17":"sale","18":"taxable","19":"shipping-taxable","20":"purchasable","21":"product-type-simple"},"_links":{"self":[{"href":"https:\/\/diamondspa.sk\/sk\/wp-json\/wp\/v2\/product\/12780","targetHints":{"allow":["GET"]}}],"collection":[{"href":"https:\/\/diamondspa.sk\/sk\/wp-json\/wp\/v2\/product"}],"about":[{"href":"https:\/\/diamondspa.sk\/sk\/wp-json\/wp\/v2\/types\/product"}],"replies":[{"embeddable":true,"href":"https:\/\/diamondspa.sk\/sk\/wp-json\/wp\/v2\/comments?post=12780"}],"wp:featuredmedia":[{"embeddable":true,"href":"https:\/\/diamondspa.sk\/sk\/wp-json\/wp\/v2\/media\/12781"}],"wp:attachment":[{"href":"https:\/\/diamondspa.sk\/sk\/wp-json\/wp\/v2\/media?parent=12780"}],"wp:term":[{"taxonomy":"product_brand","embeddable":true,"href":"https:\/\/diamondspa.sk\/sk\/wp-json\/wp\/v2\/product_brand?post=12780"},{"taxonomy":"product_cat","embeddable":true,"href":"https:\/\/diamondspa.sk\/sk\/wp-json\/wp\/v2\/product_cat?post=12780"},{"taxonomy":"product_tag","embeddable":true,"href":"https:\/\/diamondspa.sk\/sk\/wp-json\/wp\/v2\/product_tag?post=12780"}],"curies":[{"name":"wp","href":"https:\/\/api.w.org\/{rel}","templated":true}]}}