{"id":12783,"date":"2024-03-10T00:20:14","date_gmt":"2024-03-09T23:20:14","guid":{"rendered":"https:\/\/diamondspa.sk\/product\/sanotechnik-quickline-punto-sprchovy-box-stvrtkruh-90x90x215cm-biely\/"},"modified":"2025-08-15T08:38:21","modified_gmt":"2025-08-15T06:38:21","slug":"sanotechnik-quickline-punto-sprchovy-box-stvrtkruh-90x90x215cm-biely","status":"publish","type":"product","link":"https:\/\/diamondspa.sk\/sk\/produkt\/sanotechnik-quickline-punto-sprchovy-box-stvrtkruh-90x90x215cm-biely\/","title":{"rendered":"Sanotechnik &#8211; QuickLine Punto &#8211; sprchov\u00fd box \u0161tvr\u0165kruh 90x90x215cm &#8211; biely"},"content":{"rendered":"<p><span style=\"color: #000000;\"><span style=\"font-size: 12pt;\"><strong>POPIS<br \/><\/strong><\/span><\/span><\/p>\n<ul>\n<li><span style=\"color: #000000;\"><span style=\"font-size: 12pt;\"><span style=\"font-size: 12pt;\">Posuvn\u00e9 dvere z 4 mm bezpe\u010dnostn\u00e9ho skla<br \/><\/span><\/span><\/span><\/li>\n<li><span style=\"color: #000000;\"><span style=\"font-size: 12pt;\"><span style=\"font-size: 12pt;\">Dvojit\u00e9 kolieska<br \/><\/span><\/span><\/span><\/li>\n<li><span style=\"color: #000000;\"><span style=\"font-size: 12pt;\"><span style=\"font-size: 12pt;\">Hlavov\u00e1 sprcha<br \/><\/span><\/span><\/span><\/li>\n<li><span style=\"color: #000000;\"><span style=\"font-size: 12pt;\"><span style=\"font-size: 12pt;\">Ru\u010dn\u00e1 sprcha<br \/><\/span><\/span><\/span><\/li>\n<li><span style=\"color: #000000;\"><span style=\"font-size: 12pt;\"><span style=\"font-size: 12pt;\">6 trysiek<br \/><\/span><\/span><\/span><\/li>\n<li><span style=\"color: #000000;\"><span style=\"font-size: 12pt;\"><span style=\"font-size: 12pt;\">Akryl\u00e1tov\u00e1 vani\u010dka s kvalitnou kovovou v\u00fdstu\u017eou s 5-timi nastavite\u013en\u00fdmi no\u017ei\u010dkami<br \/><\/span><\/span><\/span><\/li>\n<li><span style=\"color: #000000;\"><span style=\"font-size: 12pt;\"><span style=\"font-size: 12pt;\">V\u00fd\u0161ka samotnej vani\u010dky je 14,3 cm<br \/><\/span><\/span><\/span><\/li>\n<li><span style=\"color: #000000;\"><span style=\"font-size: 12pt;\"><span style=\"font-size: 12pt;\">Celkov\u00e1 v\u00fd\u0161ka vani\u010dky so spodnou vodiacou li\u0161tou je 18 cm<\/span><\/span><\/span><\/li>\n<\/ul>\n<p><span style=\"font-size: 12pt; color: #000000;\"><strong>HLAVN\u00c9 V\u00ddHODY<\/strong><br \/>V\u010faka syst\u00e9mu QuickLine <strong>mont\u00e1\u017e zvl\u00e1dnete aj sami<\/strong> a <strong>u\u0161etr\u00edte <\/strong>peniaze <strong>za technika<\/strong><br \/>\u017eiaden silik\u00f3n &#8211; <strong>\u017e<\/strong><strong>iadne plesne<\/strong> okolo boxu<br \/><strong>Dvojit\u00e9 kolieska<\/strong> zabeze\u010dia <strong>\u013eah\u0161\u00ed chod dver\u00ed<\/strong> a vydr\u017eia dlh\u0161ie<br \/><strong>Samonosn\u00e1 kon\u0161trukcia<\/strong> &#8211; \u017eiadne vrtanie do stien, sta\u010d\u00ed zlo\u017ei\u0165 a zasun\u00fa\u0165 do rohu<br \/>Stredn\u00e1 sprcha &#8211; <strong>vy\u0161\u0161\u00ed komfort pri sprchovan\u00ed<\/strong><br \/>Bez sed\u00e1tka &#8211; <strong>viac priestoru na sprchovanie<\/strong><br \/><strong>N\u00edzka cena<\/strong> &#8211; ni\u017e\u0161ia cena oproti k\u00fatu s vani\u010dkou, bat\u00e9riou a sprchou<\/span><\/p>\n<p><span style=\"font-size: 12pt;\"><span style=\"color: #000000;\"><strong>PRE\u010cO RAK\u00daSKY SANOTECHNIK?<br \/><\/strong>&#8211; <strong>30 ro\u010dn\u00e1 trad\u00edcia zna\u010dky<\/strong><\/span><br \/><span style=\"color: #000000;\">&#8211; zast\u00fapenie <strong>v 19tich krajin\u00e1ch<\/strong> sveta<\/span><br \/><span style=\"color: #000000;\">&#8211; <strong>vlastn\u00e9 v\u00fdrobn\u00e9 z\u00e1vody<\/strong> pre sprch. k\u00faty\/dvere\/z\u00e1steny, vani\u010dky, vane a n\u00e1bytok<\/span><br \/><span style=\"color: #000000;\">&#8211; dov\u00e1\u017eame tovar priamo z Rak\u00faska ku v\u00e1m domov<\/span><br \/><span style=\"color: #000000;\">&#8211; <strong>priamy dovoz<\/strong> = n\u00edzka cena, r\u00fdchle dodanie a najlep\u0161ie servisn\u00e9 slu\u017eby<\/span><br \/><\/span><\/p>\n<p><span style=\"font-size: 12pt;\"><span style=\"color: #000000;\">RAK\u00daSKY <span style=\"color: #ff0000;\"><strong>PATENTOVAN\u00dd SYST\u00c9M MONT\u00c1\u017dE &#8222;QUICKLINE<\/strong><\/span> &#8211; R\u00ddCHLA MONT\u00c1\u017d&#8220;<\/span><br \/><span style=\"color: #000000;\"> Tento syst\u00e9m pre sprchov\u00e9 boxy je <strong>najnov\u0161ou inov\u00e1ciou<\/strong> od <strong>rak\u00faskej spolo\u010dnosti Sanotechnik<\/strong>. Pracuje<strong> bez silik\u00f3nov a bez pou\u017eitia n\u00e1strojov<\/strong>. Predmontovan\u00e9 \u010dasti do seba \u013eahko zapadn\u00fa, tak\u017ee <strong>mont\u00e1\u017e zvl\u00e1dnete aj sami<\/strong> a u\u0161etr\u00edte peniaze za technika. <strong>Unik\u00e1tny hlin\u00edkov\u00fd profil zabezpe\u010duje 100% stabiln\u00fa r\u00e1mov\u00fa kon\u0161trukciu<\/strong>. \u010casti do seba prec\u00edzne zapadaj\u00fa a tak s\u00fa<strong> \u00faplne vodotesn\u00e9<\/strong>, tak\u017ee nie je potrebn\u00fd <strong>\u017eiaden silik\u00f3n<\/strong>, a teda <strong>v<\/strong><strong>yhnete sa plesniam v k\u00fape\u013eni.<\/strong><\/span><\/span><\/p>\n<p><strong>Katal\u00f3g:<\/strong><\/p>\n<p><a href=\"\/fotky1950\/Katal%C3%B3gy\/shower_DE2023.pdf\" target=\"_blank\" rel=\"noopener\"><img fetchpriority=\"high\" decoding=\"async\" src=\"https:\/\/diamondspa.sk\/wp-content\/uploads\/2024\/03\/titulka.png\" width=\"462\" height=\"654\" alt=\"\" style=\"display: block; margin-left: auto; margin-right: auto;\"><\/a><\/p>\n<p><strong>Video k mont\u00e1\u017ei:<\/strong><\/p>\n<p><span style=\"font-size: 12pt;\"><span style=\"color: #000000;\"><strong><iframe width=\"560\" height=\"314\" src=\"https:\/\/www.youtube.com\/embed\/HtnBkH_XxVI\" allowfullscreen=\"allowfullscreen\"><\/iframe><\/strong><\/span><\/span><\/p>\n","protected":false},"excerpt":{"rendered":"<p>POPIS Posuvn\u00e9 dvere z 4 mm bezpe\u010dnostn\u00e9ho skla Dvojit\u00e9 kolieska Hlavov\u00e1 sprcha Ru\u010dn\u00e1 sprcha 6 trysiek Akryl\u00e1tov\u00e1 vani\u010dka s kvalitnou kovovou v\u00fdstu\u017eou s 5-timi nastavite\u013en\u00fdmi no\u017ei\u010dkami V\u00fd\u0161ka samotnej vani\u010dky je 14,3 cm Celkov\u00e1 v\u00fd\u0161ka vani\u010dky so spodnou vodiacou li\u0161tou je 18 cm HLAVN\u00c9 V\u00ddHODYV\u010faka syst\u00e9mu QuickLine mont\u00e1\u017e zvl\u00e1dnete aj sami a u\u0161etr\u00edte peniaze za technika\u017eiaden [&hellip;]<\/p>\n","protected":false},"featured_media":12784,"comment_status":"closed","ping_status":"open","template":"","meta":[],"product_brand":[2703],"product_cat":[111],"product_tag":[],"class_list":{"0":"post-12783","1":"product","2":"type-product","3":"status-publish","4":"has-post-thumbnail","6":"product_brand-sanotechnik","7":"product_cat-masazne-sprchove-boxy","8":"pa_pocet-trysiek-383","9":"pa_sirka-90-cm","10":"pa_umiestnenie-do-rohu","11":"pa_vaha-909-kg","12":"pa_vyrobca-sanotechnik-rakusko","13":"pa_vyska-215-cm","14":"pa_zaruka-2-roky","16":"first","17":"instock","18":"sale","19":"taxable","20":"shipping-taxable","21":"purchasable","22":"product-type-simple"},"_links":{"self":[{"href":"https:\/\/diamondspa.sk\/sk\/wp-json\/wp\/v2\/product\/12783","targetHints":{"allow":["GET"]}}],"collection":[{"href":"https:\/\/diamondspa.sk\/sk\/wp-json\/wp\/v2\/product"}],"about":[{"href":"https:\/\/diamondspa.sk\/sk\/wp-json\/wp\/v2\/types\/product"}],"replies":[{"embeddable":true,"href":"https:\/\/diamondspa.sk\/sk\/wp-json\/wp\/v2\/comments?post=12783"}],"wp:featuredmedia":[{"embeddable":true,"href":"https:\/\/diamondspa.sk\/sk\/wp-json\/wp\/v2\/media\/12784"}],"wp:attachment":[{"href":"https:\/\/diamondspa.sk\/sk\/wp-json\/wp\/v2\/media?parent=12783"}],"wp:term":[{"taxonomy":"product_brand","embeddable":true,"href":"https:\/\/diamondspa.sk\/sk\/wp-json\/wp\/v2\/product_brand?post=12783"},{"taxonomy":"product_cat","embeddable":true,"href":"https:\/\/diamondspa.sk\/sk\/wp-json\/wp\/v2\/product_cat?post=12783"},{"taxonomy":"product_tag","embeddable":true,"href":"https:\/\/diamondspa.sk\/sk\/wp-json\/wp\/v2\/product_tag?post=12783"}],"curies":[{"name":"wp","href":"https:\/\/api.w.org\/{rel}","templated":true}]}}