{"id":12785,"date":"2024-03-10T00:20:14","date_gmt":"2024-03-09T23:20:14","guid":{"rendered":"https:\/\/diamondspa.sk\/product\/sanotechnik-nevada-170-sprchovy-box-s-obdlznikovou-vanou-170x85x223cm\/"},"modified":"2025-08-15T08:38:21","modified_gmt":"2025-08-15T06:38:21","slug":"sanotechnik-nevada-170-sprchovy-box-s-obdlznikovou-vanou-170x85x223cm","status":"publish","type":"product","link":"https:\/\/diamondspa.sk\/sk\/produkt\/sanotechnik-nevada-170-sprchovy-box-s-obdlznikovou-vanou-170x85x223cm\/","title":{"rendered":"Sanotechnik &#8211; Nevada 170 sprchov\u00fd box s obd\u013a\u017enikovou va\u0148ou 170x85x223cm"},"content":{"rendered":"<p><span style=\"font-size: 12pt;\"><b>Sprchov\u00fd box NEVADA 85&#215;170<\/b><br \/>&#8211; 5 mm bezpe\u010dnostn\u00e9 sklo<br \/><\/span><span style=\"font-size: 12pt;\">&#8211; Zadn\u00e9 sklo \u010dierne, predn\u00e9 sklo t\u00f3novan\u00e9<\/span><br \/><span style=\"font-size: 12pt;\">&#8211; 4 trysky na mas\u00e1\u017enom sprchovom paneli<br \/><\/span><span style=\"font-size: 12pt;\">&#8211; 4 bedrov\u00e9 trysky<\/span><br \/><span style=\"font-size: 12pt;\">&#8211; Hlin\u00edkov\u00e9 profily striebornej farby<\/span><br \/><span style=\"font-size: 12pt;\">&#8211; Dvojit\u00e9 kolie\u010dka<\/span><br \/><span style=\"font-size: 12pt;\">&#8211; P\u00e1kov\u00e9 prep\u00ednanie<\/span><br \/><span style=\"font-size: 12pt;\">&#8211; Sklopn\u00e9 sed\u00e1tko<\/span><br \/><span style=\"font-size: 12pt;\">&#8211; Ru\u010dn\u00e1 sprcha<span class=\"redactor-invisible-space\"><br \/>&#8211; Horn\u00e1 sprcha s integrovan\u00fdm LED farebn\u00fdm svetlom<br \/>&#8211; Madlo, ve\u0161iaky<br \/>&#8211; Elektronick\u00fd ovl\u00e1dac\u00ed panel<br \/>&#8211; Ventil\u00e1tor<br \/>&#8211; R\u00e1dio + reproduktory<br \/>&#8211; Sn\u00edmate\u013en\u00fd \u010deln\u00fd panel vane<span class=\"redactor-invisible-space\"><br \/><\/span><\/span>&#8211; Akryl\u00e1tov\u00e1 hlbok\u00e1 va\u0148a (vn\u00fatorn\u00e1 h\u013abka cca. 38cm)<\/span><br \/><span style=\"font-size: 12pt;\"><strong><span style=\"color: #de3042;\">POZOR!!! Nov\u00fd model sa vyr\u00e1ba bez mas\u00e1\u017ee na nohy.<\/span><\/strong><\/span><\/p>\n<p><span style=\"font-size: 12pt;\"><strong>OSTATN\u00c9 V\u00ddHODY<\/strong><\/span><br \/><span style=\"font-size: 12pt;\">&#8211; Dvojit\u00e9 kolieska zabeze\u010dia \u013eahk\u00fd chod dver\u00ed a vydr\u017eia dlh\u0161ie<\/span><br \/><span style=\"font-size: 12pt;\">&#8211; Stre\u0161n\u00e1 sprcha s osvetlen\u00edm<\/span><br \/><span style=\"font-size: 12pt;\">&#8211; Sn\u00edmate\u013en\u00fd \u010deln\u00fd panel vane &#8211; jednoduch\u00fd pr\u00edstup v pr\u00edpade servisu<\/span><br \/><span style=\"font-size: 12pt;\">&#8211; R\u00e1dio a sed\u00e1tko V\u00e1m zabezpe\u010dnia relax po n\u00e1ro\u010dnom dni<br \/><\/span><span style=\"font-size: 12pt;\">&#8211; Mo\u017enos\u0165 doobjedna\u0165 v\u00edriv\u00fd syst\u00e9m\u00a0<\/span><\/p>\n<p><span style=\"color: #de3042; font-size: 12pt;\"><strong>POZOR!!! Tento sprchov\u00fd box sa nevyr\u00e1ba so syst\u00e9mom r\u00fdchlej mont\u00e1\u017ee QuickLine<\/strong><\/span><\/p>\n<p><span style=\"font-size: 12pt;\"><strong>PRE\u010cO RAK\u00daSKY SANOTECHNIK?<br \/><\/strong><\/span><span style=\"font-size: 12pt;\">&#8211; <strong>30 ro\u010dn\u00e1 trad\u00edcia zna\u010dky<\/strong><\/span><br \/><span style=\"font-size: 12pt;\">&#8211; zast\u00fapenie <strong>v 19tich krajin\u00e1ch<\/strong> sveta<\/span><br \/><span style=\"font-size: 12pt;\">&#8211; <strong>vlastn\u00e9 v\u00fdrobn\u00e9 z\u00e1vody<\/strong> pre sprch. k\u00faty\/dvere\/z\u00e1steny, vani\u010dky, vane a n\u00e1bytok<\/span><br \/><span style=\"font-size: 12pt;\">&#8211; dov\u00e1\u017eame tovar priamo z Rak\u00faska ku v\u00e1m domov<\/span><br \/><span style=\"font-size: 12pt;\">&#8211; <strong>priamy dovoz<\/strong> = n\u00edzka cena, r\u00fdchle dodanie a najlep\u0161ie servisn\u00e9 slu\u017eby<\/span><\/p>\n<p><strong>Katal\u00f3g:<\/strong><\/p>\n<p><a href=\"\/fotky1950\/Katal%C3%B3gy\/shower_DE2023.pdf\" target=\"_blank\" rel=\"noopener\"><img fetchpriority=\"high\" decoding=\"async\" src=\"https:\/\/diamondspa.sk\/wp-content\/uploads\/2024\/03\/titulka.png\" width=\"462\" height=\"654\" alt=\"\" style=\"display: block; margin-left: auto; margin-right: auto;\"><\/a><\/p>\n","protected":false},"excerpt":{"rendered":"<p>Sprchov\u00fd box NEVADA 85&#215;170&#8211; 5 mm bezpe\u010dnostn\u00e9 sklo&#8211; Zadn\u00e9 sklo \u010dierne, predn\u00e9 sklo t\u00f3novan\u00e9&#8211; 4 trysky na mas\u00e1\u017enom sprchovom paneli&#8211; 4 bedrov\u00e9 trysky&#8211; Hlin\u00edkov\u00e9 profily striebornej farby&#8211; Dvojit\u00e9 kolie\u010dka&#8211; P\u00e1kov\u00e9 prep\u00ednanie&#8211; Sklopn\u00e9 sed\u00e1tko&#8211; Ru\u010dn\u00e1 sprcha&#8211; Horn\u00e1 sprcha s integrovan\u00fdm LED farebn\u00fdm svetlom&#8211; Madlo, ve\u0161iaky&#8211; Elektronick\u00fd ovl\u00e1dac\u00ed panel&#8211; Ventil\u00e1tor&#8211; R\u00e1dio + reproduktory&#8211; Sn\u00edmate\u013en\u00fd \u010deln\u00fd panel vane&#8211; [&hellip;]<\/p>\n","protected":false},"featured_media":12786,"comment_status":"closed","ping_status":"open","template":"","meta":[],"product_brand":[2703],"product_cat":[111],"product_tag":[],"class_list":{"0":"post-12785","1":"product","2":"type-product","3":"status-publish","4":"has-post-thumbnail","6":"product_brand-sanotechnik","7":"product_cat-masazne-sprchove-boxy","8":"pa_sirka-170-cm","9":"pa_umiestnenie-na-rovnu-stenu","10":"pa_vaha-1466-kg","11":"pa_vyrobca-sanotechnik-rakusko","12":"pa_vyska-233-cm","13":"pa_zaruka-2-roky","15":"first","16":"outofstock","17":"sale","18":"taxable","19":"shipping-taxable","20":"purchasable","21":"product-type-simple"},"_links":{"self":[{"href":"https:\/\/diamondspa.sk\/sk\/wp-json\/wp\/v2\/product\/12785","targetHints":{"allow":["GET"]}}],"collection":[{"href":"https:\/\/diamondspa.sk\/sk\/wp-json\/wp\/v2\/product"}],"about":[{"href":"https:\/\/diamondspa.sk\/sk\/wp-json\/wp\/v2\/types\/product"}],"replies":[{"embeddable":true,"href":"https:\/\/diamondspa.sk\/sk\/wp-json\/wp\/v2\/comments?post=12785"}],"wp:featuredmedia":[{"embeddable":true,"href":"https:\/\/diamondspa.sk\/sk\/wp-json\/wp\/v2\/media\/12786"}],"wp:attachment":[{"href":"https:\/\/diamondspa.sk\/sk\/wp-json\/wp\/v2\/media?parent=12785"}],"wp:term":[{"taxonomy":"product_brand","embeddable":true,"href":"https:\/\/diamondspa.sk\/sk\/wp-json\/wp\/v2\/product_brand?post=12785"},{"taxonomy":"product_cat","embeddable":true,"href":"https:\/\/diamondspa.sk\/sk\/wp-json\/wp\/v2\/product_cat?post=12785"},{"taxonomy":"product_tag","embeddable":true,"href":"https:\/\/diamondspa.sk\/sk\/wp-json\/wp\/v2\/product_tag?post=12785"}],"curies":[{"name":"wp","href":"https:\/\/api.w.org\/{rel}","templated":true}]}}