{"id":12839,"date":"2024-03-10T00:21:53","date_gmt":"2024-03-09T23:21:53","guid":{"rendered":"https:\/\/diamondspa.sk\/product\/sanotechnik-vario-hydromasazny-sprchovy-kut-80-x-120-x-215-cm-pravy\/"},"modified":"2025-08-15T08:38:19","modified_gmt":"2025-08-15T06:38:19","slug":"sanotechnik-vario-hydromasazny-sprchovy-kut-80-x-120-x-215-cm-pravy","status":"publish","type":"product","link":"https:\/\/diamondspa.sk\/sk\/produkt\/sanotechnik-vario-hydromasazny-sprchovy-kut-80-x-120-x-215-cm-pravy\/","title":{"rendered":"Sanotechnik &#8211; VARIO &#8211; Hydromas\u00e1\u017eny sprchov\u00fd k\u00fat 80 x 120 x 215 cm (prav\u00fd)"},"content":{"rendered":"<h2><span class=\"page-name\" style=\"font-size: 12pt;\"> Hydromas\u00e1\u017eny sprchov\u00fd k\u00fat VARIO 80x120x215 cm (vpravo) CL121R <\/span><\/h2>\n<p class=\"text-left\">Kab\u00edna VARIO v\u010faka spr\u00e1vne usporiadan\u00fdm a\u017e \u0161iestim mas\u00e1\u017enym trysk\u00e1m zlep\u0161\u00ed krvn\u00fd obeh a poskytne \u00fa\u013eavu bo\u013eav\u00fdm alebo oslaben\u00fdm svalom. Elektronick\u00fd ovl\u00e1dac\u00ed panel umo\u017e\u0148uje ovl\u00e1da\u0165 svetlo tak, aby vytv\u00e1ralo pr\u00edjemn\u00fa atmosf\u00e9ru, a \u010fal\u0161ia v\u00fdhoda vo forme r\u00e1dia upokoj\u00ed va\u0161e zmysly hudbou. <br \/>Kab\u00edna m\u00e1 strechu a ventil\u00e1tor, ktor\u00fd minimalizuje mno\u017estvo vlhkosti usadenej na strope k\u00fape\u013ene a zabra\u0148uje tak tvorba napr. plesn\u00ed. <br \/>Da\u017e\u010fov\u00e1 sprcha obohaten\u00e1 o osvetlenie zvy\u0161uje komfort k\u00fapania. Ve\u0161iak, ktor\u00fd je s\u00fa\u010das\u0165ou s\u00fapravy, v\u00e1m umo\u017en\u00ed zavesi\u0165 k\u00fapacie pr\u00edslu\u0161enstvo do kab\u00edny, \u010do je vysoko funk\u010dn\u00e9 rie\u0161enie. <br \/>Kab\u00edna je ide\u00e1lna ako do malej k\u00fape\u013ene, tak do alt\u00e1nku alebo drevenice. V\u0161etky potrebn\u00e9 doplnky s\u00fa s\u00fa\u010das\u0165ou bal\u00edka all inclusive, tak\u017ee nie s\u00fa potrebn\u00e9 \u010fal\u0161ie v\u00fddavky. <br \/>Unik\u00e1tny syst\u00e9m <strong> Quick Line <\/strong> umo\u017e\u0148uje samostatn\u00fa mont\u00e1\u017e bez pou\u017eitia silik\u00f3nov a nutnosti zn\u00e1\u0161a\u0165 \u010fal\u0161ie n\u00e1klady spojen\u00e9 so zamestn\u00e1van\u00edm \u0161pecialistu.<\/p>\n<p class=\"text-left\"><strong>Syst\u00e9m Quick Line <\/p>\n<p><\/strong>Jedin\u00fd syst\u00e9m r\u00fdchlej mont\u00e1\u017ee Quick Line v Po\u013esku v\u00e1m umo\u017en\u00ed zostavi\u0165 si na\u0161u kab\u00ednu svojpomocne, bez potreby v\u0155tania a zne\u010distenia silik\u00f3nom. To nielen \u0161etr\u00ed n\u00e1klady na zamestnanie \u010fal\u0161ieho \u0161pecialistu, ale aj u\u013eah\u010duje \u00fadr\u017ebu &#8211; syst\u00e9m Quick Line je zalo\u017een\u00fd na in\u0161tal\u00e1cii bez pou\u017eitia silik\u00f3nu a pri zabezpe\u010den\u00ed trvalej tesnosti kab\u00edny.<\/p>\n<p><strong> S\u00faprava obsahuje: <br \/><\/strong><\/p>\n<ul>\n<li>5 mm bezpe\u010dnostn\u00e9 sklo<\/li>\n<li>zadn\u00e9 \u010dasti z \u010dierneho skla<\/li>\n<li>dvojit\u00e9 posuvn\u00e9 dvere<\/li>\n<li>hlin\u00edkov\u00e9 profily<\/li>\n<li>6 mas\u00e1\u017enych trysiek na sprchovom paneli<\/li>\n<li>p\u00e1kov\u00e1 zmie\u0161avacia bat\u00e9ria<\/li>\n<li>polica na kozmetiku<\/li>\n<li>ru\u010dn\u00e1 a stropn\u00e1 sprcha<\/li>\n<li>ve\u0161iak<\/li>\n<li>elektronick\u00fd ovl\u00e1dac\u00ed panel<\/li>\n<li>da\u017e\u010fov\u00e1 sprcha s osvetlen\u00edm<\/li>\n<li>fan\u00fa\u0161ik<\/li>\n<li>r\u00e1dio, reproduktor<\/li>\n<li>sprchov\u00e1 vani\u010dka so sif\u00f3nom a predn\u00fdm panelom<\/li>\n<li>sklopn\u00e9 sedadlo<\/li>\n<li>spodn\u00e9 val\u010deky s r\u00fdchloup\u00ednac\u00edm syst\u00e9mom dver\u00ed pre \u013eahk\u00e9 \u010distenie kab\u00edny<\/li>\n<\/ul>\n<p>Mont\u00e1\u017e kab\u00edny nikdy nebola tak\u00e1 \u013eahk\u00e1 a r\u00fdchla.<\/p>\n<p><strong>Katal\u00f3g:<\/strong><\/p>\n<p><a href=\"\/fotky1950\/Katal%C3%B3gy\/shower_DE2023.pdf\" target=\"_blank\" rel=\"noopener\"><img fetchpriority=\"high\" decoding=\"async\" src=\"https:\/\/diamondspa.sk\/wp-content\/uploads\/2024\/03\/titulka.png\" width=\"462\" height=\"654\" alt=\"\" style=\"display: block; margin-left: auto; margin-right: auto;\"><\/a><\/p>\n<p class=\"center\"><em> In\u0161trukt\u00e1\u017ene video na zostavenie podobnej kab\u00edny <\/em><\/p>\n<p class=\"center\"><iframe width=\"560\" height=\"315\" src=\"https:\/\/www.youtube.com\/embed\/JQzRWu74eyQ?rel=0&amp;showinfo=0\" frameborder=\"0\" allowfullscreen=\"allowfullscreen\"> <\/iframe> <a href=\"\/Complaints-i- returns\"> <\/a><\/p>\n","protected":false},"excerpt":{"rendered":"<p>Hydromas\u00e1\u017eny sprchov\u00fd k\u00fat VARIO 80x120x215 cm (vpravo) CL121R Kab\u00edna VARIO v\u010faka spr\u00e1vne usporiadan\u00fdm a\u017e \u0161iestim mas\u00e1\u017enym trysk\u00e1m zlep\u0161\u00ed krvn\u00fd obeh a poskytne \u00fa\u013eavu bo\u013eav\u00fdm alebo oslaben\u00fdm svalom. Elektronick\u00fd ovl\u00e1dac\u00ed panel umo\u017e\u0148uje ovl\u00e1da\u0165 svetlo tak, aby vytv\u00e1ralo pr\u00edjemn\u00fa atmosf\u00e9ru, a \u010fal\u0161ia v\u00fdhoda vo forme r\u00e1dia upokoj\u00ed va\u0161e zmysly hudbou. Kab\u00edna m\u00e1 strechu a ventil\u00e1tor, ktor\u00fd minimalizuje [&hellip;]<\/p>\n","protected":false},"featured_media":12840,"comment_status":"closed","ping_status":"open","template":"","meta":[],"product_brand":[2703],"product_cat":[111],"product_tag":[],"class_list":{"0":"post-12839","1":"product","2":"type-product","3":"status-publish","4":"has-post-thumbnail","6":"product_brand-sanotechnik","7":"product_cat-masazne-sprchove-boxy","8":"pa_sirka-120-cm","9":"pa_vyrobca-sanotechnik-rakusko","10":"pa_vyska-215-cm","11":"pa_zaruka-2-roky","13":"first","14":"instock","15":"sale","16":"taxable","17":"shipping-taxable","18":"purchasable","19":"product-type-simple"},"_links":{"self":[{"href":"https:\/\/diamondspa.sk\/sk\/wp-json\/wp\/v2\/product\/12839","targetHints":{"allow":["GET"]}}],"collection":[{"href":"https:\/\/diamondspa.sk\/sk\/wp-json\/wp\/v2\/product"}],"about":[{"href":"https:\/\/diamondspa.sk\/sk\/wp-json\/wp\/v2\/types\/product"}],"replies":[{"embeddable":true,"href":"https:\/\/diamondspa.sk\/sk\/wp-json\/wp\/v2\/comments?post=12839"}],"wp:featuredmedia":[{"embeddable":true,"href":"https:\/\/diamondspa.sk\/sk\/wp-json\/wp\/v2\/media\/12840"}],"wp:attachment":[{"href":"https:\/\/diamondspa.sk\/sk\/wp-json\/wp\/v2\/media?parent=12839"}],"wp:term":[{"taxonomy":"product_brand","embeddable":true,"href":"https:\/\/diamondspa.sk\/sk\/wp-json\/wp\/v2\/product_brand?post=12839"},{"taxonomy":"product_cat","embeddable":true,"href":"https:\/\/diamondspa.sk\/sk\/wp-json\/wp\/v2\/product_cat?post=12839"},{"taxonomy":"product_tag","embeddable":true,"href":"https:\/\/diamondspa.sk\/sk\/wp-json\/wp\/v2\/product_tag?post=12839"}],"curies":[{"name":"wp","href":"https:\/\/api.w.org\/{rel}","templated":true}]}}