{"id":12843,"date":"2024-03-10T00:21:53","date_gmt":"2024-03-09T23:21:53","guid":{"rendered":"https:\/\/diamondspa.sk\/product\/sanotechnik-new-york-infrasauna-pre-3-osoby-152x112-cm-d70720\/"},"modified":"2025-08-15T08:38:19","modified_gmt":"2025-08-15T06:38:19","slug":"sanotechnik-new-york-infrasauna-pre-3-osoby-152x112-cm-d70720","status":"publish","type":"product","link":"https:\/\/diamondspa.sk\/sk\/produkt\/sanotechnik-new-york-infrasauna-pre-3-osoby-152x112-cm-d70720\/","title":{"rendered":"Sanotechnik &#8211; NEW YORK Infrasauna pre 3 osoby 152&#215;112 cm D70720"},"content":{"rendered":"<h2><span class=\"page-name\" style=\"font-size: 12pt;\"> NEW YORK Infrasauna pre 3 osoby 152&#215;112 cm D70720 <\/span><\/h2>\n<p>Infrasauny (infra\u010derven\u00e9, n\u00edzkoteplotn\u00e9) s\u00fa sauny bez pary a s n\u00edzkou teplotou vzduchu (40 &#8211; 65 \u00b0 C), kde sa namiesto tradi\u010dn\u00fdch kachl\u00ed pou\u017e\u00edvaj\u00fa keramick\u00e9, kremenn\u00e9 alebo uhl\u00edkovo-hore\u010dnat\u00e9 infra\u017eiari\u010de. <br \/>V\u0161etky sauny spolo\u010dnosti Sanotechnik vy\u017eaduje 230 V, 1 200 W (jednotliv\u00fd) a\u017e 2 100 W (\u0161tyri osoby). Sauny m\u00f4\u017eu by\u0165 in\u0161talovan\u00e9 v ob\u00fdvacej izbe, sp\u00e1lni, suter\u00e9ne, k\u00fape\u013eni.<\/p>\n<h4>PARAMETRE:<\/h4>\n<ul>\n<li>Vonkaj\u0161ie rozmery: 152x112x195 cm<\/li>\n<li>Vn\u00fatorn\u00e9 rozmery: 139,5&#215;99,5&#215;181 cm<\/li>\n<li>Pr\u00edkon 2 400 W \/ 230 V<\/li>\n<\/ul>\n<h4>PODROBNOSTI O PRODUKTE:<\/h4>\n<ul>\n<li>6 plnospektr\u00e1lnych \u017eiari\u010dov (3 nastavite\u013en\u00e9 ohrieva\u010de) + 1 uhl\u00edkov\u00e1 ohrievacia doska<\/li>\n<li>farebn\u00e9 vn\u00fatorn\u00e9 osvetlenie (zelen\u00e9, \u017elt\u00e9, modr\u00e9, \u010derven\u00e9, biele)<\/li>\n<li>dvere a steny z bezpe\u010dnostn\u00e9ho skla<\/li>\n<li>r\u00e1dio<\/li>\n<li>reproduktor<\/li>\n<li>USB konektor pre CD \/ MP3<\/li>\n<li>elektronick\u00fd ovl\u00e1dac\u00ed panel<\/li>\n<li>drevo: jed\u013ea kanadsk\u00e1 (jedlovec)<\/li>\n<\/ul>\n<p>Infra\u010derven\u00e9 \u017eiarenie sp\u00f4sobuje pozit\u00edvne zmeny v \u013eudskom tele prostredn\u00edctvom hlbokej penetr\u00e1cie tkan\u00edv. Pre optim\u00e1lny \u00fa\u010dinok v klasick\u00fdch saun\u00e1ch je nevyhnutn\u00e1 teplota 80-100 \u00b0 C. V\u010faka infra\u010derven\u00e9mu \u017eiareniu sa dosahuje zdrav\u00fd \u00fa\u010dinok potenia pri teplote 35 &#8211; 45 \u00b0 C bez zbyto\u010dn\u00e9ho nam\u00e1hania srdca, obehov\u00e9ho syst\u00e9mu a d\u00fdchac\u00edch ciest.<\/p>\n<p><strong>V\u00fdhody saunovania v infrasaun\u00e1ch SANOTECHNIK:<\/strong><\/p>\n<ul>\n<li>Redukcia bolesti a \u00fa\u013eava po fyzickej n\u00e1mahe<\/li>\n<li>O\u010distenie tela od alkoholu, nikot\u00ednu a cholesterolu<\/li>\n<li>Zmier\u0148ovanie sympt\u00f3mov akn\u00e9<\/li>\n<li>Strata hmotnosti a zmiernenie prejavov celulit\u00eddy<\/li>\n<li>Posilnenie n\u00e1lady a zn\u00ed\u017eenie stresu<\/li>\n<li>Zmier\u0148ovanie opuchnut\u00fdch k\u013abov a svalov<\/li>\n<li>V\u00fdrazn\u00e9 zlep\u0161enie zdravia poko\u017eky<\/li>\n<\/ul>\n<p>Pre zdraviu prospe\u0161n\u00e9 saunovanie sta\u010d\u00ed v saune relaxova\u0165 2-3 kr\u00e1t t\u00fd\u017edenne po\u010das 45 min\u00fat.<\/p>\n<p><strong>Existuj\u00fa tri rozsahy infra\u010derven\u00e9ho \u017eiarenia IR: <\/strong><\/p>\n<p>IR-A &#8211; kr\u00e1tke vlny (0,76 &#8211; 2 \u03bcm) &#8211; dosahuj\u00fa najhlb\u0161ie do ko\u017ee, a\u017e do 5 mm. Pri kontakte s telom je toto teplo najrozsiahlej\u0161ie a najpr\u00edjemnej\u0161ie. <br \/>IR-B &#8211; stredn\u00e9 vlny (2 &#8211; 4 \u03bcm) &#8211; teplo dosahuj\u00face dermu. <br \/>IR-C &#8211; dlh\u00e9 vlny (4 &#8211; 10 \u03bcm) &#8211; absorbovan\u00e9 vonkaj\u0161\u00edmi vrstvami ko\u017ee (epidermis) &lt;\/ p&gt;<\/p>\n<p>V infrasaun\u00e1ch s\u00fa in\u0161talovan\u00e9 tri typy infra\u010derven\u00fdch ohrieva\u010dov: keramika, uhl\u00edk-hor\u010d\u00edk, kreme\u0148 (sklo). Rozdiel medzi nimi je typ materi\u00e1lu pre kon\u0161trukciu \u017eiari\u010da, typ reflektora a predov\u0161etk\u00fdm spektrum emitovan\u00e9ho infra\u010derven\u00e9ho IR \u017eiarenia.<\/p>\n<p><strong>Typy radi\u00e1torov:<\/strong><\/p>\n<p>Keramick\u00fd \u017eiari\u010d &#8211; typ \u017eiarenia IR-B <br \/>Hlavn\u00e9 \u017eiarenie sa vy\u017earuje v dosahu \u017eiari\u010da. Vysok\u00e1 teplota odrazu. Odpor\u00fa\u010dan\u00fd teplotn\u00fd rozsah: 40 a\u017e 45 \u00b0 C.<\/p>\n<p>Uhl\u00edkovo-hor\u010d\u00edkov\u00fd \u017eiari\u010d &#8211; typ \u017eiarenia IR-C <br \/>\u017diarenie sa vy\u017earuje na ve\u013ekej ploche. Pr\u00edjemne n\u00edzka teplota s odpor\u00fa\u010dan\u00fdm teplotn\u00fdm rozsahom 40 a\u017e 45 \u00b0 C.<\/p>\n<p>Kremenn\u00fd (sklenen\u00fd) \u017eiari\u010d &#8211; met\u00f3da \u017eiarenia IR-A, IR-B a IR-C <br \/>\u00da\u010dinok ve\u013emi podobn\u00fd slne\u010dn\u00e9mu \u017eiareniu.<\/p>\n<p><strong>Katal\u00f3g:<\/strong><\/p>\n<p><a href=\"\/fotky1950\/Katal%C3%B3gy\/SPAOASE%20KATALOG%20DE%2009-2021.pdf\" target=\"_blank\" rel=\"noopener\"><img fetchpriority=\"high\" decoding=\"async\" src=\"https:\/\/diamondspa.sk\/wp-content\/uploads\/2024\/03\/TITULKAsauy.png\" width=\"363\" alt=\"\" height=\"514\" style=\"display: block; margin-left: auto; margin-right: auto;\"><\/a><\/p>\n<p><strong>Vide\u00e1 k mont\u00e1\u017ei:<\/strong><\/p>\n<p><iframe width=\"560\" height=\"314\" src=\"https:\/\/www.youtube.com\/embed\/wk9vCmoNjeQ\" allowfullscreen=\"allowfullscreen\"><\/iframe><\/p>\n<p><iframe width=\"560\" height=\"314\" src=\"https:\/\/www.youtube.com\/embed\/BBNnQl5tSRk\" allowfullscreen=\"allowfullscreen\"><\/iframe><\/p>\n","protected":false},"excerpt":{"rendered":"<p>NEW YORK Infrasauna pre 3 osoby 152&#215;112 cm D70720 Infrasauny (infra\u010derven\u00e9, n\u00edzkoteplotn\u00e9) s\u00fa sauny bez pary a s n\u00edzkou teplotou vzduchu (40 &#8211; 65 \u00b0 C), kde sa namiesto tradi\u010dn\u00fdch kachl\u00ed pou\u017e\u00edvaj\u00fa keramick\u00e9, kremenn\u00e9 alebo uhl\u00edkovo-hore\u010dnat\u00e9 infra\u017eiari\u010de. V\u0161etky sauny spolo\u010dnosti Sanotechnik vy\u017eaduje 230 V, 1 200 W (jednotliv\u00fd) a\u017e 2 100 W (\u0161tyri osoby). Sauny [&hellip;]<\/p>\n","protected":false},"featured_media":12844,"comment_status":"closed","ping_status":"open","template":"","meta":[],"product_brand":[2703],"product_cat":[626],"product_tag":[],"class_list":{"0":"post-12843","1":"product","2":"type-product","3":"status-publish","4":"has-post-thumbnail","6":"product_brand-sanotechnik","7":"product_cat-sauny-sk","8":"pa_napajanie-230-v","9":"pa_pocet-miest-420","10":"pa_sirka-112-cm","11":"pa_umiestnenie-interier","12":"pa_vykon-2-400-w","13":"pa_vyrobca-sanotechnik-rakusko","14":"pa_vyska-195-cm","15":"pa_zaruka-2-roky","17":"first","18":"instock","19":"sale","20":"taxable","21":"shipping-taxable","22":"purchasable","23":"product-type-simple"},"_links":{"self":[{"href":"https:\/\/diamondspa.sk\/sk\/wp-json\/wp\/v2\/product\/12843","targetHints":{"allow":["GET"]}}],"collection":[{"href":"https:\/\/diamondspa.sk\/sk\/wp-json\/wp\/v2\/product"}],"about":[{"href":"https:\/\/diamondspa.sk\/sk\/wp-json\/wp\/v2\/types\/product"}],"replies":[{"embeddable":true,"href":"https:\/\/diamondspa.sk\/sk\/wp-json\/wp\/v2\/comments?post=12843"}],"wp:featuredmedia":[{"embeddable":true,"href":"https:\/\/diamondspa.sk\/sk\/wp-json\/wp\/v2\/media\/12844"}],"wp:attachment":[{"href":"https:\/\/diamondspa.sk\/sk\/wp-json\/wp\/v2\/media?parent=12843"}],"wp:term":[{"taxonomy":"product_brand","embeddable":true,"href":"https:\/\/diamondspa.sk\/sk\/wp-json\/wp\/v2\/product_brand?post=12843"},{"taxonomy":"product_cat","embeddable":true,"href":"https:\/\/diamondspa.sk\/sk\/wp-json\/wp\/v2\/product_cat?post=12843"},{"taxonomy":"product_tag","embeddable":true,"href":"https:\/\/diamondspa.sk\/sk\/wp-json\/wp\/v2\/product_tag?post=12843"}],"curies":[{"name":"wp","href":"https:\/\/api.w.org\/{rel}","templated":true}]}}