{"id":12880,"date":"2024-03-10T00:21:53","date_gmt":"2024-03-09T23:21:53","guid":{"rendered":"https:\/\/diamondspa.sk\/product\/sanotechnik-helsinki-finska-sauna-pre-3-osoby-152x152-cm\/"},"modified":"2025-08-15T08:38:19","modified_gmt":"2025-08-15T06:38:19","slug":"sanotechnik-helsinki-finska-sauna-pre-3-osoby-152x152-cm","status":"publish","type":"product","link":"https:\/\/diamondspa.sk\/sk\/produkt\/sanotechnik-helsinki-finska-sauna-pre-3-osoby-152x152-cm\/","title":{"rendered":"Sanotechnik &#8211; HELSINKI &#8211; f\u00ednska sauna pre 3 osoby 152&#215;152 cm"},"content":{"rendered":"<p><strong> Sanotechnik &#8211; 3-miestna f\u00ednska sauna\u00a0<\/strong><\/p>\n<p>Infrasauny (infra\u010derven\u00e9, n\u00edzkoteplotn\u00e9) s\u00fa sauny bez pary a s n\u00edzkou teplotou vzduchu (40 &#8211; 65 \u00b0 C), kde sa namiesto tradi\u010dn\u00fdch spor\u00e1kov pou\u017e\u00edvaj\u00fa keramick\u00e9, kremenn\u00e9 alebo uhl\u00edkovo-hore\u010dnat\u00e9 infra\u017eiari\u010de. V\u0161etky sauny Sanotechnik vy\u017eaduj\u00fa 230 V, 1 200 W (jednoduch\u00e1) a\u017e 2 100 W (\u0161tyri). Sauny m\u00f4\u017eu by\u0165 in\u0161talovan\u00e9 v ob\u00fdvacej izbe, sp\u00e1lni, suter\u00e9ne, k\u00fape\u013eni.<\/p>\n<p>Infra\u010derven\u00e9 \u017eiarenie sp\u00f4sobuje pozit\u00edvne zmeny v \u013eudskom tele prostredn\u00edctvom hlbokej penetr\u00e1cie tkan\u00edv. Pre optim\u00e1lny \u00fa\u010dinok v klasick\u00fdch saun\u00e1ch je nevyhnutn\u00e1 teplota 80-100 \u00b0 C. V\u010faka infra\u010derven\u00e9mu \u017eiareniu sa dosahuje zdrav\u00fd \u00fa\u010dinok potenia pri teplote 35 &#8211; 45 \u00b0 C bez zbyto\u010dn\u00e9ho nam\u00e1hania srdca, obehov\u00e9ho syst\u00e9mu a d\u00fdchac\u00edch ciest.<\/p>\n<p><strong>V\u00fdhody saunovania v infrasaun\u00e1ch SANOTECHNIK:<\/strong><\/p>\n<ul>\n<li>Redukcia bolesti a \u00fa\u013eava po fyzickej n\u00e1mahe<\/li>\n<li>O\u010distenie tela od alkoholu, nikot\u00ednu a cholesterolu<\/li>\n<li>Zmier\u0148ovanie sympt\u00f3mov akn\u00e9<\/li>\n<li>Strata hmotnosti a zmiernenie prejavov celulit\u00eddy<\/li>\n<li>Posilnenie n\u00e1lady a zn\u00ed\u017eenie stresu<\/li>\n<li>Zmier\u0148ovanie opuchnut\u00fdch k\u013abov a svalov<\/li>\n<li>V\u00fdrazn\u00e9 zlep\u0161enie zdravia poko\u017eky<\/li>\n<\/ul>\n<p>Pre zdraviu prospe\u0161n\u00e9 saunovanie sta\u010d\u00ed v saune relaxova\u0165 2-3 kr\u00e1t t\u00fd\u017edenne po\u010das 45 min\u00fat.<\/p>\n<h3>ROZMERY:<\/h3>\n<ul>\n<li>Rozmery: 152x152x190 cm<\/li>\n<li>Vn\u00fatorn\u00e9 rozmery: 150x150x183 cm<\/li>\n<li>V\u00fdkon 4500 W \/ 230 V<\/li>\n<li>6 mm bezpe\u010dnostn\u00e9 sklo<\/li>\n<\/ul>\n<h3>PODROBNOSTI O PRODUKTE:<\/h3>\n<ul>\n<li>sauna pre 3 osoby<\/li>\n<li>3 vykurovacie \u010dl\u00e1nky z nehrdzavej\u00facej ocele<\/li>\n<li>dvere a steny z bezpe\u010dnostn\u00e9ho skla<\/li>\n<li>osvetlenie interi\u00e9ru<\/li>\n<li>kachle so saunov\u00fdmi kame\u0148mi<\/li>\n<li>vedro s nabera\u010dkou na vodu na posypanie kame\u0148ov<\/li>\n<li>teplomer<\/li>\n<li>pres\u00fdpacie hodiny (na na\u010dasovanie saunovania)<\/li>\n<li>drevo: jed\u013ea kanadsk\u00e1 (jedlovec)<\/li>\n<li>osved\u010denie o s\u00falade so smernicami E\u00da<\/li>\n<\/ul>\n<p><strong>Katal\u00f3g:<\/strong><\/p>\n<p><a href=\"\/fotky1950\/Katal%C3%B3gy\/SPAOASE%20KATALOG%20DE%2009-2021.pdf\" target=\"_blank\" rel=\"noopener\"><img fetchpriority=\"high\" decoding=\"async\" src=\"https:\/\/diamondspa.sk\/wp-content\/uploads\/2024\/03\/TITULKAsauy.png\" width=\"363\" alt=\"\" height=\"514\" style=\"display: block; margin-left: auto; margin-right: auto;\"><\/a><\/p>\n<p><strong>Vide\u00e1 k mont\u00e1\u017ei:<\/strong><\/p>\n<h3><iframe width=\"560\" height=\"314\" src=\"https:\/\/www.youtube.com\/embed\/wk9vCmoNjeQ\" allowfullscreen=\"allowfullscreen\"><\/iframe><\/h3>\n<p><iframe width=\"560\" height=\"314\" src=\"https:\/\/www.youtube.com\/embed\/BBNnQl5tSRk\" allowfullscreen=\"allowfullscreen\"><\/iframe><\/p>\n","protected":false},"excerpt":{"rendered":"<p>Sanotechnik &#8211; 3-miestna f\u00ednska sauna\u00a0 Infrasauny (infra\u010derven\u00e9, n\u00edzkoteplotn\u00e9) s\u00fa sauny bez pary a s n\u00edzkou teplotou vzduchu (40 &#8211; 65 \u00b0 C), kde sa namiesto tradi\u010dn\u00fdch spor\u00e1kov pou\u017e\u00edvaj\u00fa keramick\u00e9, kremenn\u00e9 alebo uhl\u00edkovo-hore\u010dnat\u00e9 infra\u017eiari\u010de. V\u0161etky sauny Sanotechnik vy\u017eaduj\u00fa 230 V, 1 200 W (jednoduch\u00e1) a\u017e 2 100 W (\u0161tyri). Sauny m\u00f4\u017eu by\u0165 in\u0161talovan\u00e9 v ob\u00fdvacej izbe, [&hellip;]<\/p>\n","protected":false},"featured_media":12881,"comment_status":"closed","ping_status":"open","template":"","meta":[],"product_brand":[2703],"product_cat":[626],"product_tag":[],"class_list":{"0":"post-12880","1":"product","2":"type-product","3":"status-publish","4":"has-post-thumbnail","6":"product_brand-sanotechnik","7":"product_cat-sauny-sk","8":"pa_material-kanadska-tuja","9":"pa_napajanie-230-v","10":"pa_pocet-miest-420","11":"pa_sirka-152-cm","12":"pa_umiestnenie-interier","13":"pa_vaha-118-kg","14":"pa_vykon-4500-w","15":"pa_vyrobca-sanotechnik-rakusko","16":"pa_vyska-190-cm","17":"pa_zaruka-2-roky","19":"first","20":"instock","21":"taxable","22":"shipping-taxable","23":"purchasable","24":"product-type-simple"},"_links":{"self":[{"href":"https:\/\/diamondspa.sk\/sk\/wp-json\/wp\/v2\/product\/12880","targetHints":{"allow":["GET"]}}],"collection":[{"href":"https:\/\/diamondspa.sk\/sk\/wp-json\/wp\/v2\/product"}],"about":[{"href":"https:\/\/diamondspa.sk\/sk\/wp-json\/wp\/v2\/types\/product"}],"replies":[{"embeddable":true,"href":"https:\/\/diamondspa.sk\/sk\/wp-json\/wp\/v2\/comments?post=12880"}],"wp:featuredmedia":[{"embeddable":true,"href":"https:\/\/diamondspa.sk\/sk\/wp-json\/wp\/v2\/media\/12881"}],"wp:attachment":[{"href":"https:\/\/diamondspa.sk\/sk\/wp-json\/wp\/v2\/media?parent=12880"}],"wp:term":[{"taxonomy":"product_brand","embeddable":true,"href":"https:\/\/diamondspa.sk\/sk\/wp-json\/wp\/v2\/product_brand?post=12880"},{"taxonomy":"product_cat","embeddable":true,"href":"https:\/\/diamondspa.sk\/sk\/wp-json\/wp\/v2\/product_cat?post=12880"},{"taxonomy":"product_tag","embeddable":true,"href":"https:\/\/diamondspa.sk\/sk\/wp-json\/wp\/v2\/product_tag?post=12880"}],"curies":[{"name":"wp","href":"https:\/\/api.w.org\/{rel}","templated":true}]}}