{"id":12888,"date":"2024-03-10T00:21:53","date_gmt":"2024-03-09T23:21:53","guid":{"rendered":"https:\/\/diamondspa.sk\/product\/sanotechnik-oasis-zahradna-virivka-spa-jacuzzi-modry\/"},"modified":"2025-08-15T08:38:20","modified_gmt":"2025-08-15T06:38:20","slug":"sanotechnik-oasis-zahradna-virivka-spa-jacuzzi-modry","status":"publish","type":"product","link":"https:\/\/diamondspa.sk\/sk\/produkt\/sanotechnik-oasis-zahradna-virivka-spa-jacuzzi-modry\/","title":{"rendered":"Vonkaj\u0161ia v\u00edrivka Sanotechnik Oasis modr\u00e1"},"content":{"rendered":"\n<p>H\u013ead\u00e1te dokonal\u00fd sp\u00f4sob, ako si po n\u00e1ro\u010dnom dni odd\u00fdchnu\u0165 a na\u010derpa\u0165 nov\u00fa energiu? Vonkaj\u0161ia v\u00edrivka <strong>OASIS Blue<\/strong> od zna\u010dky <strong>Sanotechnik<\/strong> je navrhnut\u00e1 presne pre v\u00e1s. Tento kompaktn\u00fd model je ide\u00e1lny pre terasu \u010di z\u00e1hradu a pon\u00faka pohodln\u00e9 sedenie pre <strong>tri osoby<\/strong>. V\u010faka <strong>30 mas\u00e1\u017enym trysk\u00e1m<\/strong> poskytuje intenz\u00edvnu a z\u00e1rove\u0148 pr\u00edjemn\u00fa hydromas\u00e1\u017e, ktor\u00e1 uvo\u013en\u00ed va\u0161e svaly a podpor\u00ed celkov\u00e9 uvo\u013enenie tela aj mysle.<\/p>\n\n\n\n<p>V\u00edrivka je vybaven\u00e1 modern\u00fdm <strong>digit\u00e1lnym ovl\u00e1dac\u00edm panelom<\/strong>, <strong>LED osvetlen\u00edm<\/strong> pre pr\u00edjemn\u00fa atmosf\u00e9ru a vstavan\u00fdm <strong>ozvu\u010den\u00edm<\/strong> vr\u00e1tane <strong>Bluetooth pripojenia<\/strong>, v\u010faka ktor\u00e9mu si m\u00f4\u017eete pusti\u0165 svoju ob\u013e\u00faben\u00fa hudbu priamo po\u010das relaxu. \u010ci u\u017e si chcete dopria\u0165 chv\u00ed\u013eku pokoja sami, alebo si u\u017ei\u0165 pr\u00edjemn\u00e9 chv\u00edle vo dvojici \u010di trojici, OASIS Blue je \u0161t\u00fdlov\u00fdm a funk\u010dn\u00fdm doplnkom, ktor\u00fd zv\u00fd\u0161i komfort ka\u017ed\u00e9ho vonkaj\u0161ieho priestoru.<\/p>\n\n\n\n<p><strong>Detaily produktu:<\/strong><br>Vonkaj\u0161ie rozmery: 208 x 175 x 90 cm<br>\u010cerpadl\u00e1: 2 (1 hydro \u010derpadlo a 1 obehov\u00e9 \u010derpadlo)<br>Mas\u00e1\u017ene trysky: 30<br>Sedadl\u00e1: 3<br>Objem: 980 l<\/p>\n\n\n\n<p><strong>Vlastnosti:<\/strong><\/p>\n\n\n\n<p>Elektronick\u00e9 ovl\u00e1danie<br>Trysky z nehrdzavej\u00facej ocele<br>Dezinfekcia oz\u00f3nom<br>Syst\u00e9m tepelnej izol\u00e1cie<br>Digit\u00e1lny ovl\u00e1dac\u00ed panel<\/p>\n\n\n\n<p><strong>F<\/strong><strong>iltra\u010dn\u00fd syst\u00e9m:<\/strong><\/p>\n\n\n\n<p>Skimmer: \u00c1no<br>Kart\u00e1\u017eov\u00fd filter: \u00c1no<br>Prietok filtra\u010dn\u00e9ho \u010derpadla\/24h: 1<br>Funkcie:<br>R\u00e1dio: \u00c1no<br>Reproduktory: 2<br>Bluetooth: \u00c1no<\/p>\n\n\n\n<p><strong>30 mas\u00e1\u017enych trysiek:<\/strong><\/p>\n\n\n\n<p>3,5&#8243; mas\u00e1\u017ene trysky: 4<br>3&#8243; mas\u00e1\u017ene trysky: 8<br>2,5&#8243; mas\u00e1\u017ene trysky: 8<br>2&#8243; mas\u00e1\u017ene trysky: 6<br>1&#8243; mas\u00e1\u017ene trysky: 4<br>Osvetlenie:<br>LED osvetlenie: 14<br>\u010eal\u0161ie inform\u00e1cie:<br>Z\u00e1klad\u0148a: Nehrdzavej\u00faca oce\u013e<br>Hlavov\u00e9 vank\u00fa\u0161e: 3<br>Vzduchov\u00e9 Regul\u00e1tory: 2<br>Hmotnos\u0165: 325 kg<br>Vr\u00e1tane krytu<br>Vr\u00e1tane schod\u00edkov<\/p>\n\n\n\n<p><strong>Technick\u00e9 \u0161pecifik\u00e1cie:<\/strong><\/p>\n\n\n\n<p>Celkov\u00fd v\u00fdkon: 5,25 kW<br>V\u00fdkon hydraulick\u00e9ho \u010derpadla: 1,88 kW<br>V\u00fdkon ohrieva\u010da: 3 kW<br>V\u00fdkon obehov\u00e9ho \u010derpadla: 0,35 kW<br>Nap\u00e1jacie nap\u00e4tie: 220 &#8211; 240 V 50 Hz alebo 380 V 50 Hz<\/p>\n","protected":false},"excerpt":{"rendered":"<p>H\u013ead\u00e1te dokonal\u00fd sp\u00f4sob, ako si po n\u00e1ro\u010dnom dni odd\u00fdchnu\u0165 a na\u010derpa\u0165 nov\u00fa energiu? Vonkaj\u0161ia v\u00edrivka OASIS Blue od zna\u010dky Sanotechnik je navrhnut\u00e1 presne pre v\u00e1s. Tento kompaktn\u00fd model je ide\u00e1lny pre terasu \u010di z\u00e1hradu a pon\u00faka pohodln\u00e9 sedenie pre tri osoby. V\u010faka 30 mas\u00e1\u017enym trysk\u00e1m poskytuje intenz\u00edvnu a z\u00e1rove\u0148 pr\u00edjemn\u00fa hydromas\u00e1\u017e, ktor\u00e1 uvo\u013en\u00ed va\u0161e svaly [&hellip;]<\/p>\n","protected":false},"featured_media":12889,"comment_status":"closed","ping_status":"open","template":"","meta":[],"product_brand":[2703],"product_cat":[415],"product_tag":[],"class_list":{"0":"post-12888","1":"product","2":"type-product","3":"status-publish","4":"has-post-thumbnail","6":"product_brand-sanotechnik","7":"product_cat-zahradne-virivky-jacuzzi","8":"pa_pocet-miest-420","9":"pa_sirka-175-cm","10":"pa_vaha-325-kg","11":"pa_vyrobca-sanotechnik-rakusko","12":"pa_vyska-90-cm","13":"pa_zaruka-12-mesiacov","15":"first","16":"outofstock","17":"taxable","18":"shipping-taxable","19":"purchasable","20":"product-type-simple"},"_links":{"self":[{"href":"https:\/\/diamondspa.sk\/sk\/wp-json\/wp\/v2\/product\/12888","targetHints":{"allow":["GET"]}}],"collection":[{"href":"https:\/\/diamondspa.sk\/sk\/wp-json\/wp\/v2\/product"}],"about":[{"href":"https:\/\/diamondspa.sk\/sk\/wp-json\/wp\/v2\/types\/product"}],"replies":[{"embeddable":true,"href":"https:\/\/diamondspa.sk\/sk\/wp-json\/wp\/v2\/comments?post=12888"}],"wp:featuredmedia":[{"embeddable":true,"href":"https:\/\/diamondspa.sk\/sk\/wp-json\/wp\/v2\/media\/12889"}],"wp:attachment":[{"href":"https:\/\/diamondspa.sk\/sk\/wp-json\/wp\/v2\/media?parent=12888"}],"wp:term":[{"taxonomy":"product_brand","embeddable":true,"href":"https:\/\/diamondspa.sk\/sk\/wp-json\/wp\/v2\/product_brand?post=12888"},{"taxonomy":"product_cat","embeddable":true,"href":"https:\/\/diamondspa.sk\/sk\/wp-json\/wp\/v2\/product_cat?post=12888"},{"taxonomy":"product_tag","embeddable":true,"href":"https:\/\/diamondspa.sk\/sk\/wp-json\/wp\/v2\/product_tag?post=12888"}],"curies":[{"name":"wp","href":"https:\/\/api.w.org\/{rel}","templated":true}]}}