{"id":12904,"date":"2024-03-10T00:21:53","date_gmt":"2024-03-09T23:21:53","guid":{"rendered":"https:\/\/diamondspa.sk\/product\/sanotechnik-oasis-maxi-5-miestna-zahradna-virivka-spa-jacuzzi-210-x-210-x-92-cm-modra\/"},"modified":"2025-08-26T21:58:40","modified_gmt":"2025-08-26T19:58:40","slug":"sanotechnik-oasis-maxi-5-miestna-zahradna-virivka-spa-jacuzzi-210-x-210-x-92-cm-modra","status":"publish","type":"product","link":"https:\/\/diamondspa.sk\/sk\/produkt\/sanotechnik-oasis-maxi-5-miestna-zahradna-virivka-spa-jacuzzi-210-x-210-x-92-cm-modra\/","title":{"rendered":"Sanotechnik &#8211; OASIS MAXI 5 &#8211; miestna z\u00e1hradn\u00e1 v\u00edrivka SPA JACUZZI &#8211; 210 x 210 x 92 cm &#8211; modr\u00e1"},"content":{"rendered":"<div><\/div>\n<div><strong> Exkluz\u00edvna z\u00e1hradn\u00e1 v\u00edr\u00edvka<\/strong><\/div>\n<div><\/div>\n<div><strong> N\u00e1jdite si \u010das na chv\u00ed\u013eu relax\u00e1cie a relaxu v na\u0161om Oasis Maxi SPA <\/strong>, ktor\u00e1 zaist\u00ed celkov\u00fa <strong> relax\u00e1ciu v\u00e1\u0161ho tela. <\/strong> Pon\u00fakan\u00fd model sa ovl\u00e1da pomocou pokro\u010dil\u00e9ho panelu. Je vybaven\u00e1 najkvalitnej\u0161\u00edmi \u010derpadlami a 58 tryskami z nehrdzavej\u00facej ocele. Ponorte sa do \u00faplne zmyseln\u00e9ho z\u00e1\u017eitku a objavte n\u00e1\u0161 <strong> jedine\u010dn\u00fd syst\u00e9m osvetlenia <\/strong> a <strong> <strong> zabudovan\u00fd zvukov\u00fd syst\u00e9m DVD (<\/strong> <\/strong> r\u00e1dio, BLUETOOTH, USB, DVD a 2 reproduktory) .<\/div>\n<div><\/div>\n<div>V\u010faka modern\u00e9mu dizajnu vyzer\u00e1 Oasis Maxi SPA skvele, obsahuje r\u00f4zne funkcie (ohrieva\u010d, ozon\u00e1tor, skimmer) a kombin\u00e1cia odoln\u00e9ho materi\u00e1lu s izol\u00e1ciou umo\u017e\u0148uje v\u00fdrazn\u00e9 skr\u00e1tenie \u010dasu potrebn\u00e9ho na ohrev vody. Na konci pou\u017e\u00edvania m\u00f4\u017ee by\u0165 v\u00edr\u00edvka jednoducho zakryt\u00e1 tepelnou izol\u00e1ciou.<\/div>\n<div><\/div>\n<div>\u010eal\u0161ia \u0161pecifik\u00e1cia:<\/div>\n<ul>\n<li>R\u00e1m z nehrdzavej\u00facej ocele<\/li>\n<li>Protipo\u017eiarny obal<\/li>\n<li>Sedadl\u00e1 &#8211; 5x<\/li>\n<li>Le\u017eiace miesta &#8211; 1x<\/li>\n<li>D\u00fdzy z nehrdzavej\u00facej ocele<\/li>\n<li>Celkov\u00fd po\u010det trysiek &#8211; 48x (2 x 5 &#8222;, 15 x 3,5&#8220;, 11 x 3 &#8222;, 6 x 2,5&#8220;, 14 x 2 &#8222;)<\/li>\n<li>Celkov\u00fd po\u010det p\u00famp &#8211; 3x<\/li>\n<li>Syst\u00e9m podsvietenia LED &#8211; 17x<\/li>\n<li>Pokro\u010dil\u00fd ovl\u00e1dac\u00ed panel<\/li>\n<li>DVD SYST\u00c9M: r\u00e1dio, BLUETOOTH, USB, DVD a 2 reproduktory<\/li>\n<li>Syst\u00e9m na dezinfekciu oz\u00f3nom<\/li>\n<li>Skimmer<\/li>\n<li>Vodn\u00fd filter do vane SPA<\/li>\n<li>Celkov\u00fd elektrick\u00fd v\u00fdkon 6,3 kW<\/li>\n<li>Vykurovanie 3 kW<\/li>\n<li>Viacn\u00e1sobn\u00fd tepelnoizola\u010dn\u00fd syst\u00e9m<\/li>\n<li>Protipo\u017eiarny obal<\/li>\n<li>Vank\u00fa\u0161e &#8211; 3x<\/li>\n<li>Regul\u00e1tory vzduchu &#8211; 2x<\/li>\n<li>Nosnos\u0165 krytu max. 50 kg<\/li>\n<\/ul>\n<p><span style=\"font-family: inherit;\"><strong>V\u00ddHODY HYDROMAS\u00c1\u017dE:<\/strong><\/span><\/p>\n<p>Hydromas\u00e1\u017e prin\u00e1\u0161a v\u00fdhody nielen pre va\u0161e <strong>telesn\u00e9 zdravie,<\/strong> ale <strong>aj pre va\u0161u du\u0161evn\u00fa str\u00e1nku.<\/strong> Va\u0161e telo pr\u00edjemne zrelaxuje a popri tom nech\u00e1te oddychova\u0165 va\u0161u myse\u013e.<\/p>\n<p>Po\u010das pobytu v hydromas\u00e1\u017enej vani v\u00e1\u0161 parasympatick\u00fd nervov\u00fd system produkuje v\u00e4\u010d\u0161ie mno\u017estvo horm\u00f3nov, ktor\u00e9 dovolia v\u00e1\u0161mu telu zrelaxova\u0165 a zmier\u0148uj\u00fa pr\u00edznaky sp\u00f4soben\u00e9 stresom po\u010das d\u0148a. Navy\u0161e, tlak mas\u00e1\u017ee stimuluje produkciu endorf\u00ednov, ktor\u00e9 u v\u00e1s navodzuj\u00fa <strong>pocity pokoja a relax\u00e1cie.<\/strong> K\u00fape\u013e v hor\u00facej vode taktie\u0165 napom\u00e1ha k zlep\u0161eniu sp\u00e1nku a bojuje proti pr\u00edznakom nespavosti.<\/p>\n<p>Hydromas\u00e1\u017ena va\u0148a pon\u00faka benefit taktie\u017e v oblasti telesn\u00e9ho zdravia. Uvo\u013e\u0148uj\u00fa d\u00fdchacie cesty, zlep\u0161uj\u00fa perif\u00e9rny obeh . Mnoho \u010fal\u0161\u00edch \u0161t\u00fadi\u00ed preuk\u00e1zalo \u00fa\u010dinky hydroterapie na boles\u0165. Samotn\u00e1 mas\u00e1\u017ena terapia bola tie\u017e zaveden\u00e1 ako <strong>doplnkov\u00e1 met\u00f3da lie\u010dby<\/strong> bolesti kolien, kr\u00ed\u017eov, krku a ramien.<\/p>\n","protected":false},"excerpt":{"rendered":"<p>Exkluz\u00edvna z\u00e1hradn\u00e1 v\u00edr\u00edvka N\u00e1jdite si \u010das na chv\u00ed\u013eu relax\u00e1cie a relaxu v na\u0161om Oasis Maxi SPA , ktor\u00e1 zaist\u00ed celkov\u00fa relax\u00e1ciu v\u00e1\u0161ho tela. Pon\u00fakan\u00fd model sa ovl\u00e1da pomocou pokro\u010dil\u00e9ho panelu. Je vybaven\u00e1 najkvalitnej\u0161\u00edmi \u010derpadlami a 58 tryskami z nehrdzavej\u00facej ocele. Ponorte sa do \u00faplne zmyseln\u00e9ho z\u00e1\u017eitku a objavte n\u00e1\u0161 jedine\u010dn\u00fd syst\u00e9m osvetlenia a zabudovan\u00fd zvukov\u00fd [&hellip;]<\/p>\n","protected":false},"featured_media":12905,"comment_status":"closed","ping_status":"open","template":"","meta":[],"product_brand":[2703],"product_cat":[415],"product_tag":[],"class_list":{"0":"post-12904","1":"product","2":"type-product","3":"status-publish","4":"has-post-thumbnail","6":"product_brand-sanotechnik","7":"product_cat-zahradne-virivky-jacuzzi","8":"pa_objem-980-l","9":"pa_pocet-miest-414","10":"pa_sirka-210-cm","11":"pa_vaha-240-kg","12":"pa_vyrobca-sanotechnik-rakusko","13":"pa_vyska-92-cm","15":"first","16":"instock","17":"taxable","18":"shipping-taxable","19":"purchasable","20":"product-type-simple"},"_links":{"self":[{"href":"https:\/\/diamondspa.sk\/sk\/wp-json\/wp\/v2\/product\/12904","targetHints":{"allow":["GET"]}}],"collection":[{"href":"https:\/\/diamondspa.sk\/sk\/wp-json\/wp\/v2\/product"}],"about":[{"href":"https:\/\/diamondspa.sk\/sk\/wp-json\/wp\/v2\/types\/product"}],"replies":[{"embeddable":true,"href":"https:\/\/diamondspa.sk\/sk\/wp-json\/wp\/v2\/comments?post=12904"}],"wp:featuredmedia":[{"embeddable":true,"href":"https:\/\/diamondspa.sk\/sk\/wp-json\/wp\/v2\/media\/12905"}],"wp:attachment":[{"href":"https:\/\/diamondspa.sk\/sk\/wp-json\/wp\/v2\/media?parent=12904"}],"wp:term":[{"taxonomy":"product_brand","embeddable":true,"href":"https:\/\/diamondspa.sk\/sk\/wp-json\/wp\/v2\/product_brand?post=12904"},{"taxonomy":"product_cat","embeddable":true,"href":"https:\/\/diamondspa.sk\/sk\/wp-json\/wp\/v2\/product_cat?post=12904"},{"taxonomy":"product_tag","embeddable":true,"href":"https:\/\/diamondspa.sk\/sk\/wp-json\/wp\/v2\/product_tag?post=12904"}],"curies":[{"name":"wp","href":"https:\/\/api.w.org\/{rel}","templated":true}]}}