{"id":12919,"date":"2024-03-10T00:21:53","date_gmt":"2024-03-09T23:21:53","guid":{"rendered":"https:\/\/diamondspa.sk\/product\/sanotechnik-dream-stvrtkruhovy-hydromasazny-sprchovaci-box-90-x-90-x-215-cm\/"},"modified":"2025-08-15T08:38:20","modified_gmt":"2025-08-15T06:38:20","slug":"sanotechnik-dream-stvrtkruhovy-hydromasazny-sprchovaci-box-90-x-90-x-215-cm","status":"publish","type":"product","link":"https:\/\/diamondspa.sk\/sk\/produkt\/sanotechnik-dream-stvrtkruhovy-hydromasazny-sprchovaci-box-90-x-90-x-215-cm\/","title":{"rendered":"Sanotechnik &#8211; DREAM &#8211; \u0160tvr\u0165kruhov\u00fd hydromas\u00e1\u017eny sprchovac\u00ed box 90 x 90 x 215 cm"},"content":{"rendered":"<pre id=\"tw-target-text\" class=\"tw-data-text tw-text-large XcVN5d tw-ta\" dir=\"ltr\" data-placeholder=\"Preklad\"><span lang=\"sk\" style=\"font-family: arial, helvetica, sans-serif;\"><strong>DREAM \u0160tvr\u0165kruhov\u00fd hydromas\u00e1\u017eny sprchovac\u00ed box, 90x90x215 cm CL98<\/strong>\nSprchov\u00fd box Dream je dokonal\u00fdm vodolie\u010debn\u00fdm n\u00e1strojom. V\u010faka spr\u00e1vne usporiadan\u00fdm <br>sprchov\u00fdm trysk\u00e1m ka\u017ed\u00fd k\u00fape\u013e zlep\u0161uje krvn\u00fd obeh a zmier\u0148uje boles\u0165 svalov. <br>Elektronick\u00fd ovl\u00e1dac\u00ed panel umo\u017e\u0148uje ovl\u00e1da\u0165 svetlo a vytv\u00e1ra\u0165 tak pr\u00edjemn\u00fa a relaxa\u010dn\u00fa atmosf\u00e9ru. <br>\u010eal\u0161ou v\u00fdhodou je, \u017ee r\u00e1dio upokojuje zmysly pomocou hudby. <br>Viete si tak p\u00fa\u0161\u0165a\u0165 va\u0161u ob\u013e\u00faben\u00fa hudbu.\n<\/span><\/pre>\n<pre class=\"tw-data-text tw-text-large XcVN5d tw-ta\" dir=\"ltr\" data-placeholder=\"Preklad\"><span lang=\"sk\" style=\"font-family: arial, helvetica, sans-serif;\">Sprchov\u00fd box je ide\u00e1lny ako do malej k\u00fape\u013ene, tak aj na letn\u00fa chatu alebo do drevenice. V\u0161etko potrebn\u00e9 <br>pr\u00edslu\u0161enstvo je s\u00fa\u010das\u0165ou sady all-inclusive.\nUnik\u00e1tny syst\u00e9m Quick Line umo\u017e\u0148uje samostatn\u00fa mont\u00e1\u017e boxu bez pou\u017eitia silik\u00f3nov a potreby zn\u00e1\u0161a\u0165 <br>\u010fal\u0161ie n\u00e1klady spojen\u00e9 so zamestnan\u00edm \u0161pecialistu.\n<strong>\nSyst\u00e9m Quick Line<\/strong>\nJedin\u00fd syst\u00e9m r\u00fdchlej mont\u00e1\u017ee <\/span><span lang=\"sk\" style=\"font-family: arial, helvetica, sans-serif;\">Quick Line na Slovensku v\u00e1m umo\u017e\u0148uje zostavi\u0165 si n\u00e1\u0161 box <br>svojpomocne <\/span><span lang=\"sk\" style=\"font-family: arial, helvetica, sans-serif;\">bez potreby v\u0155tania a kontamin\u00e1cie silik\u00f3nom. <br>To nielen \u0161etr\u00ed n\u00e1klady na zamestnanie \u010fal\u0161ieho \u0161pecialistu, ale aj u\u013eah\u010duje \u00fadr\u017ebu - syst\u00e9m Quick Line je zalo\u017een\u00fd na in\u0161tal\u00e1cii bez pou\u017eitia <br>silik\u00f3nu a pri zabezpe\u010den\u00ed trvalej tesnosti boxu.<\/span><\/pre>\n<pre class=\"tw-data-text tw-text-large XcVN5d tw-ta\" dir=\"ltr\" data-placeholder=\"Preklad\"><span lang=\"sk\" style=\"font-family: arial, helvetica, sans-serif;\">Predn\u00e9 steny a posuvn\u00e9 dvere z prieh\u013eadn\u00e9ho bezpe\u010dnostn\u00e9ho skla 5 mm (tvrden\u00e9)\n<\/span><\/pre>\n<ul>\n<li class=\"tw-data-text tw-text-large XcVN5d tw-ta\" dir=\"ltr\" data-placeholder=\"Preklad\"><span lang=\"sk\" style=\"font-family: arial, helvetica, sans-serif;\">zadn\u00e9 panely z \u010dierneho tvrden\u00e9ho skla <\/span><\/li>\n<li class=\"tw-data-text tw-text-large XcVN5d tw-ta\" dir=\"ltr\" data-placeholder=\"Preklad\"><span lang=\"sk\" style=\"font-family: arial, helvetica, sans-serif;\">dvojit\u00e9 posuvn\u00e9 dvere <\/span><\/li>\n<li class=\"tw-data-text tw-text-large XcVN5d tw-ta\" dir=\"ltr\" data-placeholder=\"Preklad\"><span lang=\"sk\" style=\"font-family: arial, helvetica, sans-serif;\">6 mas\u00e1\u017enych trysiek na sprchovom paneli <\/span><\/li>\n<li class=\"tw-data-text tw-text-large XcVN5d tw-ta\" dir=\"ltr\" data-placeholder=\"Preklad\"><span lang=\"sk\" style=\"font-family: arial, helvetica, sans-serif;\">hlin\u00edkov\u00fd profil <\/span><\/li>\n<li>p\u00e1kov\u00e1 zmie\u0161avacia bat\u00e9ria<\/li>\n<li class=\"tw-data-text tw-text-large XcVN5d tw-ta\" dir=\"ltr\" data-placeholder=\"Preklad\"><span lang=\"sk\" style=\"font-family: arial, helvetica, sans-serif;\">polica na kozmetiku <\/span><\/li>\n<li class=\"tw-data-text tw-text-large XcVN5d tw-ta\" dir=\"ltr\" data-placeholder=\"Preklad\"><span lang=\"sk\" style=\"font-family: arial, helvetica, sans-serif;\">ru\u010dn\u00e1 a stropn\u00e1 sprcha <\/span><\/li>\n<li class=\"tw-data-text tw-text-large XcVN5d tw-ta\" dir=\"ltr\" data-placeholder=\"Preklad\"><span lang=\"sk\" style=\"font-family: arial, helvetica, sans-serif;\">sklopn\u00e9 sedadlo <\/span><\/li>\n<li class=\"tw-data-text tw-text-large XcVN5d tw-ta\" dir=\"ltr\" data-placeholder=\"Preklad\"><span lang=\"sk\" style=\"font-family: arial, helvetica, sans-serif;\">elektronick\u00fd ovl\u00e1dac\u00ed panel <\/span><\/li>\n<li class=\"tw-data-text tw-text-large XcVN5d tw-ta\" dir=\"ltr\" data-placeholder=\"Preklad\"><span lang=\"sk\" style=\"font-family: arial, helvetica, sans-serif;\">panel s LED osvetlen\u00edm <\/span><\/li>\n<li class=\"tw-data-text tw-text-large XcVN5d tw-ta\" dir=\"ltr\" data-placeholder=\"Preklad\"><span lang=\"sk\" style=\"font-family: arial, helvetica, sans-serif;\">sprchov\u00e1 vani\u010dka s predn\u00fdm panelom (vr\u00e1tane sif\u00f3nu) <\/span><\/li>\n<li class=\"tw-data-text tw-text-large XcVN5d tw-ta\" dir=\"ltr\" data-placeholder=\"Preklad\"><span lang=\"sk\" style=\"font-family: arial, helvetica, sans-serif;\">ventil\u00e1tor <\/span><\/li>\n<li class=\"tw-data-text tw-text-large XcVN5d tw-ta\" dir=\"ltr\" data-placeholder=\"Preklad\"><span lang=\"sk\" style=\"font-family: arial, helvetica, sans-serif;\">r\u00e1dio + reproduktor <\/span><\/li>\n<li class=\"tw-data-text tw-text-large XcVN5d tw-ta\" dir=\"ltr\" data-placeholder=\"Preklad\"><span lang=\"sk\" style=\"font-family: arial, helvetica, sans-serif;\">spodn\u00e9 val\u010deky s r\u00fdchloup\u00ednac\u00edm syst\u00e9mom dver\u00ed pre \u013eahk\u00e9 \u010distenie kab\u00edny<\/span><\/li>\n<\/ul>\n<p><strong>Katal\u00f3g:<\/strong><\/p>\n<p><a href=\"\/fotky1950\/Katal%C3%B3gy\/shower_DE2023.pdf\" target=\"_blank\" rel=\"noopener\"><img fetchpriority=\"high\" decoding=\"async\" src=\"https:\/\/diamondspa.sk\/wp-content\/uploads\/2024\/03\/titulka.png\" width=\"462\" height=\"654\" alt=\"\" style=\"display: block; margin-left: auto; margin-right: auto;\"><\/a><\/p>\n<p><span lang=\"sk\" style=\"font-family: arial, helvetica, sans-serif;\">Ako postavi\u0165 box? Proces mont\u00e1\u017ee je uveden\u00fd vo videu ni\u017e\u0161ie. <iframe width=\"560\" height=\"314\" src=\"https:\/\/www.youtube.com\/embed\/HtnBkH_XxVI\" allowfullscreen=\"allowfullscreen\"><\/iframe> <\/span><\/p>\n","protected":false},"excerpt":{"rendered":"<p>DREAM \u0160tvr\u0165kruhov\u00fd hydromas\u00e1\u017eny sprchovac\u00ed box, 90x90x215 cm CL98 Sprchov\u00fd box Dream je dokonal\u00fdm vodolie\u010debn\u00fdm n\u00e1strojom. V\u010faka spr\u00e1vne usporiadan\u00fdm sprchov\u00fdm trysk\u00e1m ka\u017ed\u00fd k\u00fape\u013e zlep\u0161uje krvn\u00fd obeh a zmier\u0148uje boles\u0165 svalov. Elektronick\u00fd ovl\u00e1dac\u00ed panel umo\u017e\u0148uje ovl\u00e1da\u0165 svetlo a vytv\u00e1ra\u0165 tak pr\u00edjemn\u00fa a relaxa\u010dn\u00fa atmosf\u00e9ru. \u010eal\u0161ou v\u00fdhodou je, \u017ee r\u00e1dio upokojuje zmysly pomocou hudby. Viete si tak p\u00fa\u0161\u0165a\u0165 [&hellip;]<\/p>\n","protected":false},"featured_media":12920,"comment_status":"closed","ping_status":"open","template":"","meta":[],"product_brand":[2703],"product_cat":[111],"product_tag":[],"class_list":{"0":"post-12919","1":"product","2":"type-product","3":"status-publish","4":"has-post-thumbnail","6":"product_brand-sanotechnik","7":"product_cat-masazne-sprchove-boxy","8":"pa_sirka-90-cm","9":"pa_umiestnenie-do-rohu","10":"pa_vaha-91-60-kg","11":"pa_vyrobca-sanotechnik-rakusko","12":"pa_vyska-215-cm","13":"pa_zaruka-2-roky","15":"first","16":"instock","17":"sale","18":"taxable","19":"shipping-taxable","20":"purchasable","21":"product-type-simple"},"_links":{"self":[{"href":"https:\/\/diamondspa.sk\/sk\/wp-json\/wp\/v2\/product\/12919","targetHints":{"allow":["GET"]}}],"collection":[{"href":"https:\/\/diamondspa.sk\/sk\/wp-json\/wp\/v2\/product"}],"about":[{"href":"https:\/\/diamondspa.sk\/sk\/wp-json\/wp\/v2\/types\/product"}],"replies":[{"embeddable":true,"href":"https:\/\/diamondspa.sk\/sk\/wp-json\/wp\/v2\/comments?post=12919"}],"wp:featuredmedia":[{"embeddable":true,"href":"https:\/\/diamondspa.sk\/sk\/wp-json\/wp\/v2\/media\/12920"}],"wp:attachment":[{"href":"https:\/\/diamondspa.sk\/sk\/wp-json\/wp\/v2\/media?parent=12919"}],"wp:term":[{"taxonomy":"product_brand","embeddable":true,"href":"https:\/\/diamondspa.sk\/sk\/wp-json\/wp\/v2\/product_brand?post=12919"},{"taxonomy":"product_cat","embeddable":true,"href":"https:\/\/diamondspa.sk\/sk\/wp-json\/wp\/v2\/product_cat?post=12919"},{"taxonomy":"product_tag","embeddable":true,"href":"https:\/\/diamondspa.sk\/sk\/wp-json\/wp\/v2\/product_tag?post=12919"}],"curies":[{"name":"wp","href":"https:\/\/api.w.org\/{rel}","templated":true}]}}