{"id":12949,"date":"2024-03-10T00:24:12","date_gmt":"2024-03-09T23:24:12","guid":{"rendered":"https:\/\/diamondspa.sk\/product\/sanotechnik-comfort-relax-kreslo-s-infracervenou-funkciou\/"},"modified":"2025-08-15T08:38:18","modified_gmt":"2025-08-15T06:38:18","slug":"sanotechnik-comfort-relax-kreslo-s-infracervenou-funkciou","status":"publish","type":"product","link":"https:\/\/diamondspa.sk\/sk\/produkt\/sanotechnik-comfort-relax-kreslo-s-infracervenou-funkciou\/","title":{"rendered":"Sanotechnik &#8211; COMFORT RELAX &#8211; kreslo s infra\u010dervenou funkciou"},"content":{"rendered":"<p><strong>COMFORT RELAX kreslo s infra\u010dervenou funkciou H30410<\/strong><\/p>\n<p>Jedn\u00e1 sa o relaxa\u010dn\u00e9 kreslo s integrovan\u00fdmi infra\u010derven\u00fdmi ohrieva\u010dmi uhl\u00edk-hor\u010d\u00edk, ktor\u00e9 prenikaj\u00fa do tela a zmier\u0148uj\u00fa stres, vy\u010derpanie a reumatick\u00e9 bolesti. <br \/>Perfektn\u00e9 na zlep\u0161enie prekrvenia a odstr\u00e1nenie k\u0155\u010dov.<\/p>\n<p><strong>\u00daDAJE O V\u00ddROBKU:<\/strong><\/p>\n<ul>\n<li>uhl\u00edkovo-magn\u00e9ziov\u00e9 radi\u00e1tory<\/li>\n<li>Ovl\u00e1dac\u00ed panel<\/li>\n<li>rozmery: 154x104x75 cm<\/li>\n<li>v\u00fdkon: 425 W<\/li>\n<li>drevo: kanadsk\u00e1 jed\u013ea (jed\u013eovec)<\/li>\n<\/ul>\n","protected":false},"excerpt":{"rendered":"<p>COMFORT RELAX kreslo s infra\u010dervenou funkciou H30410 Jedn\u00e1 sa o relaxa\u010dn\u00e9 kreslo s integrovan\u00fdmi infra\u010derven\u00fdmi ohrieva\u010dmi uhl\u00edk-hor\u010d\u00edk, ktor\u00e9 prenikaj\u00fa do tela a zmier\u0148uj\u00fa stres, vy\u010derpanie a reumatick\u00e9 bolesti. Perfektn\u00e9 na zlep\u0161enie prekrvenia a odstr\u00e1nenie k\u0155\u010dov. \u00daDAJE O V\u00ddROBKU: uhl\u00edkovo-magn\u00e9ziov\u00e9 radi\u00e1tory Ovl\u00e1dac\u00ed panel rozmery: 154x104x75 cm v\u00fdkon: 425 W drevo: kanadsk\u00e1 jed\u013ea (jed\u013eovec)<\/p>\n","protected":false},"featured_media":12950,"comment_status":"closed","ping_status":"open","template":"","meta":[],"product_brand":[2703],"product_cat":[626],"product_tag":[],"class_list":{"0":"post-12949","1":"product","2":"type-product","3":"status-publish","4":"has-post-thumbnail","6":"product_brand-sanotechnik","7":"product_cat-sauny-sk","8":"pa_drevo-kanadska-jedla","9":"pa_vaha-20-kg","10":"pa_vyrobca-sanotechnik-rakusko","11":"pa_vyska-66-cm","12":"pa_zaruka-2-roky","14":"first","15":"instock","16":"taxable","17":"shipping-taxable","18":"purchasable","19":"product-type-simple"},"_links":{"self":[{"href":"https:\/\/diamondspa.sk\/sk\/wp-json\/wp\/v2\/product\/12949","targetHints":{"allow":["GET"]}}],"collection":[{"href":"https:\/\/diamondspa.sk\/sk\/wp-json\/wp\/v2\/product"}],"about":[{"href":"https:\/\/diamondspa.sk\/sk\/wp-json\/wp\/v2\/types\/product"}],"replies":[{"embeddable":true,"href":"https:\/\/diamondspa.sk\/sk\/wp-json\/wp\/v2\/comments?post=12949"}],"wp:featuredmedia":[{"embeddable":true,"href":"https:\/\/diamondspa.sk\/sk\/wp-json\/wp\/v2\/media\/12950"}],"wp:attachment":[{"href":"https:\/\/diamondspa.sk\/sk\/wp-json\/wp\/v2\/media?parent=12949"}],"wp:term":[{"taxonomy":"product_brand","embeddable":true,"href":"https:\/\/diamondspa.sk\/sk\/wp-json\/wp\/v2\/product_brand?post=12949"},{"taxonomy":"product_cat","embeddable":true,"href":"https:\/\/diamondspa.sk\/sk\/wp-json\/wp\/v2\/product_cat?post=12949"},{"taxonomy":"product_tag","embeddable":true,"href":"https:\/\/diamondspa.sk\/sk\/wp-json\/wp\/v2\/product_tag?post=12949"}],"curies":[{"name":"wp","href":"https:\/\/api.w.org\/{rel}","templated":true}]}}