{"id":13211,"date":"2024-03-10T00:27:47","date_gmt":"2024-03-09T23:27:47","guid":{"rendered":"https:\/\/diamondspa.sk\/product\/m-spa-harvia-sucha-sauna-so-saunovou-pecou-pre-4-osoby-176-x-150-x-192cm\/"},"modified":"2025-08-15T08:37:35","modified_gmt":"2025-08-15T06:37:35","slug":"m-spa-harvia-sucha-sauna-so-saunovou-pecou-pre-4-osoby-176-x-150-x-192cm","status":"publish","type":"product","link":"https:\/\/diamondspa.sk\/sk\/produkt\/m-spa-harvia-sucha-sauna-so-saunovou-pecou-pre-4-osoby-176-x-150-x-192cm\/","title":{"rendered":"M-Spa &#8211; HARVIA &#8211; Such\u00e1 sauna so saunovou pecou,  pre 4 osoby 176 x 150 x 192cm"},"content":{"rendered":"<p><strong>POPIS PRODUKTU:<\/strong><\/p>\n<p>Typ: <strong>such\u00e1 sauna<\/strong><br \/>Po\u010det miest na sedenie: 4 \u013eudia<br \/>Nap\u00e1janie: 220 ~ 240V \/ 50Hz<br \/>V\u00fdkon: 6000 W<br \/>Saunov\u00e1 pec HARVIA<\/p>\n<p><strong>Materi\u00e1l:<\/strong> kanadsk\u00e1 borovica<br \/>Ovl\u00e1dac\u00ed panel<br \/>Termo vlhkomer<br \/>Tvrden\u00e9 sklo<br \/>Pieskov\u00e9 hodiny na \u010das str\u00e1ven\u00fd v saune<br \/>Dreven\u00e1 stavebnica + nabera\u010dka na naberanie kame\u0148ov<\/p>\n<p><strong>V\u00fdhody pou\u017e\u00edvania sauny:<\/strong><\/p>\n<ul>\n<li>spa\u013euje kal\u00f3rie<\/li>\n<li>m\u00f4\u017ee sp\u00e1li\u0165 a\u017e 600 kal\u00f3ri\u00ed pri saunovan\u00ed (30 min\u00fat)<\/li>\n<li>zvy\u0161uje krvn\u00fd obeh a posil\u0148uje kardiovaskul\u00e1rny syst\u00e9m<\/li>\n<li>zmier\u0148uje boles\u0165<\/li>\n<li>t\u00ed\u0161i boles\u0165 a stuhnutos\u0165 k\u013abov<\/li>\n<li>zmier\u0148uje celulit\u00eddu<\/li>\n<li>odstra\u0148uje tox\u00edny a miner\u00e1lny odpad<\/li>\n<li>zlep\u0161uje n\u00e1ladu<\/li>\n<li>podporuje imunitn\u00fd syst\u00e9m<\/li>\n<li>zni\u017euje stres a \u00fanavu<\/li>\n<\/ul>\n","protected":false},"excerpt":{"rendered":"<p>POPIS PRODUKTU: Typ: such\u00e1 saunaPo\u010det miest na sedenie: 4 \u013eudiaNap\u00e1janie: 220 ~ 240V \/ 50HzV\u00fdkon: 6000 WSaunov\u00e1 pec HARVIA Materi\u00e1l: kanadsk\u00e1 borovicaOvl\u00e1dac\u00ed panelTermo vlhkomerTvrden\u00e9 skloPieskov\u00e9 hodiny na \u010das str\u00e1ven\u00fd v sauneDreven\u00e1 stavebnica + nabera\u010dka na naberanie kame\u0148ov V\u00fdhody pou\u017e\u00edvania sauny: spa\u013euje kal\u00f3rie m\u00f4\u017ee sp\u00e1li\u0165 a\u017e 600 kal\u00f3ri\u00ed pri saunovan\u00ed (30 min\u00fat) zvy\u0161uje krvn\u00fd obeh a [&hellip;]<\/p>\n","protected":false},"featured_media":13212,"comment_status":"closed","ping_status":"open","template":"","meta":[],"product_brand":[2536],"product_cat":[626],"product_tag":[],"class_list":{"0":"post-13211","1":"product","2":"type-product","3":"status-publish","4":"has-post-thumbnail","6":"product_brand-m-spa","7":"product_cat-sauny-sk","8":"pa_material-kanadska-borovica","9":"pa_napajanie-220-240-v-50-hz","10":"pa_pocet-miest-717","11":"pa_sirka-150-cm","12":"pa_umiestnenie-interier","13":"pa_vykon-6000-w","14":"pa_vyrobca-m-spa","15":"pa_vyska-192-cm","16":"pa_zaruka-2-roky","18":"first","19":"instock","20":"sale","21":"taxable","22":"shipping-taxable","23":"purchasable","24":"product-type-simple"},"_links":{"self":[{"href":"https:\/\/diamondspa.sk\/sk\/wp-json\/wp\/v2\/product\/13211","targetHints":{"allow":["GET"]}}],"collection":[{"href":"https:\/\/diamondspa.sk\/sk\/wp-json\/wp\/v2\/product"}],"about":[{"href":"https:\/\/diamondspa.sk\/sk\/wp-json\/wp\/v2\/types\/product"}],"replies":[{"embeddable":true,"href":"https:\/\/diamondspa.sk\/sk\/wp-json\/wp\/v2\/comments?post=13211"}],"wp:featuredmedia":[{"embeddable":true,"href":"https:\/\/diamondspa.sk\/sk\/wp-json\/wp\/v2\/media\/13212"}],"wp:attachment":[{"href":"https:\/\/diamondspa.sk\/sk\/wp-json\/wp\/v2\/media?parent=13211"}],"wp:term":[{"taxonomy":"product_brand","embeddable":true,"href":"https:\/\/diamondspa.sk\/sk\/wp-json\/wp\/v2\/product_brand?post=13211"},{"taxonomy":"product_cat","embeddable":true,"href":"https:\/\/diamondspa.sk\/sk\/wp-json\/wp\/v2\/product_cat?post=13211"},{"taxonomy":"product_tag","embeddable":true,"href":"https:\/\/diamondspa.sk\/sk\/wp-json\/wp\/v2\/product_tag?post=13211"}],"curies":[{"name":"wp","href":"https:\/\/api.w.org\/{rel}","templated":true}]}}