{"id":13231,"date":"2024-03-10T00:27:47","date_gmt":"2024-03-09T23:27:47","guid":{"rendered":"https:\/\/diamondspa.sk\/product\/m-spa-sucha-parna-sauna-s-hydromasaznou-funkciou-165-x-105-x-215-cm\/"},"modified":"2025-08-15T08:37:34","modified_gmt":"2025-08-15T06:37:34","slug":"m-spa-sucha-parna-sauna-s-hydromasaznou-funkciou-165-x-105-x-215-cm","status":"publish","type":"product","link":"https:\/\/diamondspa.sk\/sk\/produkt\/m-spa-sucha-parna-sauna-s-hydromasaznou-funkciou-165-x-105-x-215-cm\/","title":{"rendered":"M-SPA &#8211; Such\u00e1 parn\u00e1 sauna s hydromas\u00e1\u017enou funkciou 165 x 105 x 215 cm"},"content":{"rendered":"<p><strong>POPIS PRODUKTU:<\/strong><br \/>Materi\u00e1l: tvrden\u00e9 sklo 5 mm<br \/>Nap\u00e1janie: 220V<\/p>\n<p><strong>FUNKCIE:<\/strong><br \/>1 &#8211; hydromas\u00e1\u017e<br \/>2 &#8211; parn\u00e1 sauna<br \/>3 &#8211; such\u00e1 sauna<\/p>\n<h3><strong>Box:<\/strong><\/h3>\n<ul>\n<li>Po\u010det miest na sedenie: 1 osoba<\/li>\n<li>Akrylov\u00e1 sprchov\u00e1 vani\u010dka<\/li>\n<li>N\u00edzky detsk\u00fd baz\u00e9nik<\/li>\n<li>Hlin\u00edkov\u00fd r\u00e1m<\/li>\n<li>Parn\u00fd gener\u00e1tor<\/li>\n<li>Reproduktor<\/li>\n<li>Osvetlenie<\/li>\n<li>Ventil\u00e1tor<\/li>\n<li>Ozon\u00e1tor<\/li>\n<li>Ovl\u00e1dac\u00ed panel<\/li>\n<li>R\u00e1dio<\/li>\n<li>Mas\u00e1\u017ene trysky<\/li>\n<li>Polica na kozmetiku<\/li>\n<li>Sprchov\u00e1 hlavica<\/li>\n<li>Bat\u00e9ria<\/li>\n<li>Da\u017e\u010fov\u00e1 sprcha<\/li>\n<li>Posuvn\u00e9 dvere<\/li>\n<\/ul>\n<p><strong>SAUNA:<\/strong><\/p>\n<ul>\n<li>Po\u010det miest na sedenie: 1 osoba<\/li>\n<li>Materi\u00e1l: borovica<\/li>\n<li>Typ: such\u00e1 sauna so spor\u00e1kom<\/li>\n<li>Sedadlo<\/li>\n<li>Pieskov\u00e9 hodiny<\/li>\n<li>Osvetlenie vo vn\u00fatri sauny<\/li>\n<li>Teplomer<\/li>\n<li>Ventil\u00e1tor<\/li>\n<li>Saunov\u00e1 pec<\/li>\n<li>Dreven\u00e1 vani\u010dka s nabera\u010dkou<\/li>\n<li>Hodiny mimo sauny<\/li>\n<li>Okno<\/li>\n<\/ul>\n","protected":false},"excerpt":{"rendered":"<p>POPIS PRODUKTU:Materi\u00e1l: tvrden\u00e9 sklo 5 mmNap\u00e1janie: 220V FUNKCIE:1 &#8211; hydromas\u00e1\u017e2 &#8211; parn\u00e1 sauna3 &#8211; such\u00e1 sauna Box: Po\u010det miest na sedenie: 1 osoba Akrylov\u00e1 sprchov\u00e1 vani\u010dka N\u00edzky detsk\u00fd baz\u00e9nik Hlin\u00edkov\u00fd r\u00e1m Parn\u00fd gener\u00e1tor Reproduktor Osvetlenie Ventil\u00e1tor Ozon\u00e1tor Ovl\u00e1dac\u00ed panel R\u00e1dio Mas\u00e1\u017ene trysky Polica na kozmetiku Sprchov\u00e1 hlavica Bat\u00e9ria Da\u017e\u010fov\u00e1 sprcha Posuvn\u00e9 dvere SAUNA: Po\u010det miest [&hellip;]<\/p>\n","protected":false},"featured_media":13232,"comment_status":"closed","ping_status":"open","template":"","meta":[],"product_brand":[2536],"product_cat":[626],"product_tag":[],"class_list":{"0":"post-13231","1":"product","2":"type-product","3":"status-publish","4":"has-post-thumbnail","6":"product_brand-m-spa","7":"product_cat-sauny-sk","8":"pa_material-borovica","9":"pa_napajanie-220-240-v-50-hz","10":"pa_pocet-miest-1-1","11":"pa_sirka-105-cm","12":"pa_sklo-5-mm-tvrdene","13":"pa_umiestnenie-interier","14":"pa_vyrobca-m-spa","15":"pa_vyska-215-cm","16":"pa_zaruka-2-roky","18":"first","19":"instock","20":"sale","21":"taxable","22":"shipping-taxable","23":"purchasable","24":"product-type-simple"},"_links":{"self":[{"href":"https:\/\/diamondspa.sk\/sk\/wp-json\/wp\/v2\/product\/13231","targetHints":{"allow":["GET"]}}],"collection":[{"href":"https:\/\/diamondspa.sk\/sk\/wp-json\/wp\/v2\/product"}],"about":[{"href":"https:\/\/diamondspa.sk\/sk\/wp-json\/wp\/v2\/types\/product"}],"replies":[{"embeddable":true,"href":"https:\/\/diamondspa.sk\/sk\/wp-json\/wp\/v2\/comments?post=13231"}],"wp:featuredmedia":[{"embeddable":true,"href":"https:\/\/diamondspa.sk\/sk\/wp-json\/wp\/v2\/media\/13232"}],"wp:attachment":[{"href":"https:\/\/diamondspa.sk\/sk\/wp-json\/wp\/v2\/media?parent=13231"}],"wp:term":[{"taxonomy":"product_brand","embeddable":true,"href":"https:\/\/diamondspa.sk\/sk\/wp-json\/wp\/v2\/product_brand?post=13231"},{"taxonomy":"product_cat","embeddable":true,"href":"https:\/\/diamondspa.sk\/sk\/wp-json\/wp\/v2\/product_cat?post=13231"},{"taxonomy":"product_tag","embeddable":true,"href":"https:\/\/diamondspa.sk\/sk\/wp-json\/wp\/v2\/product_tag?post=13231"}],"curies":[{"name":"wp","href":"https:\/\/api.w.org\/{rel}","templated":true}]}}