{"id":13244,"date":"2024-03-10T00:27:47","date_gmt":"2024-03-09T23:27:47","guid":{"rendered":"https:\/\/diamondspa.sk\/product\/m-spa-infrasauna-pre-3-osoby-150-x-150-x-200-cm\/"},"modified":"2025-08-15T08:37:35","modified_gmt":"2025-08-15T06:37:35","slug":"m-spa-infrasauna-pre-3-osoby-150-x-150-x-200-cm","status":"publish","type":"product","link":"https:\/\/diamondspa.sk\/sk\/produkt\/m-spa-infrasauna-pre-3-osoby-150-x-150-x-200-cm\/","title":{"rendered":"M-Spa &#8211; Infrasauna pre 3 osoby 150 x 150 x 200 cm"},"content":{"rendered":"<p><strong>POPIS PRODUKTU:<\/strong><\/p>\n<p>Typ: <strong>infrasauna<\/strong><br \/>Vykurovac\u00ed materi\u00e1l: kremenn\u00e9 vykurovacie trubice<br \/>Po\u010det ohrieva\u010dov: 8 ks.<br \/>Rozsah stup\u0148ov: 30-60 stup\u0148ov C.<br \/>\u010cas zahrievania: ~~ 20 min\u00fat<br \/>Ioniz\u00e1tor<br \/>Svetlo<br \/>P\u00e1nty z pevnej ocele<br \/>Farebn\u00e1 terapia<br \/>R\u00e1dio<br \/>Ovl\u00e1dac\u00ed panel<\/p>\n","protected":false},"excerpt":{"rendered":"<p>POPIS PRODUKTU: Typ: infrasaunaVykurovac\u00ed materi\u00e1l: kremenn\u00e9 vykurovacie trubicePo\u010det ohrieva\u010dov: 8 ks.Rozsah stup\u0148ov: 30-60 stup\u0148ov C.\u010cas zahrievania: ~~ 20 min\u00fatIoniz\u00e1torSvetloP\u00e1nty z pevnej oceleFarebn\u00e1 terapiaR\u00e1dioOvl\u00e1dac\u00ed panel<\/p>\n","protected":false},"featured_media":13245,"comment_status":"closed","ping_status":"open","template":"","meta":[],"product_brand":[2536],"product_cat":[626],"product_tag":[],"class_list":{"0":"post-13244","1":"product","2":"type-product","3":"status-publish","4":"has-post-thumbnail","6":"product_brand-m-spa","7":"product_cat-sauny-sk","8":"pa_material-kanadska-borovica","9":"pa_napajanie-220-240-v-50-hz","10":"pa_pocet-miest-420","11":"pa_sirka-150-cm","12":"pa_umiestnenie-interier","13":"pa_vyrobca-m-spa","14":"pa_vyska-200-cm","15":"pa_zaruka-2-roky","17":"first","18":"instock","19":"sale","20":"taxable","21":"shipping-taxable","22":"purchasable","23":"product-type-simple"},"_links":{"self":[{"href":"https:\/\/diamondspa.sk\/sk\/wp-json\/wp\/v2\/product\/13244","targetHints":{"allow":["GET"]}}],"collection":[{"href":"https:\/\/diamondspa.sk\/sk\/wp-json\/wp\/v2\/product"}],"about":[{"href":"https:\/\/diamondspa.sk\/sk\/wp-json\/wp\/v2\/types\/product"}],"replies":[{"embeddable":true,"href":"https:\/\/diamondspa.sk\/sk\/wp-json\/wp\/v2\/comments?post=13244"}],"wp:featuredmedia":[{"embeddable":true,"href":"https:\/\/diamondspa.sk\/sk\/wp-json\/wp\/v2\/media\/13245"}],"wp:attachment":[{"href":"https:\/\/diamondspa.sk\/sk\/wp-json\/wp\/v2\/media?parent=13244"}],"wp:term":[{"taxonomy":"product_brand","embeddable":true,"href":"https:\/\/diamondspa.sk\/sk\/wp-json\/wp\/v2\/product_brand?post=13244"},{"taxonomy":"product_cat","embeddable":true,"href":"https:\/\/diamondspa.sk\/sk\/wp-json\/wp\/v2\/product_cat?post=13244"},{"taxonomy":"product_tag","embeddable":true,"href":"https:\/\/diamondspa.sk\/sk\/wp-json\/wp\/v2\/product_tag?post=13244"}],"curies":[{"name":"wp","href":"https:\/\/api.w.org\/{rel}","templated":true}]}}