{"id":13259,"date":"2024-03-10T00:31:15","date_gmt":"2024-03-09T23:31:15","guid":{"rendered":"https:\/\/diamondspa.sk\/product\/m-spa-541-vana-s-hydromasazou-1-osoba-180-x-112-x-80-cm\/"},"modified":"2025-08-15T08:37:33","modified_gmt":"2025-08-15T06:37:33","slug":"m-spa-541-vana-s-hydromasazou-1-osoba-180-x-112-x-80-cm","status":"publish","type":"product","link":"https:\/\/diamondspa.sk\/sk\/produkt\/m-spa-541-vana-s-hydromasazou-1-osoba-180-x-112-x-80-cm\/","title":{"rendered":"M-Spa 541 &#8211; va\u0148a s hydromas\u00e1\u017eou 1 osoba 180 x 112 x 80 cm"},"content":{"rendered":"<p><span style=\"font-family: inherit;\">V\u00edrivky poskytn\u00fa \u00fa\u013eavu pre telo, du\u0161u a myse\u013e a umo\u017enia v\u00e1m tak vytvori\u0165 skuto\u010dn\u00fa relaxa\u010dn\u00fa z\u00f3nu v dom\u00e1cich podmienkach. Preto v\u00e1m odpor\u00fa\u010dame obozn\u00e1mi\u0165 sa s na\u0161ou ponukou z\u00e1hradn\u00fdch v\u00edriviek SPA, ktor\u00e9 umo\u017enia regenera\u010dn\u00fd, tepl\u00fd k\u00fape\u013e ako v profesion\u00e1lnom rekrea\u010dnom stredisku.<\/span><\/p>\n<p><span style=\"font-family: inherit;\">Odpor\u00fa\u010dame celoro\u010dn\u00e9 SPA k\u00fapele, ktor\u00e9 s\u00fa umiestnen\u00e9 na z\u00e1hrade alebo na terase a umo\u017e\u0148uj\u00fa v\u00e1m pr\u00edjemn\u00fa mas\u00e1\u017e v lete aj v zime.\u00a0<\/span><\/p>\n<p><span style=\"font-family: inherit;\"><img decoding=\"async\" src=\"https:\/\/diamondspa.sk\/wp-content\/uploads\/2024\/03\/012-12.jpg\" width=\"100%\" alt=\"\"><\/span><strong>Akryl z USA<\/strong><\/p>\n<p>Ka\u017ed\u00e1 z\u00e1hradn\u00e1 v\u00edrivka M-Spa v na\u0161ej ponuke m\u00e1 povrch vyroben\u00fd z kvalitn\u00e9ho americk\u00e9ho akrylu. Povrch vane je pokryt\u00fd 100% akrylom bez ak\u00fdchko\u013evek pr\u00edsad, ktor\u00fd zabr\u00e1ni jej znehodnoteniu aj po 10 rokoch a je ve\u013emi odoln\u00fd vo\u010di ak\u00fdmko\u013evek \u0161krabancom. Hr\u00fabka akryl\u00e1tu v na\u0161ich vaniach je dokonca nieko\u013ekon\u00e1sobne v\u00e4\u010d\u0161ia ako u ostatn\u00fdch van\u00ed na trhu. Farbu akrylu, rovnako ako krytu, je mo\u017en\u00e9 zvoli\u0165 z tabu\u013eky farieb.<\/p>\n<p><strong>Trysky<\/strong><\/p>\n<p>Trysky s\u00fa v\u010faka tejto aplik\u00e1cii zaliate do akrylu, ke\u010f le\u017e\u00edte vo vani, ne\u013eahnete si na trysky (ako je to u v\u00e4\u010d\u0161iny typov t\u00fdchto v\u00edriviek), ale na akryl\u00e1t. Po\u010das hydromas\u00e1\u017ee neubl\u00ed\u017eia telu, \u010do zaru\u010duje 100% spokojnos\u0165 s k\u00fape\u013eom.<\/p>\n<p><img decoding=\"async\" src=\"https:\/\/diamondspa.sk\/wp-content\/uploads\/2024\/03\/029-2.jpg\" width=\"100%\" alt=\"\"><\/p>\n<p>Trysky vo vani s\u00fa pokryt\u00e9 chr\u00f3mom. Nemus\u00edte sa preto ob\u00e1va\u0165, \u017ee by tieto trysky boli pokryt\u00e9 vodn\u00fdm kame\u0148om. Ka\u017ed\u00e1 vodn\u00e1 tryska m\u00e1 prevzdu\u0161\u0148ovaciu funkciu, ktor\u00e1 spo\u010d\u00edva v prid\u00e1van\u00ed vzduchu do vodn\u00e9ho syst\u00e9mu, \u010do zvy\u0161uje v\u00fdkon vodnej mas\u00e1\u017ee. Prevzdu\u0161\u0148ovanie je mo\u017en\u00e9 plynulo nastavi\u0165 pomocou gomb\u00edka.<\/p>\n<p>V\u00e4\u010d\u0161inu vodn\u00fdch trysiek je mo\u017en\u00e9 vypn\u00fa\u0165, \u010do v\u00e1m umo\u017e\u0148uje \u013eubovo\u013en\u00fa manipul\u00e1ciu s t\u00fdm, ktor\u00e9 \u010dasti tela mas\u00edrova\u0165 a akou silou. Trysky nach\u00e1dzaj\u00face sa vo v\u00edrivkach M-Spa s\u00fa rota\u010dn\u00e9, smerov\u00e9 a bodov\u00e9.<\/p>\n<p><strong>Ovl\u00e1danie BALBOA<\/strong><\/p>\n<p><strong><img decoding=\"async\" src=\"https:\/\/diamondspa.sk\/wp-content\/uploads\/2024\/03\/01.jpg\" width=\"100%\" alt=\"\"><\/strong><\/p>\n<p>Panel BALBOA ovl\u00e1da v\u0161etky funkcie vo vani, od spustenia \u010derpadiel, ozoniz\u00e1cie, osvetlenia a\u017e po ohrieva\u010d. Je to spolo\u010dnos\u0165 z USA, ktor\u00e1 vyr\u00e1ba najkvalitnej\u0161ie diely pre v\u00edrivky vr\u00e1tane ovl\u00e1da\u010da, ktor\u00fd je \u00faplne bezporuchov\u00fd a odoln\u00fd vo\u010di vandalom. Regul\u00e1tor m\u00e1 dva nez\u00e1visl\u00e9 re\u017eimy ohrevu vody, to znamen\u00e1, \u017ee m\u00f4\u017eete \u013eahko manipulova\u0165 s teplotou vody pod\u013ea svojich potrieb. Po naprogramovan\u00ed pr\u00edslu\u0161n\u00e9ho filtra\u010dn\u00e9ho cyklu na\u0161tartuje obehov\u00e9 \u010derpadlo, ktor\u00e9 prech\u00e1dza vodou cez filtre a dezinfikuje ju.<\/p>\n<p>Ovl\u00e1da\u010d BALBOA je mo\u017en\u00e9 roz\u0161\u00edri\u0165 o wifi modul, ktor\u00fd v\u00e1m umo\u017en\u00ed ovl\u00e1da\u0165 v\u00edrivku pomocou aplik\u00e1cie v telef\u00f3ne.<\/p>\n<p>Na\u0161e vane s\u00fa vybaven\u00e9 prietokov\u00fdm ohrieva\u010dom vody s v\u00fdkonom 3 000 W. V\u010faka nemu m\u00f4\u017eete nielen zv\u00fd\u0161i\u0165 teplotu vody, ale aj udr\u017ea\u0165 ju na kon\u0161tantne vysokej \u00farovni. Pri pou\u017e\u00edvan\u00ed v\u00edrivky je ohrieva\u010d nepostr\u00e1date\u013en\u00fdm zariaden\u00edm.<\/p>\n<p><img decoding=\"async\" src=\"https:\/\/diamondspa.sk\/wp-content\/uploads\/2024\/03\/03.jpg\" width=\"100%\" alt=\"\"><\/p>\n<p><strong>Kon\u0161trukcia je vyroben\u00e1 z nehrdzavej\u00facej ocele.\u00a0<\/strong>Cel\u00e1 va\u0148a je zalo\u017een\u00e1 na stabilnom r\u00e1me z nehrdzavej\u00facej ocele, v\u010faka \u010domu m\u00e1 va\u0148a siln\u00fa a odoln\u00fa podpern\u00fa z\u00e1klad\u0148u, \u010do je pre v\u00e4\u010d\u0161ie vane ve\u013emi d\u00f4le\u017eit\u00e9. Hmotnos\u0165 tak\u00fdchto v\u00edriviek je od 250 kg a\u017e do 1 500 kg, vr\u00e1tane hmotnosti vody a os\u00f4b. Je to pomerne ve\u013ek\u00e1 hmotnos\u0165, ktor\u00e1 si vy\u017eaduje pevn\u00fa oporu, a preto je dobr\u00e1 kon\u0161trukcia vane tak\u00e1 rozhoduj\u00faca.<\/p>\n<p><img decoding=\"async\" src=\"https:\/\/diamondspa.sk\/wp-content\/uploads\/2024\/03\/02.jpg\" width=\"100%\" alt=\"\"><\/p>\n<p><img decoding=\"async\" src=\"https:\/\/diamondspa.sk\/wp-content\/uploads\/2024\/03\/04.jpg\" width=\"100%\" alt=\"\"><\/p>\n<p>Ved\u013ea obehov\u00e9ho \u010derpadla a ohrieva\u010da s\u00fa in\u0161talovan\u00e9 dva gu\u013eov\u00e9 ventily, ktor\u00e9 je mo\u017en\u00e9 v pr\u00edpade poruchy dan\u00e9ho dielu vypn\u00fa\u0165 a vymeni\u0165 bez nutnosti vyp\u00fa\u0161\u0165ania vody z vane.<\/p>\n<p>Rozde\u013eova\u010de a \u010derpadl\u00e1 maj\u00fa \u010fal\u0161ie potrubia, ktor\u00e9 s\u00fa spojen\u00e9 s odtokom. Pri vyp\u00fa\u0161\u0165an\u00ed vody z vane stek\u00e1 voda zo v\u0161etk\u00fdch potrub\u00ed samosp\u00e1dom a \u010derpadlami bez toho, aby bolo potrebn\u00e9 vyp\u00fa\u0161\u0165a\u0165 a rozobera\u0165 \u010derpadl\u00e1.<\/p>\n<p><strong>Gener\u00e1tor oz\u00f3nu<\/strong> je \u0161peci\u00e1lny program, ktor\u00fd sterilizuje vodu tak, aby bola va\u0148a aj voda \u010dist\u00e1. Je to nov\u00fd a r\u00fdchly sp\u00f4sob odstra\u0148ovania bakt\u00e9ri\u00ed, rias a pod. Vodu nie je potrebn\u00e9 meni\u0165 ani po 6 mesiacoch.<\/p>\n<p><img decoding=\"async\" src=\"https:\/\/diamondspa.sk\/wp-content\/uploads\/2024\/03\/05.jpg\" width=\"100%\" alt=\"\"><\/p>\n<p><strong>UV lampa<\/strong><\/p>\n<p>Do v\u00edriviek je mo\u017en\u00e9 in\u0161talova\u0165 UV lampu na \u00fapravu vody. Ako steriliz\u00e1tory odstra\u0148uj\u00fa \u0161kodliv\u00e9 l\u00e1tky z vody a eliminuj\u00fa v\u00edrusy a bakt\u00e9rie. V\u010faka ich pou\u017eitiu m\u00f4\u017eete z\u00edska\u0165 mimoriadne \u010dist\u00fa vodu. Vlastnosti UV \u017eiaroviek na vodu ich robia pou\u017eite\u013en\u00fdmi v\u0161ade tam, kde je potrebn\u00e9 pou\u017ei\u0165 \u010dist\u00fa vodu. Kombin\u00e1cia UV lampy s gener\u00e1torom oz\u00f3nu poskytuje syst\u00e9m, ktor\u00fd nevy\u017eaduje pou\u017eitie chemik\u00e1li\u00ed na udr\u017eiavanie \u010distej vody vo v\u00edrivke.<\/p>\n<p><strong>Dno<\/strong> je vyroben\u00e9 z polym\u00e9ru a bolo odliate vcelku. Doska je naopak navrhnut\u00e1 tak, aby poskytovala izol\u00e1ciu od zeme, vlhkosti a poveternostn\u00fdch podmienok. Dno, pl\u00e1\u0161\u0165 a \u00fapln\u00e1 izol\u00e1cia vytv\u00e1raj\u00fa nie\u010do ako termosku, odvod tepla trv\u00e1 ve\u013emi dlho, \u010do m\u00e1 za n\u00e1sledok n\u00edzku spotrebu elektrickej energie.<\/p>\n<p><img decoding=\"async\" src=\"https:\/\/diamondspa.sk\/wp-content\/uploads\/2024\/03\/06.jpg\" width=\"100%\" alt=\"\"><\/p>\n<p><strong>Schody<\/strong><\/p>\n<p>Pre vane, ktor\u00e9 nie s\u00fa zapusten\u00e9, je mo\u017en\u00e9 zak\u00fapi\u0165 schody vo farbe krytu. S\u00fa vyroben\u00e9 z rovnak\u00e9ho materi\u00e1lu ako kryt.<\/p>\n<p><strong>Termokryt<\/strong><\/p>\n<p>Pre ka\u017ed\u00fa v\u00edrivku m\u00e1me termokryt vyroben\u00fd z vysoko kvalitn\u00fdch materi\u00e1lov. Termokryt dop\u013a\u0148a va\u0148u, ktor\u00fd ju uzatv\u00e1ra a nesp\u00f4sobuje tepeln\u00e9 straty do okolia.<\/p>\n<p><img decoding=\"async\" src=\"https:\/\/diamondspa.sk\/wp-content\/uploads\/2024\/03\/07.jpg\" width=\"100%\" alt=\"\"><\/p>\n<p><strong>Pln\u00e1 izol\u00e1cia v\u00edriviek<\/strong> je vyroben\u00e1 z polyuret\u00e1novej peny, cel\u00e1 va\u0148a je pokryt\u00e1 hr\u00fabkou od asi 15 mm do 30 mm, pl\u00e1\u0161\u0165 a dno s\u00fa asi 10 mm a\u017e 15 mm, \u010do zabra\u0148uje tepeln\u00fdm strat\u00e1m, v\u010faka \u010domu je spotreba ohrieva\u010da zn\u00ed\u017een\u00e1 na minimum.<\/p>\n<p><strong>Kryt<\/strong><\/p>\n<p>Kryt je vyroben\u00fd z vysoko kvalitn\u00e9ho plastu odoln\u00e9ho vo\u010di poveternostn\u00fdm vplyvom. Slne\u010dn\u00e9 svetlo neodfarb\u00ed farbu krytu. M\u00e1me r\u00f4znu \u0161k\u00e1lu farieb, ktor\u00fa je mo\u017en\u00e9 zvoli\u0165 z dostupnej \u0161abl\u00f3ny.<\/p>\n<p><img decoding=\"async\" src=\"https:\/\/diamondspa.sk\/wp-content\/uploads\/2024\/03\/08.jpg\" width=\"100%\" alt=\"\"><\/p>\n<p><strong>Izola\u010dn\u00e9 normy pre vonkaj\u0161ie v\u00edrivky M-Spa:<\/strong><\/p>\n<p>Izol\u00e1cia vane z polyuret\u00e1novej peny m\u00e1 hr\u00fabku asi 15 a\u017e 30 mm.<\/p>\n<p>R\u00e1m krytu je vyroben\u00fd z dreva a samotn\u00fd kryt je vyroben\u00fd z vysoko kvalitn\u00e9ho plastu (hr\u00fabka izol\u00e1cie 30 mm na prvkoch krytu).<\/p>\n<p>Cel\u00fd kryt so spodnou \u010das\u0165ou je izolovan\u00fd polyuret\u00e1novou penou s hr\u00fabkou asi 10 &#8211; 15 mm.<\/p>\n<p><img decoding=\"async\" src=\"https:\/\/diamondspa.sk\/wp-content\/uploads\/2024\/03\/09.jpg\" width=\"100%\" alt=\"\"><\/p>\n<p><strong>Tepeln\u00fd sn\u00edmok<\/strong> zhotoven\u00fd v zime pri teplote asi -6 \u00b0 C. V\u00edrivka naplnen\u00e1 vodou, pripraven\u00e1 na pou\u017eitie, vonkaj\u0161ia teplota termokrytu a krytu okolo 0 \u00b0 C. To sved\u010d\u00ed o n\u00edzkych tepeln\u00fdch strat\u00e1ch.<\/p>\n<p>\u010cerpadl\u00e1 a ohrieva\u010d dod\u00e1vaj\u00fa v\u00edrivke teplo a zni\u017euj\u00fa mno\u017estvo tepla dod\u00e1van\u00e9ho do vane, \u010do zni\u017euje spotrebu elektrickej energie.<\/p>\n<p><strong>Izol\u00e1cia dna vane polyuret\u00e1novou penou je \u00fa\u010dinnej\u0161ia a dod\u00e1va okoliu menej tepla ako pena s tepelnoizola\u010dnou f\u00f3liou dostupnou od konkurencie. Pena s tepelnoizola\u010dnou f\u00f3liou nevypln\u00ed v\u0161etky medzery, ako je to v pr\u00edpade polyuret\u00e1novej peny, ktor\u00e1 pevne vypln\u00ed ka\u017ed\u00fd vo\u013en\u00fd priestor, v\u010faka \u010domu neunik\u00e1 teplo vody z v\u00edrivky.<\/strong><\/p>\n<p>\u00a0<\/p>\n<p><strong>Osvetlenie<\/strong><\/p>\n<p>Ako jedin\u00e1 spolo\u010dnos\u0165 na trhu pon\u00fakame vo svojich vaniach zv\u00e4zky optick\u00fdch vl\u00e1kien a podvodn\u00e9 osvetlenie v 7 r\u00f4znych farb\u00e1ch. \u010co sa t\u00fdka kvality, optick\u00e9 vl\u00e1kna s\u00fa ur\u010dite lep\u0161ie ako LED svetlo, s\u00fa \u00faplne bezporuchov\u00e9 a svietia jasnej\u0161\u00edm svetlom. Tieto svetl\u00e1 s\u00fa dokonal\u00fdm rie\u0161en\u00edm pre \u00fa\u017easn\u00fd z\u00e1\u017eitok a vytv\u00e1raj\u00fa t\u00fa spr\u00e1vnu atmosf\u00e9ru pri k\u00fapan\u00ed. Na\u0161e osvetlenie plynulo men\u00ed farby alebo je mo\u017en\u00e9 si ak\u00fako\u013evek farbu necha\u0165, \u010do v\u00e1m e\u0161te viac spr\u00edjemn\u00ed hydromas\u00e1\u017e. Farebn\u00e9 typy: \u010derven\u00e1, modr\u00e1, \u017elt\u00e1, zelen\u00e1, oran\u017eov\u00e1, fialov\u00e1 a biela.<\/p>\n<p><img decoding=\"async\" src=\"https:\/\/diamondspa.sk\/wp-content\/uploads\/2024\/03\/aZIELONY.jpg\" width=\"100%\" alt=\"\"><\/p>\n<p><strong>Terapia farbami\u00a0<\/strong>je nekonven\u010dn\u00e1 lie\u010debn\u00e1 met\u00f3da, ktor\u00e1 vystavuje zrak dan\u00e9ho \u010dloveka farb\u00e1m, ktor\u00e9 upokojuj\u00fa, uvo\u013e\u0148uj\u00fa alebo stimuluj\u00fa. Ak ste obklopen\u00ed r\u00f4znymi farbami, m\u00f4\u017eete ma\u0165 viac energie a optimizmu.<\/p>\n<p><strong>MicroSilk fukncia za pr\u00edplatok<\/strong><\/p>\n<p><strong><img decoding=\"async\" src=\"https:\/\/diamondspa.sk\/wp-content\/uploads\/2024\/03\/016-6.jpg\" width=\"100%\" alt=\"\"><\/strong><\/p>\n<p>MicroSilk\u00ae je zariadenie, ktor\u00e9 nasycuje vodu mikro bublinami. Syst\u00e9m funguje nasledovne: obehov\u00e9 \u010derpadlo nas\u00e1va vodu a mie\u0161a ju so vzduchom. Potom rozklad\u00e1 \u010diasto\u010dky vzduchu na mikrobublinky, ktor\u00e9 prenikaj\u00fa hlboko do poko\u017eky a odstra\u0148uj\u00fa odumret\u00fa poko\u017eku. Ke\u010f je MicroSilk\u00ae zapnut\u00fd, voda sa sfarb\u00ed do biela ako \u201emlieko\u201c. Funkciu omladenia poko\u017eky zabezpe\u010duj\u00fa mikrobublinky, ktor\u00e9 v\u010faka svojim vlastnostiam zanech\u00e1vaj\u00fa poko\u017eku hladk\u00fa ako hodv\u00e1b. \u010cerpadlo MicroSilk\u00ae sa ovl\u00e1da samostatn\u00fdm tla\u010didlom. T\u00fato funkciu je mo\u017en\u00e9 prisp\u00f4sobi\u0165 akejko\u013evek v\u00edrivke M-Spa. V cene je uveden\u00e9 zariadenie + in\u0161tal\u00e1cia. Ke\u010f je perli\u010dkov\u00fd k\u00fape\u013e akt\u00edvny, nem\u00f4\u017eete zapn\u00fa\u0165 vodn\u00fa alebo vzduchov\u00fa mas\u00e1\u017e.<\/p>\n<p>Vodn\u00e9 trysky: 13 ks:<\/p>\n<ul>\n<li>mal\u00e9 vodn\u00e9 trysky: 2 ks, 3,5 &#8222;<\/li>\n<li>stredn\u00e9 vodn\u00e9 trysky: 2 ks. 4,5 &#8222;<\/li>\n<li>ve\u013ek\u00e9 vodn\u00e9 trysky: 1 ks. 5 &#8222;<\/li>\n<li>ve\u013ek\u00e9 vodn\u00e9 trysky: 3 ks (oto\u010dn\u00e9) 5 &#8222;<\/li>\n<\/ul>\n<p>Svetl\u00e1 z optick\u00fdch vl\u00e1kien: 13 ks (sedem druhov farieb)<br \/>SPA svetlo: 1 ks.<\/p>\n<p><span style=\"font-family: inherit;\"><strong>V\u00ddHODY HYDROMAS\u00c1\u017dE:<\/strong><\/span><\/p>\n<p>Hydromas\u00e1\u017e prin\u00e1\u0161a v\u00fdhody nielen pre va\u0161e telesn\u00e9 zdravie, ale aj pre va\u0161u du\u0161evn\u00fa str\u00e1nku. Va\u0161e telo pr\u00edjemne zrelaxuje a popri tom nech\u00e1te oddychova\u0165 va\u0161u myse\u013e.<\/p>\n<p>Po\u010das pobytu v hydromas\u00e1\u017enej vani v\u00e1\u0161 parasympatick\u00fd nervov\u00fd system produkuje v\u00e4\u010d\u0161ie mno\u017estvo horm\u00f3nov, ktor\u00e9 dovolia v\u00e1\u0161mu telu zrelaxova\u0165 a zmier\u0148uj\u00fa pr\u00edznaky sp\u00f4soben\u00e9 stresom po\u010das d\u0148a. Navy\u0161e, tlak mas\u00e1\u017ee stimuluje produkciu endorf\u00ednov, ktor\u00e9 u v\u00e1s navodzuj\u00fa pocity pokoja a relax\u00e1cie. K\u00fape\u013e v hor\u00facej vode taktie\u0165 napom\u00e1ha k zlep\u0161eniu sp\u00e1nku a bojuje proti pr\u00edznakom nespavosti.<\/p>\n<p>Hydromas\u00e1\u017ena va\u0148a pon\u00faka benefit taktie\u017e v oblasti telesn\u00e9ho zdravia. Uvo\u013e\u0148uj\u00fa d\u00fdchacie cesty, zlep\u0161uj\u00fa perif\u00e9rny obeh . Mnoho \u010fal\u0161\u00edch \u0161t\u00fadi\u00ed preuk\u00e1zalo \u00fa\u010dinky hydroterapie na boles\u0165. Samotn\u00e1 mas\u00e1\u017ena terapia bola tie\u017e zaveden\u00e1 ako doplnkov\u00e1 met\u00f3da lie\u010dby bolesti kolien, kr\u00ed\u017eov, krku a ramien.<\/p>\n<p><strong><em>\u010eAL\u0160IE MO\u017dNOSTI:<\/em><\/strong><\/p>\n<ol>\n<li>\u00a0In\u00e1 farba: 385\u20ac\u00a0<\/li>\n<li>\u00a0P\u00fazdro + \u00fapln\u00e9 zateplenie: 989\u20ac<\/li>\n<li>\u00a0Schody: 225\u20ac<\/li>\n<li>\u00a0Tepeln\u00e9 pokrytie: 639\u20ac<\/li>\n<li>\u00a0Z\u00e1kladn\u00e1 izol\u00e1cia um\u00fdvadla: 499\u20ac<\/li>\n<li>\u00a0UV lampa: 499 \u20ac<\/li>\n<li>\u00a0Panel Balboa touch ST3: 629\u20ac<\/li>\n<li>\u00a0Modul Balboa Wi-Fi: 499\u20ac<\/li>\n<li>\u00a0Bluetooth Balboa + 2 reproduktory: 879\u20ac<\/li>\n<li>\u00a0Funkcia Microsilk: 2259\u20ac<\/li>\n<\/ol>\n<p><em><strong>!AKTU\u00c1LNE AKCIE!<\/strong><\/em><\/p>\n<ol>\n<li>\u00a0Farba: 1\u20ac<\/li>\n<li>\u00a0P\u00fazdro + \u00fapln\u00e1 izol\u00e1cia: 1\u20ac<\/li>\n<li>\u00a0Schody: 1\u20ac<\/li>\n<li>\u00a0Tepeln\u00e9 pokrytie: 1\u20ac<\/li>\n<li>\u00a0Z\u00e1kladn\u00e1 izol\u00e1cia um\u00fdvadla: 1\u20ac<\/li>\n<li>\u00a0UV lampa: 375\u20ac<\/li>\n<li>\u00a0Balboa dotykov\u00fd panel ST3: 375\u20ac<\/li>\n<li>\u00a0Modul Balboa Wi-Fi: 375\u20ac<\/li>\n<li>\u00a0Bluetooth Balboa + 2 reproduktory: 749\u20ac<\/li>\n<\/ol>\n","protected":false},"excerpt":{"rendered":"<p>V\u00edrivky poskytn\u00fa \u00fa\u013eavu pre telo, du\u0161u a myse\u013e a umo\u017enia v\u00e1m tak vytvori\u0165 skuto\u010dn\u00fa relaxa\u010dn\u00fa z\u00f3nu v dom\u00e1cich podmienkach. Preto v\u00e1m odpor\u00fa\u010dame obozn\u00e1mi\u0165 sa s na\u0161ou ponukou z\u00e1hradn\u00fdch v\u00edriviek SPA, ktor\u00e9 umo\u017enia regenera\u010dn\u00fd, tepl\u00fd k\u00fape\u013e ako v profesion\u00e1lnom rekrea\u010dnom stredisku. Odpor\u00fa\u010dame celoro\u010dn\u00e9 SPA k\u00fapele, ktor\u00e9 s\u00fa umiestnen\u00e9 na z\u00e1hrade alebo na terase a umo\u017e\u0148uj\u00fa v\u00e1m [&hellip;]<\/p>\n","protected":false},"featured_media":13260,"comment_status":"closed","ping_status":"open","template":"","meta":[],"product_brand":[2536],"product_cat":[415],"product_tag":[],"class_list":{"0":"post-13259","1":"product","2":"type-product","3":"status-publish","4":"has-post-thumbnail","6":"product_brand-m-spa","7":"product_cat-zahradne-virivky-jacuzzi","8":"pa_napajanie-220-alebo-380-v-50-hz","9":"pa_pocet-miest-622","10":"pa_povrch-akryl","11":"pa_vyrobca-m-spa","13":"first","14":"instock","15":"sale","16":"taxable","17":"shipping-taxable","18":"purchasable","19":"product-type-simple"},"_links":{"self":[{"href":"https:\/\/diamondspa.sk\/sk\/wp-json\/wp\/v2\/product\/13259","targetHints":{"allow":["GET"]}}],"collection":[{"href":"https:\/\/diamondspa.sk\/sk\/wp-json\/wp\/v2\/product"}],"about":[{"href":"https:\/\/diamondspa.sk\/sk\/wp-json\/wp\/v2\/types\/product"}],"replies":[{"embeddable":true,"href":"https:\/\/diamondspa.sk\/sk\/wp-json\/wp\/v2\/comments?post=13259"}],"wp:featuredmedia":[{"embeddable":true,"href":"https:\/\/diamondspa.sk\/sk\/wp-json\/wp\/v2\/media\/13260"}],"wp:attachment":[{"href":"https:\/\/diamondspa.sk\/sk\/wp-json\/wp\/v2\/media?parent=13259"}],"wp:term":[{"taxonomy":"product_brand","embeddable":true,"href":"https:\/\/diamondspa.sk\/sk\/wp-json\/wp\/v2\/product_brand?post=13259"},{"taxonomy":"product_cat","embeddable":true,"href":"https:\/\/diamondspa.sk\/sk\/wp-json\/wp\/v2\/product_cat?post=13259"},{"taxonomy":"product_tag","embeddable":true,"href":"https:\/\/diamondspa.sk\/sk\/wp-json\/wp\/v2\/product_tag?post=13259"}],"curies":[{"name":"wp","href":"https:\/\/api.w.org\/{rel}","templated":true}]}}