{"id":13335,"date":"2024-03-10T00:31:15","date_gmt":"2024-03-09T23:31:15","guid":{"rendered":"https:\/\/diamondspa.sk\/product\/m-spa-infrasauna-kremen-3-osoby-155-x-125-x-190-cm-2-kw\/"},"modified":"2025-08-15T08:37:33","modified_gmt":"2025-08-15T06:37:33","slug":"m-spa-infrasauna-kremen-3-osoby-155-x-125-x-190-cm-2-kw","status":"publish","type":"product","link":"https:\/\/diamondspa.sk\/sk\/produkt\/m-spa-infrasauna-kremen-3-osoby-155-x-125-x-190-cm-2-kw\/","title":{"rendered":"M-Spa &#8211; Infrasauna kreme\u0148 3 osoby 155 x 125 x 190 cm 2 kW"},"content":{"rendered":"<p><strong>POPIS PRODUKTU:<\/strong><\/p>\n<ul>\n<li>Typ: infrasauna<\/li>\n<li>Po\u010det miest na sedenie: 3 osoby<\/li>\n<li>Vykurovac\u00ed materi\u00e1l: kremenn\u00e9 vykurovacie trubice<\/li>\n<li><span>Po\u010det ohrieva\u010dov: 7 ks vr\u00e1tane:<\/span>\n<ul>\n<li><span>kremenn\u00fdch vykurovac\u00edch radi\u00e1torov: 6 ks (300 W ks)<\/span><\/li>\n<li><span>uhl\u00edkov\u00fdch vykurovac\u00edch telies: 1 ks (200 W ks) )<\/span><\/li>\n<\/ul>\n<\/li>\n<li>Rozsah stup\u0148ov: 30-60 stup\u0148ov C.<\/li>\n<li>\u010cas zahrievania: ~~ 20 min\u00fat<\/li>\n<li>Ioniz\u00e1tor<\/li>\n<li>Operadlo<\/li>\n<li>Teplotn\u00fd senzor<\/li>\n<li>Bluetooth<\/li>\n<li>Svetlo<\/li>\n<li>R\u00e1dio<\/li>\n<\/ul>\n<p><strong>V\u00fdhody pou\u017e\u00edvania sauny:<\/strong><\/p>\n<ul>\n<li>spa\u013euje kal\u00f3rie<\/li>\n<li>m\u00f4\u017ee sp\u00e1li\u0165 a\u017e 600 kal\u00f3ri\u00ed pri saunovan\u00ed (30 min\u00fat)<\/li>\n<li>zvy\u0161uje krvn\u00fd obeh a posil\u0148uje kardiovaskul\u00e1rny syst\u00e9m<\/li>\n<li>zmier\u0148uje boles\u0165<\/li>\n<li>t\u00ed\u0161i boles\u0165 a stuhnutos\u0165 k\u013abov<\/li>\n<li>zmier\u0148uje celulit\u00eddu<\/li>\n<li>odstra\u0148uje tox\u00edny a miner\u00e1lny odpad<\/li>\n<li>zlep\u0161uje n\u00e1ladu<\/li>\n<li>podporuje imunitn\u00fd syst\u00e9m<\/li>\n<li>zni\u017euje stres a \u00fanavu<\/li>\n<\/ul>\n","protected":false},"excerpt":{"rendered":"<p>POPIS PRODUKTU: Typ: infrasauna Po\u010det miest na sedenie: 3 osoby Vykurovac\u00ed materi\u00e1l: kremenn\u00e9 vykurovacie trubice Po\u010det ohrieva\u010dov: 7 ks vr\u00e1tane: kremenn\u00fdch vykurovac\u00edch radi\u00e1torov: 6 ks (300 W ks) uhl\u00edkov\u00fdch vykurovac\u00edch telies: 1 ks (200 W ks) ) Rozsah stup\u0148ov: 30-60 stup\u0148ov C. \u010cas zahrievania: ~~ 20 min\u00fat Ioniz\u00e1tor Operadlo Teplotn\u00fd senzor Bluetooth Svetlo R\u00e1dio V\u00fdhody [&hellip;]<\/p>\n","protected":false},"featured_media":13336,"comment_status":"closed","ping_status":"open","template":"","meta":[],"product_brand":[2536],"product_cat":[753,626],"product_tag":[],"class_list":{"0":"post-13335","1":"product","2":"type-product","3":"status-publish","4":"has-post-thumbnail","6":"product_brand-m-spa","7":"product_cat-infrasauny-sk","8":"product_cat-sauny-sk","9":"pa_material-borovica","10":"pa_napajanie-220-240v-50hz","11":"pa_pocet-miest-420","12":"pa_sirka-125-cm","13":"pa_umiestnenie-interier","14":"pa_vykon-2000-w","15":"pa_vyrobca-m-spa","16":"pa_vyska-190-cm","17":"pa_zaruka-2-roky","19":"first","20":"instock","21":"sale","22":"taxable","23":"shipping-taxable","24":"purchasable","25":"product-type-simple"},"_links":{"self":[{"href":"https:\/\/diamondspa.sk\/sk\/wp-json\/wp\/v2\/product\/13335","targetHints":{"allow":["GET"]}}],"collection":[{"href":"https:\/\/diamondspa.sk\/sk\/wp-json\/wp\/v2\/product"}],"about":[{"href":"https:\/\/diamondspa.sk\/sk\/wp-json\/wp\/v2\/types\/product"}],"replies":[{"embeddable":true,"href":"https:\/\/diamondspa.sk\/sk\/wp-json\/wp\/v2\/comments?post=13335"}],"wp:featuredmedia":[{"embeddable":true,"href":"https:\/\/diamondspa.sk\/sk\/wp-json\/wp\/v2\/media\/13336"}],"wp:attachment":[{"href":"https:\/\/diamondspa.sk\/sk\/wp-json\/wp\/v2\/media?parent=13335"}],"wp:term":[{"taxonomy":"product_brand","embeddable":true,"href":"https:\/\/diamondspa.sk\/sk\/wp-json\/wp\/v2\/product_brand?post=13335"},{"taxonomy":"product_cat","embeddable":true,"href":"https:\/\/diamondspa.sk\/sk\/wp-json\/wp\/v2\/product_cat?post=13335"},{"taxonomy":"product_tag","embeddable":true,"href":"https:\/\/diamondspa.sk\/sk\/wp-json\/wp\/v2\/product_tag?post=13335"}],"curies":[{"name":"wp","href":"https:\/\/api.w.org\/{rel}","templated":true}]}}