{"id":13346,"date":"2024-03-10T00:31:15","date_gmt":"2024-03-09T23:31:15","guid":{"rendered":"https:\/\/diamondspa.sk\/product\/m-spa-sauna-so-suchou-parou-s-funkciou-hydromasaze-biela-lava-180-x-110-x-223-cm-6-kw\/"},"modified":"2025-08-15T08:37:34","modified_gmt":"2025-08-15T06:37:34","slug":"m-spa-sauna-so-suchou-parou-s-funkciou-hydromasaze-biela-lava-180-x-110-x-223-cm-6-kw","status":"publish","type":"product","link":"https:\/\/diamondspa.sk\/sk\/produkt\/m-spa-sauna-so-suchou-parou-s-funkciou-hydromasaze-biela-lava-180-x-110-x-223-cm-6-kw\/","title":{"rendered":"M-Spa &#8211; Sauna so suchou parou s funkciou hydromas\u00e1\u017ee BIELA \u200b\u200b\u013eav\u00e1 180 x 110 x 223 cm 6 kW"},"content":{"rendered":"<p><strong><span>FUNKCIE:<\/span><br \/><\/strong><\/p>\n<ol>\n<li><span>Sprchovac\u00ed k\u00fat<\/span><\/li>\n<li><span>Parn\u00e1 sauna<\/span><\/li>\n<li><span>Such\u00e1 sauna<\/span><\/li>\n<\/ol>\n<p><strong><span>SPRCHOV\u00c1 KAB\u00cdNA S FUNKCIOU PARNEJ SAUNY:<\/span><\/strong><\/p>\n<p><span>Vonkaj\u0161ie rozmery: 180 x 110 x 223 cm<\/span><br \/><span>Hr\u00fabka tvrden\u00e9ho skla: 5 mm<\/span><\/p>\n<p><strong>Materi\u00e1l:<\/strong><\/p>\n<ul>\n<li><span>Sprchov\u00e1 vani\u010dka: Akryl<\/span><\/li>\n<li><span>R\u00e1m: hlin\u00edk (\u010dierny)<\/span><\/li>\n<li><span>Zadn\u00e1 stena: tvrden\u00e9 sklo<\/span><\/li>\n<\/ul>\n<p><strong>Vybavenie:<\/strong><\/p>\n<ul>\n<li><span>Hydromas\u00e1\u017ene trysky (1,5\u2033): 8 ks<\/span><\/li>\n<li><span>Sprcha bat\u00e9ria: \u00e1no (zmie\u0161avac\u00ed ventil, prep\u00edna\u010d)<\/span><\/li>\n<li><span>Chr\u00f3movan\u00e9 gomb\u00edky<\/span><\/li>\n<li><span>Multifunk\u010dn\u00e1 ru\u010dn\u00e1 sprcha<\/span><\/li>\n<li><span>Da\u017e\u010fov\u00e1 sprcha<\/span><\/li>\n<li><span>Ods\u00e1vac\u00ed ventil\u00e1tor<br \/><\/span><\/li>\n<li><span>LED svetl\u00e1 (na strechu): 2 ks (biela)<\/span><\/li>\n<li><span>Poli\u010dka na kozmetiku<\/span><\/li>\n<li><span>Ovl\u00e1dac\u00ed panel<\/span><\/li>\n<li><span>R\u00e1dio<\/span><\/li>\n<li><span>Reproduktor<\/span><\/li>\n<li><span>Vyv\u00edja\u010d pary 3 kW<br \/><\/span><\/li>\n<li><span>V\u00fdstup pary<\/span><\/li>\n<li><span>Sn\u00edma\u010d teploty<\/span><\/li>\n<\/ul>\n<p><strong><span>SUCH\u00c1 SAUNA:<\/span><\/strong><\/p>\n<ul>\n<li><span>Po\u010det miest na sedenie: 1 osoba<\/span><\/li>\n<li><span>Materi\u00e1l: borovica<\/span><\/li>\n<li><span>Nap\u00e1janie: 220 ~ 240V\/50<\/span><\/li>\n<li><span>Elektrick\u00fd spor\u00e1k (ru\u010dne ovl\u00e1dan\u00fd): 3 kW<\/span><\/li>\n<li><span>Sedadlo: \u00e1no<\/span><\/li>\n<li><span>V\u00fdvod vetrania: \u00e1no (namontovan\u00e9 v strie\u0161ke)<\/span><\/li>\n<li><span>LED svetlo (namontovan\u00e9 v bo\u010dnej stene): 2 ks<\/span><\/li>\n<li><span>LED svetlo (in\u0161talovan\u00e9 v streche)<\/span><\/li>\n<li><span>Termo vlhkomer<\/span><\/li>\n<li><span>Pieskov\u00e9 hodiny<\/span><\/li>\n<li><span>Vedro<\/span><\/li>\n<li><span>Nabera\u010dka<\/span><\/li>\n<\/ul>\n<p><strong><span>\u010eAL\u0160IE INFORM\u00c1CIE:<\/span><\/strong><\/p>\n<ul>\n<li><span>Nap\u00e1janie 220 ~ 240V\/50Hz<\/span><\/li>\n<li><span>Celkov\u00fd v\u00fdkon: celkovo cca 6 kW<\/span><\/li>\n<li><span>Typ kab\u00edny-sauny: pravouhl\u00fd (prav\u00e1 verzia &#8211; \u010dierna)<\/span><\/li>\n<li><span>Kajuta-sauna postaven\u00e1 zo v\u0161etk\u00fdch str\u00e1n<\/span><\/li>\n<li><span>Typ dver\u00ed: jednoduch\u00e9 posuvn\u00e9 (\u013eav\u00e9)<\/span><\/li>\n<li><span>Typ dver\u00ed kab\u00edny: jednoduch\u00e9 posuvn\u00e9 (v\u013eavo &#8211; k zadnej stene)<\/span><\/li>\n<li><span>Profilovan\u00e9 dno sprchovej vani\u010dky<\/span><\/li>\n<li><span>Odtokov\u00e9 z\u00e1tky v kab\u00edne a \u010dastiach sauny napojen\u00e9 na jeden odtok<\/span><\/li>\n<li><span>Hadice na pripojenie vody (1\/2&#8243;)<\/span><\/li>\n<li><span>Mont\u00e1\u017ene prvky<\/span><\/li>\n<li><span>Kab\u00edna a sauna maj\u00fa samostatn\u00e9 nap\u00e1janie<\/span><\/li>\n<\/ul>\n","protected":false},"excerpt":{"rendered":"<p>FUNKCIE: Sprchovac\u00ed k\u00fat Parn\u00e1 sauna Such\u00e1 sauna SPRCHOV\u00c1 KAB\u00cdNA S FUNKCIOU PARNEJ SAUNY: Vonkaj\u0161ie rozmery: 180 x 110 x 223 cmHr\u00fabka tvrden\u00e9ho skla: 5 mm Materi\u00e1l: Sprchov\u00e1 vani\u010dka: Akryl R\u00e1m: hlin\u00edk (\u010dierny) Zadn\u00e1 stena: tvrden\u00e9 sklo Vybavenie: Hydromas\u00e1\u017ene trysky (1,5\u2033): 8 ks Sprcha bat\u00e9ria: \u00e1no (zmie\u0161avac\u00ed ventil, prep\u00edna\u010d) Chr\u00f3movan\u00e9 gomb\u00edky Multifunk\u010dn\u00e1 ru\u010dn\u00e1 sprcha Da\u017e\u010fov\u00e1 sprcha [&hellip;]<\/p>\n","protected":false},"featured_media":13347,"comment_status":"closed","ping_status":"open","template":"","meta":[],"product_brand":[2536],"product_cat":[111],"product_tag":[],"class_list":{"0":"post-13346","1":"product","2":"type-product","3":"status-publish","4":"has-post-thumbnail","6":"product_brand-m-spa","7":"product_cat-masazne-sprchove-boxy","8":"pa_material-borovica","9":"pa_napajanie-220-240-v-50-hz","10":"pa_pocet-miest-622","11":"pa_sirka-110-cm","12":"pa_umiestnenie-interier","13":"pa_vykon-6000-w","14":"pa_vyrobca-m-spa","15":"pa_vyska-223-cm","16":"pa_zaruka-2-roky","18":"first","19":"outofstock","20":"sale","21":"taxable","22":"shipping-taxable","23":"purchasable","24":"product-type-simple"},"_links":{"self":[{"href":"https:\/\/diamondspa.sk\/sk\/wp-json\/wp\/v2\/product\/13346","targetHints":{"allow":["GET"]}}],"collection":[{"href":"https:\/\/diamondspa.sk\/sk\/wp-json\/wp\/v2\/product"}],"about":[{"href":"https:\/\/diamondspa.sk\/sk\/wp-json\/wp\/v2\/types\/product"}],"replies":[{"embeddable":true,"href":"https:\/\/diamondspa.sk\/sk\/wp-json\/wp\/v2\/comments?post=13346"}],"wp:featuredmedia":[{"embeddable":true,"href":"https:\/\/diamondspa.sk\/sk\/wp-json\/wp\/v2\/media\/13347"}],"wp:attachment":[{"href":"https:\/\/diamondspa.sk\/sk\/wp-json\/wp\/v2\/media?parent=13346"}],"wp:term":[{"taxonomy":"product_brand","embeddable":true,"href":"https:\/\/diamondspa.sk\/sk\/wp-json\/wp\/v2\/product_brand?post=13346"},{"taxonomy":"product_cat","embeddable":true,"href":"https:\/\/diamondspa.sk\/sk\/wp-json\/wp\/v2\/product_cat?post=13346"},{"taxonomy":"product_tag","embeddable":true,"href":"https:\/\/diamondspa.sk\/sk\/wp-json\/wp\/v2\/product_tag?post=13346"}],"curies":[{"name":"wp","href":"https:\/\/api.w.org\/{rel}","templated":true}]}}