{"id":15045,"date":"2024-03-10T01:02:01","date_gmt":"2024-03-10T00:02:01","guid":{"rendered":"https:\/\/diamondspa.sk\/product\/m-spa-hydromasazna-vana-lava-monza-319-170-x-80-x-69-cm\/"},"modified":"2025-09-05T10:46:47","modified_gmt":"2025-09-05T08:46:47","slug":"m-spa-hydromasazna-vana-lava-monza-319-170-x-80-x-69-cm","status":"publish","type":"product","link":"https:\/\/diamondspa.sk\/sk\/produkt\/m-spa-hydromasazna-vana-lava-monza-319-170-x-80-x-69-cm\/","title":{"rendered":"M-SPA &#8211; Hydromas\u00e1\u017ena va\u0148a \u013eav\u00e1 MONZA 319 170 x 80 x 69 cm"},"content":{"rendered":"<p><strong><span style=\"font-family: arial, helvetica, sans-serif;\"><span style=\"font-size: x-large;\">Rozmery : 1700x800x690 mm<\/span><\/span><\/strong><\/p>\n<p><span style=\"font-family: arial, helvetica, sans-serif;\"><span style=\"font-size: large;\">Vysokokvalitn\u00fd sanit\u00e1rny akryl\u00e1t.<\/span><\/span><\/p>\n<p><span style=\"font-family: arial, helvetica, sans-serif;\"><span style=\"font-size: large;\">Vysokokvalitn\u00e9 chromovan\u00e9 trysky a v\u00fdlevky.<\/span><\/span><\/p>\n<p><strong><span style=\"font-family: arial, helvetica, sans-serif; font-size: x-large;\">\u010cerpadl\u00e1:<\/span><\/strong><\/p>\n<p><span style=\"font-family: arial, helvetica, sans-serif; font-size: large;\">1 \u010derpadlo vodn\u00e9 \u00a01 HP \u00a0(750W)<\/span><\/p>\n<p><span style=\"font-family: arial, helvetica, sans-serif; font-size: large;\">1 \u010derpadlo vzduchov\u00e9 <br \/><\/span><\/p>\n<p>\u00a0<\/p>\n<p><strong><span style=\"font-family: arial, helvetica, sans-serif; font-size: x-large;\">Hydromas\u00e1\u017ena va\u0148a spolu obsahuje 14 trysiek.<\/span><\/strong><\/p>\n<p><span style=\"font-family: arial, helvetica, sans-serif; font-size: large;\">8 ks vzduchov\u00fdch trysiek (zabudovan\u00e9 na dne vane)<\/span><\/p>\n<p><span style=\"font-family: arial, helvetica, sans-serif; font-size: large;\">\u00a06 ks vodn\u00fdch trysiek<\/span><\/p>\n<ul>\n<li><span style=\"font-family: 'book antiqua', palatino; font-size: large;\">zabezpe\u010denie vane pr\u00fadov\u00fdm chr\u00e1ni\u010dom<\/span><\/li>\n<li><span style=\"font-family: 'book antiqua', palatino; font-size: large;\">nov\u00fd typ ovl\u00e1dacieho panelu so zabudovan\u00fdm r\u00e1diom<\/span><\/li>\n<li><span style=\"font-family: 'book antiqua', palatino; font-size: large;\">viacfunk\u010dn\u00e1 ru\u010dn\u00e1 sprcha<\/span><\/li>\n<li><span style=\"font-family: 'book antiqua', palatino; font-size: large;\">oz\u00f3nov\u00e1 steriliz\u00e1cia<\/span><\/li>\n<li><span style=\"font-family: 'book antiqua', palatino; font-size: large;\"> bat\u00e9ria<\/span><\/li>\n<li><span style=\"font-family: 'book antiqua', palatino; font-size: large;\">regul\u00e1tor intenzity hydromas\u00e1\u017ee<\/span><\/li>\n<li><span style=\"font-family: 'book antiqua', palatino; font-size: large;\">cirkul\u00e1cia vody<\/span><\/li>\n<li><span style=\"font-family: 'book antiqua', palatino; font-size: large;\">1 ks podhlavn\u00edka<\/span><\/li>\n<li><span style=\"font-family: 'book antiqua', palatino; font-size: large;\">1 ks reproduktor<\/span><\/li>\n<li><span style=\"font-family: 'book antiqua', palatino; font-size: large;\">1 ks viacfarebn\u00e9 osvetlenie podvodn\u00e9 LED (chromoterapia) <\/span><\/li>\n<li><span style=\"font-family: 'book antiqua', palatino; font-size: large;\">1 ks vodosp\u00e1dov\u00e9 nap\u00fa\u0161\u0165anie vody (tzv.americk\u00fd vodosp\u00e1d)<\/span><\/li>\n<li><span style=\"font-family: 'book antiqua', palatino; font-size: large;\">syst\u00e9m navzdu\u0161\u0148ovania vodn\u00fdch trysiek<\/span><span style=\"font-family: 'book antiqua', palatino; font-size: large;\"><br \/><\/span><\/li>\n<li><span style=\"font-family: 'book antiqua', palatino; font-size: large;\">1 ks odpadov\u00e1 armat\u00fara<\/span><\/li>\n<li><span style=\"font-family: 'book antiqua', palatino; font-size: large;\">presklenen\u00fd \u010deln\u00fd obklad<\/span><\/li>\n<\/ul>\n<p>\u00a0<\/p>\n<p style=\"text-align: left;\"><span style=\"font-size: medium; font-family: 'book antiqua', palatino;\">* Dodato\u010dn\u00e1 v\u00fdbava na \u017eiados\u0165 klienta za pr\u00edplatok<\/span><\/p>\n<table style=\"border: 0px solid #040207; float: left; width: 29.7865%; height: 70.4px;\" border=\"0\" frame=\"above\">\n<tbody>\n<tr style=\"height: 48px;\">\n<td style=\"width: 81.5428%; height: 48px;\"><span style=\"font-family: 'book antiqua', palatino;\">za pr\u00edplatok funkcia podhrievania vody<\/span><\/td>\n<td style=\"width: 10.4046%; height: 48px;\"><span style=\"font-family: 'book antiqua', palatino;\">180\u00a0\u20ac<\/span><\/td>\n<\/tr>\n<\/tbody>\n<\/table>\n<p>\u00a0<\/p>\n<p>\u00a0<\/p>\n<p>\u00a0<\/p>\n<p>\u00a0<\/p>\n<p>\u00a0<\/p>\n<p><img decoding=\"async\" src=\"https:\/\/diamondspa.sk\/wp-content\/uploads\/2024\/03\/certifikaty.jpg\" alt=\" width=\" 750=\" height=\" 121=\"\"><\/p>\n<p>\u00a0<\/p>\n<p>\u00a0<\/p>\n<p><img fetchpriority=\"high\" decoding=\"async\" src=\"https:\/\/diamondspa.sk\/wp-content\/uploads\/2024\/03\/Hydromasazna-vana-MONZA-319-170x80x69cm-LAVA-001.jpg\" alt=\"\" width=\"1000\" height=\"658\"><\/p>\n<p><img decoding=\"async\" src=\"https:\/\/diamondspa.sk\/wp-content\/uploads\/2024\/03\/Hydromasazna-vana-MONZA-319-170x80x69cm-LAVA-002.jpg\" alt=\"\" width=\"1000\" height=\"658\"><\/p>\n<p><img decoding=\"async\" src=\"https:\/\/diamondspa.sk\/wp-content\/uploads\/2024\/03\/Hydromasazna-vana-MONZA-319-170x80x69cm-LAVA-003.jpg\" alt=\"\" width=\"1000\" height=\"658\"><\/p>\n<p>\u00a0<\/p>\n<p><img loading=\"lazy\" decoding=\"async\" src=\"https:\/\/diamondspa.sk\/wp-content\/uploads\/2024\/03\/Hydromasazna-vana-MONZA-319-170x80x69cm-LAVA-005.jpg\" alt=\"\" width=\"1000\" height=\"658\"><\/p>\n<p><img loading=\"lazy\" decoding=\"async\" src=\"https:\/\/diamondspa.sk\/wp-content\/uploads\/2024\/03\/Hydromasazna-vana-MONZA-319-170x80x69cm-LAVA-005.jpg\" alt=\"\" width=\"1000\" height=\"658\"><\/p>\n<p><img loading=\"lazy\" decoding=\"async\" src=\"https:\/\/diamondspa.sk\/wp-content\/uploads\/2024\/03\/Hydromasazna-vana-MONZA-319-170x80x69cm-LAVA-006.jpg\" alt=\"\" width=\"1000\" height=\"658\"><\/p>\n<p><img loading=\"lazy\" decoding=\"async\" src=\"https:\/\/diamondspa.sk\/wp-content\/uploads\/2024\/03\/Hydromasazna-vana-MONZA-319-170x80x69cm-LAVA-007.jpg\" alt=\"\" width=\"1000\" height=\"658\"><\/p>\n<p><img loading=\"lazy\" decoding=\"async\" src=\"https:\/\/diamondspa.sk\/wp-content\/uploads\/2024\/03\/Hydromasazna-vana-MONZA-319-170x80x69cm-LAVA-008.jpg\" alt=\"\" width=\"1000\" height=\"658\"><\/p>\n<p><img loading=\"lazy\" decoding=\"async\" src=\"https:\/\/diamondspa.sk\/wp-content\/uploads\/2024\/03\/Hydromasazna-vana-MONZA-319-170x80x69cm-LAVA-009.jpg\" alt=\"\" width=\"1000\" height=\"658\"><\/p>\n<p><img loading=\"lazy\" decoding=\"async\" src=\"https:\/\/diamondspa.sk\/wp-content\/uploads\/2024\/03\/Hydromasazna-vana-MONZA-319-170x80x69cm-LAVA-011.jpg\" alt=\"\" width=\"1000\" height=\"658\"><\/p>\n<p><img loading=\"lazy\" decoding=\"async\" src=\"https:\/\/diamondspa.sk\/wp-content\/uploads\/2024\/03\/Hydromasazna-vana-MONZA-319-170x80x69cm-LAVA-012.jpg\" alt=\"\" width=\"1000\" height=\"658\"><\/p>\n<p><img loading=\"lazy\" decoding=\"async\" src=\"https:\/\/diamondspa.sk\/wp-content\/uploads\/2024\/03\/Hydromasazna-vana-MONZA-319-170x80x69cm-LAVA-013.jpg\" alt=\"\" width=\"1000\" height=\"658\"><\/p>\n<p><img loading=\"lazy\" decoding=\"async\" src=\"https:\/\/diamondspa.sk\/wp-content\/uploads\/2024\/03\/Hydromasazna-vana-MONZA-319-170x80x69cm-LAVA-014.jpg\" alt=\"\" width=\"1000\" height=\"658\"><\/p>\n<p><img loading=\"lazy\" decoding=\"async\" src=\"https:\/\/diamondspa.sk\/wp-content\/uploads\/2024\/03\/Hydromasazna-vana-MONZA-319-170x80x69cm-LAVA-015.jpg\" alt=\"\" width=\"1000\" height=\"658\"><\/p>\n<p><img loading=\"lazy\" decoding=\"async\" src=\"https:\/\/diamondspa.sk\/wp-content\/uploads\/2024\/03\/Hydromasazna-vana-MONZA-319-170x80x69cm-LAVA-016.jpg\" alt=\"\" width=\"1000\" height=\"658\"><\/p>\n<p><img decoding=\"async\" src=\"https:\/\/diamondspa.sk\/wp-content\/uploads\/2024\/03\/Hydromasazna-vana-MONZA-319-170x80x69cm-LAVA-017.jpg\" alt=\"\"><\/p>\n<p><img loading=\"lazy\" decoding=\"async\" src=\"https:\/\/diamondspa.sk\/wp-content\/uploads\/2024\/03\/Hydromasazna-vana-MONZA-319-170x80x69cm-LAVA-018.jpg\" alt=\"\" width=\"1632\" height=\"1224\"><\/p>\n<p><img decoding=\"async\" src=\"https:\/\/diamondspa.sk\/wp-content\/uploads\/2024\/03\/Hydromasazna-vana-MONZA-319-170x80x69cm-LAVA-019.jpg\" alt=\"\"><\/p>\n<p><img loading=\"lazy\" decoding=\"async\" src=\"https:\/\/diamondspa.sk\/wp-content\/uploads\/2024\/03\/Hydromasazna-vana-MONZA-319-170x80x69cm-LAVA-020.jpg\" alt=\"\" width=\"1632\" height=\"1224\"><\/p>\n<p><img decoding=\"async\" src=\"https:\/\/diamondspa.sk\/wp-content\/uploads\/2024\/03\/Hydromasazna-vana-MONZA-319-170x80x69cm-LAVA-021.jpg\" alt=\"\"><\/p>\n<p><img loading=\"lazy\" decoding=\"async\" src=\"https:\/\/diamondspa.sk\/wp-content\/uploads\/2024\/03\/Hydromasazna-vana-MONZA-319-170x80x69cm-LAVA-022.jpg\" alt=\"\" width=\"1632\" height=\"1224\"><\/p>\n<p><img loading=\"lazy\" decoding=\"async\" src=\"https:\/\/diamondspa.sk\/wp-content\/uploads\/2024\/03\/Hydromasazna-vana-MONZA-319-170x80x69cm-LAVA-023.jpg\" alt=\"\" width=\"1632\" height=\"1224\"><\/p>\n<p><img loading=\"lazy\" decoding=\"async\" src=\"https:\/\/diamondspa.sk\/wp-content\/uploads\/2024\/03\/Hydromasazna-vana-MONZA-319-170x80x69cm-LAVA-024.jpg\" alt=\"\" width=\"1632\" height=\"1224\"><\/p>\n<p><img loading=\"lazy\" decoding=\"async\" src=\"https:\/\/diamondspa.sk\/wp-content\/uploads\/2024\/03\/Hydromasazna-vana-MONZA-319-170x80x69cm-LAVA-025.jpg\" alt=\"\" width=\"1000\" height=\"497\"><\/p>\n","protected":false},"excerpt":{"rendered":"<p>Rozmery : 1700x800x690 mm Vysokokvalitn\u00fd sanit\u00e1rny akryl\u00e1t. Vysokokvalitn\u00e9 chromovan\u00e9 trysky a v\u00fdlevky. \u010cerpadl\u00e1: 1 \u010derpadlo vodn\u00e9 \u00a01 HP \u00a0(750W) 1 \u010derpadlo vzduchov\u00e9 \u00a0 Hydromas\u00e1\u017ena va\u0148a spolu obsahuje 14 trysiek. 8 ks vzduchov\u00fdch trysiek (zabudovan\u00e9 na dne vane) \u00a06 ks vodn\u00fdch trysiek zabezpe\u010denie vane pr\u00fadov\u00fdm chr\u00e1ni\u010dom nov\u00fd typ ovl\u00e1dacieho panelu so zabudovan\u00fdm r\u00e1diom viacfunk\u010dn\u00e1 ru\u010dn\u00e1 sprcha [&hellip;]<\/p>\n","protected":false},"featured_media":15046,"comment_status":"closed","ping_status":"open","template":"","meta":[],"product_brand":[2536],"product_cat":[168,65],"product_tag":[],"class_list":{"0":"post-15045","1":"product","2":"type-product","3":"status-publish","4":"has-post-thumbnail","6":"product_brand-m-spa","7":"product_cat-hydromasazne-vane","8":"product_cat-vane","9":"pa_material-akrylat","10":"pa_objem-200-l","11":"pa_pocet-miest-622","12":"pa_pocet-trysiek-383","13":"pa_sirka-80-cm","14":"pa_vaha-55-kg","15":"pa_vyrobca-m-spa","16":"pa_vyska-69-cm","17":"pa_zaruka-2-roky","19":"first","20":"instock","21":"sale","22":"taxable","23":"shipping-taxable","24":"purchasable","25":"product-type-simple"},"_links":{"self":[{"href":"https:\/\/diamondspa.sk\/sk\/wp-json\/wp\/v2\/product\/15045","targetHints":{"allow":["GET"]}}],"collection":[{"href":"https:\/\/diamondspa.sk\/sk\/wp-json\/wp\/v2\/product"}],"about":[{"href":"https:\/\/diamondspa.sk\/sk\/wp-json\/wp\/v2\/types\/product"}],"replies":[{"embeddable":true,"href":"https:\/\/diamondspa.sk\/sk\/wp-json\/wp\/v2\/comments?post=15045"}],"wp:featuredmedia":[{"embeddable":true,"href":"https:\/\/diamondspa.sk\/sk\/wp-json\/wp\/v2\/media\/15046"}],"wp:attachment":[{"href":"https:\/\/diamondspa.sk\/sk\/wp-json\/wp\/v2\/media?parent=15045"}],"wp:term":[{"taxonomy":"product_brand","embeddable":true,"href":"https:\/\/diamondspa.sk\/sk\/wp-json\/wp\/v2\/product_brand?post=15045"},{"taxonomy":"product_cat","embeddable":true,"href":"https:\/\/diamondspa.sk\/sk\/wp-json\/wp\/v2\/product_cat?post=15045"},{"taxonomy":"product_tag","embeddable":true,"href":"https:\/\/diamondspa.sk\/sk\/wp-json\/wp\/v2\/product_tag?post=15045"}],"curies":[{"name":"wp","href":"https:\/\/api.w.org\/{rel}","templated":true}]}}