{"id":15059,"date":"2024-03-10T01:02:01","date_gmt":"2024-03-10T00:02:01","guid":{"rendered":"https:\/\/diamondspa.sk\/product\/sanotechnik-reload-black-sprchovy-box-stvrtkruh-90x90x232-cm\/"},"modified":"2025-08-15T08:38:18","modified_gmt":"2025-08-15T06:38:18","slug":"sanotechnik-reload-black-sprchovy-box-stvrtkruh-90x90x232-cm","status":"publish","type":"product","link":"https:\/\/diamondspa.sk\/sk\/produkt\/sanotechnik-reload-black-sprchovy-box-stvrtkruh-90x90x232-cm\/","title":{"rendered":"Sanotechnik &#8211; RELOAD black &#8211; sprchov\u00fd box \u0161tvr\u0165kruh &#8211; 90x90x232 cm"},"content":{"rendered":"<p><span style=\"color: #000000;\"><span style=\"font-size: 12pt;\"><strong>POPIS<\/strong><\/span><\/span><\/p>\n<ul>\n<li><span style=\"font-size: 12pt;\">4 mm bezpe\u010dnostn\u00e9 sklo<\/span><\/li>\n<li><span style=\"font-size: 12pt;\">Hlinikov\u00e9 profily v \u010diernej farbe<\/span><\/li>\n<li><span style=\"font-size: 12pt;\">Zmie\u0161avacia bat\u00e9ria s ru\u010dnou sprchou a vrchnou sprchou<br \/><\/span><\/li>\n<li><span style=\"font-size: 12pt;\">4 mas\u00e1\u017ene trysky<\/span><\/li>\n<li><span style=\"font-size: 12pt;\">\u010cierne madl\u00e1<\/span><\/li>\n<li><span style=\"font-size: 12pt;\">Sklenen\u00e1 poli\u010dka<\/span><\/li>\n<li><span style=\"font-size: 12pt;\">Sprchov\u00e1 hadica s d\u013a\u017ekou 150 cm<\/span><\/li>\n<li><span style=\"font-size: 12pt;\">Vodiace dverov\u00e9 kolieska (hore, dole)<\/span><\/li>\n<li><span style=\"font-size: 12pt;\">Akryl\u00e1tov\u00e1 sprchov\u00e1 vani\u010dka so sif\u00f3nom<\/span><\/li>\n<li><span style=\"font-size: 12pt;\"><strong>Bez strechy<\/strong><\/span><\/li>\n<\/ul>\n<p>\u00a0<\/p>\n<p><span style=\"font-size: 12pt;\"><strong>FAREBNOS\u0164<\/strong><\/span><br \/><span style=\"font-size: 12pt;\"><strong>\u010dierny dizajn profilov \/ r\u00e1mov<\/strong> &#8211; dod\u00e1 va\u0161ej k\u00fape\u013eni vysok\u00fa eleganciu<\/span><\/p>\n<p>\u00a0<\/p>\n<p><span style=\"font-size: 12pt;\"><strong>PRE\u010cO RAK\u00daSKY SANOTECHNIK?<br \/><\/strong>&#8211; <strong>30 ro\u010dn\u00e1 trad\u00edcia zna\u010dky<\/strong><\/span><br \/><span style=\"font-size: 12pt;\">&#8211; zast\u00fapenie <strong>v 19tich krajin\u00e1ch<\/strong> sveta<\/span><br \/><span style=\"font-size: 12pt;\">&#8211; <strong>vlastn\u00e9 v\u00fdrobn\u00e9 z\u00e1vody<\/strong> pre sprch. k\u00faty\/dvere\/z\u00e1steny, vani\u010dky, vane a n\u00e1bytok<\/span><br \/><span style=\"font-size: 12pt;\">&#8211; dov\u00e1\u017eame tovar priamo z Rak\u00faska ku v\u00e1m domov<\/span><br \/><span style=\"font-size: 12pt;\">&#8211; <strong>priamy dovoz<\/strong> = n\u00edzka cena, r\u00fdchle dodanie a najlep\u0161ie servisn\u00e9 slu\u017eby<\/span><\/p>\n<p><span style=\"font-size: 12pt;\"><strong>\u00a0<\/strong><\/span><\/p>\n<p><strong>Katal\u00f3g:<\/strong><\/p>\n<p><a href=\"\/fotky1950\/Katal%C3%B3gy\/shower_DE2023.pdf\" target=\"_blank\" rel=\"noopener\"><img fetchpriority=\"high\" decoding=\"async\" src=\"https:\/\/diamondspa.sk\/wp-content\/uploads\/2024\/03\/titulka.png\" width=\"462\" height=\"654\" alt=\"\" style=\"display: block; margin-left: auto; margin-right: auto;\"><\/a><\/p>\n","protected":false},"excerpt":{"rendered":"<p>POPIS 4 mm bezpe\u010dnostn\u00e9 sklo Hlinikov\u00e9 profily v \u010diernej farbe Zmie\u0161avacia bat\u00e9ria s ru\u010dnou sprchou a vrchnou sprchou 4 mas\u00e1\u017ene trysky \u010cierne madl\u00e1 Sklenen\u00e1 poli\u010dka Sprchov\u00e1 hadica s d\u013a\u017ekou 150 cm Vodiace dverov\u00e9 kolieska (hore, dole) Akryl\u00e1tov\u00e1 sprchov\u00e1 vani\u010dka so sif\u00f3nom Bez strechy \u00a0 FAREBNOS\u0164\u010dierny dizajn profilov \/ r\u00e1mov &#8211; dod\u00e1 va\u0161ej k\u00fape\u013eni vysok\u00fa eleganciu [&hellip;]<\/p>\n","protected":false},"featured_media":15060,"comment_status":"closed","ping_status":"open","template":"","meta":[],"product_brand":[2703],"product_cat":[111],"product_tag":[],"class_list":{"0":"post-15059","1":"product","2":"type-product","3":"status-publish","4":"has-post-thumbnail","6":"product_brand-sanotechnik","7":"product_cat-masazne-sprchove-boxy","8":"pa_sirka-90-cm","9":"pa_umiestnenie-do-rohu","10":"pa_vaha-88-kg","11":"pa_vyrobca-sanotechnik-rakusko","12":"pa_vyska-232-cm","13":"pa_zaruka-2-roky","15":"first","16":"outofstock","17":"sale","18":"taxable","19":"shipping-taxable","20":"purchasable","21":"product-type-simple"},"_links":{"self":[{"href":"https:\/\/diamondspa.sk\/sk\/wp-json\/wp\/v2\/product\/15059","targetHints":{"allow":["GET"]}}],"collection":[{"href":"https:\/\/diamondspa.sk\/sk\/wp-json\/wp\/v2\/product"}],"about":[{"href":"https:\/\/diamondspa.sk\/sk\/wp-json\/wp\/v2\/types\/product"}],"replies":[{"embeddable":true,"href":"https:\/\/diamondspa.sk\/sk\/wp-json\/wp\/v2\/comments?post=15059"}],"wp:featuredmedia":[{"embeddable":true,"href":"https:\/\/diamondspa.sk\/sk\/wp-json\/wp\/v2\/media\/15060"}],"wp:attachment":[{"href":"https:\/\/diamondspa.sk\/sk\/wp-json\/wp\/v2\/media?parent=15059"}],"wp:term":[{"taxonomy":"product_brand","embeddable":true,"href":"https:\/\/diamondspa.sk\/sk\/wp-json\/wp\/v2\/product_brand?post=15059"},{"taxonomy":"product_cat","embeddable":true,"href":"https:\/\/diamondspa.sk\/sk\/wp-json\/wp\/v2\/product_cat?post=15059"},{"taxonomy":"product_tag","embeddable":true,"href":"https:\/\/diamondspa.sk\/sk\/wp-json\/wp\/v2\/product_tag?post=15059"}],"curies":[{"name":"wp","href":"https:\/\/api.w.org\/{rel}","templated":true}]}}