{"id":15173,"date":"2024-03-10T01:08:14","date_gmt":"2024-03-10T00:08:14","guid":{"rendered":"https:\/\/diamondspa.sk\/product\/sanotechnik-modena-biela-205-x-130-x-70-cm\/"},"modified":"2025-08-26T21:58:39","modified_gmt":"2025-08-26T19:58:39","slug":"sanotechnik-modena-biela-205-x-130-x-70-cm","status":"publish","type":"product","link":"https:\/\/diamondspa.sk\/sk\/produkt\/sanotechnik-modena-biela-205-x-130-x-70-cm\/","title":{"rendered":"Vonkaj\u0161ia v\u00edrivka pre 2 osoby Sanotechnik Modena biela 205x130cm"},"content":{"rendered":"\n<p><\/p>\n\n\n\n<p>Predstavte si miesto, kde sa ka\u017ed\u00fd de\u0148 men\u00ed na o\u00e1zu pokoja a oddychu. Vonkaj\u0161ia v\u00edrivka <strong>Modena<\/strong> od Sanotechnik v\u00e1m prin\u00e1\u0161a presne tak\u00fd z\u00e1\u017eitok \u2013 kompaktn\u00fd, no z\u00e1rove\u0148 mimoriadne pohodln\u00fd priestor na relax\u00e1ciu, regener\u00e1ciu a na\u010derpanie novej energie. S dvoma komfortn\u00fdmi sedadlami a le\u017eadlom si m\u00f4\u017eete vychutna\u0165 v\u00fdnimo\u010dn\u00fa hydromas\u00e1\u017e, ktor\u00fa zabezpe\u010duje a\u017e <strong>35 mas\u00e1\u017enych trysiek<\/strong> z nehrdzavej\u00facej ocele. \u010ci u\u017e si chcete dopria\u0165 chv\u00edle samoty alebo pr\u00edjemn\u00e9 spolo\u010dn\u00e9 chv\u00edle s bl\u00edzkymi, <strong>Modena<\/strong> je spo\u013eahliv\u00fd spojenec na va\u0161ej terase alebo v z\u00e1hrade.<\/p>\n\n\n\n<p>V\u010faka modern\u00fdm technol\u00f3gi\u00e1m, ako je digit\u00e1lny ovl\u00e1dac\u00ed panel, syst\u00e9m dezinfekcie oz\u00f3nom a tepeln\u00e1 izol\u00e1cia, z\u00edskavate nielen komfort, ale aj jednoduch\u00fa \u00fadr\u017ebu a energetick\u00fa efekt\u00edvnos\u0165. V\u00edrivka je navy\u0161e vybaven\u00e1 kvalitn\u00fdm ozvu\u010den\u00edm s Bluetooth pripojen\u00edm a LED osvetlen\u00edm, ktor\u00e9 dod\u00e1vaj\u00fa <strong>v\u00e1\u0161mu relaxu<\/strong> spr\u00e1vnu atmosf\u00e9ru \u2013 de\u0148 aj noc.<\/p>\n\n\n\n<p><strong>Detaily produktu:<\/strong><\/p>\n\n\n\n<p>Vonkaj\u0161ie rozmery: 205 x 130 x 70 cm<br>\u010cerpadl\u00e1: 2 (1 hydro\u010derpadlo a 1 obehov\u00e9 \u010derpadlo)<br>Mas\u00e1\u017ene trysky: 35<br>Sedadl\u00e1\/Le\u017eadlo: 2\/1<br>Objem: 590 l<\/p>\n\n\n\n<p><strong>Vlastnosti:<\/strong><\/p>\n\n\n\n<p>Elektronick\u00e9 ovl\u00e1danie<br>Trysky z nehrdzavej\u00facej ocele<br>Dezinfekcia oz\u00f3nom<br>Syst\u00e9m tepelnej izol\u00e1cie<br>Digit\u00e1lny ovl\u00e1dac\u00ed panel<br>Vr\u00e1tane krytu<\/p>\n\n\n\n<p><strong>Filtra\u010dn\u00fd syst\u00e9m:<\/strong><\/p>\n\n\n\n<p>Skimmer: \u00c1no<br>Kart\u00e1\u017eov\u00fd filter: \u00c1no<br>Prietok filtra\u010dn\u00e9ho \u010derpadla\/24h: 1<\/p>\n\n\n\n<p><strong>Funkcie:<\/strong><\/p>\n\n\n\n<p>R\u00e1dio: \u00c1no<br>Reproduktory: 2<br>Bluetooth: \u00c1no<\/p>\n\n\n\n<p><strong>35 mas\u00e1\u017enych trysiek:<\/strong><\/p>\n\n\n\n<p>3,5&#8243; mas\u00e1\u017ene trysky: 3<br>2&#8243; mas\u00e1\u017ene trysky: 28<br>1&#8243; mas\u00e1\u017ene trysky: 4<\/p>\n\n\n\n<p><strong>Osvetlenie:<\/strong><\/p>\n\n\n\n<p>LED osvetlenie: 8<\/p>\n\n\n\n<p><strong>\u010eal\u0161ie inform\u00e1cie:<\/strong><\/p>\n\n\n\n<p>R\u00e1m: Nehrdzavej\u00faca oce\u013e<br>Hlavov\u00e9 vank\u00fa\u0161e: 3<br>Regul\u00e1tor vzduchu: 1<br>Hmotnos\u0165: 225 kg<br>vr\u00e1tane krytu<\/p>\n\n\n\n<p><strong>Technick\u00e9 \u0161pecifik\u00e1cie:<\/strong><\/p>\n\n\n\n<p>Celkov\u00fd v\u00fdkon: 5,6 kW<br>V\u00fdkon hydraulick\u00e9ho \u010derpadla: 2,25 kW<br>V\u00fdkon vykurovania: 3 kW<br>V\u00fdkon obehov\u00e9ho \u010derpadla: 0,35 kW<br>Nap\u00e1jacie nap\u00e4tie: 220-240 V 50 Hz alebo 380 V 50 Hz<\/p>\n","protected":false},"excerpt":{"rendered":"<p>Predstavte si miesto, kde sa ka\u017ed\u00fd de\u0148 men\u00ed na o\u00e1zu pokoja a oddychu. Vonkaj\u0161ia v\u00edrivka Modena od Sanotechnik v\u00e1m prin\u00e1\u0161a presne tak\u00fd z\u00e1\u017eitok \u2013 kompaktn\u00fd, no z\u00e1rove\u0148 mimoriadne pohodln\u00fd priestor na relax\u00e1ciu, regener\u00e1ciu a na\u010derpanie novej energie. S dvoma komfortn\u00fdmi sedadlami a le\u017eadlom si m\u00f4\u017eete vychutna\u0165 v\u00fdnimo\u010dn\u00fa hydromas\u00e1\u017e, ktor\u00fa zabezpe\u010duje a\u017e 35 mas\u00e1\u017enych trysiek z [&hellip;]<\/p>\n","protected":false},"featured_media":15174,"comment_status":"closed","ping_status":"open","template":"","meta":[],"product_brand":[2703],"product_cat":[415],"product_tag":[],"class_list":{"0":"post-15173","1":"product","2":"type-product","3":"status-publish","4":"has-post-thumbnail","6":"product_brand-sanotechnik","7":"product_cat-zahradne-virivky-jacuzzi","8":"pa_pocet-miest-166","9":"pa_pocet-trysiek-167","10":"pa_vaha-210-kg","11":"pa_vyrobca-sanotechnik-rakusko","12":"pa_vyska-70-cm","13":"pa_zaruka-2-roky","15":"first","16":"instock","17":"taxable","18":"shipping-taxable","19":"purchasable","20":"product-type-simple"},"_links":{"self":[{"href":"https:\/\/diamondspa.sk\/sk\/wp-json\/wp\/v2\/product\/15173","targetHints":{"allow":["GET"]}}],"collection":[{"href":"https:\/\/diamondspa.sk\/sk\/wp-json\/wp\/v2\/product"}],"about":[{"href":"https:\/\/diamondspa.sk\/sk\/wp-json\/wp\/v2\/types\/product"}],"replies":[{"embeddable":true,"href":"https:\/\/diamondspa.sk\/sk\/wp-json\/wp\/v2\/comments?post=15173"}],"wp:featuredmedia":[{"embeddable":true,"href":"https:\/\/diamondspa.sk\/sk\/wp-json\/wp\/v2\/media\/15174"}],"wp:attachment":[{"href":"https:\/\/diamondspa.sk\/sk\/wp-json\/wp\/v2\/media?parent=15173"}],"wp:term":[{"taxonomy":"product_brand","embeddable":true,"href":"https:\/\/diamondspa.sk\/sk\/wp-json\/wp\/v2\/product_brand?post=15173"},{"taxonomy":"product_cat","embeddable":true,"href":"https:\/\/diamondspa.sk\/sk\/wp-json\/wp\/v2\/product_cat?post=15173"},{"taxonomy":"product_tag","embeddable":true,"href":"https:\/\/diamondspa.sk\/sk\/wp-json\/wp\/v2\/product_tag?post=15173"}],"curies":[{"name":"wp","href":"https:\/\/api.w.org\/{rel}","templated":true}]}}