{"id":15189,"date":"2024-03-10T01:08:14","date_gmt":"2024-03-10T00:08:14","guid":{"rendered":"https:\/\/diamondspa.sk\/product\/sanotechnik-oasis-maxi-biely-210-x-210-x-92-cm\/"},"modified":"2025-08-26T21:58:39","modified_gmt":"2025-08-26T19:58:39","slug":"sanotechnik-oasis-maxi-biely-210-x-210-x-92-cm","status":"publish","type":"product","link":"https:\/\/diamondspa.sk\/sk\/produkt\/sanotechnik-oasis-maxi-biely-210-x-210-x-92-cm\/","title":{"rendered":"Vonkaj\u0161ia v\u00edrivka pre 6 os\u00f4b Sanotechnik Oasis Maxi biela 210x210cm"},"content":{"rendered":"\n<p><\/p>\n\n\n\n<p>Doprajte si relax ako v luxusnom wellness centre \u2013 priamo vo va\u0161ej z\u00e1hrade. V\u00edrivka <strong>OASES Maxi White<\/strong> od renomovanej zna\u010dky <strong>Sanotechnik<\/strong> predstavuje spojenie \u0161pi\u010dkovej technol\u00f3gie, komfortu a elegantn\u00e9ho dizajnu. S ve\u013ekorys\u00fdmi rozmermi <strong>210 \u00d7 210 \u00d7 95 cm<\/strong> pon\u00faka priestor pre <strong>p\u00e4\u0165 miest na sedenie<\/strong> a <strong>jedno le\u017eadlo<\/strong>, v\u010faka \u010domu je ide\u00e1lna pre rodinu aj priate\u013eov.<\/p>\n\n\n\n<p>O va\u0161u absol\u00fatnu pohodu sa postar\u00e1 <strong>52 v\u00fdkonn\u00fdch mas\u00e1\u017enych trysiek z nehrdzavej\u00facej ocele<\/strong>, ktor\u00e9 s\u00fa strategicky rozmiestnen\u00e9 pre maxim\u00e1lny mas\u00e1\u017eny efekt. V\u00edrivka je vybaven\u00e1 modern\u00fdm <strong>digit\u00e1lnym ovl\u00e1dac\u00edm panelom<\/strong>, <strong>oz\u00f3novou dezinfekciou<\/strong>, <strong>LED osvetlen\u00edm (18 bodov)<\/strong> a <strong>integrovan\u00fdm zvukov\u00fdm syst\u00e9mom<\/strong> s <strong>Bluetooth pripojen\u00edm<\/strong>.<\/p>\n\n\n\n<p><strong>VYBAVENIE<\/strong><\/p>\n\n\n\n<ul class=\"wp-block-list\">\n<li>Pokro\u010dil\u00e9 elektronick\u00e9 ovl\u00e1danie<\/li>\n\n\n\n<li>Digit\u00e1lny ovl\u00e1dac\u00ed panel<\/li>\n\n\n\n<li>Tepelnoizola\u010dn\u00fd syst\u00e9m<\/li>\n\n\n\n<li>Oh\u0148ovzdorn\u00fd kryt<\/li>\n\n\n\n<li>Nerezov\u00e9 d\u00fdzy<\/li>\n\n\n\n<li>Syst\u00e9m na dezinfekciu oz\u00f3nom<\/li>\n\n\n\n<li>LED sveteln\u00fd syst\u00e9m: 17<\/li>\n<\/ul>\n\n\n\n<p id=\"tw-target-text\"><strong>FUNKCIE<\/strong><\/p>\n\n\n\n<ul class=\"wp-block-list\">\n<li>R\u00e1dio: \u00c1no<\/li>\n\n\n\n<li>Reproduktory: 2<\/li>\n\n\n\n<li>Bluetooth: \u00c1no<\/li>\n<\/ul>\n\n\n\n<p id=\"tw-target-text\"><strong>TECHNICK\u00c9 \u0160PECIFIK\u00c1CIE<\/strong><\/p>\n\n\n\n<ul class=\"wp-block-list\">\n<li>Celkov\u00fd v\u00fdkon: 6,99 kW<\/li>\n\n\n\n<li>V\u00fdkon hydraulick\u00fdch \u010derpadiel: 2 x 1,5 kW<\/li>\n\n\n\n<li>V\u00fdkon k\u00farenia: 3 kW<\/li>\n\n\n\n<li>V\u00fdkon obehov\u00e9ho \u010derpadla. 0,35 kW<\/li>\n\n\n\n<li>Nap\u00e1jacie nap\u00e4tie: 220 &#8211; 240 V 50 Hz alebo 380 V 50 Hz<\/li>\n<\/ul>\n","protected":false},"excerpt":{"rendered":"<p>Doprajte si relax ako v luxusnom wellness centre \u2013 priamo vo va\u0161ej z\u00e1hrade. V\u00edrivka OASES Maxi White od renomovanej zna\u010dky Sanotechnik predstavuje spojenie \u0161pi\u010dkovej technol\u00f3gie, komfortu a elegantn\u00e9ho dizajnu. S ve\u013ekorys\u00fdmi rozmermi 210 \u00d7 210 \u00d7 95 cm pon\u00faka priestor pre p\u00e4\u0165 miest na sedenie a jedno le\u017eadlo, v\u010faka \u010domu je ide\u00e1lna pre rodinu aj [&hellip;]<\/p>\n","protected":false},"featured_media":15190,"comment_status":"closed","ping_status":"open","template":"","meta":[],"product_brand":[2703],"product_cat":[415],"product_tag":[],"class_list":{"0":"post-15189","1":"product","2":"type-product","3":"status-publish","4":"has-post-thumbnail","6":"product_brand-sanotechnik","7":"product_cat-zahradne-virivky-jacuzzi","8":"pa_pocet-miest-414","9":"pa_pocet-trysiek-827","10":"pa_vaha-325-kg","11":"pa_vyrobca-sanotechnik-rakusko","12":"pa_vyska-92-cm","13":"pa_zaruka-2-roky","15":"first","16":"outofstock","17":"taxable","18":"shipping-taxable","19":"purchasable","20":"product-type-simple"},"_links":{"self":[{"href":"https:\/\/diamondspa.sk\/sk\/wp-json\/wp\/v2\/product\/15189","targetHints":{"allow":["GET"]}}],"collection":[{"href":"https:\/\/diamondspa.sk\/sk\/wp-json\/wp\/v2\/product"}],"about":[{"href":"https:\/\/diamondspa.sk\/sk\/wp-json\/wp\/v2\/types\/product"}],"replies":[{"embeddable":true,"href":"https:\/\/diamondspa.sk\/sk\/wp-json\/wp\/v2\/comments?post=15189"}],"wp:featuredmedia":[{"embeddable":true,"href":"https:\/\/diamondspa.sk\/sk\/wp-json\/wp\/v2\/media\/15190"}],"wp:attachment":[{"href":"https:\/\/diamondspa.sk\/sk\/wp-json\/wp\/v2\/media?parent=15189"}],"wp:term":[{"taxonomy":"product_brand","embeddable":true,"href":"https:\/\/diamondspa.sk\/sk\/wp-json\/wp\/v2\/product_brand?post=15189"},{"taxonomy":"product_cat","embeddable":true,"href":"https:\/\/diamondspa.sk\/sk\/wp-json\/wp\/v2\/product_cat?post=15189"},{"taxonomy":"product_tag","embeddable":true,"href":"https:\/\/diamondspa.sk\/sk\/wp-json\/wp\/v2\/product_tag?post=15189"}],"curies":[{"name":"wp","href":"https:\/\/api.w.org\/{rel}","templated":true}]}}