{"id":15197,"date":"2024-03-10T01:08:14","date_gmt":"2024-03-10T00:08:14","guid":{"rendered":"https:\/\/diamondspa.sk\/product\/sanotechnik-palma-4-miestna-zahradna-virivka-biela-190-x-190-x-86-cm\/"},"modified":"2025-08-26T21:58:40","modified_gmt":"2025-08-26T19:58:40","slug":"sanotechnik-palma-4-miestna-zahradna-virivka-biela-190-x-190-x-86-cm","status":"publish","type":"product","link":"https:\/\/diamondspa.sk\/sk\/produkt\/sanotechnik-palma-4-miestna-zahradna-virivka-biela-190-x-190-x-86-cm\/","title":{"rendered":"Vonkaj\u0161ia v\u00edrivka pre 5 os\u00f4b Sanotechnik Palma biela 190x190cm"},"content":{"rendered":"\n<p><\/p>\n\n\n\n<p>Doprajte si v\u00fdnimo\u010dn\u00fd relax priamo na svojej terase alebo z\u00e1hrade s v\u00edrivkou <strong>Palma White<\/strong> od Sanotechnik. Tento model pon\u00faka komfortn\u00e9 <strong>\u0161tyri miesta na sedenie<\/strong> a jedno <strong>le\u017eadlo<\/strong>, ktor\u00e9 s\u00fa ide\u00e1lne na spolo\u010dn\u00e9 chv\u00edle oddychu s rodinou alebo priate\u013emi. V\u00edrivka je vybaven\u00e1 <strong>32 mas\u00e1\u017enymi tryskami z nehrdzavej\u00facej ocele<\/strong>, ktor\u00e9 poskytuj\u00fa efekt\u00edvnu hydromas\u00e1\u017e a pom\u00e1haj\u00fa uvo\u013eni\u0165 nap\u00e4tie vo svaloch.<\/p>\n\n\n\n<p>Modern\u00e9 <strong>LED osvetlenie<\/strong>, kvalitn\u00e9 <strong>ozvu\u010denie s Bluetooth pripojen\u00edm<\/strong> a intuit\u00edvny <strong>digit\u00e1lny ovl\u00e1dac\u00ed panel<\/strong> zaru\u010duj\u00fa maxim\u00e1lny komfort a jednoduch\u00fa obsluhu. V\u010faka spo\u013eahliv\u00e9mu syst\u00e9mu <strong>dezinfekcie oz\u00f3nom<\/strong> a <strong>tepeln\u00e9mu izol\u00e1cii<\/strong> zost\u00e1va voda \u010dist\u00e1 a tepl\u00e1, \u010do zabezpe\u010d\u00ed pr\u00edjemn\u00e9 pou\u017e\u00edvanie po\u010das cel\u00e9ho roka.<\/p>\n\n\n\n<p><strong>Detaily produktu:<\/strong><br>Vonkaj\u0161ie rozmery: 190 x 190 x 86 cm<br>\u010cerpadl\u00e1: 2 (1 hydro \u010derpadlo a 1 obehov\u00e9 \u010derpadlo)<br>Mas\u00e1\u017ene trysky: 32<br>Sedadl\u00e1\/Le\u017eadlo: 4\/1<br>Objem: 1000 l<\/p>\n\n\n\n<p><strong>Vlastnosti:<\/strong><\/p>\n\n\n\n<p>Elektronick\u00e9 ovl\u00e1danie<br>Trysky z nehrdzavej\u00facej ocele<br>Dezinfekcia oz\u00f3nom<br>Syst\u00e9m tepelnej izol\u00e1cie<br>Digit\u00e1lny ovl\u00e1dac\u00ed panel<\/p>\n\n\n\n<p><strong>Filtra\u010dn\u00fd syst\u00e9m:<\/strong><\/p>\n\n\n\n<p>Skimmer: \u00c1no<br>Kart\u00e1\u017eov\u00fd filter: \u00c1no<br>Prietok filtra\u010dn\u00e9ho \u010derpadla\/24h: 1<\/p>\n\n\n\n<p><strong>Funkcie:<\/strong><\/p>\n\n\n\n<p>R\u00e1dio: \u00c1no<br>Reproduktory: 2<br>Bluetooth: \u00c1no<\/p>\n\n\n\n<p><strong>32 mas\u00e1\u017enych trysiek:<\/strong><\/p>\n\n\n\n<p>3&#8243; mas\u00e1\u017ene trysky: 2<br>2&#8243; \u200b\u200b\u200b\u200bmas\u00e1\u017ene trysky: 26<br>1&#8243; mas\u00e1\u017ene trysky: 4<br>Osvetlenie:<br>LED osvetlenie: 1<br>Vank\u00fa\u0161e: LED osvetlenie: 3<br>\u010eal\u0161ie inform\u00e1cie:<br>Z\u00e1klad\u0148a: Nehrdzavej\u00faca oce\u013e<br>Hlavov\u00e9 vank\u00fa\u0161e: 3<br>Vzduch Regul\u00e1tory: 2<br>Hmotnos\u0165: 265 kg<br>vr\u00e1tane krytu<br>vr\u00e1tane schod\u00edkov<\/p>\n\n\n\n<p><strong>Technick\u00e9 \u0161pecifik\u00e1cie:<\/strong><\/p>\n\n\n\n<p>Celkov\u00fd v\u00fdkon: 5,6 kW<br>V\u00fdkon hydraulick\u00e9ho \u010derpadla: 2,25 kW<br>V\u00fdkon vykurovania: 3 kW<br>V\u00fdkon obehov\u00e9ho \u010derpadla: 0,35 kW<br>Nap\u00e1jacie nap\u00e4tie: 220-240 V 50 Hz alebo 380 V 50 Hz<\/p>\n","protected":false},"excerpt":{"rendered":"<p>Doprajte si v\u00fdnimo\u010dn\u00fd relax priamo na svojej terase alebo z\u00e1hrade s v\u00edrivkou Palma White od Sanotechnik. Tento model pon\u00faka komfortn\u00e9 \u0161tyri miesta na sedenie a jedno le\u017eadlo, ktor\u00e9 s\u00fa ide\u00e1lne na spolo\u010dn\u00e9 chv\u00edle oddychu s rodinou alebo priate\u013emi. V\u00edrivka je vybaven\u00e1 32 mas\u00e1\u017enymi tryskami z nehrdzavej\u00facej ocele, ktor\u00e9 poskytuj\u00fa efekt\u00edvnu hydromas\u00e1\u017e a pom\u00e1haj\u00fa uvo\u013eni\u0165 nap\u00e4tie [&hellip;]<\/p>\n","protected":false},"featured_media":15198,"comment_status":"closed","ping_status":"open","template":"","meta":[],"product_brand":[2703],"product_cat":[415],"product_tag":[],"class_list":{"0":"post-15197","1":"product","2":"type-product","3":"status-publish","4":"has-post-thumbnail","6":"product_brand-sanotechnik","7":"product_cat-zahradne-virivky-jacuzzi","8":"pa_pocet-miest-717","9":"pa_pocet-trysiek-830","10":"pa_vaha-265-kg","11":"pa_vyrobca-sanotechnik-rakusko","12":"pa_vyska-86-cm","13":"pa_zaruka-2-roky","15":"first","16":"outofstock","17":"taxable","18":"shipping-taxable","19":"purchasable","20":"product-type-simple"},"_links":{"self":[{"href":"https:\/\/diamondspa.sk\/sk\/wp-json\/wp\/v2\/product\/15197","targetHints":{"allow":["GET"]}}],"collection":[{"href":"https:\/\/diamondspa.sk\/sk\/wp-json\/wp\/v2\/product"}],"about":[{"href":"https:\/\/diamondspa.sk\/sk\/wp-json\/wp\/v2\/types\/product"}],"replies":[{"embeddable":true,"href":"https:\/\/diamondspa.sk\/sk\/wp-json\/wp\/v2\/comments?post=15197"}],"wp:featuredmedia":[{"embeddable":true,"href":"https:\/\/diamondspa.sk\/sk\/wp-json\/wp\/v2\/media\/15198"}],"wp:attachment":[{"href":"https:\/\/diamondspa.sk\/sk\/wp-json\/wp\/v2\/media?parent=15197"}],"wp:term":[{"taxonomy":"product_brand","embeddable":true,"href":"https:\/\/diamondspa.sk\/sk\/wp-json\/wp\/v2\/product_brand?post=15197"},{"taxonomy":"product_cat","embeddable":true,"href":"https:\/\/diamondspa.sk\/sk\/wp-json\/wp\/v2\/product_cat?post=15197"},{"taxonomy":"product_tag","embeddable":true,"href":"https:\/\/diamondspa.sk\/sk\/wp-json\/wp\/v2\/product_tag?post=15197"}],"curies":[{"name":"wp","href":"https:\/\/api.w.org\/{rel}","templated":true}]}}