{"id":15244,"date":"2024-03-10T01:08:14","date_gmt":"2024-03-10T00:08:14","guid":{"rendered":"https:\/\/diamondspa.sk\/product\/sanotechnik-fresh-infrasauna-pre-2-osoby-120-x-105-x-195-cm\/"},"modified":"2025-08-15T08:38:16","modified_gmt":"2025-08-15T06:38:16","slug":"sanotechnik-fresh-infrasauna-pre-2-osoby-120-x-105-x-195-cm","status":"publish","type":"product","link":"https:\/\/diamondspa.sk\/sk\/produkt\/sanotechnik-fresh-infrasauna-pre-2-osoby-120-x-105-x-195-cm\/","title":{"rendered":"Sanotechnik &#8211; FRESH &#8211; infrasauna pre 2 osoby, 120 x 105 x 195 cm"},"content":{"rendered":"<p><strong>Infra\u010derven\u00e9 sauny <\/strong>od v\u00fdrobcu SANOTECHNIK s\u00fa kvalitn\u00e9 relaxa\u010dno-lie\u010debn\u00e9 infrasauny. Maj\u00fa ve\u013emi n\u00edzke EMF a ELF \u017eiarenia a preto s\u00fa bezpe\u010dn\u00e9 aj pri pravidelnom pou\u017e\u00edvan\u00ed. Vyberte si niektor\u00fd z modelov pod\u013ea Va\u0161ich rozmerov\u00fdch preferenci\u00ed a za\u010dnite si u\u017e\u00edva\u0165 saunovanie, relax\u00e1ciu a detoxik\u00e1ciu u V\u00e1s doma.<\/p>\n<p><strong>Infrasauny SANOTECHNIK <\/strong>pou\u017e\u00edvaj\u00fa kvalitn\u00e9 karb\u00f3nov\u00e9 a keramick\u00e9 infra\u017eiari\u010de, ktor\u00e9 produkuj\u00fa infra\u017eiarenie v spektre vlnov\u00fdch d\u013a\u017eok 6-14 um, \u010do je najpr\u00edjemnej\u0161ie spektrum pre \u013eudsk\u00e9 telo.<\/p>\n<p><strong>V\u00fdhody saunovania v infrasaun\u00e1ch SANOTECHNIK:<\/strong><\/p>\n<ul>\n<li>Redukcia bolesti a \u00fa\u013eava po fyzickej n\u00e1mahe<\/li>\n<li>O\u010distenie tela od alkoholu, nikot\u00ednu a cholesterolu<\/li>\n<li>Zmier\u0148ovanie sympt\u00f3mov akn\u00e9<\/li>\n<li>Strata hmotnosti a zmiernenie prejavov celulit\u00eddy<\/li>\n<li>Posilnenie n\u00e1lady a zn\u00ed\u017eenie stresu<\/li>\n<li>Zmier\u0148ovanie opuchnut\u00fdch k\u013abov a svalov<\/li>\n<li>V\u00fdrazn\u00e9 zlep\u0161enie zdravia poko\u017eky<\/li>\n<\/ul>\n<p>Pre zdraviu prospe\u0161n\u00e9 saunovanie sta\u010d\u00ed v saune relaxova\u0165 2-3 kr\u00e1t t\u00fd\u017edenne po\u010das 45 min\u00fat.<\/p>\n<p><strong>Infra\u010derven\u00e1 sauna pre 2 osoby Fresh<\/strong><\/p>\n<ul>\n<li>6 infra\u010derven\u00fdch \u017eiari\u010dov (z toho 3 nastavite\u013en\u00e9)<\/li>\n<li>1 karb\u00f3novo-magn\u00e9ziov\u00e9 \u017eiari\u010dmi (panel)<\/li>\n<li>sveteln\u00e1 terapia farebn\u00fdm svetlom<\/li>\n<li>LED osvetlenie (7 farieb)<\/li>\n<li>6 mm bezpe\u010dnostn\u00e9 sklo pre dvere a \u010deln\u00e9 sklo<\/li>\n<li>elektronick\u00fd ovl\u00e1date\u013en\u00fd panel zvn\u00fatra aj zvonku<\/li>\n<li>MP3 prehr\u00e1va\u010d (vr\u00e1tane bluetooth)<\/li>\n<li>svetlo na \u010d\u00edtanie<\/li>\n<\/ul>\n<p><strong>Katal\u00f3g:<\/strong><\/p>\n<p><a href=\"\/fotky1950\/Katal%C3%B3gy\/SPAOASE%20KATALOG%20DE%2009-2021.pdf\" target=\"_blank\" rel=\"noopener\"><img fetchpriority=\"high\" decoding=\"async\" src=\"https:\/\/diamondspa.sk\/wp-content\/uploads\/2024\/03\/TITULKAsauy.png\" width=\"363\" alt=\"\" height=\"514\" style=\"display: block; margin-left: auto; margin-right: auto;\"><\/a><\/p>\n<p><strong>Vide\u00e1 k mont\u00e1\u017ei:<\/strong><\/p>\n<p><iframe width=\"560\" height=\"314\" src=\"https:\/\/www.youtube.com\/embed\/wk9vCmoNjeQ\" allowfullscreen=\"allowfullscreen\"><\/iframe><\/p>\n<p><iframe width=\"560\" height=\"314\" src=\"https:\/\/www.youtube.com\/embed\/BBNnQl5tSRk\" allowfullscreen=\"allowfullscreen\"><\/iframe><\/p>\n","protected":false},"excerpt":{"rendered":"<p>Infra\u010derven\u00e9 sauny od v\u00fdrobcu SANOTECHNIK s\u00fa kvalitn\u00e9 relaxa\u010dno-lie\u010debn\u00e9 infrasauny. Maj\u00fa ve\u013emi n\u00edzke EMF a ELF \u017eiarenia a preto s\u00fa bezpe\u010dn\u00e9 aj pri pravidelnom pou\u017e\u00edvan\u00ed. Vyberte si niektor\u00fd z modelov pod\u013ea Va\u0161ich rozmerov\u00fdch preferenci\u00ed a za\u010dnite si u\u017e\u00edva\u0165 saunovanie, relax\u00e1ciu a detoxik\u00e1ciu u V\u00e1s doma. Infrasauny SANOTECHNIK pou\u017e\u00edvaj\u00fa kvalitn\u00e9 karb\u00f3nov\u00e9 a keramick\u00e9 infra\u017eiari\u010de, ktor\u00e9 produkuj\u00fa infra\u017eiarenie [&hellip;]<\/p>\n","protected":false},"featured_media":15245,"comment_status":"closed","ping_status":"open","template":"","meta":[],"product_brand":[2703],"product_cat":[753,626],"product_tag":[],"class_list":{"0":"post-15244","1":"product","2":"type-product","3":"status-publish","4":"has-post-thumbnail","6":"product_brand-sanotechnik","7":"product_cat-infrasauny-sk","8":"product_cat-sauny-sk","9":"pa_material-kanadska-tuja","10":"pa_pocet-miest-166","11":"pa_umiestnenie-interier","12":"pa_vykon-1980-w","13":"pa_vyrobca-sanotechnik-rakusko","14":"pa_vyska-195-cm","15":"pa_zaruka-2-roky","17":"first","18":"outofstock","19":"taxable","20":"shipping-taxable","21":"purchasable","22":"product-type-simple"},"_links":{"self":[{"href":"https:\/\/diamondspa.sk\/sk\/wp-json\/wp\/v2\/product\/15244","targetHints":{"allow":["GET"]}}],"collection":[{"href":"https:\/\/diamondspa.sk\/sk\/wp-json\/wp\/v2\/product"}],"about":[{"href":"https:\/\/diamondspa.sk\/sk\/wp-json\/wp\/v2\/types\/product"}],"replies":[{"embeddable":true,"href":"https:\/\/diamondspa.sk\/sk\/wp-json\/wp\/v2\/comments?post=15244"}],"wp:featuredmedia":[{"embeddable":true,"href":"https:\/\/diamondspa.sk\/sk\/wp-json\/wp\/v2\/media\/15245"}],"wp:attachment":[{"href":"https:\/\/diamondspa.sk\/sk\/wp-json\/wp\/v2\/media?parent=15244"}],"wp:term":[{"taxonomy":"product_brand","embeddable":true,"href":"https:\/\/diamondspa.sk\/sk\/wp-json\/wp\/v2\/product_brand?post=15244"},{"taxonomy":"product_cat","embeddable":true,"href":"https:\/\/diamondspa.sk\/sk\/wp-json\/wp\/v2\/product_cat?post=15244"},{"taxonomy":"product_tag","embeddable":true,"href":"https:\/\/diamondspa.sk\/sk\/wp-json\/wp\/v2\/product_tag?post=15244"}],"curies":[{"name":"wp","href":"https:\/\/api.w.org\/{rel}","templated":true}]}}