{"id":15313,"date":"2024-03-10T01:11:27","date_gmt":"2024-03-10T00:11:27","guid":{"rendered":"https:\/\/diamondspa.sk\/product\/m-spa-vana-s-hydromasazou-zahradna-180-x-111-x-79-cm\/"},"modified":"2025-09-05T10:46:46","modified_gmt":"2025-09-05T08:46:46","slug":"m-spa-vana-s-hydromasazou-zahradna-180-x-111-x-79-cm","status":"publish","type":"product","link":"https:\/\/diamondspa.sk\/sk\/produkt\/m-spa-vana-s-hydromasazou-zahradna-180-x-111-x-79-cm\/","title":{"rendered":"M-SPA &#8211; Va\u0148a s hydromas\u00e1\u017eou, z\u00e1hradn\u00e1 180 x 111 x 79 cm"},"content":{"rendered":"<p><strong><span>USA akryl<\/span><\/strong><\/p>\n<p><span>Ka\u017ed\u00e1 z\u00e1hradn\u00e1 va\u0148a v na\u0161ej ponuke m\u00e1 um\u00fdvadlo vyroben\u00e9 z kvalitn\u00e9ho americk\u00e9ho akrylu.\u00a0Povlak van\u00ed je 100% akryl bez ak\u00fdchko\u013evek pr\u00edsad, ktor\u00fd zabr\u00e1ni jeho za\u0161pineniu aj po 10 rokoch a je ve\u013emi odoln\u00fd vo\u010di ak\u00e9muko\u013evek po\u0161kriabaniu.\u00a0Hr\u00fabka akryl\u00e1tu v na\u0161ich vaniach je dokonca nieko\u013ekon\u00e1sobne v\u00e4\u010d\u0161ia ako povlaky ostatn\u00fdch van\u00ed na trhu.\u00a0Farbu akrylu, rovnako ako pl\u00e1\u0161\u0165, je mo\u017en\u00e9 vybra\u0165 z tabu\u013eky farieb.<\/span><\/p>\n<p><img loading=\"lazy\" decoding=\"async\" loading=\"lazy\" class=\"wp-image-687 size-full aligncenter\" src=\"https:\/\/diamondspa.sk\/wp-content\/uploads\/2024\/03\/012-12-1.jpg\" alt=\"\" width=\"699\" height=\"460\" srcset=\"https:\/\/diamondspa.sk\/wp-content\/uploads\/2024\/03\/012-12-1.jpg 1000w, https:\/\/diamondspa.sk\/wp-content\/uploads\/2024\/03\/012-12-1.jpg 600w, https:\/\/diamondspa.sk\/wp-content\/uploads\/2024\/03\/012-12-1-300x197.jpg 300w, https:\/\/diamondspa.sk\/wp-content\/uploads\/2024\/03\/012-12-1-768x505.jpg 768w\" sizes=\"auto, (max-width: 1000px) 100vw, 1000px\"><\/p>\n<p><span><strong>Trysky <\/strong>s\u00fa v\u010faka tejto aplik\u00e1cii zapusten\u00e9 do akryl\u00e1tu, ke\u010f le\u017e\u00edte vo vani, nele\u017e\u00edte na trysk\u00e1ch (ako je tomu u v\u00e4\u010d\u0161iny tohto typu van\u00ed), ale na akryle.\u00a0Pri hydromas\u00e1\u017ei nepo\u0161kodia telo, \u010do m\u00e1 za n\u00e1sledok 100% spokojnos\u0165 s k\u00fape\u013eom.<\/span><\/p>\n<p><img loading=\"lazy\" decoding=\"async\" loading=\"lazy\" class=\"size-full wp-image-507 aligncenter\" src=\"https:\/\/diamondspa.sk\/wp-content\/uploads\/2024\/03\/029-2-1.jpg\" alt=\"\" width=\"688\" height=\"453\" srcset=\"https:\/\/diamondspa.sk\/wp-content\/uploads\/2024\/03\/029-2-1.jpg 1000w, https:\/\/diamondspa.sk\/wp-content\/uploads\/2024\/03\/029-2-1.jpg 600w, https:\/\/diamondspa.sk\/wp-content\/uploads\/2024\/03\/029-2-1-300x197.jpg 300w, https:\/\/diamondspa.sk\/wp-content\/uploads\/2024\/03\/029-2-1-768x505.jpg 768w\" sizes=\"auto, (max-width: 1000px) 100vw, 1000px\"><\/p>\n<p><span>Trysky vo vani s\u00fa pokryt\u00e9 chr\u00f3mom.\u00a0Nemus\u00edte sa b\u00e1\u0165, \u017ee sa trysky zanes\u00fa vodn\u00fdm kame\u0148om.\u00a0Ka\u017ed\u00e1 vodn\u00e1 tryska m\u00e1 funkciu prevzdu\u0161\u0148ovania, ktor\u00e1 spo\u010d\u00edva v pridan\u00ed vzduchu do vodn\u00e9ho syst\u00e9mu, \u010do zvy\u0161uje silu vodnej mas\u00e1\u017ee.\u00a0Prevzdu\u0161nenie je mo\u017en\u00e9 plynulo nastavi\u0165 pomocou gomb\u00edka.<\/span><\/p>\n<p><span>V\u00e4\u010d\u0161inu vodn\u00fdch trysiek je mo\u017en\u00e9 vypn\u00fa\u0165, \u010do v\u00e1m umo\u017en\u00ed vo\u013ene manipulova\u0165, ktor\u00e9 \u010dasti tela mas\u00edrova\u0165 a akou silou.\u00a0Trysky nach\u00e1dzaj\u00face sa v k\u00fape\u013eoch SPA s\u00fa rota\u010dn\u00e9, smerov\u00e9 a bodov\u00e9.<\/span><\/p>\n<p><b><span>Ovl\u00e1danie BALBOA<\/span><\/b><\/p>\n<p><span>Panel BALBOA podporuje v\u0161etky funkcie vo vani, od spustenia \u010derpadiel, ozoniz\u00e1cie, osvetlenia a\u017e po ohrieva\u010d. Je to spolo\u010dnos\u0165 z USA, ktor\u00e1 vyr\u00e1ba najkvalitnej\u0161ie diely pre vane SPA vr\u00e1tane ovl\u00e1da\u010da, ktor\u00fd je \u00faplne bezporuchov\u00fd a odoln\u00fd vo\u010di vandalom.\u00a0Regul\u00e1tor m\u00e1 dva nez\u00e1visl\u00e9 re\u017eimy ohrevu vody, to znamen\u00e1, \u017ee teplotu vody m\u00f4\u017eete \u013eahko upravova\u0165 v z\u00e1vislosti od svojich potrieb.\u00a0Po naprogramovan\u00ed pr\u00edslu\u0161n\u00e9ho filtra\u010dn\u00e9ho cyklu spust\u00ed obehov\u00e9 \u010derpadlo, ktor\u00e9 prech\u00e1dza vodou cez filtre a dezinfikuje ju.<\/span><\/p>\n<p><span>Ovl\u00e1da\u010d BALBOA je mo\u017en\u00e9 roz\u0161\u00edri\u0165 o modul WiFi, ktor\u00fd v\u00e1m umo\u017en\u00ed ovl\u00e1da\u0165 va\u0148u pomocou aplik\u00e1cie v telef\u00f3ne.<\/span><\/p>\n<p><span>Na\u0161e vane s\u00fa vybaven\u00e9 prietokov\u00fdm ohrieva\u010dom vody s v\u00fdkonom 3000 W. V\u010faka nemu m\u00f4\u017eete teplotu vody nielen zv\u00fd\u0161i\u0165, ale aj udr\u017ea\u0165 na kon\u0161tantnej vysokej \u00farovni.\u00a0Ohrieva\u010d je nepostr\u00e1date\u013en\u00fdm zariaden\u00edm pri pou\u017eit\u00ed SPA.<\/span><\/p>\n<p><b><img loading=\"lazy\" decoding=\"async\" loading=\"lazy\" class=\"size-full wp-image-247 aligncenter\" src=\"https:\/\/diamondspa.sk\/wp-content\/uploads\/2024\/03\/03-2.jpg\" alt=\"\" width=\"693\" height=\"469\" srcset=\"https:\/\/diamondspa.sk\/wp-content\/uploads\/2024\/03\/03-2.jpg 1000w, https:\/\/diamondspa.sk\/wp-content\/uploads\/2024\/03\/03-2.jpg 600w, https:\/\/diamondspa.sk\/wp-content\/uploads\/2024\/03\/03-2-300x203.jpg 300w, https:\/\/diamondspa.sk\/wp-content\/uploads\/2024\/03\/03-2-768x520.jpg 768w\" sizes=\"auto, (max-width: 1000px) 100vw, 1000px\"><\/b><\/p>\n<p><strong><span>Kon\u0161trukcia je vyroben\u00e1 z nehrdzavej\u00facej ocele.\u00a0<\/span><\/strong><span>Cel\u00e1 va\u0148a je zalo\u017een\u00e1 na stabilnom nerezovom r\u00e1me, v\u010faka ktor\u00e9mu m\u00e1 va\u0148a pevn\u00fa a odoln\u00fa podpern\u00fa z\u00e1klad\u0148u, ktor\u00e1 je pri v\u00e4\u010d\u0161\u00edch vaniach ve\u013emi d\u00f4le\u017eit\u00e1.\u00a0Hmotnos\u0165 tak\u00fdchto k\u00fape\u013eov od 250 kg do 1 500 kg v baz\u00e9noch a navy\u0161e vr\u00e1tane hmotnosti vody a \u013eud\u00ed existuje aj relat\u00edvne ve\u013ek\u00e1 hmotnos\u0165, ktor\u00e1 vy\u017eaduje pevn\u00fa oporu, a preto je dobr\u00fd dizajn vane tak\u00fd rozhoduj\u00face.<\/span><\/p>\n<p><b><img loading=\"lazy\" decoding=\"async\" loading=\"lazy\" class=\"size-full wp-image-246 aligncenter\" src=\"https:\/\/diamondspa.sk\/wp-content\/uploads\/2024\/03\/02-3.jpg\" alt=\"\" width=\"694\" height=\"401\" srcset=\"https:\/\/diamondspa.sk\/wp-content\/uploads\/2024\/03\/02-3.jpg 1000w, https:\/\/diamondspa.sk\/wp-content\/uploads\/2024\/03\/02-3.jpg 600w, https:\/\/diamondspa.sk\/wp-content\/uploads\/2024\/03\/02-3-300x173.jpg 300w, https:\/\/diamondspa.sk\/wp-content\/uploads\/2024\/03\/02-3-768x444.jpg 768w\" sizes=\"auto, (max-width: 1000px) 100vw, 1000px\"><\/b><\/p>\n<p><b><img loading=\"lazy\" decoding=\"async\" loading=\"lazy\" class=\"size-full wp-image-248 aligncenter\" src=\"https:\/\/diamondspa.sk\/wp-content\/uploads\/2024\/03\/04-1.jpg\" alt=\"\" width=\"713\" height=\"471\" srcset=\"https:\/\/diamondspa.sk\/wp-content\/uploads\/2024\/03\/04-1.jpg 1000w, https:\/\/diamondspa.sk\/wp-content\/uploads\/2024\/03\/04-1.jpg 600w, https:\/\/diamondspa.sk\/wp-content\/uploads\/2024\/03\/04-1-300x198.jpg 300w, https:\/\/diamondspa.sk\/wp-content\/uploads\/2024\/03\/04-1-768x508.jpg 768w\" sizes=\"auto, (max-width: 1000px) 100vw, 1000px\"><\/b><\/p>\n<p><span>Ved\u013ea obehov\u00e9ho \u010derpadla a ohrieva\u010da s\u00fa nain\u0161talovan\u00e9 dva gu\u013eov\u00e9 ventily, ktor\u00e9 v pr\u00edpade poruchy danej \u010dasti je mo\u017en\u00e9 vypn\u00fa\u0165 a vymeni\u0165 bez nutnosti vyp\u00fa\u0161\u0165ania vody z vane.<\/span><\/p>\n<p><span>Rozde\u013eova\u010de a \u010derpadl\u00e1 maj\u00fa \u010fal\u0161ie potrubia, ktor\u00e9 s\u00fa pripojen\u00e9 k odtoku.\u00a0Pri vyp\u00fa\u0161\u0165an\u00ed vody z vane voda kles\u00e1 zo v\u0161etk\u00fdch potrub\u00ed gravit\u00e1ciou a \u010derpadlami bez toho, aby ste museli \u010derpadl\u00e1 vyfukova\u0165 a rozobera\u0165.<\/span><\/p>\n<p><b><span>Gener\u00e1tor oz\u00f3nu<\/span><\/b><span>\u00a0\u00a0je \u0161peci\u00e1lny program, ktor\u00fd sterilizuje vodu tak, aby bola va\u0148a aj voda \u010dist\u00e1.\u00a0Je to nov\u00fd a r\u00fdchly sp\u00f4sob odstr\u00e1nenia bakt\u00e9ri\u00ed, rias a pod., Vodu nie je potrebn\u00e9 meni\u0165 ani do 6 mesiacov.<\/span><\/p>\n<p><img loading=\"lazy\" decoding=\"async\" loading=\"lazy\" class=\"size-full wp-image-240 aligncenter\" src=\"https:\/\/diamondspa.sk\/wp-content\/uploads\/2024\/03\/05-3.jpg\" alt=\"\" width=\"682\" height=\"341\" srcset=\"https:\/\/diamondspa.sk\/wp-content\/uploads\/2024\/03\/05-3.jpg 1000w, https:\/\/diamondspa.sk\/wp-content\/uploads\/2024\/03\/05-3.jpg 600w, https:\/\/diamondspa.sk\/wp-content\/uploads\/2024\/03\/05-3-300x150.jpg 300w, https:\/\/diamondspa.sk\/wp-content\/uploads\/2024\/03\/05-3-768x384.jpg 768w\" sizes=\"auto, (max-width: 1000px) 100vw, 1000px\"><\/p>\n<p><span>Do k\u00fape\u013eov SPA je mo\u017en\u00e9 nain\u0161talova\u0165 <strong>UV lampu<\/strong> na \u00fapravu vody.\u00a0Ako steriliz\u00e1tory odstra\u0148uj\u00fa z kvapaliny \u0161kodliv\u00e9 l\u00e1tky a eliminuj\u00fa v\u00edrusy a bakt\u00e9rie.\u00a0V\u010faka ich pou\u017eitiu m\u00f4\u017eete z\u00edska\u0165 v\u00fdnimo\u010dne \u010dist\u00fa vodu.\u00a0Vlastnosti UV \u017eiaroviek pre vodu ich robia pou\u017eite\u013en\u00fdmi v\u0161ade tam, kde je potrebn\u00e9 pou\u017ei\u0165 \u010dist\u00fa kvapalinu.\u00a0Kombin\u00e1cia \u017eiarovky s gener\u00e1torom oz\u00f3nu poskytuje syst\u00e9m, ktor\u00fd nevy\u017eaduje pou\u017e\u00edvanie chemik\u00e1li\u00ed na udr\u017eanie \u010distej vody v SPA.<\/span><\/p>\n<p><b><span>Spodok je<\/span><\/b><span>\u00a0vyroben\u00fd z polym\u00e9ru a je \u00faplne odliaty.\u00a0Doska je na druhej strane navrhnut\u00e1 tak, aby poskytovala izol\u00e1ciu od zeme, vlhkosti a poveternostn\u00fdch podmienok.\u00a0Dno, pl\u00e1\u0161\u0165 a \u00fapln\u00e1 izol\u00e1cia vytv\u00e1raj\u00fa nie\u010do ako termosku, odvod tepla trv\u00e1 ve\u013emi dlho, \u010do m\u00e1 za n\u00e1sledok n\u00edzku spotrebu elektrickej energie.<\/span><\/p>\n<p><img loading=\"lazy\" decoding=\"async\" loading=\"lazy\" class=\"size-full wp-image-241 aligncenter\" src=\"https:\/\/diamondspa.sk\/wp-content\/uploads\/2024\/03\/06-3.jpg\" alt=\"\" width=\"678\" height=\"822\" srcset=\"https:\/\/diamondspa.sk\/wp-content\/uploads\/2024\/03\/06-3.jpg 1000w, https:\/\/diamondspa.sk\/wp-content\/uploads\/2024\/03\/06-3.jpg 600w, https:\/\/diamondspa.sk\/wp-content\/uploads\/2024\/03\/06-3-247x300.jpg 247w, https:\/\/diamondspa.sk\/wp-content\/uploads\/2024\/03\/06-3-844x1024.jpg 844w, https:\/\/diamondspa.sk\/wp-content\/uploads\/2024\/03\/06-3-768x932.jpg 768w\" sizes=\"auto, (max-width: 1000px) 100vw, 1000px\"><\/p>\n<p><b>Schody<\/b><\/p>\n<p><span>Pre vane, ktor\u00e9 neboli umiestnen\u00e9 vo v\u00fdklenku, je mo\u017en\u00e9 dok\u00fapi\u0165 schody vo farbe krytu.\u00a0S\u00fa vyroben\u00e9 z rovnak\u00e9ho materi\u00e1lu ako puzdro.<\/span><\/p>\n<p><b><span>Tepeln\u00e9 pokrytie<\/span><\/b><\/p>\n<p><span>Ku ka\u017edej vani SPA m\u00e1me termokryt vyroben\u00fd z vysoko kvalitn\u00fdch materi\u00e1lov.\u00a0Kryt dop\u013a\u0148a va\u0148u, ktor\u00e1 ju zatv\u00e1ra a nesp\u00f4sobuje tepeln\u00e9 straty do atmosf\u00e9ry.<\/span><\/p>\n<p><img loading=\"lazy\" decoding=\"async\" loading=\"lazy\" class=\"size-full wp-image-242 aligncenter\" src=\"https:\/\/diamondspa.sk\/wp-content\/uploads\/2024\/03\/07-3.jpg\" alt=\"\" width=\"696\" height=\"282\" srcset=\"https:\/\/diamondspa.sk\/wp-content\/uploads\/2024\/03\/07-3.jpg 1000w, https:\/\/diamondspa.sk\/wp-content\/uploads\/2024\/03\/07-3.jpg 600w, https:\/\/diamondspa.sk\/wp-content\/uploads\/2024\/03\/07-3-300x122.jpg 300w, https:\/\/diamondspa.sk\/wp-content\/uploads\/2024\/03\/07-3-768x311.jpg 768w\" sizes=\"auto, (max-width: 1000px) 100vw, 1000px\"><\/p>\n<p><b><span>Kompletn\u00e1 izol\u00e1cia van\u00ed SPA je<\/span><\/b><span>\u00a0\u00a0vyroben\u00e1 z polyuret\u00e1novej peny, cel\u00e9 um\u00fdvadlo vane je pokryt\u00e9 hr\u00fabkou asi 15 mm a\u017e 30 mm, pl\u00e1\u0161\u0165 a dno s\u00fa asi 10 mm a\u017e 15 mm, \u010do zabra\u0148uje tepeln\u00fdm strat\u00e1m, v\u010faka \u010domu je v\u00fdkon spotreba ohrieva\u010da je obmedzen\u00e1.<\/span><\/p>\n<p><span><strong>Puzdro <\/strong>je vyroben\u00e9 z vysoko kvalitn\u00e9ho plastu odoln\u00e9ho vo\u010di poveternostn\u00fdm vplyvom.\u00a0Slne\u010dn\u00e9 svetlo nemen\u00ed farbu krytu.\u00a0M\u00e1me in\u00fa \u0161k\u00e1lu farieb, ktor\u00e9 je mo\u017en\u00e9 vybra\u0165 z dostupnej \u0161abl\u00f3ny.<\/span><\/p>\n<p><img loading=\"lazy\" decoding=\"async\" loading=\"lazy\" class=\"size-full wp-image-243 aligncenter\" src=\"https:\/\/diamondspa.sk\/wp-content\/uploads\/2024\/03\/08-1.jpg\" alt=\"\" width=\"702\" height=\"788\" srcset=\"https:\/\/diamondspa.sk\/wp-content\/uploads\/2024\/03\/08-1.jpg 1000w, https:\/\/diamondspa.sk\/wp-content\/uploads\/2024\/03\/08-1.jpg 600w, https:\/\/diamondspa.sk\/wp-content\/uploads\/2024\/03\/08-1-267x300.jpg 267w, https:\/\/diamondspa.sk\/wp-content\/uploads\/2024\/03\/08-1-913x1024.jpg 913w, https:\/\/diamondspa.sk\/wp-content\/uploads\/2024\/03\/08-1-768x862.jpg 768w\" sizes=\"auto, (max-width: 1000px) 100vw, 1000px\"><\/p>\n<p><b><span>Izola\u010dn\u00e9 normy pre vonkaj\u0161ie vane MAZUR SPA:<\/span><\/b><\/p>\n<p><span>Izol\u00e1cia um\u00fdvadla z polyuret\u00e1novej peny m\u00e1 hr\u00fabku pribli\u017ene 15 a\u017e 30 mm.<\/span><\/p>\n<p><span>R\u00e1m krytu je vyroben\u00fd z dreva a samotn\u00fd pl\u00e1\u0161\u0165 je vyroben\u00fd z vysoko kvalitn\u00e9ho plastu (hr\u00fabka pl\u00e1\u0161\u0165ov\u00fdch prvkov je 30 mm).<\/span><\/p>\n<p><span>Cel\u00e9 puzdro so spodkom je izolovan\u00e9 polyuret\u00e1novou penou s hr\u00fabkou asi 10-15 mm.<\/span><\/p>\n<p><img loading=\"lazy\" decoding=\"async\" loading=\"lazy\" class=\"size-full wp-image-244 aligncenter\" src=\"https:\/\/diamondspa.sk\/wp-content\/uploads\/2024\/03\/09-1.jpg\" alt=\"\" width=\"696\" height=\"926\" srcset=\"https:\/\/diamondspa.sk\/wp-content\/uploads\/2024\/03\/09-1.jpg 1000w, https:\/\/diamondspa.sk\/wp-content\/uploads\/2024\/03\/09-1.jpg 600w, https:\/\/diamondspa.sk\/wp-content\/uploads\/2024\/03\/09-1-226x300.jpg 226w, https:\/\/diamondspa.sk\/wp-content\/uploads\/2024\/03\/09-1-770x1024.jpg 770w, https:\/\/diamondspa.sk\/wp-content\/uploads\/2024\/03\/09-1-768x1021.jpg 768w\" sizes=\"auto, (max-width: 1000px) 100vw, 1000px\"><\/p>\n<p><b><span>Tepeln\u00fd obraz<\/span><\/b><span>\u00a0zhotoven\u00fd v zime pri teplote asi -6\u00a0<\/span><sup><span>o<\/span><\/sup><span>\u00a0C. Va\u0148a je zaliata vodou, pripraven\u00e1 na pou\u017eitie, vonkaj\u0161ia teplota pl\u00e1\u0161\u0165a a krytu je asi 0\u00a0<\/span><sup><span>o<\/span><\/sup><span>\u00a0C. Dokazuje n\u00edzke tepeln\u00e9 straty.<\/span><\/p>\n<p><span>\u010cerpadl\u00e1 a ohrieva\u010d dod\u00e1vaj\u00fa vani teplo a zni\u017euj\u00fa mno\u017estvo tepla vyd\u00e1van\u00e9ho um\u00fdvadlom, \u010do zni\u017euje spotrebu elektrickej energie.<\/span><\/p>\n<ul>\n<li><b><span>Izol\u00e1cia dna vane polyuret\u00e1novou penou je \u00fa\u010dinnej\u0161ia a d\u00e1va menej tepla do atmosf\u00e9ry ako pena s tepelnoizola\u010dnou f\u00f3liou dostupnou od konkurencie.\u00a0Pena s tepelnoizola\u010dnou f\u00f3liou nevypln\u00ed v\u0161etky medzery, ako v pr\u00edpade polyuret\u00e1novej peny, ktor\u00e1 tesne zapln\u00ed ka\u017ed\u00fd vo\u013en\u00fd priestor, v\u010faka \u010domu teplo vody z um\u00fdvadla neunikne.<\/span><\/b><\/li>\n<\/ul>\n<p><b><span>SPA svetlo<\/span><\/b><\/p>\n<p><span>Ako jedin\u00e1 spolo\u010dnos\u0165 na trhu pon\u00fakame vo svojich vaniach zv\u00e4zky optick\u00fdch vl\u00e1kien a podvodn\u00e9 osvetlenie v 7 r\u00f4znych farb\u00e1ch.\u00a0Pokia\u013e ide o kvalitu, optick\u00e9 vl\u00e1kna s\u00fa rozhodne lep\u0161ie ako LED svetlo, s\u00fa \u00faplne bezchybn\u00e9 a svietia jasnej\u0161\u00edm svetlom.\u00a0Tieto svetl\u00e1 s\u00fa dokonal\u00fdm rie\u0161en\u00edm pre \u00fa\u017easn\u00fd z\u00e1\u017eitok a pri k\u00fapan\u00ed navodia spr\u00e1vnu atmosf\u00e9ru.\u00a0Na\u0161e osvetlenie plynule men\u00ed farby alebo je mo\u017en\u00e9 zachova\u0165 ak\u00fako\u013evek farbu, \u010do v\u00e1m prinesie e\u0161te v\u00e4\u010d\u0161iu rados\u0165 z v\u00edrivky.\u00a0Typy farieb: \u010derven\u00e1, modr\u00e1, \u017elt\u00e1, zelen\u00e1, oran\u017eov\u00e1, fialov\u00e1 a biela.<\/span><\/p>\n<p><img loading=\"lazy\" decoding=\"async\" loading=\"lazy\" class=\"size-full wp-image-511 aligncenter\" src=\"https:\/\/diamondspa.sk\/wp-content\/uploads\/2024\/03\/aZIELONY-1.jpg\" alt=\"\" width=\"699\" height=\"466\" srcset=\"https:\/\/diamondspa.sk\/wp-content\/uploads\/2024\/03\/aZIELONY-1.jpg 1000w, https:\/\/diamondspa.sk\/wp-content\/uploads\/2024\/03\/aZIELONY-1.jpg 600w, https:\/\/diamondspa.sk\/wp-content\/uploads\/2024\/03\/aZIELONY-1-300x200.jpg 300w, https:\/\/diamondspa.sk\/wp-content\/uploads\/2024\/03\/aZIELONY-1-768x512.jpg 768w\" sizes=\"auto, (max-width: 1000px) 100vw, 1000px\"><\/p>\n<p><b><span>Farebn\u00e1 terapia<\/span><\/b><span>\u00a0\u00a0je netradi\u010dn\u00e1 met\u00f3da lie\u010dby, ktor\u00e1 vystavuje zrakov\u00fd vnem danej osoby pr\u00edslu\u0161n\u00fdm farb\u00e1m, ktor\u00e9 upokojuj\u00fa, uvo\u013e\u0148uj\u00fa alebo stimuluj\u00fa.\u00a0Ke\u010f ste obklopen\u00ed r\u00f4znymi farbami, m\u00f4\u017eete ma\u0165 viac energie a optimizmu.<\/span><\/p>\n<p><b><span>Dodato\u010dn\u00e1 mo\u017enos\u0165 MicroSilk<\/span><\/b><\/p>\n<p><img loading=\"lazy\" decoding=\"async\" loading=\"lazy\" class=\"size-full wp-image-494 aligncenter\" src=\"https:\/\/diamondspa.sk\/wp-content\/uploads\/2024\/03\/016-6-1.jpg\" alt=\"\" width=\"695\" height=\"457\" srcset=\"https:\/\/diamondspa.sk\/wp-content\/uploads\/2024\/03\/016-6-1.jpg 1000w, https:\/\/diamondspa.sk\/wp-content\/uploads\/2024\/03\/016-6-1.jpg 600w, https:\/\/diamondspa.sk\/wp-content\/uploads\/2024\/03\/016-6-1-300x197.jpg 300w, https:\/\/diamondspa.sk\/wp-content\/uploads\/2024\/03\/016-6-1-768x505.jpg 768w\" sizes=\"auto, (max-width: 1000px) 100vw, 1000px\"><\/p>\n<p><span>MicroSilk\u00a0<\/span><b><span>\u00ae<\/span><\/b><span>\u00a0je zariadenie, ktor\u00e9 nas\u00fdti vodu mikrobublinkami.\u00a0Syst\u00e9m funguje nasledovne: obehov\u00e9 \u010derpadlo nasaje vodu a zmie\u0161a sa so vzduchom, potom rozlo\u017e\u00ed molekuly kysl\u00edka na mikrobublinky, ktor\u00e9 prenikn\u00fa hlboko do poko\u017eky a odstr\u00e1nia odumret\u00fa poko\u017eku.\u00a0Ke\u010f je MicroSilk\u00ae zapnut\u00fd, voda zbelie, ako \u201emlieko\u201c.\u00a0Omladzovaciu funkciu poko\u017eky zais\u0165uj\u00fa mikrobublinky, ktor\u00e9 v\u010faka svojim vlastnostiam zanech\u00e1vaj\u00fa poko\u017eku hladk\u00fa ako hodv\u00e1b.\u00a0\u010cerpadlo MicroSilk\u00ae sa ovl\u00e1da samostatn\u00fdm tla\u010didlom.\u00a0T\u00fato funkciu je mo\u017en\u00e9 prisp\u00f4sobi\u0165 akejko\u013evek k\u00fapeli SPA.\u00a0V cene je zahrnut\u00e9 vy\u0161\u0161ie uveden\u00e9 zariadenie + in\u0161tal\u00e1cia.\u00a0Ke\u010f je perli\u010dkov\u00fd k\u00fape\u013e akt\u00edvny, nem\u00f4\u017eete zapn\u00fa\u0165 vodn\u00fa ani vzduchov\u00fa mas\u00e1\u017e.<\/span><\/p>\n<p><strong><span>POPIS PRODUKTU:<\/span><\/strong><\/p>\n<ul>\n<li><span>Opierka hlavy: 1 ks<\/span><\/li>\n<li><span>Nap\u00e1janie: 220 alebo 380 V<\/span><\/li>\n<li><span>Povlak: akryl USA<\/span><\/li>\n<li><span>Kon\u0161trukcia z nehrdzavej\u00facej ocele: \u00e1no<\/span><\/li>\n<li><span>Vodn\u00e9 trysky: 13 ks:<\/span>\n<ul>\n<li><span>&#8211; mal\u00e9 vodn\u00e9 trysky: 2 ks . 3,5 palca<\/span><\/li>\n<li><span>&#8211; stredn\u00e9 vodn\u00e9 trysky: 2 ks. 4,5 palca<\/span><\/li>\n<li><span>&#8211; ve\u013ek\u00e9 vodn\u00e9 trysky: 1 ks. 5 palcov<\/span><\/li>\n<li><span>&#8211; ve\u013ek\u00e9 vodn\u00e9 trysky: 3 kusy (rotuj\u00face) 5<\/span><\/li>\n<\/ul>\n<\/li>\n<li><span>palcov\u00e9 vodn\u00e9 \u010derpadlo\u00a01,5\u00a0HP \/ 1,1 kW: 1 ks<\/span><\/li>\n<li><span>obehov\u00e9 \u010derpadlo 0,35 HP \/ 0,25 kW: 1 ks<\/span><\/li>\n<li><span>Vzduchov\u00e9 d\u00fdzy: 12 ks<\/span><\/li>\n<li><span>0,7 kW vzduchov\u00e9 \u010derpadlo: 1 ks<\/span><\/li>\n<li><span>\u017dulov\u00fd vodop\u00e1d: \u00e1no 1 ks (sedem druhov farieb)<\/span><\/li>\n<li><span>Svetl\u00e1 s optick\u00fdmi vl\u00e1knami: 13 ks (sedem druhov farieb)<\/span><\/li>\n<li><span>SPA svetlo : 1 ks.<\/span><\/li>\n<li><span>Vodop\u00e1dov\u00fd ventil: 1 ks<\/span><\/li>\n<li><span>Vyp\u00fa\u0161\u0165ac\u00ed ventil: 1 ks<\/span><\/li>\n<li><span>Vstupn\u00fd ventil: 2 ks<\/span><\/li>\n<li><span>Gener\u00e1tor oz\u00f3nu: \u00e1no<\/span><\/li>\n<li><span>3 KW ohrieva\u010d: 1 ks<\/span><\/li>\n<li><span>Ovl\u00e1dac\u00ed panel BALBOA<\/span><\/li>\n<li><span>Proti\u0161mykov\u00e9 dno: \u00e1no<\/span><\/li>\n<li><span>Profilov\u00e9 dno: \u00e1no<\/span><\/li>\n<li><span>Vlo\u017eka filtra: 1 ks.<\/span><\/li>\n<\/ul>\n","protected":false},"excerpt":{"rendered":"<p>USA akryl Ka\u017ed\u00e1 z\u00e1hradn\u00e1 va\u0148a v na\u0161ej ponuke m\u00e1 um\u00fdvadlo vyroben\u00e9 z kvalitn\u00e9ho americk\u00e9ho akrylu.\u00a0Povlak van\u00ed je 100% akryl bez ak\u00fdchko\u013evek pr\u00edsad, ktor\u00fd zabr\u00e1ni jeho za\u0161pineniu aj po 10 rokoch a je ve\u013emi odoln\u00fd vo\u010di ak\u00e9muko\u013evek po\u0161kriabaniu.\u00a0Hr\u00fabka akryl\u00e1tu v na\u0161ich vaniach je dokonca nieko\u013ekon\u00e1sobne v\u00e4\u010d\u0161ia ako povlaky ostatn\u00fdch van\u00ed na trhu.\u00a0Farbu akrylu, rovnako ako pl\u00e1\u0161\u0165, [&hellip;]<\/p>\n","protected":false},"featured_media":15314,"comment_status":"closed","ping_status":"open","template":"","meta":[],"product_brand":[2536],"product_cat":[168,65],"product_tag":[],"class_list":{"0":"post-15313","1":"product","2":"type-product","3":"status-publish","4":"has-post-thumbnail","6":"product_brand-m-spa","7":"product_cat-hydromasazne-vane","8":"product_cat-vane","9":"pa_pocet-miest-622","10":"pa_pocet-trysiek-846","11":"pa_sirka-112-cm","12":"pa_vyrobca-m-spa","13":"pa_vyska-80-cm","14":"pa_zaruka-2-roky","16":"first","17":"instock","18":"sale","19":"taxable","20":"shipping-taxable","21":"purchasable","22":"product-type-simple"},"_links":{"self":[{"href":"https:\/\/diamondspa.sk\/sk\/wp-json\/wp\/v2\/product\/15313","targetHints":{"allow":["GET"]}}],"collection":[{"href":"https:\/\/diamondspa.sk\/sk\/wp-json\/wp\/v2\/product"}],"about":[{"href":"https:\/\/diamondspa.sk\/sk\/wp-json\/wp\/v2\/types\/product"}],"replies":[{"embeddable":true,"href":"https:\/\/diamondspa.sk\/sk\/wp-json\/wp\/v2\/comments?post=15313"}],"wp:featuredmedia":[{"embeddable":true,"href":"https:\/\/diamondspa.sk\/sk\/wp-json\/wp\/v2\/media\/15314"}],"wp:attachment":[{"href":"https:\/\/diamondspa.sk\/sk\/wp-json\/wp\/v2\/media?parent=15313"}],"wp:term":[{"taxonomy":"product_brand","embeddable":true,"href":"https:\/\/diamondspa.sk\/sk\/wp-json\/wp\/v2\/product_brand?post=15313"},{"taxonomy":"product_cat","embeddable":true,"href":"https:\/\/diamondspa.sk\/sk\/wp-json\/wp\/v2\/product_cat?post=15313"},{"taxonomy":"product_tag","embeddable":true,"href":"https:\/\/diamondspa.sk\/sk\/wp-json\/wp\/v2\/product_tag?post=15313"}],"curies":[{"name":"wp","href":"https:\/\/api.w.org\/{rel}","templated":true}]}}