{"id":15324,"date":"2024-03-10T01:11:27","date_gmt":"2024-03-10T00:11:27","guid":{"rendered":"https:\/\/diamondspa.sk\/product\/m-spa-infracervena-sauna-seda-150-x-120-x-190-cm\/"},"modified":"2025-08-15T08:36:49","modified_gmt":"2025-08-15T06:36:49","slug":"m-spa-infracervena-sauna-seda-150-x-120-x-190-cm","status":"publish","type":"product","link":"https:\/\/diamondspa.sk\/sk\/produkt\/m-spa-infracervena-sauna-seda-150-x-120-x-190-cm\/","title":{"rendered":"M-SPA &#8211; Infra\u010derven\u00e1 sauna \u0161ed\u00e1 150 x 120 x 190 cm"},"content":{"rendered":"<p>Typ: infrasauna<br \/>Vykurovac\u00ed materi\u00e1l: kremenn\u00e9 vykurovacie trubice 6 ks<br \/>Vyhrievac\u00ed materi\u00e1l: karb\u00f3nov\u00e9 vykurovacie trubice 3 ks <br \/>Po\u010det ohrieva\u010dov: 9 ks<br \/>Rozsah stup\u0148ov: 30-60 stup\u0148ov C<br \/>\u010cas ohrevu: ~~ 20 min\u00fat<br \/>Ioniz\u00e1tor<br \/>Svetlo<br \/>Pevn\u00e9 oce\u013eov\u00e9 p\u00e1nty<br \/>Farebn\u00e1 terapia<br \/>R\u00e1dio<br \/>Ovl\u00e1dac\u00ed panel<\/p>\n","protected":false},"excerpt":{"rendered":"<p>Typ: infrasaunaVykurovac\u00ed materi\u00e1l: kremenn\u00e9 vykurovacie trubice 6 ksVyhrievac\u00ed materi\u00e1l: karb\u00f3nov\u00e9 vykurovacie trubice 3 ks Po\u010det ohrieva\u010dov: 9 ksRozsah stup\u0148ov: 30-60 stup\u0148ov C\u010cas ohrevu: ~~ 20 min\u00fatIoniz\u00e1torSvetloPevn\u00e9 oce\u013eov\u00e9 p\u00e1ntyFarebn\u00e1 terapiaR\u00e1dioOvl\u00e1dac\u00ed panel<\/p>\n","protected":false},"featured_media":15325,"comment_status":"closed","ping_status":"open","template":"","meta":[],"product_brand":[2536],"product_cat":[626],"product_tag":[],"class_list":{"0":"post-15324","1":"product","2":"type-product","3":"status-publish","4":"has-post-thumbnail","6":"product_brand-m-spa","7":"product_cat-sauny-sk","8":"pa_material-borovica","9":"pa_napajanie-220-240-v-50-hz","10":"pa_pocet-miest-420","11":"pa_sirka-120-cm","12":"pa_umiestnenie-interier","13":"pa_vyrobca-m-spa","14":"pa_vyska-190-cm","15":"pa_zaruka-2-roky","17":"first","18":"outofstock","19":"sale","20":"taxable","21":"shipping-taxable","22":"purchasable","23":"product-type-simple"},"_links":{"self":[{"href":"https:\/\/diamondspa.sk\/sk\/wp-json\/wp\/v2\/product\/15324","targetHints":{"allow":["GET"]}}],"collection":[{"href":"https:\/\/diamondspa.sk\/sk\/wp-json\/wp\/v2\/product"}],"about":[{"href":"https:\/\/diamondspa.sk\/sk\/wp-json\/wp\/v2\/types\/product"}],"replies":[{"embeddable":true,"href":"https:\/\/diamondspa.sk\/sk\/wp-json\/wp\/v2\/comments?post=15324"}],"wp:featuredmedia":[{"embeddable":true,"href":"https:\/\/diamondspa.sk\/sk\/wp-json\/wp\/v2\/media\/15325"}],"wp:attachment":[{"href":"https:\/\/diamondspa.sk\/sk\/wp-json\/wp\/v2\/media?parent=15324"}],"wp:term":[{"taxonomy":"product_brand","embeddable":true,"href":"https:\/\/diamondspa.sk\/sk\/wp-json\/wp\/v2\/product_brand?post=15324"},{"taxonomy":"product_cat","embeddable":true,"href":"https:\/\/diamondspa.sk\/sk\/wp-json\/wp\/v2\/product_cat?post=15324"},{"taxonomy":"product_tag","embeddable":true,"href":"https:\/\/diamondspa.sk\/sk\/wp-json\/wp\/v2\/product_tag?post=15324"}],"curies":[{"name":"wp","href":"https:\/\/api.w.org\/{rel}","templated":true}]}}