{"id":15367,"date":"2024-03-10T01:11:27","date_gmt":"2024-03-10T00:11:27","guid":{"rendered":"https:\/\/diamondspa.sk\/product\/m-spa-kupelnova-vana-s-hydromasazou-175-x-85-x-60-cm\/"},"modified":"2025-09-05T10:46:47","modified_gmt":"2025-09-05T08:46:47","slug":"m-spa-kupelnova-vana-s-hydromasazou-175-x-85-x-60-cm","status":"publish","type":"product","link":"https:\/\/diamondspa.sk\/sk\/produkt\/m-spa-kupelnova-vana-s-hydromasazou-175-x-85-x-60-cm\/","title":{"rendered":"M-SPA &#8211; K\u00fape\u013e\u0148ov\u00e1 va\u0148a s hydromas\u00e1\u017eou 175 x 85 x 60 cm"},"content":{"rendered":"<p><strong>Nerezov\u00e1 kon\u0161trukcia <\/strong>&#8211; cel\u00e1 va\u0148a je zalo\u017een\u00e1 na stabilnom nerezovom r\u00e1me, v\u010faka ktor\u00e9mu m\u00e1 va\u0148a pevn\u00fa a odoln\u00fa podpern\u00fa z\u00e1klad\u0148u, ktor\u00e1 je pri v\u00e4\u010d\u0161\u00edch vaniach ve\u013emi d\u00f4le\u017eit\u00e1. Hmotnos\u0165 v\u00edrivky pre 2 osoby sa pohybuje od 80 do 120 kg vr\u00e1tane hmotnosti vody. \u013dudia prich\u00e1dzaj\u00fa s relat\u00edvne ve\u013ekou hmotnos\u0165ou, ktor\u00e1 si vy\u017eaduje pevn\u00fa oporu, a preto je z\u00e1sadn\u00fd dobr\u00fd dizajn vane tak\u00fd d\u00f4le\u017eit\u00fd.<\/p>\n<p><img fetchpriority=\"high\" decoding=\"async\" src=\"https:\/\/diamondspa.sk\/wp-content\/uploads\/2024\/03\/aa001a.jpg\" width=\"653\" height=\"430\"><\/p>\n<p><strong>Ovl\u00e1dac\u00ed panel <\/strong>&#8211; panel podporuje v\u0161etky funkcie vo vani, po\u010dn\u00fac \u010derpadlami, ozoniz\u00e1ciou, osvetlen\u00edm, r\u00e1diom a kon\u010diac ohrieva\u010dom.<\/p>\n<p><img decoding=\"async\" src=\"https:\/\/diamondspa.sk\/wp-content\/uploads\/2024\/03\/015-23.jpg\" width=\"640\" height=\"421\"><\/p>\n<p>R\u00e1dio, reproduktory &#8211; pri dlhej mas\u00e1\u017ei vodou a vzduchom m\u00f4\u017eete po\u010d\u00fava\u0165 r\u00e1dio. Ka\u017ed\u00fd z na\u0161ich modelov je vybaven\u00fd tak\u00fdmto prij\u00edma\u010dom a reproduktormi.<\/p>\n<p><img decoding=\"async\" src=\"https:\/\/diamondspa.sk\/wp-content\/uploads\/2024\/03\/k032.jpg\" width=\"637\" height=\"419\"><\/p>\n<p>Vane s\u00fa vybaven\u00e9 prietokov\u00fdm ohrieva\u010dom vody s v\u00fdkonom 1,5 kW a sn\u00edma\u010dom teploty. Pri dlh\u0161om pou\u017e\u00edvan\u00ed vane to zabr\u00e1ni vychladnutiu vody. Teplotu je mo\u017en\u00e9 nastavi\u0165 od 35 \u00b0 C do 40 \u00b0 C. Ohrieva\u010d ho okrem teploty vody dok\u00e1\u017ee aj zv\u00fd\u0161i\u0165, maxim\u00e1lne na 40 \u00b0 C.<\/p>\n<p><strong>Sn\u00edma\u010d hladiny vody <\/strong>&#8211; sl\u00fa\u017ei na ovl\u00e1danie a ochranu \u010derpadiel pred chodom nasucho. Princ\u00edp jeho fungovania je zalo\u017een\u00fd na neust\u00e1lom meran\u00ed hladiny vody, ak jej hladina klesne pod minimum &#8211; \u010derpadl\u00e1 sa nezapn\u00fa (alebo nevypn\u00fa) a nezachytia sa.<\/p>\n<p><img loading=\"lazy\" decoding=\"async\" src=\"https:\/\/diamondspa.sk\/wp-content\/uploads\/2024\/03\/k036.jpg\" width=\"641\" height=\"422\"><\/p>\n<p><strong>Gener\u00e1tor oz\u00f3nu <\/strong>&#8211; \u0161peci\u00e1lny program, ktor\u00fd sterilizuje vodu tak, aby bola va\u0148a aj voda \u010dist\u00e1. Je to nov\u00fd a r\u00fdchly sp\u00f4sob odstra\u0148ovania bakt\u00e9ri\u00ed, rias a pod. Prevzdu\u0161nenie vodn\u00fdmi tryskami &#8211; t\u00e1to funkcia sl\u00fa\u017ei na pridanie vzduchu do vodn\u00e9ho okruhu. \u00da\u010delom tohto procesu je zv\u00fd\u0161i\u0165 intenzitu pr\u00fadu, podobn\u00e9 koh\u00fatiku s my\u0161ou. Tento typ hydromas\u00e1\u017ee m\u00e1 obzvl\u00e1\u0161\u0165 dobr\u00fd vplyv na poko\u017eku a zlep\u0161uje jej prekrvenie.<\/p>\n<p><img loading=\"lazy\" decoding=\"async\" src=\"https:\/\/diamondspa.sk\/wp-content\/uploads\/2024\/03\/k012.jpg\" width=\"620\" height=\"408\"><\/p>\n<p><strong>Osvetlenie vane <\/strong>je dokonal\u00fdm rie\u0161en\u00edm, ktor\u00e9 prin\u00e1\u0161a \u00fa\u017easn\u00fd z\u00e1\u017eitok a vytv\u00e1ra romantick\u00fa atmosf\u00e9ru. Na\u0161e osvetlenie plynule men\u00ed farby alebo je mo\u017en\u00e9 zachova\u0165 ak\u00fako\u013evek farbu, \u010do v\u00e1m prinesie e\u0161te v\u00e4\u010d\u0161iu rados\u0165 z v\u00edrivky. Vane SPA s\u00fa okrem svetla vybaven\u00e9 aj optick\u00fdmi vl\u00e1knami, ktor\u00e9 umoc\u0148uj\u00fa z\u00e1\u017eitok z mas\u00e1\u017ee. Typy farieb: \u010derven\u00e1, modr\u00e1, \u017elt\u00e1, zelen\u00e1, oran\u017eov\u00e1, fialov\u00e1 a biela.<\/p>\n<p><strong>Farebn\u00e1 terapia <\/strong>je netradi\u010dn\u00e1 met\u00f3da lie\u010dby, ktor\u00e1 vystavuje zrakov\u00fd vnem danej osoby pr\u00edslu\u0161n\u00fdm farb\u00e1m, ktor\u00e9 upokojuj\u00fa, uvo\u013e\u0148uj\u00fa alebo stimuluj\u00fa. Ke\u010f ste obklopen\u00ed r\u00f4znymi farbami, m\u00f4\u017eete ma\u0165 viac energie a optimizmu.\u00a0<\/p>\n<p><strong>POPIS PRODUKTU:<\/strong><\/p>\n<ul>\n<li>Opierka hlavy: 2 ks.<\/li>\n<li>Nerezov\u00e1 kon\u0161trukcia: \u00e1no<\/li>\n<li>Povlak: akryl<\/li>\n<li>Zasklen\u00e1 predn\u00e1 \u010das\u0165: \u00e1no<\/li>\n<li>Mas\u00e1\u017ena funkcia: \u00e1no<\/li>\n<li>1 HP 750 W vodn\u00e9 \u010derpadlo: 1 kus<\/li>\n<li>Ve\u013ek\u00e9 vodn\u00e9 trysky: 10 ks.<\/li>\n<li>200W vzduchov\u00e9 \u010derpadlo: 1 ks.<\/li>\n<li>Vzduchov\u00e9 d\u00fdzy: 8 ks.<\/li>\n<li>Gener\u00e1tor oz\u00f3nu: \u00e1no<\/li>\n<li>Senzor hladiny vody: \u00e1no<\/li>\n<li>SPA svetlo: 1 ks &#8211; 7 druhov farieb<\/li>\n<li>Prevzdu\u0161\u0148ovac\u00ed syst\u00e9m vodn\u00fdch l\u00fa\u010dov: \u00e1no<\/li>\n<li>Regul\u00e1tor prevzdu\u0161\u0148ovania: \u00e1no<\/li>\n<li>Ru\u010dn\u00e1 sprcha: \u00e1no<\/li>\n<li>Bat\u00e9ria: \u00e1no<\/li>\n<li>V\u00fdtok: \u00e1no<\/li>\n<li>Vyp\u00fa\u0161\u0165acia z\u00e1tka: \u00e1no<\/li>\n<li>Ovl\u00e1dac\u00ed panel senzora: \u00e1no<\/li>\n<li>Pilot: \u00e1no<\/li>\n<li>R\u00e1dio: \u00e1no<\/li>\n<li>Reproduktor: 1 ks<\/li>\n<li>Postaven\u00fd na 3 stran\u00e1ch<\/li>\n<li>Kompletn\u00e1 va\u0148a, pripraven\u00e1 na pripojenie<\/li>\n<\/ul>\n","protected":false},"excerpt":{"rendered":"<p>Nerezov\u00e1 kon\u0161trukcia &#8211; cel\u00e1 va\u0148a je zalo\u017een\u00e1 na stabilnom nerezovom r\u00e1me, v\u010faka ktor\u00e9mu m\u00e1 va\u0148a pevn\u00fa a odoln\u00fa podpern\u00fa z\u00e1klad\u0148u, ktor\u00e1 je pri v\u00e4\u010d\u0161\u00edch vaniach ve\u013emi d\u00f4le\u017eit\u00e1. Hmotnos\u0165 v\u00edrivky pre 2 osoby sa pohybuje od 80 do 120 kg vr\u00e1tane hmotnosti vody. \u013dudia prich\u00e1dzaj\u00fa s relat\u00edvne ve\u013ekou hmotnos\u0165ou, ktor\u00e1 si vy\u017eaduje pevn\u00fa oporu, a preto [&hellip;]<\/p>\n","protected":false},"featured_media":15368,"comment_status":"closed","ping_status":"open","template":"","meta":[],"product_brand":[2536],"product_cat":[168,65],"product_tag":[],"class_list":{"0":"post-15367","1":"product","2":"type-product","3":"status-publish","4":"has-post-thumbnail","6":"product_brand-m-spa","7":"product_cat-hydromasazne-vane","8":"product_cat-vane","9":"pa_napajanie-220-240-v-50-hz","10":"pa_pocet-miest-622","11":"pa_pocet-trysiek-856","12":"pa_povrch-akryl","13":"pa_sirka-85-cm","14":"pa_vyrobca-m-spa","15":"pa_vyska-60-cm","16":"pa_zaruka-2-roky","18":"first","19":"outofstock","20":"sale","21":"taxable","22":"shipping-taxable","23":"purchasable","24":"product-type-simple"},"_links":{"self":[{"href":"https:\/\/diamondspa.sk\/sk\/wp-json\/wp\/v2\/product\/15367","targetHints":{"allow":["GET"]}}],"collection":[{"href":"https:\/\/diamondspa.sk\/sk\/wp-json\/wp\/v2\/product"}],"about":[{"href":"https:\/\/diamondspa.sk\/sk\/wp-json\/wp\/v2\/types\/product"}],"replies":[{"embeddable":true,"href":"https:\/\/diamondspa.sk\/sk\/wp-json\/wp\/v2\/comments?post=15367"}],"wp:featuredmedia":[{"embeddable":true,"href":"https:\/\/diamondspa.sk\/sk\/wp-json\/wp\/v2\/media\/15368"}],"wp:attachment":[{"href":"https:\/\/diamondspa.sk\/sk\/wp-json\/wp\/v2\/media?parent=15367"}],"wp:term":[{"taxonomy":"product_brand","embeddable":true,"href":"https:\/\/diamondspa.sk\/sk\/wp-json\/wp\/v2\/product_brand?post=15367"},{"taxonomy":"product_cat","embeddable":true,"href":"https:\/\/diamondspa.sk\/sk\/wp-json\/wp\/v2\/product_cat?post=15367"},{"taxonomy":"product_tag","embeddable":true,"href":"https:\/\/diamondspa.sk\/sk\/wp-json\/wp\/v2\/product_tag?post=15367"}],"curies":[{"name":"wp","href":"https:\/\/api.w.org\/{rel}","templated":true}]}}