{"id":15439,"date":"2024-03-10T01:16:17","date_gmt":"2024-03-10T00:16:17","guid":{"rendered":"https:\/\/diamondspa.sk\/product\/m-spa-kabino-vana-s-hydromasazou-a-funkciou-parnej-sauny-28kw-155-x-155-x-220-cm\/"},"modified":"2025-08-15T08:36:47","modified_gmt":"2025-08-15T06:36:47","slug":"m-spa-kabino-vana-s-hydromasazou-a-funkciou-parnej-sauny-28kw-155-x-155-x-220-cm","status":"publish","type":"product","link":"https:\/\/diamondspa.sk\/sk\/produkt\/m-spa-kabino-vana-s-hydromasazou-a-funkciou-parnej-sauny-28kw-155-x-155-x-220-cm\/","title":{"rendered":"M-SPA &#8211; Kab\u00edno-va\u0148a s hydromas\u00e1\u017eou a funkciou parnej sauny 2,8kW 155 x 155 x 220 cm"},"content":{"rendered":"<p>Kab\u00edno-vane kombinuj\u00fa funkcie sprchovej kab\u00edny a v\u00edrivky. Va\u0148a m\u00e1 vodn\u00e9 \u010derpadlo, vzduchov\u00e9 \u010derpadlo a podvodn\u00e9 osvetlenie. Kab\u00edna obsahuje v\u0161etky funkcie da\u017e\u010fovej sprchy, sprchovej hlavice, pol\u00edc na kozmetiku a trysky na mas\u00e1\u017e chrbta.<\/p>\n<p><strong>POPIS PRODUKTU:<\/strong><\/p>\n<p>FUNKCIE:<\/p>\n<ul>\n<li>Sprchovac\u00ed k\u00fat<\/li>\n<li>Parn\u00e1 sauna<\/li>\n<li>Hydromas\u00e1\u017ena va\u0148a<\/li>\n<\/ul>\n<p>\u00a0<\/p>\n<p>Rozmery: 1550 x 1550 x 2200 mm<\/p>\n<p>\u00a0<\/p>\n<ul>\n<li>Po\u010det miest na sedenie: 2 osoby<\/li>\n<li>Sklo: tvrden\u00e9 sklo 5 mm<\/li>\n<li>Multifunk\u010dn\u00e1 ru\u010dn\u00e1 sprcha: 1 ks.<\/li>\n<li>Vodn\u00e9 trysky: 8 ks (na stenu kab\u00edny)<\/li>\n<li>Akopunkt\u00farne d\u00fdzy: 6 ks (na stenu kab\u00edny)<\/li>\n<li>Termostatick\u00e1 bat\u00e9ria<\/li>\n<li>Regul\u00e1tor tlaku vody: 1 ks.<\/li>\n<li>Sklenen\u00e9 police: 2 ks.<\/li>\n<li>Osvetlenie kab\u00edny: \u00e1no<\/li>\n<li>Ods\u00e1vac\u00ed ventil\u00e1tor 1 ks.<\/li>\n<li>Reproduktor: \u00e1no<\/li>\n<li>R\u00e1dio: \u00e1no<\/li>\n<li>Ovl\u00e1dac\u00ed panel so vstavan\u00fdm r\u00e1diom<\/li>\n<li>SPA va\u0148a:<\/li>\n<li>Akryl\u00e1tov\u00e1 va\u0148a (ABS)<\/li>\n<li>Vodn\u00e9 \u010derpadlo 0,9kW: 1 ks<\/li>\n<li>Vodn\u00e9 trysky: 12 ks<\/li>\n<li>Vzduchov\u00e9 \u010derpadlo 0,2kw: 1 ks<\/li>\n<li>Vzduchov\u00e9 trysky: 8 ks<\/li>\n<\/ul>\n<p>Celkov\u00fd v\u00fdkon va\u0148o kab\u00edny aj so saunou: 3,9 kW<\/p>\n<p><img fetchpriority=\"high\" decoding=\"async\" src=\"https:\/\/diamondspa.sk\/wp-content\/uploads\/2024\/03\/MSPA-543-stvrtkruhova-hydromasazna-kabino-vana-155-x-155-x-220-cm-001.jpg\" width=\"1000\" height=\"768\" alt=\"\"><\/p>\n<p><img decoding=\"async\" src=\"https:\/\/diamondspa.sk\/wp-content\/uploads\/2024\/03\/MSPA-543-stvrtkruhova-hydromasazna-kabino-vana-155-x-155-x-220-cm-002.jpg\" width=\"1000\" height=\"1000\" alt=\"\"><\/p>\n<p><img decoding=\"async\" src=\"https:\/\/diamondspa.sk\/wp-content\/uploads\/2024\/03\/MSPA-543-stvrtkruhova-hydromasazna-kabino-vana-155-x-155-x-220-cm-003.jpg\" width=\"1000\" height=\"1000\" alt=\"\"><\/p>\n<p><img loading=\"lazy\" decoding=\"async\" src=\"https:\/\/diamondspa.sk\/wp-content\/uploads\/2024\/03\/MSPA-543-stvrtkruhova-hydromasazna-kabino-vana-155-x-155-x-220-cm-004.jpg\" width=\"1000\" height=\"768\" alt=\"\"><\/p>\n<p><img loading=\"lazy\" decoding=\"async\" src=\"https:\/\/diamondspa.sk\/wp-content\/uploads\/2024\/03\/MSPA-543-stvrtkruhova-hydromasazna-kabino-vana-155-x-155-x-220-cm-005.jpg\" width=\"1000\" height=\"768\" alt=\"\"><\/p>\n<p><img loading=\"lazy\" decoding=\"async\" src=\"https:\/\/diamondspa.sk\/wp-content\/uploads\/2024\/03\/MSPA-543-stvrtkruhova-hydromasazna-kabino-vana-155-x-155-x-220-cm-006.jpg\" width=\"1000\" height=\"768\" alt=\"\"><\/p>\n<p><img loading=\"lazy\" decoding=\"async\" src=\"https:\/\/diamondspa.sk\/wp-content\/uploads\/2024\/03\/MSPA-543-stvrtkruhova-hydromasazna-kabino-vana-155-x-155-x-220-cm-007.jpg\" width=\"1000\" height=\"768\" alt=\"\"><\/p>\n<p><img loading=\"lazy\" decoding=\"async\" src=\"https:\/\/diamondspa.sk\/wp-content\/uploads\/2024\/03\/MSPA-543-stvrtkruhova-hydromasazna-kabino-vana-155-x-155-x-220-cm-008.jpg\" width=\"1000\" height=\"768\" alt=\"\"><\/p>\n<p><img loading=\"lazy\" decoding=\"async\" src=\"https:\/\/diamondspa.sk\/wp-content\/uploads\/2024\/03\/MSPA-543-stvrtkruhova-hydromasazna-kabino-vana-155-x-155-x-220-cm-009.jpg\" width=\"1000\" height=\"768\" alt=\"\"><\/p>\n<p><img loading=\"lazy\" decoding=\"async\" src=\"https:\/\/diamondspa.sk\/wp-content\/uploads\/2024\/03\/MSPA-543-stvrtkruhova-hydromasazna-kabino-vana-155-x-155-x-220-cm-010.jpg\" width=\"1000\" height=\"768\" alt=\"\"><\/p>\n<p><img loading=\"lazy\" decoding=\"async\" src=\"https:\/\/diamondspa.sk\/wp-content\/uploads\/2024\/03\/MSPA-543-stvrtkruhova-hydromasazna-kabino-vana-155-x-155-x-220-cm-011.jpg\" width=\"1000\" height=\"768\" alt=\"\"><\/p>\n<p><img loading=\"lazy\" decoding=\"async\" src=\"https:\/\/diamondspa.sk\/wp-content\/uploads\/2024\/03\/MSPA-543-stvrtkruhova-hydromasazna-kabino-vana-155-x-155-x-220-cm-012.jpg\" width=\"1000\" height=\"768\" alt=\"\"><\/p>\n<p><img loading=\"lazy\" decoding=\"async\" src=\"https:\/\/diamondspa.sk\/wp-content\/uploads\/2024\/03\/MSPA-543-stvrtkruhova-hydromasazna-kabino-vana-155-x-155-x-220-cm-013.jpg\" width=\"1000\" height=\"768\" alt=\"\"><\/p>\n<p><img loading=\"lazy\" decoding=\"async\" src=\"https:\/\/diamondspa.sk\/wp-content\/uploads\/2024\/03\/MSPA-543-stvrtkruhova-hydromasazna-kabino-vana-155-x-155-x-220-cm-014.jpg\" width=\"1000\" height=\"768\" alt=\"\"><\/p>\n<p><img loading=\"lazy\" decoding=\"async\" src=\"https:\/\/diamondspa.sk\/wp-content\/uploads\/2024\/03\/MSPA-543-stvrtkruhova-hydromasazna-kabino-vana-155-x-155-x-220-cm-015.jpg\" width=\"1000\" height=\"768\" alt=\"\"><\/p>\n<p><img loading=\"lazy\" decoding=\"async\" src=\"https:\/\/diamondspa.sk\/wp-content\/uploads\/2024\/03\/MSPA-543-stvrtkruhova-hydromasazna-kabino-vana-155-x-155-x-220-cm-016.jpg\" width=\"1000\" height=\"768\" alt=\"\"><\/p>\n<p><img loading=\"lazy\" decoding=\"async\" src=\"https:\/\/diamondspa.sk\/wp-content\/uploads\/2024\/03\/MSPA-543-stvrtkruhova-hydromasazna-kabino-vana-155-x-155-x-220-cm-017.jpg\" width=\"1000\" height=\"768\" alt=\"\"><\/p>\n<p><img loading=\"lazy\" decoding=\"async\" src=\"https:\/\/diamondspa.sk\/wp-content\/uploads\/2024\/03\/MSPA-543-stvrtkruhova-hydromasazna-kabino-vana-155-x-155-x-220-cm-018.jpg\" width=\"1000\" height=\"768\" alt=\"\"><\/p>\n<p><img loading=\"lazy\" decoding=\"async\" src=\"https:\/\/diamondspa.sk\/wp-content\/uploads\/2024\/03\/MSPA-543-stvrtkruhova-hydromasazna-kabino-vana-155-x-155-x-220-cm-019.jpg\" width=\"1000\" height=\"768\" alt=\"\"><\/p>\n<p><img loading=\"lazy\" decoding=\"async\" src=\"https:\/\/diamondspa.sk\/wp-content\/uploads\/2024\/03\/MSPA-543-stvrtkruhova-hydromasazna-kabino-vana-155-x-155-x-220-cm-020.jpg\" width=\"1000\" height=\"658\" alt=\"\"><\/p>\n<p><img loading=\"lazy\" decoding=\"async\" src=\"https:\/\/diamondspa.sk\/wp-content\/uploads\/2024\/03\/MSPA-543-stvrtkruhova-hydromasazna-kabino-vana-155-x-155-x-220-cm-021.jpg\" width=\"1000\" height=\"658\" alt=\"\"><\/p>\n<p><img loading=\"lazy\" decoding=\"async\" src=\"https:\/\/diamondspa.sk\/wp-content\/uploads\/2024\/03\/MSPA-543-stvrtkruhova-hydromasazna-kabino-vana-155-x-155-x-220-cm-022.jpg\" width=\"1000\" height=\"658\" alt=\"\"><\/p>\n<p><img loading=\"lazy\" decoding=\"async\" src=\"https:\/\/diamondspa.sk\/wp-content\/uploads\/2024\/03\/MSPA-543-stvrtkruhova-hydromasazna-kabino-vana-155-x-155-x-220-cm-023.jpg\" width=\"1000\" height=\"658\" alt=\"\"><\/p>\n<p><img loading=\"lazy\" decoding=\"async\" src=\"https:\/\/diamondspa.sk\/wp-content\/uploads\/2024\/03\/MSPA-543-stvrtkruhova-hydromasazna-kabino-vana-155-x-155-x-220-cm-024.jpg\" width=\"1000\" height=\"658\" alt=\"\"><\/p>\n<p><img loading=\"lazy\" decoding=\"async\" src=\"https:\/\/diamondspa.sk\/wp-content\/uploads\/2024\/03\/MSPA-543-stvrtkruhova-hydromasazna-kabino-vana-155-x-155-x-220-cm-025.jpg\" width=\"1000\" height=\"658\" alt=\"\"><\/p>\n<p><img loading=\"lazy\" decoding=\"async\" src=\"https:\/\/diamondspa.sk\/wp-content\/uploads\/2024\/03\/MSPA-543-stvrtkruhova-hydromasazna-kabino-vana-155-x-155-x-220-cm-026.jpg\" width=\"1000\" height=\"658\" alt=\"\"><\/p>\n<p><img loading=\"lazy\" decoding=\"async\" src=\"https:\/\/diamondspa.sk\/wp-content\/uploads\/2024\/03\/MSPA-543-stvrtkruhova-hydromasazna-kabino-vana-155-x-155-x-220-cm-027.jpg\" width=\"1000\" height=\"658\" alt=\"\"><\/p>\n<p><img loading=\"lazy\" decoding=\"async\" src=\"https:\/\/diamondspa.sk\/wp-content\/uploads\/2024\/03\/MSPA-543-stvrtkruhova-hydromasazna-kabino-vana-155-x-155-x-220-cm-028.jpg\" width=\"1000\" height=\"658\" alt=\"\"><\/p>\n<p><img loading=\"lazy\" decoding=\"async\" src=\"https:\/\/diamondspa.sk\/wp-content\/uploads\/2024\/03\/MSPA-543-stvrtkruhova-hydromasazna-kabino-vana-155-x-155-x-220-cm-029.jpg\" width=\"1000\" height=\"658\" alt=\"\"><\/p>\n","protected":false},"excerpt":{"rendered":"<p>Kab\u00edno-vane kombinuj\u00fa funkcie sprchovej kab\u00edny a v\u00edrivky. Va\u0148a m\u00e1 vodn\u00e9 \u010derpadlo, vzduchov\u00e9 \u010derpadlo a podvodn\u00e9 osvetlenie. Kab\u00edna obsahuje v\u0161etky funkcie da\u017e\u010fovej sprchy, sprchovej hlavice, pol\u00edc na kozmetiku a trysky na mas\u00e1\u017e chrbta. POPIS PRODUKTU: FUNKCIE: Sprchovac\u00ed k\u00fat Parn\u00e1 sauna Hydromas\u00e1\u017ena va\u0148a \u00a0 Rozmery: 1550 x 1550 x 2200 mm \u00a0 Po\u010det miest na sedenie: 2 [&hellip;]<\/p>\n","protected":false},"featured_media":15440,"comment_status":"closed","ping_status":"open","template":"","meta":[],"product_brand":[2536],"product_cat":[111],"product_tag":[],"class_list":{"0":"post-15439","1":"product","2":"type-product","3":"status-publish","4":"has-post-thumbnail","6":"product_brand-m-spa","7":"product_cat-masazne-sprchove-boxy","8":"pa_pocet-miest-166","9":"pa_pocet-trysiek-859","10":"pa_sirka-155-cm","11":"pa_vyrobca-m-spa","12":"pa_vyska-222-cm","13":"pa_zaruka-2-roky","15":"first","16":"instock","17":"sale","18":"taxable","19":"shipping-taxable","20":"purchasable","21":"product-type-simple"},"_links":{"self":[{"href":"https:\/\/diamondspa.sk\/sk\/wp-json\/wp\/v2\/product\/15439","targetHints":{"allow":["GET"]}}],"collection":[{"href":"https:\/\/diamondspa.sk\/sk\/wp-json\/wp\/v2\/product"}],"about":[{"href":"https:\/\/diamondspa.sk\/sk\/wp-json\/wp\/v2\/types\/product"}],"replies":[{"embeddable":true,"href":"https:\/\/diamondspa.sk\/sk\/wp-json\/wp\/v2\/comments?post=15439"}],"wp:featuredmedia":[{"embeddable":true,"href":"https:\/\/diamondspa.sk\/sk\/wp-json\/wp\/v2\/media\/15440"}],"wp:attachment":[{"href":"https:\/\/diamondspa.sk\/sk\/wp-json\/wp\/v2\/media?parent=15439"}],"wp:term":[{"taxonomy":"product_brand","embeddable":true,"href":"https:\/\/diamondspa.sk\/sk\/wp-json\/wp\/v2\/product_brand?post=15439"},{"taxonomy":"product_cat","embeddable":true,"href":"https:\/\/diamondspa.sk\/sk\/wp-json\/wp\/v2\/product_cat?post=15439"},{"taxonomy":"product_tag","embeddable":true,"href":"https:\/\/diamondspa.sk\/sk\/wp-json\/wp\/v2\/product_tag?post=15439"}],"curies":[{"name":"wp","href":"https:\/\/api.w.org\/{rel}","templated":true}]}}