{"id":15447,"date":"2024-03-10T01:16:17","date_gmt":"2024-03-10T00:16:17","guid":{"rendered":"https:\/\/diamondspa.sk\/product\/m-spa-vana-s-hydromasazou-632-pre-2-osoby-150-x-150-x-65-cm\/"},"modified":"2025-09-05T10:46:44","modified_gmt":"2025-09-05T08:46:44","slug":"m-spa-vana-s-hydromasazou-632-pre-2-osoby-150-x-150-x-65-cm","status":"publish","type":"product","link":"https:\/\/diamondspa.sk\/sk\/produkt\/m-spa-vana-s-hydromasazou-632-pre-2-osoby-150-x-150-x-65-cm\/","title":{"rendered":"M-SPA &#8211; Va\u0148a s hydromas\u00e1\u017eou 632 pre 2 osoby 150 x 150 x 65 cm"},"content":{"rendered":"<p><strong>Ovl\u00e1dac\u00ed panel <\/strong>&#8211; panel podporuje v\u0161etky funkcie vo vani po\u010dn\u00fac \u010derpadlami, ozoniz\u00e1ciou, osvetlen\u00edm, r\u00e1diom a kon\u010diac ohrieva\u010dom.<\/p>\n<p><img fetchpriority=\"high\" decoding=\"async\" src=\"https:\/\/diamondspa.sk\/wp-content\/uploads\/2024\/03\/016-32.jpg\" width=\"622\" height=\"409\"><\/p>\n<p>R\u00e1dio, reproduktory &#8211; pri dlhej mas\u00e1\u017ei vodou a vzduchom m\u00f4\u017eete po\u010d\u00fava\u0165 r\u00e1dio. Ka\u017ed\u00fd z na\u0161ich modelov je vybaven\u00fd tak\u00fdmto prij\u00edma\u010dom a reproduktormi.<\/p>\n<p><img decoding=\"async\" src=\"https:\/\/diamondspa.sk\/wp-content\/uploads\/2024\/03\/k032.jpg\" width=\"620\" height=\"408\"><\/p>\n<p>Vane s\u00fa vybaven\u00e9 prietokov\u00fdm ohrieva\u010dom vody s v\u00fdkonom 1,5 kW a sn\u00edma\u010dom teploty. Pri dlh\u0161om pou\u017e\u00edvan\u00ed vane to zabr\u00e1ni vychladnutiu vody. Teplotu je mo\u017en\u00e9 nastavi\u0165 od 35 \u00b0 C do 40 \u00b0 C. Ohrieva\u010d ho okrem teploty vody dok\u00e1\u017ee aj zv\u00fd\u0161i\u0165, maxim\u00e1lne na 40 \u00b0 C.<\/p>\n<p><img decoding=\"async\" src=\"https:\/\/diamondspa.sk\/wp-content\/uploads\/2024\/03\/k036.jpg\" width=\"625\" height=\"411\"><\/p>\n<p>Gener\u00e1tor oz\u00f3nu &#8211; \u0161peci\u00e1lny program, ktor\u00fd sterilizuje vodu tak, aby bola va\u0148a aj voda \u010dist\u00e1. Je to nov\u00fd a r\u00fdchly sp\u00f4sob odstr\u00e1nenia bakt\u00e9ri\u00ed, rias a pod. Prevzdu\u0161nenie vodn\u00fdmi tryskami &#8211; t\u00e1to funkcia dod\u00e1va vzduchu do vodn\u00e9ho okruhu. \u00da\u010dinkom tohto procesu je zv\u00fd\u0161enie intenzity pr\u00fadu, podobne ako pri koh\u00fatiku s prevzdu\u0161\u0148ova\u010dom. Tento typ hydromas\u00e1\u017ee m\u00e1 obzvl\u00e1\u0161\u0165 dobr\u00fd vplyv na poko\u017eku a zlep\u0161uje jej prekrvenie.<\/p>\n<p><img loading=\"lazy\" decoding=\"async\" src=\"https:\/\/diamondspa.sk\/wp-content\/uploads\/2024\/03\/k012.jpg\" width=\"620\" height=\"408\"><\/p>\n<p><strong>Osvetlenie vane <\/strong>je dokonal\u00fdm rie\u0161en\u00edm, ktor\u00e9 prin\u00e1\u0161a \u00fa\u017easn\u00fd z\u00e1\u017eitok a vytv\u00e1ra romantick\u00fa atmosf\u00e9ru. Na\u0161e osvetlenie plynule men\u00ed farby alebo je mo\u017en\u00e9 zachova\u0165 ak\u00fako\u013evek farbu, \u010do v\u00e1m prinesie e\u0161te v\u00e4\u010d\u0161iu rados\u0165 z v\u00edrivky. Vane SPA s\u00fa okrem svetla vybaven\u00e9 aj optick\u00fdmi vl\u00e1knami, ktor\u00e9 umoc\u0148uj\u00fa z\u00e1\u017eitok z mas\u00e1\u017ee. Typy farieb: \u010derven\u00e1, modr\u00e1, \u017elt\u00e1, zelen\u00e1, oran\u017eov\u00e1, fialov\u00e1 a biela.<\/p>\n<p><strong>Farebn\u00e1 terapia <\/strong>je netradi\u010dn\u00e1 met\u00f3da lie\u010dby, ktor\u00e1 vystavuje zrak dan\u00e9mu \u010dloveku vhodn\u00fdmi farbami, ktor\u00e9 upokojuj\u00fa, relaxuj\u00fa alebo stimuluj\u00fa. Ke\u010f ste obklopen\u00ed r\u00f4znymi farbami, m\u00f4\u017eete ma\u0165 viac energie a optimizmu.<\/p>\n<p><strong>POPIS PRODUKTU:<\/strong><\/p>\n<ul>\n<li>Opierky hlavy: 2 ks.<\/li>\n<li>Povlak: akryl<\/li>\n<li>Typ: rohov\u00fd<\/li>\n<li>Zasklen\u00e1 predn\u00e1 \u010das\u0165: \u00e1no<\/li>\n<li>Mas\u00e1\u017ena funkcia: \u00e1no<\/li>\n<li>1,5 KW ohrieva\u010d vody: \u00e1no<\/li>\n<li>Ve\u013ek\u00e9 vodn\u00e9 trysky: 4 ks.<\/li>\n<li>Mal\u00e9 vodn\u00e9 trysky: 10 ks.<\/li>\n<li>Vodn\u00e9 \u010derpadlo 1,0 HP: 1 ks.<\/li>\n<li>Vzduchov\u00e9 d\u00fdzy: 8 ks.<\/li>\n<li>Vzduchov\u00e9 \u010derpadlo 0,25 HP: 1 ks.<\/li>\n<li>Gener\u00e1tor oz\u00f3nu: \u00c1no<\/li>\n<li>SPA svetlo: 3 ks.<\/li>\n<li>Studen\u00fd a hor\u00faci sp\u00edna\u010d: \u00e1no<\/li>\n<li>Multifunk\u010dn\u00e1 ru\u010dn\u00e1 sprcha: \u00e1no<\/li>\n<li>Proti\u0161mykov\u00e9 dno: \u00e1no<\/li>\n<li>Vodop\u00e1d: \u00e1no<\/li>\n<li>Ovl\u00e1dac\u00ed panel: \u00e1no<\/li>\n<li>R\u00e1dio: \u00e1no<\/li>\n<li>Reproduktor: \u00e1no<\/li>\n<li>Vyp\u00fa\u0161\u0165acia z\u00e1tka: \u00e1no<\/li>\n<\/ul>\n","protected":false},"excerpt":{"rendered":"<p>Ovl\u00e1dac\u00ed panel &#8211; panel podporuje v\u0161etky funkcie vo vani po\u010dn\u00fac \u010derpadlami, ozoniz\u00e1ciou, osvetlen\u00edm, r\u00e1diom a kon\u010diac ohrieva\u010dom. R\u00e1dio, reproduktory &#8211; pri dlhej mas\u00e1\u017ei vodou a vzduchom m\u00f4\u017eete po\u010d\u00fava\u0165 r\u00e1dio. Ka\u017ed\u00fd z na\u0161ich modelov je vybaven\u00fd tak\u00fdmto prij\u00edma\u010dom a reproduktormi. Vane s\u00fa vybaven\u00e9 prietokov\u00fdm ohrieva\u010dom vody s v\u00fdkonom 1,5 kW a sn\u00edma\u010dom teploty. Pri dlh\u0161om pou\u017e\u00edvan\u00ed [&hellip;]<\/p>\n","protected":false},"featured_media":15448,"comment_status":"closed","ping_status":"open","template":"","meta":[],"product_brand":[2536],"product_cat":[168,65],"product_tag":[],"class_list":{"0":"post-15447","1":"product","2":"type-product","3":"status-publish","4":"has-post-thumbnail","6":"product_brand-m-spa","7":"product_cat-hydromasazne-vane","8":"product_cat-vane","9":"pa_pocet-miest-166","10":"pa_pocet-trysiek-863","11":"pa_sirka-150-cm","12":"pa_vyrobca-m-spa","13":"pa_vyska-65-cm","14":"pa_zaruka-2-roky","16":"first","17":"instock","18":"sale","19":"taxable","20":"shipping-taxable","21":"purchasable","22":"product-type-simple"},"_links":{"self":[{"href":"https:\/\/diamondspa.sk\/sk\/wp-json\/wp\/v2\/product\/15447","targetHints":{"allow":["GET"]}}],"collection":[{"href":"https:\/\/diamondspa.sk\/sk\/wp-json\/wp\/v2\/product"}],"about":[{"href":"https:\/\/diamondspa.sk\/sk\/wp-json\/wp\/v2\/types\/product"}],"replies":[{"embeddable":true,"href":"https:\/\/diamondspa.sk\/sk\/wp-json\/wp\/v2\/comments?post=15447"}],"wp:featuredmedia":[{"embeddable":true,"href":"https:\/\/diamondspa.sk\/sk\/wp-json\/wp\/v2\/media\/15448"}],"wp:attachment":[{"href":"https:\/\/diamondspa.sk\/sk\/wp-json\/wp\/v2\/media?parent=15447"}],"wp:term":[{"taxonomy":"product_brand","embeddable":true,"href":"https:\/\/diamondspa.sk\/sk\/wp-json\/wp\/v2\/product_brand?post=15447"},{"taxonomy":"product_cat","embeddable":true,"href":"https:\/\/diamondspa.sk\/sk\/wp-json\/wp\/v2\/product_cat?post=15447"},{"taxonomy":"product_tag","embeddable":true,"href":"https:\/\/diamondspa.sk\/sk\/wp-json\/wp\/v2\/product_tag?post=15447"}],"curies":[{"name":"wp","href":"https:\/\/api.w.org\/{rel}","templated":true}]}}