{"id":15467,"date":"2024-03-10T01:16:17","date_gmt":"2024-03-10T00:16:17","guid":{"rendered":"https:\/\/diamondspa.sk\/product\/m-spa-sauna-kabino-vana-s-hydromasazou-165-x-85-x-220-cm\/"},"modified":"2025-08-15T08:36:47","modified_gmt":"2025-08-15T06:36:47","slug":"m-spa-sauna-kabino-vana-s-hydromasazou-165-x-85-x-220-cm","status":"publish","type":"product","link":"https:\/\/diamondspa.sk\/sk\/produkt\/m-spa-sauna-kabino-vana-s-hydromasazou-165-x-85-x-220-cm\/","title":{"rendered":"M-SPA &#8211; SAUNA Kabino-va\u0148a s hydromas\u00e1\u017eou 165 x 85 x 220 cm"},"content":{"rendered":"<p>Sprchov\u00e9 k\u00faty kombinuj\u00fa funkcie sprchovej kab\u00edny a v\u00edrivky. Va\u0148a m\u00e1 vodn\u00e9 \u010derpadlo, vzduchov\u00e9 \u010derpadlo a podvodn\u00e9 osvetlenie. Kab\u00edna obsahuje v\u0161etky funkcie da\u017e\u010fovej sprchy, sprchovej hlavice, pol\u00edc na kozmetiku a trysky na mas\u00e1\u017e chrbta.\u00a0<\/p>\n<p><strong>POPIS PRODUKTU:<\/strong><\/p>\n<ul>\n<li>Rozmery: 165 x 85 x 220 cm<\/li>\n<li>Sauna: \u00e1no<\/li>\n<li>Materi\u00e1l: tvrden\u00e9 sklo 5 mm<\/li>\n<li>Sprchov\u00e1 vani\u010dka z akryl\u00e1tu (ABS)<\/li>\n<li>Hlin\u00edkov\u00fd r\u00e1m<\/li>\n<li>Sklenen\u00e1 predn\u00e1 \u010das\u0165 vane: \u00e1no<\/li>\n<li>Hlbok\u00e9 brouzdali\u0161t\u011b<\/li>\n<li>Sprchov\u00e1 hlavica 1 ks<\/li>\n<li>Multifunk\u010dn\u00e1 pevn\u00e1 ru\u010dn\u00e1 sprcha: 1 ks.<\/li>\n<li>Regul\u00e1tor studenej \/ hor\u00facej vody: 1 ks.<\/li>\n<li>Vodn\u00e9 \u010derpadlo: 1 ks<\/li>\n<li>Vodn\u00e9 trysky: 9 ks.<\/li>\n<li>V\u00fdtok do vane: \u00e1no<\/li>\n<li>Pneumatick\u00e9 tla\u010didlo aktivuj\u00face vodn\u00e9 \u010derpadlo: 1 ks.<\/li>\n<li>Prevzdu\u0161\u0148ovac\u00ed syst\u00e9m vodn\u00fdch l\u00fa\u010dov: \u00e1no<\/li>\n<li>Regul\u00e1tor prevzdu\u0161\u0148ovania vodn\u00fdch l\u00fa\u010dov: \u00e1no<\/li>\n<li>Da\u017e\u010fov\u00e1 sprcha: \u00e1no<\/li>\n<li>Opierka hlavy: 1 ks.<\/li>\n<li>SPA svetl\u00e1: 1 ks.<\/li>\n<li>Sklenen\u00e1 polica: 1 ks.<\/li>\n<li>Profilovan\u00e9 dno: \u00e1no<\/li>\n<li>D\u00e1vkova\u010de mydla: \u00e1no<\/li>\n<li>Ods\u00e1vac\u00ed ventil\u00e1tor 1 ks<\/li>\n<li>Reproduktor: 1 ks<\/li>\n<li>R\u00e1dio: \u00e1no<\/li>\n<li>Ovl\u00e1dac\u00ed panel s FM r\u00e1diom<\/li>\n<li>Vyp\u00fa\u0161\u0165acia z\u00e1tka: \u00e1no<\/li>\n<li>Vonkaj\u0161\u00ed pl\u00e1\u0161\u0165: \u00e1no<\/li>\n<\/ul>\n","protected":false},"excerpt":{"rendered":"<p>Sprchov\u00e9 k\u00faty kombinuj\u00fa funkcie sprchovej kab\u00edny a v\u00edrivky. Va\u0148a m\u00e1 vodn\u00e9 \u010derpadlo, vzduchov\u00e9 \u010derpadlo a podvodn\u00e9 osvetlenie. Kab\u00edna obsahuje v\u0161etky funkcie da\u017e\u010fovej sprchy, sprchovej hlavice, pol\u00edc na kozmetiku a trysky na mas\u00e1\u017e chrbta.\u00a0 POPIS PRODUKTU: Rozmery: 165 x 85 x 220 cm Sauna: \u00e1no Materi\u00e1l: tvrden\u00e9 sklo 5 mm Sprchov\u00e1 vani\u010dka z akryl\u00e1tu (ABS) Hlin\u00edkov\u00fd [&hellip;]<\/p>\n","protected":false},"featured_media":15460,"comment_status":"closed","ping_status":"open","template":"","meta":[],"product_brand":[2536],"product_cat":[111],"product_tag":[],"class_list":{"0":"post-15467","1":"product","2":"type-product","3":"status-publish","4":"has-post-thumbnail","6":"product_brand-m-spa","7":"product_cat-masazne-sprchove-boxy","8":"pa_pocet-miest-622","9":"pa_pocet-trysiek-866","10":"pa_sirka-85-cm","11":"pa_vyrobca-m-spa","12":"pa_vyska-220-cm","13":"pa_zaruka-2-roky","15":"first","16":"outofstock","17":"sale","18":"taxable","19":"shipping-taxable","20":"purchasable","21":"product-type-simple"},"_links":{"self":[{"href":"https:\/\/diamondspa.sk\/sk\/wp-json\/wp\/v2\/product\/15467","targetHints":{"allow":["GET"]}}],"collection":[{"href":"https:\/\/diamondspa.sk\/sk\/wp-json\/wp\/v2\/product"}],"about":[{"href":"https:\/\/diamondspa.sk\/sk\/wp-json\/wp\/v2\/types\/product"}],"replies":[{"embeddable":true,"href":"https:\/\/diamondspa.sk\/sk\/wp-json\/wp\/v2\/comments?post=15467"}],"wp:featuredmedia":[{"embeddable":true,"href":"https:\/\/diamondspa.sk\/sk\/wp-json\/wp\/v2\/media\/15460"}],"wp:attachment":[{"href":"https:\/\/diamondspa.sk\/sk\/wp-json\/wp\/v2\/media?parent=15467"}],"wp:term":[{"taxonomy":"product_brand","embeddable":true,"href":"https:\/\/diamondspa.sk\/sk\/wp-json\/wp\/v2\/product_brand?post=15467"},{"taxonomy":"product_cat","embeddable":true,"href":"https:\/\/diamondspa.sk\/sk\/wp-json\/wp\/v2\/product_cat?post=15467"},{"taxonomy":"product_tag","embeddable":true,"href":"https:\/\/diamondspa.sk\/sk\/wp-json\/wp\/v2\/product_tag?post=15467"}],"curies":[{"name":"wp","href":"https:\/\/api.w.org\/{rel}","templated":true}]}}