{"id":15520,"date":"2024-03-10T01:16:17","date_gmt":"2024-03-10T00:16:17","guid":{"rendered":"https:\/\/diamondspa.sk\/product\/m-spa-vana-s-hydromasazou-154-x-154-x-68-cm\/"},"modified":"2025-09-05T10:46:45","modified_gmt":"2025-09-05T08:46:45","slug":"m-spa-vana-s-hydromasazou-154-x-154-x-68-cm","status":"publish","type":"product","link":"https:\/\/diamondspa.sk\/sk\/produkt\/m-spa-vana-s-hydromasazou-154-x-154-x-68-cm\/","title":{"rendered":"M-SPA &#8211; Va\u0148a s hydromas\u00e1\u017eou 154 x 154 x 68 cm"},"content":{"rendered":"<p><strong>USA akryl <\/strong>&#8211; povlak van\u00ed je 100% akryl bez ak\u00fdchko\u013evek pr\u00edsad, ktor\u00e9 zabra\u0148uj\u00fa jeho zafarbeniu a s\u00fa ve\u013emi trvanliv\u00e9. Hr\u00fabka akryl\u00e1tu v na\u0161ich vaniach je dokonca nieko\u013ekon\u00e1sobne v\u00e4\u010d\u0161ia ako povlaky ostatn\u00fdch van\u00ed na trhu.<\/p>\n<p><img fetchpriority=\"high\" decoding=\"async\" src=\"https:\/\/diamondspa.sk\/wp-content\/uploads\/2024\/03\/aa003a.jpg\" width=\"646\" height=\"425\"><\/p>\n<p><strong>Trysky zapusten\u00e9 v akryle <\/strong>&#8211; v\u010faka tejto aplik\u00e1cii le\u017eanie vo vani nele\u017e\u00ed na trysk\u00e1ch (ako je tomu u v\u00e4\u010d\u0161iny tohto typu van\u00ed), ale na akryl\u00e1te. Trysky s\u00fa umiestnen\u00e9 v jednej rovine s akrylov\u00fdm povrchom, pri hydromas\u00e1\u017ei sa nebud\u00fa lepi\u0165 na telo, \u010do m\u00e1 za n\u00e1sledok 100% spokojnos\u0165 s k\u00fape\u013eom.<\/p>\n<p><img decoding=\"async\" src=\"https:\/\/diamondspa.sk\/wp-content\/uploads\/2024\/03\/aa001a.jpg\" width=\"647\" height=\"426\"><\/p>\n<p><strong>Nerezov\u00e1 kon\u0161trukcia <\/strong>&#8211; cel\u00e1 va\u0148a je zalo\u017een\u00e1 na stabilnom nerezovom r\u00e1me, v\u010faka ktor\u00e9mu m\u00e1 va\u0148a pevn\u00fa a odoln\u00fa podpern\u00fa z\u00e1klad\u0148u, ktor\u00e1 je pri v\u00e4\u010d\u0161\u00edch vaniach ve\u013emi d\u00f4le\u017eit\u00e1. Hmotnos\u0165 v\u00edrivky pre 2 osoby sa pohybuje od 80 do 120 kg vr\u00e1tane hmotnosti vody. \u013dudia prich\u00e1dzaj\u00fa s relat\u00edvne ve\u013ekou hmotnos\u0165ou, ktor\u00e1 si vy\u017eaduje pevn\u00fa oporu, a preto je z\u00e1sadn\u00fd dobr\u00fd dizajn vane tak\u00fd d\u00f4le\u017eit\u00fd.<\/p>\n<p>Vane radu MUS s\u00fa vybaven\u00e9 <strong>syst\u00e9mom gravita\u010dn\u00e9ho su\u0161enia<\/strong>. \u010cerpadl\u00e1 maj\u00fa \u010fal\u0161ie hadice, ktor\u00e9 vyp\u00fa\u0161\u0165aj\u00fa v\u0161etku vodu do kanaliz\u00e1cie. Vodovodn\u00e9 potrubie je tie\u017e in\u0161talovan\u00e9 v miestach, kde m\u00f4\u017ee zosta\u0165 voda, napr\u00edklad v potrub\u00ed. Toto rie\u0161enie odstr\u00e1ni v\u0161etku vodu z hydromas\u00e1\u017eneho syst\u00e9mu, tak\u017ee v nej nezostane, tak\u017ee nie je probl\u00e9m so z\u00e1pachom vo vani.<\/p>\n<p><strong>Ovl\u00e1dac\u00ed panel <\/strong>&#8211; panel podporuje v\u0161etky funkcie vo vani, po\u010dn\u00fac \u010derpadlami, ozoniz\u00e1ciou, osvetlen\u00edm, r\u00e1diom a kon\u010diac ohrieva\u010dom. Na\u0161e modely s\u00fa navy\u0161e vybaven\u00e9 dia\u013ekov\u00fdm ovl\u00e1dan\u00edm, v\u010faka ktor\u00e9mu m\u00f4\u017eete va\u0148u ovl\u00e1da\u0165 bez toho, aby ste dosiahli na panel, \u010do rob\u00ed na\u0161u va\u0148u e\u0161te pohodlnej\u0161ou a pohodlnej\u0161ou.<\/p>\n<p><img decoding=\"async\" src=\"https:\/\/diamondspa.sk\/wp-content\/uploads\/2024\/03\/aa004a.jpg\" width=\"657\" height=\"432\"><\/p>\n<p>R\u00e1dio, reproduktory &#8211; pri dlhej mas\u00e1\u017ei vodou a vzduchom m\u00f4\u017eete po\u010d\u00fava\u0165 r\u00e1dio. Ka\u017ed\u00fd z na\u0161ich modelov je vybaven\u00fd tak\u00fdmto prij\u00edma\u010dom a reproduktormi.<\/p>\n<p>Vane radu MUS s\u00fa vybaven\u00e9 1,5 kW prietokov\u00fdm ohrieva\u010dom vody a sn\u00edma\u010dom teploty. Pri dlh\u0161om pou\u017e\u00edvan\u00ed vane to zabr\u00e1ni vychladnutiu vody. Teplotu je mo\u017en\u00e9 nastavi\u0165 od 35 \u00b0 C do 40 \u00b0 C. Ohrieva\u010d ho okrem teploty vody dok\u00e1\u017ee aj zv\u00fd\u0161i\u0165, maxim\u00e1lne na 40 \u00b0 C.<\/p>\n<p><strong>Sn\u00edma\u010d hladiny vody <\/strong>&#8211; sl\u00fa\u017ei na ovl\u00e1danie a ochranu \u010derpadiel pred chodom nasucho. Princ\u00edp jeho fungovania je zalo\u017een\u00fd na neust\u00e1lom meran\u00ed hladiny vody, ak jeho hladina klesne pod minimum &#8211; \u010derpadl\u00e1 sa nespustia (alebo nezastavia) a nezachytia sa.<\/p>\n<p>Vane radu MUS s\u00fa vybaven\u00e9 ve\u013emi v\u00fdkonn\u00fdmi vodn\u00fdmi \u010derpadlami (1,1 kW) a vzduchov\u00fdmi \u010derpadlami (0,7 kW). Vane pre dve osoby maj\u00fa dve vodn\u00e9 \u010derpadl\u00e1, ktor\u00e9 m\u00f4\u017eu pracova\u0165 nez\u00e1visle, \u010do znamen\u00e1, \u017ee jednu pumpu pou\u017e\u00edva jedna osoba. \u010eal\u0161ou funkciou vzduchov\u00e9ho \u010derpadla je teplovzdu\u0161n\u00fd vykurovac\u00ed syst\u00e9m, ktor\u00fd zaru\u010duje nev\u00eddan\u00fd mas\u00e1\u017eny z\u00e1\u017eitok.<\/p>\n<p><strong>Gener\u00e1tor oz\u00f3nu <\/strong>&#8211; \u0161peci\u00e1lny program, ktor\u00fd sterilizuje vodu tak, aby bola va\u0148a aj voda \u010dist\u00e1. Je to nov\u00fd a r\u00fdchly sp\u00f4sob odstra\u0148ovania bakt\u00e9ri\u00ed, rias a pod. Prevzdu\u0161nenie vodn\u00fdmi tryskami &#8211; t\u00e1to funkcia sl\u00fa\u017ei na pridanie vzduchu do vodn\u00e9ho okruhu. \u00da\u010dinkom tohto procesu je zv\u00fd\u0161enie intenzity pr\u00fadu, podobne ako pri koh\u00fatiku s prevzdu\u0161\u0148ova\u010dom. Tento typ hydromas\u00e1\u017ee m\u00e1 obzvl\u00e1\u0161\u0165 dobr\u00fd vplyv na poko\u017eku a zlep\u0161uje jej prekrvenie.<\/p>\n<p><strong><img loading=\"lazy\" decoding=\"async\" src=\"https:\/\/diamondspa.sk\/wp-content\/uploads\/2024\/03\/aa002a.jpg\" width=\"585\" height=\"385\"><\/strong><\/p>\n<p>Vane MUS boli navrhnut\u00e9 s ve\u013ek\u00fdm d\u00f4razom na detail. Um\u00fdvadl\u00e1 maj\u00fa tvar tela, aby zv\u00fd\u0161ili komfort pri k\u00fapan\u00ed. Z d\u00f4vodu bezpe\u010dnosti je dno proti\u0161mykov\u00e9. Vane s\u00fa vyroben\u00e9 z vysoko kvalitn\u00fdch materi\u00e1lov a povrchov\u00e1 \u00faprava je zo \u017euly, ktor\u00e1 zvy\u0161uje estetiku.<\/p>\n<p><strong>Osvetlenie vane <\/strong>je dokonal\u00fdm rie\u0161en\u00edm, ktor\u00e9 prin\u00e1\u0161a \u00fa\u017easn\u00fd z\u00e1\u017eitok a vytv\u00e1ra romantick\u00fa atmosf\u00e9ru. Na\u0161e osvetlenie plynule men\u00ed farby alebo je mo\u017en\u00e9 zachova\u0165 ak\u00fako\u013evek farbu, \u010do v\u00e1m prinesie e\u0161te v\u00e4\u010d\u0161iu rados\u0165 z v\u00edrivky. Vane SPA s\u00fa okrem svetla vybaven\u00e9 aj optick\u00fdmi vl\u00e1knami, ktor\u00e9 umoc\u0148uj\u00fa z\u00e1\u017eitok z mas\u00e1\u017ee. Typy farieb: \u010derven\u00e1, modr\u00e1, \u017elt\u00e1, zelen\u00e1, oran\u017eov\u00e1, fialov\u00e1 a biela.<\/p>\n<p><strong>Farebn\u00e1 terapia <\/strong>je netradi\u010dn\u00e1 met\u00f3da lie\u010dby, ktor\u00e1 vystavuje zrakov\u00fd vnem danej osoby pr\u00edslu\u0161n\u00fdm farb\u00e1m, ktor\u00e9 upokojuj\u00fa, uvo\u013e\u0148uj\u00fa alebo stimuluj\u00fa. Ke\u010f ste obklopen\u00ed r\u00f4znymi farbami, m\u00f4\u017eete ma\u0165 viac energie a optimizmu.\u00a0<\/p>\n<p><img loading=\"lazy\" decoding=\"async\" src=\"https:\/\/diamondspa.sk\/wp-content\/uploads\/2024\/03\/1111a.jpg\" width=\"655\" height=\"279\"><\/p>\n<p><strong>POPIS PRODUKTU:<\/strong><\/p>\n<ul>\n<li>Nap\u00e1janie: 220 ~ 240V \/ 50 ~ 60Hz \/ 4,45KW<\/li>\n<li>Povlak: akryl &#8211; USA<\/li>\n<li>Skrutkovan\u00e9 opierky hlavy: 2 ks.<\/li>\n<li>Nerezov\u00e1 kon\u0161trukcia: \u00e1no<\/li>\n<li>Vodn\u00e9 trysky: 18 ks (celkom 18 ks (ve\u013ek\u00e9 10 ks \/ mal\u00e9 8 ks))<\/li>\n<li>Whirlpool \u010derpadlo 1,5 hp: 2 ks.<\/li>\n<li>Vl\u00e1kno: 22 ks (sedem druhov farieb) &#8211; optick\u00e9 vl\u00e1kna<\/li>\n<li>SPA svetlo: 1 kus (sedem druhov farieb)<\/li>\n<li>Vzduchov\u00e9 d\u00fdzy: 12 ks.<\/li>\n<li>Vzduchov\u00e9 \u010derpadlo 0,7 kW: 1 kus.<\/li>\n<li>Gener\u00e1tor oz\u00f3nu: 1 ks.<\/li>\n<li>1,5 KW ohrieva\u010d: 1 ks.<\/li>\n<li>Prisp\u00f4sobenie za studena \/ za tepla: 1 ks.<\/li>\n<li>Sprcha: 1 ks.<\/li>\n<li>\u017dulov\u00e9 povrchy: 2 ks.<\/li>\n<li>Glazovan\u00e1 predn\u00e1 strana: 1 ks.<\/li>\n<li>Senzor hladiny vody: \u00e1no<\/li>\n<li>Samo\u010distiaca funkcia: \u00e1no<\/li>\n<li>Prevzdu\u0161\u0148ovac\u00ed syst\u00e9m vodn\u00fdch l\u00fa\u010dov: \u00e1no<\/li>\n<li>Prevzdu\u0161\u0148ova\u010d: \u00e1no<\/li>\n<li>Proti\u0161mykov\u00e9 dno vane: \u00e1no<\/li>\n<li>Vodop\u00e1d: \u00e1no<\/li>\n<li>Multifunk\u010dn\u00e1 ru\u010dn\u00e1 sprcha: \u00e1no<\/li>\n<li>Ovl\u00e1dac\u00ed panel: \u00e1no<\/li>\n<li>R\u00e1dio: \u00e1no<\/li>\n<li>Reproduktory: \u00e1no 1 ks.<\/li>\n<li>V\u0161etky 3 \u010derpadl\u00e1 je mo\u017en\u00e9 zapn\u00fa\u0165.<\/li>\n<li>Mo\u017enos\u0165 pripojenia extern\u00e9ho zariadenia (napr. Mp4, iPod)<\/li>\n<li>Trysky v jednej rovine s akrylom<\/li>\n<li>\u010cist\u00e1 hmotnos\u0165: 90 kg<\/li>\n<li>Mno\u017estvo vody: 320 litrov<\/li>\n<\/ul>\n","protected":false},"excerpt":{"rendered":"<p>USA akryl &#8211; povlak van\u00ed je 100% akryl bez ak\u00fdchko\u013evek pr\u00edsad, ktor\u00e9 zabra\u0148uj\u00fa jeho zafarbeniu a s\u00fa ve\u013emi trvanliv\u00e9. Hr\u00fabka akryl\u00e1tu v na\u0161ich vaniach je dokonca nieko\u013ekon\u00e1sobne v\u00e4\u010d\u0161ia ako povlaky ostatn\u00fdch van\u00ed na trhu. Trysky zapusten\u00e9 v akryle &#8211; v\u010faka tejto aplik\u00e1cii le\u017eanie vo vani nele\u017e\u00ed na trysk\u00e1ch (ako je tomu u v\u00e4\u010d\u0161iny tohto typu [&hellip;]<\/p>\n","protected":false},"featured_media":15521,"comment_status":"closed","ping_status":"open","template":"","meta":[],"product_brand":[2536],"product_cat":[168,65],"product_tag":[],"class_list":{"0":"post-15520","1":"product","2":"type-product","3":"status-publish","4":"has-post-thumbnail","6":"product_brand-m-spa","7":"product_cat-hydromasazne-vane","8":"product_cat-vane","9":"pa_pocet-miest-166","10":"pa_pocet-trysiek-868","11":"pa_sirka-154-cm","12":"pa_vyrobca-m-spa","13":"pa_vyska-68-cm","14":"pa_zaruka-2-roky","16":"first","17":"outofstock","18":"sale","19":"taxable","20":"shipping-taxable","21":"purchasable","22":"product-type-simple"},"_links":{"self":[{"href":"https:\/\/diamondspa.sk\/sk\/wp-json\/wp\/v2\/product\/15520","targetHints":{"allow":["GET"]}}],"collection":[{"href":"https:\/\/diamondspa.sk\/sk\/wp-json\/wp\/v2\/product"}],"about":[{"href":"https:\/\/diamondspa.sk\/sk\/wp-json\/wp\/v2\/types\/product"}],"replies":[{"embeddable":true,"href":"https:\/\/diamondspa.sk\/sk\/wp-json\/wp\/v2\/comments?post=15520"}],"wp:featuredmedia":[{"embeddable":true,"href":"https:\/\/diamondspa.sk\/sk\/wp-json\/wp\/v2\/media\/15521"}],"wp:attachment":[{"href":"https:\/\/diamondspa.sk\/sk\/wp-json\/wp\/v2\/media?parent=15520"}],"wp:term":[{"taxonomy":"product_brand","embeddable":true,"href":"https:\/\/diamondspa.sk\/sk\/wp-json\/wp\/v2\/product_brand?post=15520"},{"taxonomy":"product_cat","embeddable":true,"href":"https:\/\/diamondspa.sk\/sk\/wp-json\/wp\/v2\/product_cat?post=15520"},{"taxonomy":"product_tag","embeddable":true,"href":"https:\/\/diamondspa.sk\/sk\/wp-json\/wp\/v2\/product_tag?post=15520"}],"curies":[{"name":"wp","href":"https:\/\/api.w.org\/{rel}","templated":true}]}}