{"id":15642,"date":"2024-03-10T01:20:20","date_gmt":"2024-03-10T00:20:20","guid":{"rendered":"https:\/\/diamondspa.sk\/product\/m-spa-turbo-kupelnova-vana-s-hydromasazou-180-x-90-x-61-cm\/"},"modified":"2025-09-05T10:46:43","modified_gmt":"2025-09-05T08:46:43","slug":"m-spa-turbo-kupelnova-vana-s-hydromasazou-180-x-90-x-61-cm","status":"publish","type":"product","link":"https:\/\/diamondspa.sk\/sk\/produkt\/m-spa-turbo-kupelnova-vana-s-hydromasazou-180-x-90-x-61-cm\/","title":{"rendered":"M-SPA &#8211; TURBO k\u00fape\u013e\u0148ov\u00e1 va\u0148a s hydromas\u00e1\u017eou 180 x 90 x 61 cm"},"content":{"rendered":"<p><strong>Ovl\u00e1dac\u00ed panel <\/strong>&#8211; panel podporuje v\u0161etky funkcie vo vani, po\u010dn\u00fac \u010derpadlami, ozoniz\u00e1ciou, osvetlen\u00edm, r\u00e1diom a kon\u010diac ohrieva\u010dom.<\/p>\n<p><img fetchpriority=\"high\" decoding=\"async\" src=\"https:\/\/diamondspa.sk\/wp-content\/uploads\/2024\/03\/014-42.jpg\" width=\"682\" height=\"449\"><\/p>\n<p>R\u00e1dio, reproduktory &#8211; pri dlhej mas\u00e1\u017ei vodou a vzduchom m\u00f4\u017eete po\u010d\u00fava\u0165 r\u00e1dio. Ka\u017ed\u00fd z na\u0161ich modelov je vybaven\u00fd tak\u00fdmto prij\u00edma\u010dom a reproduktormi.<\/p>\n<p><img decoding=\"async\" src=\"https:\/\/diamondspa.sk\/wp-content\/uploads\/2024\/03\/k032.jpg\" width=\"682\" height=\"449\"><\/p>\n<p><strong>Sn\u00edma\u010d hladiny vody <\/strong>&#8211; sl\u00fa\u017ei na ovl\u00e1danie a ochranu \u010derpadiel pred chodom nasucho. Princ\u00edp jeho fungovania je zalo\u017een\u00fd na neust\u00e1lom meran\u00ed hladiny vody, ak jej hladina klesne pod minimum &#8211; \u010derpadl\u00e1 sa nezapn\u00fa (alebo nevypn\u00fa) a nezachytia sa.<\/p>\n<p>Vane s\u00fa vybaven\u00e9 prietokov\u00fdm ohrieva\u010dom vody s v\u00fdkonom 1,5 kW a sn\u00edma\u010dom teploty. Pri dlh\u0161om pou\u017e\u00edvan\u00ed vane to zabr\u00e1ni vychladnutiu vody. Teplotu je mo\u017en\u00e9 nastavi\u0165 od 35 \u00b0 C do 40 \u00b0 C. Ohrieva\u010d ho okrem teploty vody dok\u00e1\u017ee aj zv\u00fd\u0161i\u0165, maxim\u00e1lne na 40 \u00b0 C.<\/p>\n<p><strong><img decoding=\"async\" src=\"https:\/\/diamondspa.sk\/wp-content\/uploads\/2024\/03\/k036.jpg\" width=\"676\" height=\"445\"><\/strong><\/p>\n<p><strong>Gener\u00e1tor oz\u00f3nu <\/strong>&#8211; \u0161peci\u00e1lny program, ktor\u00fd sterilizuje vodu tak, aby bola va\u0148a aj voda \u010dist\u00e1. Je to nov\u00fd a r\u00fdchly sp\u00f4sob odstra\u0148ovania bakt\u00e9ri\u00ed, rias a pod. Prevzdu\u0161nenie vodn\u00fdmi tryskami &#8211; t\u00e1to funkcia sl\u00fa\u017ei na pridanie vzduchu do vodn\u00e9ho okruhu. \u00da\u010dinkom tohto procesu je zv\u00fd\u0161enie intenzity pr\u00fadu, podobne ako pri koh\u00fatiku s prevzdu\u0161\u0148ova\u010dom. Tento typ hydromas\u00e1\u017ee m\u00e1 obzvl\u00e1\u0161\u0165 dobr\u00fd vplyv na poko\u017eku a zlep\u0161uje jej prekrvenie.<\/p>\n<p>Va\u0148a m\u00e1 <strong>gravita\u010dn\u00fd dren\u00e1\u017eny syst\u00e9m<\/strong>. \u010cerpadl\u00e1 maj\u00fa \u010fal\u0161ie hadice, ktor\u00e9 vyp\u00fa\u0161\u0165aj\u00fa v\u0161etku vodu do kanaliz\u00e1cie. Vodovodn\u00e9 potrubie je tie\u017e in\u0161talovan\u00e9 v miestach, kde m\u00f4\u017ee zosta\u0165 voda, napr\u00edklad v potrub\u00ed. Toto rie\u0161enie odstr\u00e1ni v\u0161etku vodu z hydromas\u00e1\u017eneho syst\u00e9mu, tak\u017ee v nej nezostane, tak\u017ee nie je probl\u00e9m so z\u00e1pachom vo vani.<\/p>\n<p>Po dokon\u010den\u00ed k\u00fape\u013ea a vypusten\u00ed vody m\u00f4\u017eete spusti\u0165 odvlh\u010dovac\u00ed syst\u00e9m, ktor\u00fd funguje tak, \u017ee pomocou vzduchov\u00e9ho \u010derpadla pumpuje vzduch do vodn\u00e9ho syst\u00e9mu. T\u00fdm sa zabr\u00e1ni tvorbe plesn\u00ed a nepr\u00edjemn\u00e9mu z\u00e1pachu.<\/p>\n<p><strong>Turbo mas\u00e1\u017e <\/strong><\/p>\n<p>T\u00e1to funkcia koordinuje vzduchov\u00e9 \u010derpadlo s vodn\u00fdm \u010derpadlom. Vzduchov\u00e9 \u010derpadlo dod\u00e1va do vodn\u00e9ho okruhu vzduch, aby sa zv\u00fd\u0161il v\u00fdkon vodnej mas\u00e1\u017ee. To m\u00e1 obzvl\u00e1\u0161\u0165 priazniv\u00fd \u00fa\u010dinok na zmiernenie bolesti svalov.<\/p>\n<p>Mas\u00e1\u017e vodn\u00fdmi a vzduchov\u00fdmi pumpami m\u00e1 osvie\u017euj\u00faci \u00fa\u010dinok na myse\u013e a telo, zameriava sa na tlakov\u00e9 body tela, uvo\u013e\u0148uje svaly a zvlh\u010duje poko\u017eku. Dobr\u00e1 mas\u00e1\u017e vodn\u00fdmi a vzduchov\u00fdmi pumpami v\u00e1m dod\u00e1 potrebn\u00fa energiu a stimuluje krvn\u00fd obeh. \u010cerpadl\u00e1 na vzduch a vodu je mo\u017en\u00e9 pou\u017e\u00edva\u0165 samostatne alebo spolo\u010dne, \u010do prin\u00e1\u0161a intenz\u00edvne pocity.<\/p>\n<p><img loading=\"lazy\" decoding=\"async\" src=\"https:\/\/diamondspa.sk\/wp-content\/uploads\/2024\/03\/k012.jpg\" width=\"673\" height=\"443\"><\/p>\n<p><strong>Osvetlenie vane <\/strong>je dokonal\u00fdm rie\u0161en\u00edm, ktor\u00e9 prin\u00e1\u0161a \u00fa\u017easn\u00fd z\u00e1\u017eitok a vytv\u00e1ra romantick\u00fa atmosf\u00e9ru. Na\u0161e osvetlenie plynule men\u00ed farby alebo je mo\u017en\u00e9 zachova\u0165 ak\u00fako\u013evek farbu, \u010do v\u00e1m prinesie e\u0161te v\u00e4\u010d\u0161iu rados\u0165 z v\u00edrivky. Vane SPA s\u00fa okrem svetla vybaven\u00e9 aj optick\u00fdmi vl\u00e1knami, ktor\u00e9 umoc\u0148uj\u00fa z\u00e1\u017eitok z mas\u00e1\u017ee. Typy farieb: \u010derven\u00e1, modr\u00e1, \u017elt\u00e1, zelen\u00e1, oran\u017eov\u00e1, fialov\u00e1 a biela.<\/p>\n<p><strong>Farebn\u00e1 terapia <\/strong>je netradi\u010dn\u00e1 met\u00f3da lie\u010dby, ktor\u00e1 vystavuje zrakov\u00fd vnem danej osoby pr\u00edslu\u0161n\u00fdm farb\u00e1m, ktor\u00e9 upokojuj\u00fa, uvo\u013e\u0148uj\u00fa alebo stimuluj\u00fa. Ke\u010f ste obklopen\u00ed r\u00f4znymi farbami, m\u00f4\u017eete ma\u0165 viac energie a optimizmu.\u00a0<\/p>\n<p><strong>POPIS PRODUKTU:<\/strong><\/p>\n<ul>\n<li>Po\u010det miest na sedenie: 2 osoby<\/li>\n<li style=\"text-align: left;\">Materi\u00e1l: akryl<\/li>\n<li>Opierka hlavy 2 ks.<\/li>\n<li>Vodn\u00e9 \u010derpadlo s v\u00fdkonom 1,5 hp: 1 kus<\/li>\n<li>Vodn\u00e9 trysky 16 ks, vr\u00e1tane:<\/li>\n<li>-mal\u00e9 vodn\u00e9 trysky: 4 ks.<\/li>\n<li>&#8211; ve\u013ek\u00e9 vodn\u00e9 trysky: 12 ks.<\/li>\n<li>Vzduchov\u00e9 \u010derpadlo 0,25 HP: 1 ks.<\/li>\n<li>Vzduchov\u00e9 d\u00fdzy 16 ks.<\/li>\n<li><strong>1,5 kW ohrieva\u010d vody: \u00e1no<\/strong><\/li>\n<li><strong>Senzor hladiny vody \/ ochrana proti pop\u00e1leniu \u010derpadla \/: \u00e1no<\/strong><\/li>\n<li><strong>Gravita\u010dn\u00fd su\u0161iaci syst\u00e9m pre mas\u00e1\u017ene trubice: \u00e1no<\/strong><\/li>\n<li><strong>Elektrick\u00fd su\u0161iaci syst\u00e9m pre vodn\u00e9 trysky: \u00e1no \/ voda nezost\u00e1va v mas\u00e1\u017enom syst\u00e9me \/<\/strong><\/li>\n<li>Gener\u00e1tor oz\u00f3nu: 1 ks.<\/li>\n<li>Diferenci\u00e1lny sp\u00edna\u010d: \u00e1no<\/li>\n<li>Multifunk\u010dn\u00e1 ru\u010dn\u00e1 sprcha: 1 ks.<\/li>\n<li>Vodop\u00e1d: 1 ks.<\/li>\n<li>Termostatick\u00e1 bat\u00e9ria: \u00e1no<\/li>\n<li>SPA svetlo: 2 ks.<\/li>\n<li>R\u00e1dio: \u00e1no<\/li>\n<li>Reproduktor 1 ks.<\/li>\n<li>Ovl\u00e1dac\u00ed panel: \u00e1no (\u00fapln\u00e9 ovl\u00e1danie vane)<\/li>\n<li>Zasklen\u00e1 predn\u00e1 \u010das\u0165: \u00e1no<\/li>\n<li>1 nevyvinut\u00e1 strana<\/li>\n<li>\u010cist\u00e1 hmotnos\u0165: 70 kg<\/li>\n<li>Mno\u017estvo vody: min.\u00a0240 LTL<\/li>\n<\/ul>\n","protected":false},"excerpt":{"rendered":"<p>Ovl\u00e1dac\u00ed panel &#8211; panel podporuje v\u0161etky funkcie vo vani, po\u010dn\u00fac \u010derpadlami, ozoniz\u00e1ciou, osvetlen\u00edm, r\u00e1diom a kon\u010diac ohrieva\u010dom. R\u00e1dio, reproduktory &#8211; pri dlhej mas\u00e1\u017ei vodou a vzduchom m\u00f4\u017eete po\u010d\u00fava\u0165 r\u00e1dio. Ka\u017ed\u00fd z na\u0161ich modelov je vybaven\u00fd tak\u00fdmto prij\u00edma\u010dom a reproduktormi. Sn\u00edma\u010d hladiny vody &#8211; sl\u00fa\u017ei na ovl\u00e1danie a ochranu \u010derpadiel pred chodom nasucho. Princ\u00edp jeho fungovania [&hellip;]<\/p>\n","protected":false},"featured_media":15643,"comment_status":"closed","ping_status":"open","template":"","meta":[],"product_brand":[2536],"product_cat":[168,65],"product_tag":[],"class_list":{"0":"post-15642","1":"product","2":"type-product","3":"status-publish","4":"has-post-thumbnail","6":"product_brand-m-spa","7":"product_cat-hydromasazne-vane","8":"product_cat-vane","9":"pa_pocet-miest-166","10":"pa_pocet-trysiek-889","11":"pa_sirka-90-cm","12":"pa_vyrobca-m-spa","13":"pa_vyska-61-cm","14":"pa_zaruka-2-roky","16":"first","17":"instock","18":"sale","19":"taxable","20":"shipping-taxable","21":"purchasable","22":"product-type-simple"},"_links":{"self":[{"href":"https:\/\/diamondspa.sk\/sk\/wp-json\/wp\/v2\/product\/15642","targetHints":{"allow":["GET"]}}],"collection":[{"href":"https:\/\/diamondspa.sk\/sk\/wp-json\/wp\/v2\/product"}],"about":[{"href":"https:\/\/diamondspa.sk\/sk\/wp-json\/wp\/v2\/types\/product"}],"replies":[{"embeddable":true,"href":"https:\/\/diamondspa.sk\/sk\/wp-json\/wp\/v2\/comments?post=15642"}],"wp:featuredmedia":[{"embeddable":true,"href":"https:\/\/diamondspa.sk\/sk\/wp-json\/wp\/v2\/media\/15643"}],"wp:attachment":[{"href":"https:\/\/diamondspa.sk\/sk\/wp-json\/wp\/v2\/media?parent=15642"}],"wp:term":[{"taxonomy":"product_brand","embeddable":true,"href":"https:\/\/diamondspa.sk\/sk\/wp-json\/wp\/v2\/product_brand?post=15642"},{"taxonomy":"product_cat","embeddable":true,"href":"https:\/\/diamondspa.sk\/sk\/wp-json\/wp\/v2\/product_cat?post=15642"},{"taxonomy":"product_tag","embeddable":true,"href":"https:\/\/diamondspa.sk\/sk\/wp-json\/wp\/v2\/product_tag?post=15642"}],"curies":[{"name":"wp","href":"https:\/\/api.w.org\/{rel}","templated":true}]}}