{"id":15669,"date":"2024-03-10T01:20:20","date_gmt":"2024-03-10T00:20:20","guid":{"rendered":"https:\/\/diamondspa.sk\/product\/m-spa-vana-s-hydromasazou-150-x-150-x-62-cm\/"},"modified":"2025-09-05T10:46:42","modified_gmt":"2025-09-05T08:46:42","slug":"m-spa-vana-s-hydromasazou-150-x-150-x-62-cm","status":"publish","type":"product","link":"https:\/\/diamondspa.sk\/sk\/produkt\/m-spa-vana-s-hydromasazou-150-x-150-x-62-cm\/","title":{"rendered":"M-SPA &#8211; Va\u0148a s hydromas\u00e1\u017eou 150 x 150 x 62 cm"},"content":{"rendered":"<p><strong>Ovl\u00e1dac\u00ed panel <\/strong>&#8211; panel podporuje v\u0161etky funkcie vo vani po\u010dn\u00fac \u010derpadlami, ozoniz\u00e1ciou, osvetlen\u00edm, r\u00e1diom a kon\u010diac ohrieva\u010dom.<\/p>\n<p><img fetchpriority=\"high\" decoding=\"async\" src=\"https:\/\/diamondspa.sk\/wp-content\/uploads\/2024\/03\/013-23.jpg\" width=\"652\" height=\"429\"><\/p>\n<p>R\u00e1dio, reproduktory &#8211; pri dlhej mas\u00e1\u017ei vodou a vzduchom m\u00f4\u017eete po\u010d\u00fava\u0165 r\u00e1dio. Ka\u017ed\u00fd z na\u0161ich modelov je vybaven\u00fd tak\u00fdmto prij\u00edma\u010dom a reproduktormi.<\/p>\n<p><img decoding=\"async\" src=\"https:\/\/diamondspa.sk\/wp-content\/uploads\/2024\/03\/k036.jpg\" width=\"616\" height=\"405\"><\/p>\n<p><strong>Gener\u00e1tor oz\u00f3nu <\/strong>&#8211; \u0161peci\u00e1lny program, ktor\u00fd sterilizuje vodu tak, aby bola va\u0148a aj voda \u010dist\u00e1. Je to nov\u00fd a r\u00fdchly sp\u00f4sob odstra\u0148ovania bakt\u00e9ri\u00ed, rias a pod. Prevzdu\u0161nenie vodn\u00fdmi tryskami &#8211; t\u00e1to funkcia sl\u00fa\u017ei na pridanie vzduchu do vodn\u00e9ho okruhu. \u00da\u010dinkom tohto procesu je zv\u00fd\u0161enie intenzity pr\u00fadu, podobne ako pri koh\u00fatiku s prevzdu\u0161\u0148ova\u010dom. Tento typ hydromas\u00e1\u017ee m\u00e1 obzvl\u00e1\u0161\u0165 dobr\u00fd vplyv na poko\u017eku a zlep\u0161uje jej prekrvenie.<\/p>\n<p><img decoding=\"async\" src=\"https:\/\/diamondspa.sk\/wp-content\/uploads\/2024\/03\/k012.jpg\" width=\"600\" height=\"395\"><\/p>\n<p><strong>Osvetlenie vane <\/strong>je dokonal\u00fdm rie\u0161en\u00edm, d\u00e1va\u0165 \u00fa\u017easn\u00fd z\u00e1\u017eitok a vytv\u00e1ra\u0165 romantick\u00fa atmosf\u00e9ru. Na\u0161e osvetlenie plynule men\u00ed farby alebo je mo\u017en\u00e9 zachova\u0165 ak\u00fako\u013evek farbu, \u010do v\u00e1m prinesie e\u0161te v\u00e4\u010d\u0161iu rados\u0165 z v\u00edrivky. Vane SPA s\u00fa okrem svetla vybaven\u00e9 aj optick\u00fdmi vl\u00e1knami, ktor\u00e9 umoc\u0148uj\u00fa z\u00e1\u017eitok z mas\u00e1\u017ee. Typy farieb: \u010derven\u00e1, modr\u00e1, \u017elt\u00e1, zelen\u00e1, oran\u017eov\u00e1, fialov\u00e1 a biela.<\/p>\n<p><strong>Farebn\u00e1 terapia <\/strong>je netradi\u010dn\u00e1 met\u00f3da lie\u010dby, ktor\u00e1 vystavuje zrakov\u00fd vnem danej osoby pr\u00edslu\u0161n\u00fdm farb\u00e1m, ktor\u00e9 upokojuj\u00fa, uvo\u013e\u0148uj\u00fa alebo stimuluj\u00fa. Ke\u010f ste obklopen\u00ed r\u00f4znymi farbami, m\u00f4\u017eete ma\u0165 viac energie a optimizmu.\u00a0<\/p>\n<p><strong>POPIS PRODUKTU:<\/strong><\/p>\n<ul>\n<li>Typ: rohov\u00fd<\/li>\n<li>Opierky hlavy: 2 ks<\/li>\n<li>Nap\u00e1janie: 220 ~ ~ 240 V \/ 50<\/li>\n<li>Povlak: akryl<\/li>\n<li>Zasklen\u00e1 predn\u00e1 \u010das\u0165<\/li>\n<li>Bat\u00e9ria s termostatom<\/li>\n<li>Vodn\u00e9 \u010derpadlo s v\u00fdkonom 1,0 hp<\/li>\n<li>10 vodn\u00fdch trysiek vr\u00e1tane:<\/li>\n<li>ve\u013ek\u00e9 vodn\u00e9 trysky: 6 ks<\/li>\n<li>mal\u00e9 vodn\u00e9 trysky: 8 ks<\/li>\n<li>Vzduchov\u00e9 d\u00fdzy: 16 ks<\/li>\n<li>Vzduchov\u00e9 \u010derpadlo 0,25 HP<\/li>\n<li>Ovl\u00e1danie smeru mas\u00e1\u017ee ve\u013ek\u00fdch vodn\u00fdch trysiek<\/li>\n<li>Diferenci\u00e1lny sp\u00edna\u010d<\/li>\n<li>Prevzdu\u0161\u0148ovac\u00ed syst\u00e9m vodn\u00fdch l\u00fa\u010dov<\/li>\n<li>Regul\u00e1tor prevzdu\u0161\u0148ovania<\/li>\n<li>Multifunk\u010dn\u00e1 ru\u010dn\u00e1 sprcha<\/li>\n<li>Gener\u00e1tor oz\u00f3nu<\/li>\n<li>Odkvapk\u00e1va\u010d<\/li>\n<li>Farebn\u00e9 podvodn\u00e9 osvetlenie<\/li>\n<li>SPA svetlo (7 druhov farieb)<\/li>\n<li>LED svetlo: 15 ks (7 druhov farieb, odkvapk\u00e1va\u010d)<\/li>\n<li>LED svetlo: 7 ks (7 druhov farieb, predn\u00e1 \u010das\u0165 vane)<\/li>\n<li>Proti\u0161mykov\u00e9 dno<\/li>\n<li>Dotykov\u00fd ovl\u00e1dac\u00ed panel (\u00fapln\u00e9 ovl\u00e1danie pre va\u0148u)<\/li>\n<li>R\u00e1dio<\/li>\n<li>Reproduktor<\/li>\n<li>Kompletn\u00e1 va\u0148a, pripraven\u00e1 na pripojenie<\/li>\n<\/ul>\n","protected":false},"excerpt":{"rendered":"<p>Ovl\u00e1dac\u00ed panel &#8211; panel podporuje v\u0161etky funkcie vo vani po\u010dn\u00fac \u010derpadlami, ozoniz\u00e1ciou, osvetlen\u00edm, r\u00e1diom a kon\u010diac ohrieva\u010dom. R\u00e1dio, reproduktory &#8211; pri dlhej mas\u00e1\u017ei vodou a vzduchom m\u00f4\u017eete po\u010d\u00fava\u0165 r\u00e1dio. Ka\u017ed\u00fd z na\u0161ich modelov je vybaven\u00fd tak\u00fdmto prij\u00edma\u010dom a reproduktormi. Gener\u00e1tor oz\u00f3nu &#8211; \u0161peci\u00e1lny program, ktor\u00fd sterilizuje vodu tak, aby bola va\u0148a aj voda \u010dist\u00e1. Je [&hellip;]<\/p>\n","protected":false},"featured_media":15670,"comment_status":"closed","ping_status":"open","template":"","meta":[],"product_brand":[2536],"product_cat":[168,65],"product_tag":[],"class_list":{"0":"post-15669","1":"product","2":"type-product","3":"status-publish","4":"has-post-thumbnail","6":"product_brand-m-spa","7":"product_cat-hydromasazne-vane","8":"product_cat-vane","9":"pa_pocet-miest-166","10":"pa_pocet-trysiek-888","11":"pa_vyrobca-m-spa","12":"pa_vyska-62-cm","13":"pa_zaruka-2-roky","15":"first","16":"instock","17":"sale","18":"taxable","19":"shipping-taxable","20":"purchasable","21":"product-type-simple"},"_links":{"self":[{"href":"https:\/\/diamondspa.sk\/sk\/wp-json\/wp\/v2\/product\/15669","targetHints":{"allow":["GET"]}}],"collection":[{"href":"https:\/\/diamondspa.sk\/sk\/wp-json\/wp\/v2\/product"}],"about":[{"href":"https:\/\/diamondspa.sk\/sk\/wp-json\/wp\/v2\/types\/product"}],"replies":[{"embeddable":true,"href":"https:\/\/diamondspa.sk\/sk\/wp-json\/wp\/v2\/comments?post=15669"}],"wp:featuredmedia":[{"embeddable":true,"href":"https:\/\/diamondspa.sk\/sk\/wp-json\/wp\/v2\/media\/15670"}],"wp:attachment":[{"href":"https:\/\/diamondspa.sk\/sk\/wp-json\/wp\/v2\/media?parent=15669"}],"wp:term":[{"taxonomy":"product_brand","embeddable":true,"href":"https:\/\/diamondspa.sk\/sk\/wp-json\/wp\/v2\/product_brand?post=15669"},{"taxonomy":"product_cat","embeddable":true,"href":"https:\/\/diamondspa.sk\/sk\/wp-json\/wp\/v2\/product_cat?post=15669"},{"taxonomy":"product_tag","embeddable":true,"href":"https:\/\/diamondspa.sk\/sk\/wp-json\/wp\/v2\/product_tag?post=15669"}],"curies":[{"name":"wp","href":"https:\/\/api.w.org\/{rel}","templated":true}]}}